{"id":4879,"date":"2018-08-13T08:15:53","date_gmt":"2018-08-13T06:15:53","guid":{"rendered":"https:\/\/www.topohvar.at\/?page_id=4879"},"modified":"2025-05-16T14:26:56","modified_gmt":"2025-05-16T12:26:56","slug":"sg-tr-44-1","status":"publish","type":"page","link":"https:\/\/www.topohvar.at\/topo\/orte\/sg\/sg-tr-44-1\/","title":{"rendered":"STARI GRAD &#8211; Trim \u00bbSG-TR-44\u00ab"},"content":{"rendered":"<p><a name=\"seite_oben\"><\/a><br \/>\n<img loading=\"lazy\" decoding=\"async\" class=\"alignnone wp-image-13591 size-large\" src=\"https:\/\/www.topohvar.at\/wp-content\/uploads\/2018\/12\/sg-tr-44-11-1024x503.jpg\" alt=\"\" width=\"640\" height=\"314\" srcset=\"https:\/\/www.topohvar.at\/wp-content\/uploads\/2018\/12\/sg-tr-44-11-1024x503.jpg 1024w, https:\/\/www.topohvar.at\/wp-content\/uploads\/2018\/12\/sg-tr-44-11-300x147.jpg 300w, https:\/\/www.topohvar.at\/wp-content\/uploads\/2018\/12\/sg-tr-44-11-768x377.jpg 768w, https:\/\/www.topohvar.at\/wp-content\/uploads\/2018\/12\/sg-tr-44-11.jpg 1080w\" sizes=\"auto, (max-width: 640px) 100vw, 640px\" \/><\/p>\n<p><strong>Ime \/ Name<br \/>\n<\/strong>Trim \u00bbSG-TR-44\u00ab<br \/>\n<strong>Code: <\/strong>SG-TR-44\u00a0 \u00a0 \u00a0 \u00a0 \u00a0 \u00a0 \u00a0 \u00a0 \u00a0 \u00a0 \u00a0 \u00a0 \u00a0 \u00a0 \u00a0 \u00a0 \u00a0 \u00a0 \u00a0 \u00a0\u00a0<strong><a href=\"https:\/\/www.topohvar.at\/orte\/sg\/sg-tr-00-1\/\"><img loading=\"lazy\" decoding=\"async\" class=\"alignnone wp-image-12300 size-full\" src=\"https:\/\/www.topohvar.at\/wp-content\/uploads\/2018\/09\/push-vor-30.jpg\" alt=\"\" width=\"61\" height=\"30\" \/><\/a> <a href=\"https:\/\/www.topohvar.at\/orte\/sg\/sg-tr-43-1\/\"><img loading=\"lazy\" decoding=\"async\" class=\"alignnone wp-image-533 size-full\" src=\"https:\/\/www.topohvar.at\/wp-content\/uploads\/2018\/07\/push-l-30.jpg\" alt=\"\" width=\"61\" height=\"30\" \/><\/a> <a href=\"https:\/\/www.topohvar.at\/orte\/sg\/\"><img loading=\"lazy\" decoding=\"async\" class=\"alignnone wp-image-535 size-full\" src=\"https:\/\/www.topohvar.at\/wp-content\/uploads\/2018\/07\/push-o-30.jpg\" alt=\"\" width=\"61\" height=\"30\" \/><\/a> <a href=\"https:\/\/www.topohvar.at\/orte\/sg\/sg-tr-i4-1\/\"><img loading=\"lazy\" decoding=\"async\" class=\"alignnone wp-image-536 size-full\" src=\"https:\/\/www.topohvar.at\/wp-content\/uploads\/2018\/07\/push-r-30.jpg\" alt=\"\" width=\"61\" height=\"30\" \/><\/a><\/strong><\/p>\n<hr \/>\n<p><strong>Adresa \/ Adresse<br \/>\n<\/strong>Stari Grad, Polje, Ori\u0161ac, na glavnoj cesti \/ an der Hauptstra\u00dfe<\/p>\n<p><strong>Lokacija \/ Position<a href=\"https:\/\/goo.gl\/maps\/2SM3xiabPqYsmTaM7\"><img loading=\"lazy\" decoding=\"async\" class=\"alignright wp-image-5313\" src=\"https:\/\/www.topohvar.at\/wp-content\/uploads\/2018\/08\/0685.jpg\" alt=\"\" width=\"133\" height=\"100\" \/><\/a><br \/>\n<\/strong><span style=\"color: #3366ff;\"><a style=\"color: #3366ff;\" href=\"https:\/\/goo.gl\/maps\/2SM3xiabPqYsmTaM7\">Latitude: N 43,17595\u00b0\u00a0 \u00a0Longitude: E 16,63010\u00b0<\/a> <\/span><strong><br \/>\n<\/strong>Visina \/ H\u00f6he: 46 m<\/p>\n<p><strong>Katastarska \u010destica \/ Grundst\u00fccke<br \/>\n<\/strong>5026<div class='content-column one_half'><div style=\"padding-right:6px;\"><p><strong>Datum snimanja \/ Erfassungsdatum<br \/>\n<\/strong>08.05.2015 18:54:17<\/p>\n<hr \/>\n<p><strong>Informacije<\/strong><\/p>\n<p>Stepenasti trim s dvije stepenice je na rubu maslinjaka sjeverno od glavnog DC-116. Na lijevoj strani, stubi\u0161te s kamenim blokovima vode do prvog stepenica trima. Desno od trim nalazi se pjover i bazen za vodu. Ispod trima nalazi se gustirna. Pristup vodokotli\u0107ima nalazi se unutar trima (&#8222;4&#8220; u skici ispod). Iznad pjovra drugi prsten je oblikovan za skupljanje vode. Iznad ulaza ugravirana je kamena plo\u010da:<\/p><\/div><\/div><div class='content-column one_half last_column'><div style=\"padding-right:0px;padding-left:6px;\"><p><strong>Stupanj za\u0161tite \/ Schutzstellung<br \/>\n<\/strong>&#8211;<\/p>\n<hr \/>\n<p><strong>Info<\/strong><\/p>\n<p>Der Trim liegt am Rande eines Olivengartens n\u00f6rdlich der Hauptstra\u00dfe DC-116. Auf der linken Seite f\u00fchren Blockstufen auf den ersten Ring des zweistufigen Trim. Rechts neben dem Trim befindet sich eine Wassersammelfl\u00e4che und ein kleines Wasserbecken. Unterhalb des Trim befindet sich die Zisterne. Der Zugang zur Zisterne liegt im Inneren des Trims (&#8222;4&#8220; in der Skizze unten). Oberhalb der Zisterne ist der zweite Ring, zugunsten einer schr\u00e4gen Wassersammelfl\u00e4che nicht ausgebildet. Oberhalb des Einganges ist in einer Steinplatte eingraviert:<\/div><\/div><div class='clear_column'><\/div><\/p>\n<p style=\"text-align: center;\">1909 K P<br \/>\n2 (?) 1 (?) A V<\/p>\n<div class='content-column one_half'><div style=\"padding-right:6px;\"><p>Osim otvora cisterne nalazi se u kru\u017enom interijeru, ni\u0161a, nekada\u0161nja druga ni\u0161a i otvor prema vanjskom zidu. Taj je otvor s vanjske strane &#8211; podijeljen kamenim plo\u010dom u sredini &#8211; u dva dijela.<\/p><\/div><\/div><div class='content-column one_half last_column'><div style=\"padding-right:0px;padding-left:6px;\"><p>Im kreisrunden Inneren finden sich neben der Zisternen\u00f6ffnung eine Wandnische, eine ehemalige zweite Nische und eine Wand\u00f6ffnung nach au\u00dfen. Diese \u00d6ffnung ist an der Au\u00dfenseite &#8211; durch eine Steinplatte in der Mitte &#8211; zweigeteilt.<\/p><\/div><\/div><div class='clear_column'><\/div><div class='content-column one_half'><div style=\"padding-right:6px;\"><p>Teren krajobraz 2014 Lukic-Kusan-Zakarija<\/p><\/div><\/div><div class='content-column one_half last_column'><div style=\"padding-right:0px;padding-left:6px;\"><p>Gel\u00e4ndeaufnahme im Jahr 2014 durch Lukic-Kusan-Zakaria<\/p><\/div><\/div><div class='clear_column'><\/div><div class='content-column one_half'><div style=\"padding-right:6px;\"><div id=\"attachment_22136\" style=\"width: 310px\" class=\"wp-caption aligncenter\"><img loading=\"lazy\" decoding=\"async\" aria-describedby=\"caption-attachment-22136\" class=\"wp-image-22136 size-medium\" src=\"https:\/\/www.topohvar.at\/wp-content\/uploads\/2019\/04\/sg-tr-44-16-300x300.jpg\" alt=\"\" width=\"300\" height=\"300\" srcset=\"https:\/\/www.topohvar.at\/wp-content\/uploads\/2019\/04\/sg-tr-44-16-300x300.jpg 300w, https:\/\/www.topohvar.at\/wp-content\/uploads\/2019\/04\/sg-tr-44-16-150x150.jpg 150w, https:\/\/www.topohvar.at\/wp-content\/uploads\/2019\/04\/sg-tr-44-16.jpg 450w\" sizes=\"auto, (max-width: 300px) 100vw, 300px\" \/><p id=\"caption-attachment-22136\" class=\"wp-caption-text\">Kamena plo\u010da iznad ulaza \/<br \/>Steinplatte \u00fcber dem Eingang<\/p><\/div>\n<p>Dana 12.10.2018 trim je posje\u0107en i ustanovljeno je sljede\u0107e:<\/p>\n<p>Lokacija: maslinik<br \/>\nPodloga: ravna<br \/>\nPovezan s: kamenim zidom, pjoverom<br \/>\nUpotreba: malo se koristi<br \/>\nStanje: vrlo dobro uzdr\u017eati<br \/>\nBroj stepenica trima: 2<br \/>\nDodatni kameni prsten: kameni prsten djelomi\u010dno<br \/>\nStepeni\u0161te: stepenica<br \/>\nOblik kamena: plosnat<br \/>\nPodru\u010dje ispred ulaza: lako dostupno<br \/>\nOrijentacija ulaza: I (100\u00b0)<br \/>\nPromjer trima (cm): 410<br \/>\nVisina trima (cm): 260<br \/>\nVisina stepenica (cm): stepenica 1: 170, stepenica 2: 230<br \/>\nDebljina zida (cm): 75<br \/>\n\u0160irina vrata (cm): 80<br \/>\nVisina vrata (cm): 125<br \/>\n\u0160irina unutra (cm): 260<br \/>\nVisina unutra (cm): 230<br \/>\nVolumen iznutra (m3): 8,04<br \/>\nNi\u0161a 1 (P\/\u0160\/V\/D) (cm): 0 \/ 50 \/ 60 \/ 15<br \/>\nni\u0161a 2 (P\/\u0160\/V\/D) (cm): 50 \/ 30 \/ 30 \/ 30<br \/>\nni\u0161a 3 (P\/\u0160\/V\/D) (cm): 90 \/ 25 \/ 15 \/ 75<\/p><\/div><\/div><div class='content-column one_half last_column'><div style=\"padding-right:0px;padding-left:6px;\"><div id=\"attachment_22135\" style=\"width: 310px\" class=\"wp-caption aligncenter\"><img loading=\"lazy\" decoding=\"async\" aria-describedby=\"caption-attachment-22135\" class=\"wp-image-22135 size-medium\" src=\"https:\/\/www.topohvar.at\/wp-content\/uploads\/2019\/04\/sg-tr-44-15-300x300.jpg\" alt=\"\" width=\"300\" height=\"300\" srcset=\"https:\/\/www.topohvar.at\/wp-content\/uploads\/2019\/04\/sg-tr-44-15-300x300.jpg 300w, https:\/\/www.topohvar.at\/wp-content\/uploads\/2019\/04\/sg-tr-44-15-150x150.jpg 150w, https:\/\/www.topohvar.at\/wp-content\/uploads\/2019\/04\/sg-tr-44-15.jpg 450w\" sizes=\"auto, (max-width: 300px) 100vw, 300px\" \/><p id=\"caption-attachment-22135\" class=\"wp-caption-text\">Dvodijelni &#8222;prozor&#8220; \/<br \/>zweigeteiltes &#8222;Fenster&#8220;<\/p><\/div>\n<p>Am 12.10.2018 wurde der Trim besucht und n\u00e4her untersucht:<\/p>\n<p>Standort: Olivenhain<br \/>\nUntergrund: eben<br \/>\nVerbunden mit: Steinmauer, Wasserauffangbecken<br \/>\nNutzung: kaum genutzt<br \/>\nZustand: sehr gut erhalten<br \/>\nAnzahl der Trimstufen: 2<br \/>\nZus\u00e4tzlicher Steinring: Steinring teilweise<br \/>\nStiege: Stiege<br \/>\nSteinform: plattig<br \/>\nEingangsbereich: frei<br \/>\nEingangsseite: O (100\u00b0)<br \/>\nTrimdurchmesser (cm): 410<br \/>\nTrimh\u00f6he (cm): 260<br \/>\nH\u00f6he der Trimstufen (cm): Stufe 1: 170, Stufe 2: 230<br \/>\nWandst\u00e4rke (cm): 75<br \/>\nT\u00fcrbreite (cm): 80<br \/>\nT\u00fcrh\u00f6he (cm): 125<br \/>\nInnenraumbreite (cm): 260<br \/>\nInnenraumh\u00f6he (cm): 230<br \/>\nRaumvolumen (m3): 8,04<br \/>\nNische 1 (P\/B\/H\/T) (cm): 0 \/ 50 \/ 60 \/ 15<br \/>\nNische 2 (P\/B\/H\/T) (cm): 50 \/ 30 \/ 30 \/ 30<br \/>\nNische 3 (P\/B\/H\/T) (cm): 90 \/ 25 \/ 15 \/ 75<\/p><\/div><\/div><div class='clear_column'><\/div> <img loading=\"lazy\" decoding=\"async\" class=\"alignnone size-full wp-image-13588\" src=\"https:\/\/www.topohvar.at\/wp-content\/uploads\/2018\/12\/sg-tr-44-sca.jpg\" alt=\"\" width=\"600\" height=\"900\" srcset=\"https:\/\/www.topohvar.at\/wp-content\/uploads\/2018\/12\/sg-tr-44-sca.jpg 600w, https:\/\/www.topohvar.at\/wp-content\/uploads\/2018\/12\/sg-tr-44-sca-200x300.jpg 200w\" sizes=\"auto, (max-width: 600px) 100vw, 600px\" \/><\/p>\n<p style=\"text-align: right;\"><a href=\"#seite_oben\">natrag na vrh \/ Seitenanfang<\/a><\/p>\n<hr \/>\n<p><strong>Linkovi \/ Links<\/strong><\/p>\n<p><span style=\"color: #3366ff;\"><a style=\"color: #3366ff;\" href=\"https:\/\/www.topohvar.at\/topo\/orte\/sg\/sg-op-61-1\/\">Objekt \u00bbGustirna uz trim SG-TR-44\u00ab \/ Zisterne beim Trim SG-TR-44<\/a><\/span><\/p>\n","protected":false},"excerpt":{"rendered":"<p>Ime \/ Name Trim \u00bbSG-TR-44\u00ab Code: SG-TR-44\u00a0 \u00a0 \u00a0 \u00a0 \u00a0 \u00a0 \u00a0 \u00a0 \u00a0 \u00a0 \u00a0 \u00a0 \u00a0 \u00a0 \u00a0 \u00a0 \u00a0 \u00a0 \u00a0 \u00a0\u00a0 Adresa \/ Adresse Stari Grad, Polje, Ori\u0161ac, na glavnoj cesti \/ an der Hauptstra\u00dfe &hellip; <a href=\"https:\/\/www.topohvar.at\/topo\/orte\/sg\/sg-tr-44-1\/\">Weiterlesen <span class=\"meta-nav\">&rarr;<\/span><\/a><\/p>\n","protected":false},"author":1,"featured_media":0,"parent":99,"menu_order":0,"comment_status":"closed","ping_status":"closed","template":"","meta":{"footnotes":""},"class_list":["post-4879","page","type-page","status-publish","hentry"],"_links":{"self":[{"href":"https:\/\/www.topohvar.at\/topo\/wp-json\/wp\/v2\/pages\/4879","targetHints":{"allow":["GET"]}}],"collection":[{"href":"https:\/\/www.topohvar.at\/topo\/wp-json\/wp\/v2\/pages"}],"about":[{"href":"https:\/\/www.topohvar.at\/topo\/wp-json\/wp\/v2\/types\/page"}],"author":[{"embeddable":true,"href":"https:\/\/www.topohvar.at\/topo\/wp-json\/wp\/v2\/users\/1"}],"replies":[{"embeddable":true,"href":"https:\/\/www.topohvar.at\/topo\/wp-json\/wp\/v2\/comments?post=4879"}],"version-history":[{"count":20,"href":"https:\/\/www.topohvar.at\/topo\/wp-json\/wp\/v2\/pages\/4879\/revisions"}],"predecessor-version":[{"id":71782,"href":"https:\/\/www.topohvar.at\/topo\/wp-json\/wp\/v2\/pages\/4879\/revisions\/71782"}],"up":[{"embeddable":true,"href":"https:\/\/www.topohvar.at\/topo\/wp-json\/wp\/v2\/pages\/99"}],"wp:attachment":[{"href":"https:\/\/www.topohvar.at\/topo\/wp-json\/wp\/v2\/media?parent=4879"}],"curies":[{"name":"wp","href":"https:\/\/api.w.org\/{rel}","templated":true}]}}