{"id":4901,"date":"2018-08-13T08:38:17","date_gmt":"2018-08-13T06:38:17","guid":{"rendered":"https:\/\/www.topohvar.at\/?page_id=4901"},"modified":"2026-04-29T17:55:23","modified_gmt":"2026-04-29T15:55:23","slug":"sg-tr-65-1","status":"publish","type":"page","link":"https:\/\/www.topohvar.at\/topo\/orte\/sg\/sg-tr-65-1\/","title":{"rendered":"STARI GRAD &#8211; Trim \u00bbSG-TR-65\u00ab"},"content":{"rendered":"<p><a name=\"seite_oben\"><\/a><br \/>\n<img loading=\"lazy\" decoding=\"async\" class=\"aligncenter wp-image-74648 size-full\" src=\"https:\/\/www.topohvar.at\/wp-content\/uploads\/2026\/04\/sg-tr-k0-9.jpg\" alt=\"\" width=\"1080\" height=\"530\" srcset=\"https:\/\/www.topohvar.at\/wp-content\/uploads\/2026\/04\/sg-tr-k0-9.jpg 1080w, https:\/\/www.topohvar.at\/wp-content\/uploads\/2026\/04\/sg-tr-k0-9-300x147.jpg 300w, https:\/\/www.topohvar.at\/wp-content\/uploads\/2026\/04\/sg-tr-k0-9-1024x503.jpg 1024w, https:\/\/www.topohvar.at\/wp-content\/uploads\/2026\/04\/sg-tr-k0-9-768x377.jpg 768w\" sizes=\"auto, (max-width: 1080px) 100vw, 1080px\" \/><\/p>\n<p><strong>Ime \/ Name<br \/>\n<\/strong>Trim \u00bbSG-TR-65\u00ab<br \/>\n<strong>Code: <\/strong>SG-TR-65\u00a0 \u00a0 \u00a0 \u00a0 \u00a0 \u00a0 \u00a0 \u00a0 \u00a0 \u00a0 \u00a0 \u00a0 \u00a0 \u00a0 \u00a0 \u00a0 \u00a0 \u00a0 \u00a0 \u00a0\u00a0<strong><a href=\"https:\/\/www.topohvar.at\/orte\/sg\/sg-tr-00-1\/\"><img loading=\"lazy\" decoding=\"async\" class=\"alignnone wp-image-12300 size-full\" src=\"https:\/\/www.topohvar.at\/wp-content\/uploads\/2018\/09\/push-vor-30.jpg\" alt=\"\" width=\"61\" height=\"30\" \/><\/a> <a href=\"https:\/\/www.topohvar.at\/orte\/sg\/sg-tr-a5-1\/\"><img loading=\"lazy\" decoding=\"async\" class=\"alignnone wp-image-533 size-full\" src=\"https:\/\/www.topohvar.at\/wp-content\/uploads\/2018\/07\/push-l-30.jpg\" alt=\"\" width=\"61\" height=\"30\" \/><\/a> <a href=\"https:\/\/www.topohvar.at\/orte\/sg\/\"><img loading=\"lazy\" decoding=\"async\" class=\"alignnone wp-image-535 size-full\" src=\"https:\/\/www.topohvar.at\/wp-content\/uploads\/2018\/07\/push-o-30.jpg\" alt=\"\" width=\"61\" height=\"30\" \/><\/a> <a href=\"https:\/\/www.topohvar.at\/orte\/sg\/sg-tr-66-1\/\"><img loading=\"lazy\" decoding=\"async\" class=\"alignnone wp-image-536 size-full\" src=\"https:\/\/www.topohvar.at\/wp-content\/uploads\/2018\/07\/push-r-30.jpg\" alt=\"\" width=\"61\" height=\"30\" \/><\/a><\/strong><\/p>\n<hr \/>\n<p><strong>Adresa \/ Adresse<br \/>\n<\/strong>Stari Grad, Polje, zapadno od Ra\u0161nik\/ westlich von\u00a0Ra\u0161nik<\/p>\n<p><strong>Lokacija \/ Position <a href=\"https:\/\/maps.app.goo.gl\/TzSUowwqXnBHtTGC7\"><img loading=\"lazy\" decoding=\"async\" class=\"alignright wp-image-5349\" src=\"https:\/\/www.topohvar.at\/wp-content\/uploads\/2018\/08\/0706.jpg\" alt=\"\" width=\"133\" height=\"100\" \/><\/a><br \/>\n<\/strong><span style=\"color: #3366ff;\"><a style=\"color: #3366ff;\" href=\"https:\/\/goo.gl\/maps\/XCjEM4knbQ5Bv7MH7\">Latitude: N 43,18614\u00b0\u00a0 \u00a0Longitude: E 16,63093\u00b0<\/a> <\/span><strong><br \/>\n<\/strong>Visina \/ H\u00f6he: 18 m<\/p>\n<p><strong>Katastarska \u010destica \/ Grundst\u00fccke<br \/>\n<\/strong>5450<div class='content-column one_half'><div style=\"padding-right:6px;\"><p><strong>Datum snimanja \/ Erfassungsdatum<br \/>\n<\/strong>28.04.2026 09:19:00<\/p>\n<hr \/>\n<p><strong>Informacije<\/strong><\/p>\n<p>Jako zarastao, pored ulaza ugra\u0111ena konzolna plo\u010da kao stoli\u0107.<\/p><\/div><\/div><div class='content-column one_half last_column'><div style=\"padding-right:0px;padding-left:6px;\"><p><strong>Stupanj za\u0161tite \/ Schutzstellung<br \/>\n<\/strong>&#8211;<\/p>\n<hr \/>\n<p><strong>Info<\/strong><\/p>\n<p>Sehr verwachsen. Neben dem Eingang befindet sich eine auskragende Tischplatte.<\/p><\/div><\/div><div class='clear_column'><\/div><div class='content-column one_half'><div style=\"padding-right:6px;\"><p>Trim s brojem &#8222;16&#8220; iz evidencije KO u Splitu.<br \/>\nTeren sa studentima krajobrazne arhitekture UNIZG, studeni 2013.<\/p><\/div><\/div><div class='content-column one_half last_column'><div style=\"padding-right:0px;padding-left:6px;\"><p>Trim mit Nummer &#8222;16&#8220; ist in Evidenz bei KO in Split. Das Gel\u00e4nde wurde von Studenten der Landschaftsarchitektur UNIZG im November 2013 besucht.<\/p><\/div><\/div><div class='clear_column'><\/div><\/p>\n<hr \/>\n<div class='content-column one_half'><div style=\"padding-right:6px;\"><div id=\"attachment_74650\" style=\"width: 330px\" class=\"wp-caption aligncenter\"><img loading=\"lazy\" decoding=\"async\" aria-describedby=\"caption-attachment-74650\" class=\"wp-image-74650\" src=\"https:\/\/www.topohvar.at\/wp-content\/uploads\/2026\/04\/sg-tr-k0-1.jpg\" alt=\"\" width=\"320\" height=\"320\" srcset=\"https:\/\/www.topohvar.at\/wp-content\/uploads\/2026\/04\/sg-tr-k0-1.jpg 530w, https:\/\/www.topohvar.at\/wp-content\/uploads\/2026\/04\/sg-tr-k0-1-300x300.jpg 300w, https:\/\/www.topohvar.at\/wp-content\/uploads\/2026\/04\/sg-tr-k0-1-150x150.jpg 150w\" sizes=\"auto, (max-width: 320px) 100vw, 320px\" \/><p id=\"caption-attachment-74650\" class=\"wp-caption-text\">Ulaz \/ Eingang<\/p><\/div><\/div><\/div><div class='content-column one_half last_column'><div style=\"padding-right:0px;padding-left:6px;\"><div id=\"attachment_74651\" style=\"width: 330px\" class=\"wp-caption aligncenter\"><img loading=\"lazy\" decoding=\"async\" aria-describedby=\"caption-attachment-74651\" class=\"wp-image-74651\" src=\"https:\/\/www.topohvar.at\/wp-content\/uploads\/2026\/04\/sg-tr-k0-7.jpg\" alt=\"\" width=\"320\" height=\"320\" srcset=\"https:\/\/www.topohvar.at\/wp-content\/uploads\/2026\/04\/sg-tr-k0-7.jpg 530w, https:\/\/www.topohvar.at\/wp-content\/uploads\/2026\/04\/sg-tr-k0-7-300x300.jpg 300w, https:\/\/www.topohvar.at\/wp-content\/uploads\/2026\/04\/sg-tr-k0-7-150x150.jpg 150w\" sizes=\"auto, (max-width: 320px) 100vw, 320px\" \/><p id=\"caption-attachment-74651\" class=\"wp-caption-text\">Otvor prema van \/ Luke nach au\u00dfen<\/p><\/div><\/div><\/div><div class='clear_column'><\/div><\/p>\n<p style=\"text-align: right;\"><a href=\"#seite_oben\">natrag na vrh \/ Seitenanfang<\/a><\/p>\n<hr \/>\n<p><strong>Linkovi \/ Links<\/strong><\/p>\n<p>&#8211;<\/p>\n","protected":false},"excerpt":{"rendered":"<p>Ime \/ Name Trim \u00bbSG-TR-65\u00ab Code: SG-TR-65\u00a0 \u00a0 \u00a0 \u00a0 \u00a0 \u00a0 \u00a0 \u00a0 \u00a0 \u00a0 \u00a0 \u00a0 \u00a0 \u00a0 \u00a0 \u00a0 \u00a0 \u00a0 \u00a0 \u00a0\u00a0 Adresa \/ Adresse Stari Grad, Polje, zapadno od Ra\u0161nik\/ westlich von\u00a0Ra\u0161nik Lokacija \/ Position &hellip; <a href=\"https:\/\/www.topohvar.at\/topo\/orte\/sg\/sg-tr-65-1\/\">Weiterlesen <span class=\"meta-nav\">&rarr;<\/span><\/a><\/p>\n","protected":false},"author":1,"featured_media":0,"parent":99,"menu_order":0,"comment_status":"closed","ping_status":"closed","template":"","meta":{"footnotes":""},"class_list":["post-4901","page","type-page","status-publish","hentry"],"_links":{"self":[{"href":"https:\/\/www.topohvar.at\/topo\/wp-json\/wp\/v2\/pages\/4901","targetHints":{"allow":["GET"]}}],"collection":[{"href":"https:\/\/www.topohvar.at\/topo\/wp-json\/wp\/v2\/pages"}],"about":[{"href":"https:\/\/www.topohvar.at\/topo\/wp-json\/wp\/v2\/types\/page"}],"author":[{"embeddable":true,"href":"https:\/\/www.topohvar.at\/topo\/wp-json\/wp\/v2\/users\/1"}],"replies":[{"embeddable":true,"href":"https:\/\/www.topohvar.at\/topo\/wp-json\/wp\/v2\/comments?post=4901"}],"version-history":[{"count":12,"href":"https:\/\/www.topohvar.at\/topo\/wp-json\/wp\/v2\/pages\/4901\/revisions"}],"predecessor-version":[{"id":74675,"href":"https:\/\/www.topohvar.at\/topo\/wp-json\/wp\/v2\/pages\/4901\/revisions\/74675"}],"up":[{"embeddable":true,"href":"https:\/\/www.topohvar.at\/topo\/wp-json\/wp\/v2\/pages\/99"}],"wp:attachment":[{"href":"https:\/\/www.topohvar.at\/topo\/wp-json\/wp\/v2\/media?parent=4901"}],"curies":[{"name":"wp","href":"https:\/\/api.w.org\/{rel}","templated":true}]}}