{"id":49336,"date":"2021-05-13T08:15:23","date_gmt":"2021-05-13T06:15:23","guid":{"rendered":"https:\/\/www.topohvar.at\/topo\/?page_id=49336"},"modified":"2024-07-30T14:55:29","modified_gmt":"2024-07-30T12:55:29","slug":"sg-op-62-1","status":"publish","type":"page","link":"https:\/\/www.topohvar.at\/topo\/orte\/sg\/sg-op-62-1\/","title":{"rendered":"STARI GRAD &#8211; Objekt \u00bbGustirna (62) uz trim SG-TR-50\u00ab"},"content":{"rendered":"<p><img loading=\"lazy\" decoding=\"async\" class=\"aligncenter wp-image-49338 size-full\" src=\"https:\/\/www.topohvar.at\/wp-content\/uploads\/2021\/05\/sg-tr-50-15.jpg\" alt=\"\" width=\"1080\" height=\"530\" srcset=\"https:\/\/www.topohvar.at\/wp-content\/uploads\/2021\/05\/sg-tr-50-15.jpg 1080w, https:\/\/www.topohvar.at\/wp-content\/uploads\/2021\/05\/sg-tr-50-15-300x147.jpg 300w, https:\/\/www.topohvar.at\/wp-content\/uploads\/2021\/05\/sg-tr-50-15-1024x503.jpg 1024w, https:\/\/www.topohvar.at\/wp-content\/uploads\/2021\/05\/sg-tr-50-15-768x377.jpg 768w\" sizes=\"auto, (max-width: 1080px) 100vw, 1080px\" \/><br \/>\n<a name=\"seite_oben\"><\/a><br \/>\n<strong>Ime \/ Name<br \/>\n<\/strong>Objekt \u00bbGustirna (62) uz trim SG-TR-50\u00ab \/ Zisterne (62) beim Trim SG-TR-50<\/p>\n<p><strong>Code: <\/strong>SG-OP-62\u00a0 \u00a0 \u00a0 \u00a0 \u00a0 \u00a0 \u00a0 \u00a0 \u00a0 \u00a0 \u00a0 \u00a0 \u00a0 \u00a0 \u00a0 <a href=\"https:\/\/www.topohvar.at\/orte\/sg\/sg-op-00-1\/\"><img loading=\"lazy\" decoding=\"async\" class=\"alignnone wp-image-12300 size-full\" src=\"https:\/\/www.topohvar.at\/wp-content\/uploads\/2018\/09\/push-vor-30.jpg\" alt=\"\" width=\"61\" height=\"30\" \/><\/a>\u00a0<strong><a href=\"https:\/\/www.topohvar.at\/orte\/sg\/sg-op-75-1\/\"><img loading=\"lazy\" decoding=\"async\" class=\"alignnone wp-image-533 size-full\" src=\"https:\/\/www.topohvar.at\/wp-content\/uploads\/2018\/07\/push-l-30.jpg\" alt=\"\" width=\"61\" height=\"30\" \/><\/a> <a href=\"https:\/\/www.topohvar.at\/orte\/sg\/\"><img loading=\"lazy\" decoding=\"async\" class=\"alignnone wp-image-535 size-full\" src=\"https:\/\/www.topohvar.at\/wp-content\/uploads\/2018\/07\/push-o-30.jpg\" alt=\"\" width=\"61\" height=\"30\" \/><\/a> <a href=\"https:\/\/www.topohvar.at\/orte\/sg\/sg-op-v8-1\/\"><img loading=\"lazy\" decoding=\"async\" class=\"alignnone wp-image-536 size-full\" src=\"https:\/\/www.topohvar.at\/wp-content\/uploads\/2018\/07\/push-r-30.jpg\" alt=\"\" width=\"61\" height=\"30\" \/><\/a> <\/strong><\/p>\n<hr \/>\n<p><strong>Adresa \/ Adresse<br \/>\n<\/strong>Stari Grad, Polje \/ Stari Grader Ebene<\/p>\n<p><strong>Lokacija \/ Position<a href=\"https:\/\/goo.gl\/maps\/4KFAUcfN4abosnHq6\"><img loading=\"lazy\" decoding=\"async\" class=\"alignright wp-image-5135\" src=\"https:\/\/www.topohvar.at\/wp-content\/uploads\/2018\/08\/0691.jpg\" alt=\"\" width=\"133\" height=\"100\" \/><\/a><br \/>\n<\/strong><span style=\"color: #3366ff;\"><a style=\"color: #3366ff;\" href=\"https:\/\/goo.gl\/maps\/4KFAUcfN4abosnHq6\">Latitude: N 43,19117\u00b0\u00a0 \u00a0Longitude: E 16,62525\u00b0<\/a> <\/span><strong><br \/>\n<\/strong>Visina \/ H\u00f6he: 17 m<\/p>\n<p><strong>Katastarska \u010destica \/ Grundst\u00fccke<br \/>\n<\/strong>4014<div class='content-column one_half'><div style=\"padding-right:6px;\"><p><strong>Datum snimanja \/ Erfassungsdatum<br \/>\n<\/strong>09.05.2015 10:12:29<\/p>\n<hr \/>\n<p><strong>Informacije<\/strong><\/p>\n<p>Cisterna stoji u &#8222;krajoliku&#8220; od suhozida. Ovdje su trim, brojni pa\u017eljivo gra\u0111eni potporni zidovi, pjoveri za vodu, cisterne i bazene za vodu.<\/p><\/div><\/div><div class='content-column one_half last_column'><div style=\"padding-right:0px;padding-left:6px;\"><p><strong>Stupanj za\u0161tite \/ Schutzstellung<br \/>\n<\/strong>&#8211;<\/p>\n<hr \/>\n<p><strong>Info<\/strong><\/p>\n<p>Die Zisterne steht in einer &#8222;Landschaft&#8220; aus Trockensteinbauten. So finden sich hier eine Trim, zahlreiche sorgf\u00e4ltig gebaute St\u00fctzmauern, Wassersammelfl\u00e4chen, Zisternen und Wasserbecken.<\/p><\/div><\/div><div class='clear_column'><\/div><\/p>\n<p><img loading=\"lazy\" decoding=\"async\" class=\"alignleft size-full wp-image-69247\" src=\"https:\/\/www.topohvar.at\/wp-content\/uploads\/2024\/07\/sg-tr-50-h7-op-62.jpg\" alt=\"\" width=\"640\" height=\"358\" srcset=\"https:\/\/www.topohvar.at\/wp-content\/uploads\/2024\/07\/sg-tr-50-h7-op-62.jpg 640w, https:\/\/www.topohvar.at\/wp-content\/uploads\/2024\/07\/sg-tr-50-h7-op-62-300x168.jpg 300w\" sizes=\"auto, (max-width: 640px) 100vw, 640px\" \/><\/p>\n<p style=\"text-align: right;\"><a href=\"#seite_oben\">natrag na vrh \/ Seitenanfang<\/a><\/p>\n<hr \/>\n<p><strong>Linkovi \/ Links<\/strong><\/p>\n<p><span style=\"color: #3366ff;\"><a style=\"color: #3366ff;\" href=\"https:\/\/www.topohvar.at\/topo\/orte\/sg\/sg-tr-50-1\/\">Trim \u00bbSG-TR-50\u00ab<\/a><br \/>\n<a style=\"color: #3366ff;\" href=\"https:\/\/www.topohvar.at\/topo\/orte\/sg\/sg-tr-h7-1\/\">Trim \u00bbSG-TR-H7\u00ab<\/a><br \/>\n<\/span><\/p>\n","protected":false},"excerpt":{"rendered":"<p>Ime \/ Name Objekt \u00bbGustirna (62) uz trim SG-TR-50\u00ab \/ Zisterne (62) beim Trim SG-TR-50 Code: SG-OP-62\u00a0 \u00a0 \u00a0 \u00a0 \u00a0 \u00a0 \u00a0 \u00a0 \u00a0 \u00a0 \u00a0 \u00a0 \u00a0 \u00a0 \u00a0 \u00a0 Adresa \/ Adresse Stari Grad, Polje \/ Stari &hellip; <a href=\"https:\/\/www.topohvar.at\/topo\/orte\/sg\/sg-op-62-1\/\">Weiterlesen <span class=\"meta-nav\">&rarr;<\/span><\/a><\/p>\n","protected":false},"author":1,"featured_media":0,"parent":99,"menu_order":0,"comment_status":"closed","ping_status":"closed","template":"","meta":{"footnotes":""},"class_list":["post-49336","page","type-page","status-publish","hentry"],"_links":{"self":[{"href":"https:\/\/www.topohvar.at\/topo\/wp-json\/wp\/v2\/pages\/49336","targetHints":{"allow":["GET"]}}],"collection":[{"href":"https:\/\/www.topohvar.at\/topo\/wp-json\/wp\/v2\/pages"}],"about":[{"href":"https:\/\/www.topohvar.at\/topo\/wp-json\/wp\/v2\/types\/page"}],"author":[{"embeddable":true,"href":"https:\/\/www.topohvar.at\/topo\/wp-json\/wp\/v2\/users\/1"}],"replies":[{"embeddable":true,"href":"https:\/\/www.topohvar.at\/topo\/wp-json\/wp\/v2\/comments?post=49336"}],"version-history":[{"count":12,"href":"https:\/\/www.topohvar.at\/topo\/wp-json\/wp\/v2\/pages\/49336\/revisions"}],"predecessor-version":[{"id":69252,"href":"https:\/\/www.topohvar.at\/topo\/wp-json\/wp\/v2\/pages\/49336\/revisions\/69252"}],"up":[{"embeddable":true,"href":"https:\/\/www.topohvar.at\/topo\/wp-json\/wp\/v2\/pages\/99"}],"wp:attachment":[{"href":"https:\/\/www.topohvar.at\/topo\/wp-json\/wp\/v2\/media?parent=49336"}],"curies":[{"name":"wp","href":"https:\/\/api.w.org\/{rel}","templated":true}]}}