{"id":49352,"date":"2021-05-13T08:33:28","date_gmt":"2021-05-13T06:33:28","guid":{"rendered":"https:\/\/www.topohvar.at\/topo\/?page_id=49352"},"modified":"2025-11-06T14:01:18","modified_gmt":"2025-11-06T13:01:18","slug":"sg-op-66-1","status":"publish","type":"page","link":"https:\/\/www.topohvar.at\/topo\/orte\/sg\/sg-op-66-1\/","title":{"rendered":"STARI GRAD &#8211; Objekt \u00bbGustirna (66) uz trim SG-TR-91\u00ab"},"content":{"rendered":"<p><a name=\"seite_oben\"><\/a><\/p>\n<p style=\"text-align: center;\"><img loading=\"lazy\" decoding=\"async\" class=\"alignnone wp-image-49354 size-full\" src=\"https:\/\/www.topohvar.at\/wp-content\/uploads\/2021\/05\/sg-tr-91-14.jpg\" alt=\"\" width=\"1080\" height=\"530\" srcset=\"https:\/\/www.topohvar.at\/wp-content\/uploads\/2021\/05\/sg-tr-91-14.jpg 1080w, https:\/\/www.topohvar.at\/wp-content\/uploads\/2021\/05\/sg-tr-91-14-300x147.jpg 300w, https:\/\/www.topohvar.at\/wp-content\/uploads\/2021\/05\/sg-tr-91-14-1024x503.jpg 1024w, https:\/\/www.topohvar.at\/wp-content\/uploads\/2021\/05\/sg-tr-91-14-768x377.jpg 768w\" sizes=\"auto, (max-width: 1080px) 100vw, 1080px\" \/><\/p>\n<p><strong>Ime \/ Name<br \/>\n<\/strong>Objekt \u00bbGustirna (66) uz trim SG-TR-91\u00ab \/ Zisterne (66) beim Trim SG-TR-91<\/p>\n<p><strong>Code: <\/strong>SG-OP-66\u00a0 \u00a0 \u00a0 \u00a0 \u00a0 \u00a0 \u00a0 \u00a0 \u00a0 \u00a0 \u00a0 \u00a0 \u00a0 \u00a0 \u00a0 <a href=\"https:\/\/www.topohvar.at\/orte\/sg\/sg-op-00-1\/\"><img loading=\"lazy\" decoding=\"async\" class=\"alignnone wp-image-12300 size-full\" src=\"https:\/\/www.topohvar.at\/wp-content\/uploads\/2018\/09\/push-vor-30.jpg\" alt=\"\" width=\"61\" height=\"30\" \/><\/a>\u00a0<strong><a href=\"https:\/\/www.topohvar.at\/orte\/sg\/sg-op-57-1\/\"><img loading=\"lazy\" decoding=\"async\" class=\"alignnone wp-image-533 size-full\" src=\"https:\/\/www.topohvar.at\/wp-content\/uploads\/2018\/07\/push-l-30.jpg\" alt=\"\" width=\"61\" height=\"30\" \/><\/a> <a href=\"https:\/\/www.topohvar.at\/orte\/sg\/\"><img loading=\"lazy\" decoding=\"async\" class=\"alignnone wp-image-535 size-full\" src=\"https:\/\/www.topohvar.at\/wp-content\/uploads\/2018\/07\/push-o-30.jpg\" alt=\"\" width=\"61\" height=\"30\" \/><\/a> <a href=\"https:\/\/www.topohvar.at\/orte\/sg\/sg-op-li-1\/\"><img loading=\"lazy\" decoding=\"async\" class=\"alignnone wp-image-536 size-full\" src=\"https:\/\/www.topohvar.at\/wp-content\/uploads\/2018\/07\/push-r-30.jpg\" alt=\"\" width=\"61\" height=\"30\" \/><\/a> <\/strong><\/p>\n<hr \/>\n<p><strong>Adresa \/ Adresse<br \/>\n<\/strong>Stari Grad, Malo Selo, Stara\u010d<\/p>\n<p><strong>Lokacija \/ Position<a href=\"https:\/\/goo.gl\/maps\/iEpNNzHrUPjYkddY8\"><img loading=\"lazy\" decoding=\"async\" class=\"alignright wp-image-5035\" src=\"https:\/\/www.topohvar.at\/wp-content\/uploads\/2018\/08\/0732.jpg\" alt=\"\" width=\"133\" height=\"100\" \/><\/a><br \/>\n<\/strong><span style=\"color: #3366ff;\"><a style=\"color: #3366ff;\" href=\"https:\/\/goo.gl\/maps\/iEpNNzHrUPjYkddY8\">Latitude: N 43,19357\u00b0\u00a0 \u00a0Longitude: E 16,61173\u00b0<\/a> <\/span><strong><br \/>\n<\/strong>Visina \/ H\u00f6he: 100 m<\/p>\n<p><strong>Katast arska \u010destica\/ Grundst\u00fccke<br \/>\n<\/strong>6662<div class='content-column one_half'><div style=\"padding-right:6px;\"><p><strong>Datum snimanja \/ Erfassungsdatum<br \/>\n<\/strong>21.09.2015 11:47:16<\/p>\n<hr \/>\n<p><strong>Informacije<\/strong><\/p>\n<p>S desne strane trima nalazi se cisterna s obra\u0111enim velikim prostorom za skupljanje vode. Gornji dio kupole trima uklonjen je i pretvoren kao skuplja\u010dka povr\u0161ina &#8211; betonirana kao nagnuta povr\u0161ina. Desno od visokog ulaza nalazi se vodeni bazen.<\/p><\/div><\/div><div class='content-column one_half last_column'><div style=\"padding-right:0px;padding-left:6px;\"><p><strong>Stupanj za\u0161tite \/ Schutzstellung<br \/>\n<\/strong>&#8211;<\/p>\n<hr \/>\n<p><strong>Info<\/strong><\/p>\n<p>An der rechten Seite des Trims ist eine Zisterne mit gro\u00dfer Wassersammelfl\u00e4che angebaut. Der obere Teil der Kuppel des Trims wurde abgetragen und ebenfalls als Sammelfl\u00e4che umgestaltet &#8211; als schr\u00e4ge Fl\u00e4che betoniert. Rechts vom hohen Eingang befindet sich ein Wasserbecken.<\/p><\/div><\/div><div class='clear_column'><\/div><\/p>\n<p style=\"text-align: right;\"><a href=\"#seite_oben\">natrag na vrh \/ Seitenanfang<\/a><\/p>\n<hr \/>\n<p><strong>Linkovi \/ Links<\/strong><\/p>\n<p><span style=\"color: #3366ff;\"><a style=\"color: #3366ff;\" href=\"https:\/\/www.topohvar.at\/topo\/orte\/sg\/sg-tr-91-1\/\">Trim \u00bbSG-TR-91\u00ab<\/a><\/span><\/p>\n","protected":false},"excerpt":{"rendered":"<p>Ime \/ Name Objekt \u00bbGustirna (66) uz trim SG-TR-91\u00ab \/ Zisterne (66) beim Trim SG-TR-91 Code: SG-OP-66\u00a0 \u00a0 \u00a0 \u00a0 \u00a0 \u00a0 \u00a0 \u00a0 \u00a0 \u00a0 \u00a0 \u00a0 \u00a0 \u00a0 \u00a0 \u00a0 Adresa \/ Adresse Stari Grad, Malo Selo, Stara\u010d &hellip; <a href=\"https:\/\/www.topohvar.at\/topo\/orte\/sg\/sg-op-66-1\/\">Weiterlesen <span class=\"meta-nav\">&rarr;<\/span><\/a><\/p>\n","protected":false},"author":1,"featured_media":0,"parent":99,"menu_order":0,"comment_status":"closed","ping_status":"closed","template":"","meta":{"footnotes":""},"class_list":["post-49352","page","type-page","status-publish","hentry"],"_links":{"self":[{"href":"https:\/\/www.topohvar.at\/topo\/wp-json\/wp\/v2\/pages\/49352","targetHints":{"allow":["GET"]}}],"collection":[{"href":"https:\/\/www.topohvar.at\/topo\/wp-json\/wp\/v2\/pages"}],"about":[{"href":"https:\/\/www.topohvar.at\/topo\/wp-json\/wp\/v2\/types\/page"}],"author":[{"embeddable":true,"href":"https:\/\/www.topohvar.at\/topo\/wp-json\/wp\/v2\/users\/1"}],"replies":[{"embeddable":true,"href":"https:\/\/www.topohvar.at\/topo\/wp-json\/wp\/v2\/comments?post=49352"}],"version-history":[{"count":9,"href":"https:\/\/www.topohvar.at\/topo\/wp-json\/wp\/v2\/pages\/49352\/revisions"}],"predecessor-version":[{"id":73349,"href":"https:\/\/www.topohvar.at\/topo\/wp-json\/wp\/v2\/pages\/49352\/revisions\/73349"}],"up":[{"embeddable":true,"href":"https:\/\/www.topohvar.at\/topo\/wp-json\/wp\/v2\/pages\/99"}],"wp:attachment":[{"href":"https:\/\/www.topohvar.at\/topo\/wp-json\/wp\/v2\/media?parent=49352"}],"curies":[{"name":"wp","href":"https:\/\/api.w.org\/{rel}","templated":true}]}}