{"id":49368,"date":"2021-05-13T08:56:10","date_gmt":"2021-05-13T06:56:10","guid":{"rendered":"https:\/\/www.topohvar.at\/topo\/?page_id=49368"},"modified":"2024-11-08T11:14:39","modified_gmt":"2024-11-08T10:14:39","slug":"sg-op-69-1","status":"publish","type":"page","link":"https:\/\/www.topohvar.at\/topo\/orte\/sg\/sg-op-69-1\/","title":{"rendered":"STARI GRAD &#8211; Objekt \u00bbGustirna (69) uz trim SG-TR-A5\u00ab"},"content":{"rendered":"<p><a name=\"seite_oben\"><\/a><\/p>\n<p style=\"text-align: center;\"><img loading=\"lazy\" decoding=\"async\" class=\"alignnone wp-image-49370 size-full\" src=\"https:\/\/www.topohvar.at\/wp-content\/uploads\/2021\/05\/sg-tr-a5-14.jpg\" alt=\"\" width=\"1080\" height=\"530\" srcset=\"https:\/\/www.topohvar.at\/wp-content\/uploads\/2021\/05\/sg-tr-a5-14.jpg 1080w, https:\/\/www.topohvar.at\/wp-content\/uploads\/2021\/05\/sg-tr-a5-14-300x147.jpg 300w, https:\/\/www.topohvar.at\/wp-content\/uploads\/2021\/05\/sg-tr-a5-14-1024x503.jpg 1024w, https:\/\/www.topohvar.at\/wp-content\/uploads\/2021\/05\/sg-tr-a5-14-768x377.jpg 768w\" sizes=\"auto, (max-width: 1080px) 100vw, 1080px\" \/><\/p>\n<p><strong>Ime \/ Name<br \/>\n<\/strong>Objekt \u00bbGustirna (69) uz trim SG-TR-A5\u00ab \/ Zisterne (69) beim Trim SG-TR-A5<\/p>\n<p><strong>Code: <\/strong>SG-OP-69\u00a0 \u00a0 \u00a0 \u00a0 \u00a0 \u00a0 \u00a0 \u00a0 \u00a0 \u00a0 \u00a0 \u00a0 \u00a0 \u00a0 \u00a0 <a href=\"https:\/\/www.topohvar.at\/orte\/sg\/sg-op-00-1\/\"><img loading=\"lazy\" decoding=\"async\" class=\"alignnone wp-image-12300 size-full\" src=\"https:\/\/www.topohvar.at\/wp-content\/uploads\/2018\/09\/push-vor-30.jpg\" alt=\"\" width=\"61\" height=\"30\" \/><\/a>\u00a0<strong><a href=\"https:\/\/www.topohvar.at\/orte\/sg\/sg-op-z3-1\/\"><img loading=\"lazy\" decoding=\"async\" class=\"alignnone wp-image-533 size-full\" src=\"https:\/\/www.topohvar.at\/wp-content\/uploads\/2018\/07\/push-l-30.jpg\" alt=\"\" width=\"61\" height=\"30\" \/><\/a> <a href=\"https:\/\/www.topohvar.at\/orte\/sg\/\"><img loading=\"lazy\" decoding=\"async\" class=\"alignnone wp-image-535 size-full\" src=\"https:\/\/www.topohvar.at\/wp-content\/uploads\/2018\/07\/push-o-30.jpg\" alt=\"\" width=\"61\" height=\"30\" \/><\/a> <a href=\"https:\/\/www.topohvar.at\/orte\/sg\/sg-op-59-1\/\"><img loading=\"lazy\" decoding=\"async\" class=\"alignnone wp-image-536 size-full\" src=\"https:\/\/www.topohvar.at\/wp-content\/uploads\/2018\/07\/push-r-30.jpg\" alt=\"\" width=\"61\" height=\"30\" \/><\/a> <\/strong><\/p>\n<hr \/>\n<p><strong>Adresa \/ Adresse<br \/>\n<\/strong>Stari Grad, Polje, Pre\u0161ice<\/p>\n<p><strong>Lokacija \/ Position<a href=\"https:\/\/goo.gl\/maps\/kJTcGwj8ZVKkKe4x6\"><img loading=\"lazy\" decoding=\"async\" class=\"alignright wp-image-5345\" src=\"https:\/\/www.topohvar.at\/wp-content\/uploads\/2018\/08\/1039.jpg\" alt=\"\" width=\"133\" height=\"100\" \/><\/a><br \/>\n<\/strong><span style=\"color: #3366ff;\"><a style=\"color: #3366ff;\" href=\"https:\/\/goo.gl\/maps\/kJTcGwj8ZVKkKe4x6\">Latitude: N 43,18315\u00b0\u00a0 \u00a0Longitude: E 16,63178\u00b0<\/a> <\/span><strong><br \/>\n<\/strong>Visina \/ H\u00f6he: 24 m<\/p>\n<p><strong>Katastarska \u010destica \/ Grundst\u00fccke<br \/>\n<\/strong>5293\/1, 5293\/2, 5293\/3, 5293\/4<div class='content-column one_half'><div style=\"padding-right:6px;\"><p><strong>Datum snimanja \/ Erfassungsdatum<br \/>\n<\/strong>06.05.2016 10:27:20<\/p>\n<hr \/>\n<p><strong>Informacije<\/strong><\/p>\n<p>Pjover na hrpi kamenja je strukturalno povezan s trimom. Cisterna i mali bazen upotpunjuju cjelinu. Cisterna i bazen za vodu se mo\u017ee do\u0107i, ina\u010de je sve obraslo trnovitim grmljem.<\/p><\/div><\/div><div class='content-column one_half last_column'><div style=\"padding-right:0px;padding-left:6px;\"><p><strong>Stupanj za\u0161tite \/ Schutzstellung<br \/>\n<\/strong>&#8211;<\/p>\n<hr \/>\n<p><strong>Info<\/strong><\/p>\n<p>Die Wasserauffangfl\u00e4che auf einem Steinhaufen ist mit dem Trim baulich verbunden. Eine Zisterne und ein kleines Wasserbecken erg\u00e4nzen das Ensemble. Zisterne und Wasserbecken sind zug\u00e4nglich, ansonsten ist alles mit Dornengestr\u00fcpp bewachsen.<\/p><\/div><\/div><div class='clear_column'><\/div><\/p>\n<p style=\"text-align: right;\"><a href=\"#seite_oben\">natrag na vrh \/ Seitenanfang<\/a><\/p>\n<hr \/>\n<p><strong>Linkovi \/ Links<\/strong><\/p>\n<p><span style=\"color: #3366ff;\"><a style=\"color: #3366ff;\" href=\"https:\/\/www.topohvar.at\/topo\/orte\/sg\/sg-tr-a5-1\/\">Trim \u00bbSG-TR-A5\u00ab<\/a><\/span><\/p>\n","protected":false},"excerpt":{"rendered":"<p>Ime \/ Name Objekt \u00bbGustirna (69) uz trim SG-TR-A5\u00ab \/ Zisterne (69) beim Trim SG-TR-A5 Code: SG-OP-69\u00a0 \u00a0 \u00a0 \u00a0 \u00a0 \u00a0 \u00a0 \u00a0 \u00a0 \u00a0 \u00a0 \u00a0 \u00a0 \u00a0 \u00a0 \u00a0 Adresa \/ Adresse Stari Grad, Polje, Pre\u0161ice Lokacija &hellip; <a href=\"https:\/\/www.topohvar.at\/topo\/orte\/sg\/sg-op-69-1\/\">Weiterlesen <span class=\"meta-nav\">&rarr;<\/span><\/a><\/p>\n","protected":false},"author":1,"featured_media":0,"parent":99,"menu_order":0,"comment_status":"closed","ping_status":"closed","template":"","meta":{"footnotes":""},"class_list":["post-49368","page","type-page","status-publish","hentry"],"_links":{"self":[{"href":"https:\/\/www.topohvar.at\/topo\/wp-json\/wp\/v2\/pages\/49368","targetHints":{"allow":["GET"]}}],"collection":[{"href":"https:\/\/www.topohvar.at\/topo\/wp-json\/wp\/v2\/pages"}],"about":[{"href":"https:\/\/www.topohvar.at\/topo\/wp-json\/wp\/v2\/types\/page"}],"author":[{"embeddable":true,"href":"https:\/\/www.topohvar.at\/topo\/wp-json\/wp\/v2\/users\/1"}],"replies":[{"embeddable":true,"href":"https:\/\/www.topohvar.at\/topo\/wp-json\/wp\/v2\/comments?post=49368"}],"version-history":[{"count":7,"href":"https:\/\/www.topohvar.at\/topo\/wp-json\/wp\/v2\/pages\/49368\/revisions"}],"predecessor-version":[{"id":70085,"href":"https:\/\/www.topohvar.at\/topo\/wp-json\/wp\/v2\/pages\/49368\/revisions\/70085"}],"up":[{"embeddable":true,"href":"https:\/\/www.topohvar.at\/topo\/wp-json\/wp\/v2\/pages\/99"}],"wp:attachment":[{"href":"https:\/\/www.topohvar.at\/topo\/wp-json\/wp\/v2\/media?parent=49368"}],"curies":[{"name":"wp","href":"https:\/\/api.w.org\/{rel}","templated":true}]}}