{"id":4946,"date":"2018-08-13T15:04:36","date_gmt":"2018-08-13T13:04:36","guid":{"rendered":"https:\/\/www.topohvar.at\/?page_id=4946"},"modified":"2025-04-14T15:24:06","modified_gmt":"2025-04-14T13:24:06","slug":"sg-tr-58-1","status":"publish","type":"page","link":"https:\/\/www.topohvar.at\/topo\/orte\/sg\/sg-tr-58-1\/","title":{"rendered":"STARI GRAD &#8211; Trim \u00bbSG-TR-58\u00ab"},"content":{"rendered":"<p><a name=\"seite_oben\"><\/a><br \/>\n<img loading=\"lazy\" decoding=\"async\" class=\"alignnone wp-image-13417 size-large\" src=\"https:\/\/www.topohvar.at\/wp-content\/uploads\/2018\/12\/sg-tr-58-11-1024x503.jpg\" alt=\"\" width=\"640\" height=\"314\" srcset=\"https:\/\/www.topohvar.at\/wp-content\/uploads\/2018\/12\/sg-tr-58-11-1024x503.jpg 1024w, https:\/\/www.topohvar.at\/wp-content\/uploads\/2018\/12\/sg-tr-58-11-300x147.jpg 300w, https:\/\/www.topohvar.at\/wp-content\/uploads\/2018\/12\/sg-tr-58-11-768x377.jpg 768w, https:\/\/www.topohvar.at\/wp-content\/uploads\/2018\/12\/sg-tr-58-11.jpg 1080w\" sizes=\"auto, (max-width: 640px) 100vw, 640px\" \/><\/p>\n<p><strong>Ime \/ Name<br \/>\n<\/strong>Trim \u00bbSG-TR-58\u00ab<br \/>\n<strong>Code: <\/strong>SG-TR-58\u00a0 \u00a0 \u00a0 \u00a0 \u00a0 \u00a0 \u00a0 \u00a0 \u00a0 \u00a0 \u00a0 \u00a0 \u00a0 \u00a0 \u00a0 \u00a0 \u00a0 \u00a0 \u00a0 \u00a0\u00a0<strong><a href=\"https:\/\/www.topohvar.at\/orte\/sg\/sg-tr-00-1\/\"><img loading=\"lazy\" decoding=\"async\" class=\"alignnone wp-image-12300 size-full\" src=\"https:\/\/www.topohvar.at\/wp-content\/uploads\/2018\/09\/push-vor-30.jpg\" alt=\"\" width=\"61\" height=\"30\" \/><\/a> <a href=\"https:\/\/www.topohvar.at\/orte\/sg\/sg-tr-60-1\/\"><img loading=\"lazy\" decoding=\"async\" class=\"alignnone wp-image-533 size-full\" src=\"https:\/\/www.topohvar.at\/wp-content\/uploads\/2018\/07\/push-l-30.jpg\" alt=\"\" width=\"61\" height=\"30\" \/><\/a> <a href=\"https:\/\/www.topohvar.at\/orte\/sg\/\"><img loading=\"lazy\" decoding=\"async\" class=\"alignnone wp-image-535 size-full\" src=\"https:\/\/www.topohvar.at\/wp-content\/uploads\/2018\/07\/push-o-30.jpg\" alt=\"\" width=\"61\" height=\"30\" \/><\/a> <a href=\"https:\/\/www.topohvar.at\/orte\/sg\/sg-tr-g9-1\/\"><img loading=\"lazy\" decoding=\"async\" class=\"alignnone wp-image-536 size-full\" src=\"https:\/\/www.topohvar.at\/wp-content\/uploads\/2018\/07\/push-r-30.jpg\" alt=\"\" width=\"61\" height=\"30\" \/><\/a><\/strong><\/p>\n<hr \/>\n<p><strong>Adresa \/ Adresse<br \/>\n<\/strong>Stari Grad, Vrbanjske Rudine, Goba\u0161ko br.<\/p>\n<p><strong>Lokacija \/ Position<a href=\"https:\/\/goo.gl\/maps\/FXGUwvWW5PmvQS7R7\"><img loading=\"lazy\" decoding=\"async\" class=\"alignright wp-image-5417\" src=\"https:\/\/www.topohvar.at\/wp-content\/uploads\/2018\/08\/0699.jpg\" alt=\"\" width=\"133\" height=\"100\" \/><\/a><br \/>\n<\/strong><span style=\"color: #3366ff;\"><a style=\"color: #3366ff;\" href=\"https:\/\/goo.gl\/maps\/FXGUwvWW5PmvQS7R7\">Latitude: N 43,19718\u00b0\u00a0 \u00a0Longitude: E 16,63175\u00b0<\/a> <\/span><strong><br \/>\n<\/strong>Visina \/ H\u00f6he: 48 m<\/p>\n<p><strong>Katastarska \u010destica \/ Grundst\u00fccke<br \/>\n<\/strong>*1324<div class='content-column one_half'><div style=\"padding-right:6px;\"><p><strong>Datum snimanja \/ Erfassungsdatum<br \/>\n<\/strong>09.05.2015 11:46:56<\/p>\n<hr \/>\n<p><strong>Informacije<\/strong><\/p>\n<p>Trim na Priloge<\/p>\n<p>Trim je dio manjeg kompleksa sa ku\u0107icom. Stepenasti trim s dvije stepenice se naslanja uz ku\u0107icu, dobro o\u010duvan, ali se vi\u0161e ne koristi. Ulaz je nekada bio zatvoren drvenim vratima. Desni kameni blok na ulazu prijeti padom. Unutar kru\u017ene unutra\u0161njosti nalaze se dvije zidne ni\u0161e. Obli\u017enje teren je obnovljeno i izgra\u0111eno.<\/p><\/div><\/div><div class='content-column one_half last_column'><div style=\"padding-right:0px;padding-left:6px;\"><p><strong>Stupanj za\u0161titej \/ Schutzstellung<br \/>\n<\/strong>&#8211;<\/p>\n<hr \/>\n<p><strong>Info<\/strong><\/p>\n<p>Trimkomplex<\/p>\n<p>Der Trim ist Teil einer kleinen Anlage mit Haus. Der zweistufige Trim ist an ein Steinhaus angebaut, gut erhalten, aber wird nicht mehr genutzt. Der Eingang war fr\u00fcher mit einer Holzt\u00fcre verschlossen. Der rechte Steinblock des Eingangs droht umzufallen. Im kreisrunden Innenraum finden sich zwei Wandnischen. Das angrenzende Grundst\u00fcck wurde erneuert und bebaut.<\/p><\/div><\/div><div class='clear_column'><\/div><div class='content-column one_half'><div style=\"padding-right:6px;\"><p>Teren sa studentima krajobrazne arhitekture UNIZG, studeni 2013.<\/p><\/div><\/div><div class='content-column one_half last_column'><div style=\"padding-right:0px;padding-left:6px;\"><p>Das Gel\u00e4nde wurde von Studenten der Landschaftsarchitektur UNIZG im November 2013 besucht.<\/p><\/div><\/div><div class='clear_column'><\/div><div class='content-column one_half'><div style=\"padding-right:6px;\"><div id=\"attachment_21989\" style=\"width: 310px\" class=\"wp-caption aligncenter\"><img loading=\"lazy\" decoding=\"async\" aria-describedby=\"caption-attachment-21989\" class=\"wp-image-21989 size-medium\" src=\"https:\/\/www.topohvar.at\/wp-content\/uploads\/2019\/04\/SG-TR-58-1-300x300.jpg\" alt=\"\" width=\"300\" height=\"300\" srcset=\"https:\/\/www.topohvar.at\/wp-content\/uploads\/2019\/04\/SG-TR-58-1-300x300.jpg 300w, https:\/\/www.topohvar.at\/wp-content\/uploads\/2019\/04\/SG-TR-58-1-150x150.jpg 150w, https:\/\/www.topohvar.at\/wp-content\/uploads\/2019\/04\/SG-TR-58-1.jpg 450w\" sizes=\"auto, (max-width: 300px) 100vw, 300px\" \/><p id=\"caption-attachment-21989\" class=\"wp-caption-text\">Stra\u017enja strana (sjeverna strana) \/ R\u00fcckseite (Nordseite)<\/p><\/div>\n<p>Dana 04.10.2018 trim je posje\u0107en i ustanovljeno je sljede\u0107e:<\/p>\n<p>Lokacija: poljoprivredni sklop<br \/>\nPodloga: ravna<br \/>\nPovezan s: zgradom, kamenim zidom<br \/>\nUpotreba: ne koristi se<br \/>\nStanje: dobro sa\u010duvan<br \/>\nBroj stepenica trima: 2<br \/>\nDodatni kameni prsten: nema kamenog prstena<br \/>\nStepeni\u0161te: nema<br \/>\nOblik kamena: uglast<br \/>\nPodru\u010dje ispred ulaza: lako dostupno<br \/>\nOrijentacija ulaza: JZ (240\u00b0)<br \/>\nPromjer trima (cm): 450<br \/>\nVisina trima (cm): 300<br \/>\nVisina stepenica (cm): stepenica 1: 200, stepenica 2: 270<br \/>\nDebljina zida (cm): 60<br \/>\n\u0160irina vrata (cm): 70<br \/>\nVisina vrata (cm): 120<br \/>\n\u0160irina unutra (cm): 320 &#8211; 330<br \/>\nVisina unutra (cm): 290<br \/>\nVolumen iznutra (m3): 14,82<br \/>\nNi\u0161a 1 (P\/\u0160\/V\/D) (cm): 60 \/ 30 \/ 35 \/ 35<\/p><\/div><\/div><div class='content-column one_half last_column'><div style=\"padding-right:0px;padding-left:6px;\"><div id=\"attachment_21990\" style=\"width: 310px\" class=\"wp-caption aligncenter\"><img loading=\"lazy\" decoding=\"async\" aria-describedby=\"caption-attachment-21990\" class=\"wp-image-21990 size-medium\" src=\"https:\/\/www.topohvar.at\/wp-content\/uploads\/2019\/04\/sg-tr-58-12-300x300.jpg\" alt=\"\" width=\"300\" height=\"300\" srcset=\"https:\/\/www.topohvar.at\/wp-content\/uploads\/2019\/04\/sg-tr-58-12-300x300.jpg 300w, https:\/\/www.topohvar.at\/wp-content\/uploads\/2019\/04\/sg-tr-58-12-150x150.jpg 150w, https:\/\/www.topohvar.at\/wp-content\/uploads\/2019\/04\/sg-tr-58-12.jpg 450w\" sizes=\"auto, (max-width: 300px) 100vw, 300px\" \/><p id=\"caption-attachment-21990\" class=\"wp-caption-text\">Ju\u017ena strana \/ S\u00fcdseite<\/p><\/div>\n<p>Am 04.10.2018 wurde der Trim besucht und n\u00e4her untersucht:<\/p>\n<p>Standort: landwirtsch. Gemenge<br \/>\nUntergrund: eben<br \/>\nVerbunden mit: Geb\u00e4ude, Steinmauer<br \/>\nNutzung: ungenutzt<br \/>\nZustand: gut erhalten<br \/>\nAnzahl der Trimstufen: 2<br \/>\nZus\u00e4tzlicher Steinring: kein Steinring<br \/>\nStiege: keine<br \/>\nSteinform: kantig<br \/>\nEingangsbereich: frei<br \/>\nEingangsseite: SW (240\u00b0)<br \/>\nTrimdurchmesser (cm): 450<br \/>\nTrimh\u00f6he (cm): 300<br \/>\nH\u00f6he der Trimstufen (cm): Stufe 1: 200, Stufe 2: 270<br \/>\nWandst\u00e4rke (cm): 60<br \/>\nT\u00fcrbreite (cm): 70<br \/>\nT\u00fcrh\u00f6he (cm): 120<br \/>\nInnenraumbreite (cm): 320 &#8211; 330<br \/>\nInnenraumh\u00f6he (cm): 290<br \/>\nRaumvolumen (m3): 14,82<br \/>\nNische 1 (P\/B\/H\/T) (cm): 60 \/ 30 \/ 35 \/ 35<\/p><\/div><\/div><div class='clear_column'><\/div> <img loading=\"lazy\" decoding=\"async\" class=\"alignnone size-full wp-image-13415\" src=\"https:\/\/www.topohvar.at\/wp-content\/uploads\/2018\/12\/sg-tr-58-sca.jpg\" alt=\"\" width=\"600\" height=\"900\" srcset=\"https:\/\/www.topohvar.at\/wp-content\/uploads\/2018\/12\/sg-tr-58-sca.jpg 600w, https:\/\/www.topohvar.at\/wp-content\/uploads\/2018\/12\/sg-tr-58-sca-200x300.jpg 200w\" sizes=\"auto, (max-width: 600px) 100vw, 600px\" \/><\/p>\n<p style=\"text-align: right;\"><a href=\"#seite_oben\">natrag na vrh \/ Seitenanfang<\/a><\/p>\n<hr \/>\n<p><strong>Linkovi \/ Links<\/strong><\/p>\n<p>&#8211;<\/p>\n","protected":false},"excerpt":{"rendered":"<p>Ime \/ Name Trim \u00bbSG-TR-58\u00ab Code: SG-TR-58\u00a0 \u00a0 \u00a0 \u00a0 \u00a0 \u00a0 \u00a0 \u00a0 \u00a0 \u00a0 \u00a0 \u00a0 \u00a0 \u00a0 \u00a0 \u00a0 \u00a0 \u00a0 \u00a0 \u00a0\u00a0 Adresa \/ Adresse Stari Grad, Vrbanjske Rudine, Goba\u0161ko br. Lokacija \/ Position Latitude: N &hellip; <a href=\"https:\/\/www.topohvar.at\/topo\/orte\/sg\/sg-tr-58-1\/\">Weiterlesen <span class=\"meta-nav\">&rarr;<\/span><\/a><\/p>\n","protected":false},"author":1,"featured_media":0,"parent":99,"menu_order":0,"comment_status":"closed","ping_status":"closed","template":"","meta":{"footnotes":""},"class_list":["post-4946","page","type-page","status-publish","hentry"],"_links":{"self":[{"href":"https:\/\/www.topohvar.at\/topo\/wp-json\/wp\/v2\/pages\/4946","targetHints":{"allow":["GET"]}}],"collection":[{"href":"https:\/\/www.topohvar.at\/topo\/wp-json\/wp\/v2\/pages"}],"about":[{"href":"https:\/\/www.topohvar.at\/topo\/wp-json\/wp\/v2\/types\/page"}],"author":[{"embeddable":true,"href":"https:\/\/www.topohvar.at\/topo\/wp-json\/wp\/v2\/users\/1"}],"replies":[{"embeddable":true,"href":"https:\/\/www.topohvar.at\/topo\/wp-json\/wp\/v2\/comments?post=4946"}],"version-history":[{"count":18,"href":"https:\/\/www.topohvar.at\/topo\/wp-json\/wp\/v2\/pages\/4946\/revisions"}],"predecessor-version":[{"id":71497,"href":"https:\/\/www.topohvar.at\/topo\/wp-json\/wp\/v2\/pages\/4946\/revisions\/71497"}],"up":[{"embeddable":true,"href":"https:\/\/www.topohvar.at\/topo\/wp-json\/wp\/v2\/pages\/99"}],"wp:attachment":[{"href":"https:\/\/www.topohvar.at\/topo\/wp-json\/wp\/v2\/media?parent=4946"}],"curies":[{"name":"wp","href":"https:\/\/api.w.org\/{rel}","templated":true}]}}