{"id":49463,"date":"2021-05-30T08:43:59","date_gmt":"2021-05-30T06:43:59","guid":{"rendered":"https:\/\/www.topohvar.at\/topo\/?page_id=49463"},"modified":"2021-12-01T07:54:51","modified_gmt":"2021-12-01T06:54:51","slug":"ru-tr-35-1","status":"publish","type":"page","link":"https:\/\/www.topohvar.at\/topo\/orte\/ru\/ru-tr-35-1\/","title":{"rendered":"RUDINA &#8211; Trim \u00bbRU-TR-35\u00ab"},"content":{"rendered":"<p><a name=\"seite_oben\"><\/a><br \/>\n<strong><img loading=\"lazy\" decoding=\"async\" class=\"alignnone wp-image-49466 size-full\" src=\"https:\/\/www.topohvar.at\/wp-content\/uploads\/2021\/05\/ru-tr-35-1.jpg\" alt=\"\" width=\"1080\" height=\"530\" srcset=\"https:\/\/www.topohvar.at\/wp-content\/uploads\/2021\/05\/ru-tr-35-1.jpg 1080w, https:\/\/www.topohvar.at\/wp-content\/uploads\/2021\/05\/ru-tr-35-1-300x147.jpg 300w, https:\/\/www.topohvar.at\/wp-content\/uploads\/2021\/05\/ru-tr-35-1-1024x503.jpg 1024w, https:\/\/www.topohvar.at\/wp-content\/uploads\/2021\/05\/ru-tr-35-1-768x377.jpg 768w\" sizes=\"auto, (max-width: 1080px) 100vw, 1080px\" \/><\/strong><\/p>\n<p><strong>Ime \/ Name<br \/>\n<\/strong>Trim \u00bbRU-TR-35\u00ab<\/p>\n<p><strong>Code: <\/strong>RU-TR-35\u00a0 \u00a0 \u00a0 \u00a0 \u00a0 \u00a0 \u00a0 \u00a0 \u00a0 \u00a0 \u00a0 \u00a0<strong>\u00a0 \u00a0 \u00a0 \u00a0 <a href=\"https:\/\/www.topohvar.at\/orte\/ru\/ru-tr-00-1\/\"><img loading=\"lazy\" decoding=\"async\" class=\"alignnone wp-image-12300 size-full\" src=\"https:\/\/www.topohvar.at\/wp-content\/uploads\/2018\/09\/push-vor-30.jpg\" alt=\"\" width=\"61\" height=\"30\" \/><\/a> <a href=\"https:\/\/www.topohvar.at\/orte\/ru\/ru-tr-44-1\/\"><img loading=\"lazy\" decoding=\"async\" class=\"alignnone wp-image-533 size-full\" src=\"https:\/\/www.topohvar.at\/wp-content\/uploads\/2018\/07\/push-l-30.jpg\" alt=\"\" width=\"61\" height=\"30\" \/><\/a>\u00a0<a href=\"https:\/\/www.topohvar.at\/orte\/ru\/\"><img loading=\"lazy\" decoding=\"async\" class=\"alignnone wp-image-535 size-full\" src=\"https:\/\/www.topohvar.at\/wp-content\/uploads\/2018\/07\/push-o-30.jpg\" alt=\"\" width=\"61\" height=\"30\" \/><\/a>\u00a0<a href=\"https:\/\/www.topohvar.at\/orte\/ru\/ru-tr-28-1\/\"><img loading=\"lazy\" decoding=\"async\" class=\"alignnone wp-image-536 size-full\" src=\"https:\/\/www.topohvar.at\/wp-content\/uploads\/2018\/07\/push-r-30.jpg\" alt=\"\" width=\"61\" height=\"30\" \/><\/a><\/strong><\/p>\n<hr \/>\n<p><strong>Adresa \/ Adresse<br \/>\n<\/strong>Mala Rudina<\/p>\n<p><strong>Lokacija \/ Position<a href=\"https:\/\/goo.gl\/maps\/6b7Ciw4JfCMThCFa9\"><img loading=\"lazy\" decoding=\"async\" class=\"alignright wp-image-49464\" src=\"https:\/\/www.topohvar.at\/wp-content\/uploads\/2021\/05\/3192.jpg\" alt=\"\" width=\"134\" height=\"100\" \/><\/a><br \/>\n<\/strong><span style=\"color: #3366ff;\"><a href=\"https:\/\/goo.gl\/maps\/6b7Ciw4JfCMThCFa9\">Latitude: N 43,20783\u00b0\u00a0 \u00a0 Longitude: E 16,59526\u00b0<\/a>\u00a0<\/span><strong><br \/>\n<\/strong>Visina \/ H\u00f6he: 93 m<\/p>\n<p><strong>Katastarska \u010destica \/ Grundst\u00fccke<br \/>\n<\/strong>9230\/3 (Stari Grad, Rudine)<div class='content-column one_half'><div style=\"padding-right:6px;\"><p><strong>Datum snimanja \/ Erfassungsdatum<br \/>\n<\/strong>26.05.2021 09:54:01<\/p>\n<hr \/>\n<p><strong>Informacije<\/strong><\/p>\n<p>Dvostupanjski trim nalazi se u vrtu na isto\u010dnom rubu Male Rudine. Mala gospodarska zgrada pri\u010dvr\u0161\u0107ena je s lijeve strane Trima, a desnom stranom grani\u010di s kamenim zidom. Unutra\u0161njost je kru\u017ena. Trim je u dobrom stanju i jo\u0161 uvijek se koristi.<\/p><\/div><\/div><div class='content-column one_half last_column'><div style=\"padding-right:0px;padding-left:6px;\"><p><strong>Stupanj za\u0161tite \/ Schutzstellung<br \/>\n<\/strong>&#8211;<\/p>\n<hr \/>\n<p><strong>Info<\/strong><\/p>\n<p>Der zweistufige Trim befindet sich in einem Garten am Ostrand von Mala Rudina. An die linke Seite des Trim ist ein kleines Wirtschaftsgeb\u00e4ude angebaut, mit seiner rechten Seite grenzt er an eine Steinmauer. Der Innenraum ist kreisrund. Der Trim ist gut erhalten und wird noch genutzt.<\/p><\/div><\/div><div class='clear_column'><\/div><div class='content-column one_half'><div style=\"padding-right:6px;\"><div id=\"attachment_50936\" style=\"width: 310px\" class=\"wp-caption aligncenter\"><img loading=\"lazy\" decoding=\"async\" aria-describedby=\"caption-attachment-50936\" class=\"size-medium wp-image-50936\" src=\"https:\/\/www.topohvar.at\/wp-content\/uploads\/2021\/08\/ru-tr-35-0-300x300.jpg\" alt=\"\" width=\"300\" height=\"300\" srcset=\"https:\/\/www.topohvar.at\/wp-content\/uploads\/2021\/08\/ru-tr-35-0-300x300.jpg 300w, https:\/\/www.topohvar.at\/wp-content\/uploads\/2021\/08\/ru-tr-35-0-150x150.jpg 150w, https:\/\/www.topohvar.at\/wp-content\/uploads\/2021\/08\/ru-tr-35-0.jpg 450w\" sizes=\"auto, (max-width: 300px) 100vw, 300px\" \/><p id=\"caption-attachment-50936\" class=\"wp-caption-text\">Ulaz \/ Eingang<\/p><\/div><\/div><\/div><div class='content-column one_half last_column'><div style=\"padding-right:0px;padding-left:6px;\"><div id=\"attachment_50937\" style=\"width: 310px\" class=\"wp-caption aligncenter\"><img loading=\"lazy\" decoding=\"async\" aria-describedby=\"caption-attachment-50937\" class=\"size-medium wp-image-50937\" src=\"https:\/\/www.topohvar.at\/wp-content\/uploads\/2021\/08\/ru-tr-35-3-300x300.jpg\" alt=\"\" width=\"300\" height=\"300\" srcset=\"https:\/\/www.topohvar.at\/wp-content\/uploads\/2021\/08\/ru-tr-35-3-300x300.jpg 300w, https:\/\/www.topohvar.at\/wp-content\/uploads\/2021\/08\/ru-tr-35-3-150x150.jpg 150w, https:\/\/www.topohvar.at\/wp-content\/uploads\/2021\/08\/ru-tr-35-3.jpg 450w\" sizes=\"auto, (max-width: 300px) 100vw, 300px\" \/><p id=\"caption-attachment-50937\" class=\"wp-caption-text\">Gospodarska zgrada \/ Wirtschaftsgeb\u00e4ude<\/p><\/div><\/div><\/div><div class='clear_column'><\/div><div class='content-column one_half'><div style=\"padding-right:6px;\"><\/p>\n<p>Dana\t26.05.2021\ttrim je posje\u0107en i ustanovljeno je sljede\u0107e:\t<\/p>\n<p>Lokacija: \tvrt<br \/>\nPodloga: \travna<br \/>\nPovezan s: \tzgradom\t, kamenim zidom<br \/>\nUpotreba: \tu upotrebi<br \/>\nStanje: \tdobro sa\u010duvan<br \/>\nBroj stepenica trima:\t2<br \/>\nDodatni kameni prsten: \tnema kamenog prstena<br \/>\nStepeni\u0161te: \tnema<br \/>\nOblik kamena: \tuglast<br \/>\nPodru\u010dje ispred ulaza: \tlako dostupno<br \/>\nOrijentacija ulaza: \tJZ (230\u00b0)<br \/>\nPromjer trima (cm): \t410<br \/>\nVisina trima (cm): \t270<br \/>\nVisina stepenica (cm): \tstepenica 1: 170\t, stepenica 2: 240<br \/>\nDebljina zida (cm): \t80<br \/>\n\u0160irina vrata (cm): \t80<br \/>\nVisina vrata (cm): \t130<br \/>\n\u0160irina unutra (cm):\t240 &#8211; 250<br \/>\nVisina unutra (cm): \t240<br \/>\nVolumen iznutra (m3): \t7,14<br \/>\nNema ni\u0161e\t\t\t<\/p><\/div><\/div><div class='content-column one_half last_column'><div style=\"padding-right:0px;padding-left:6px;\"><\/p>\n<p>Am\t26.05.2021\twurde der Trim besucht und n\u00e4her untersucht:\t<\/p>\n<p>Standort: \tGarten<br \/>\nUntergrund: \teben<br \/>\nVerbunden mit: \tGeb\u00e4ude\t, Steinmauer<br \/>\nNutzung: \tgenutzt<br \/>\nZustand: \tgut erhalten<br \/>\nAnzahl der Trimstufen:\t2<br \/>\nZus\u00e4tzlicher Steinring: \tkein Steinring<br \/>\nStiege: \tkeine<br \/>\nSteinform: \tkantig<br \/>\nEingangsbereich: \tfrei<br \/>\nEingangsseite:\tSW (230\u00b0)<br \/>\nTrimdurchmesser (cm): \t410<br \/>\nTrimh\u00f6he (cm): \t270<br \/>\nH\u00f6he der Trimstufen (cm): \tStufe 1: 170\t, Stufe 2: 240<br \/>\nWandst\u00e4rke (cm): \t80<br \/>\nT\u00fcrbreite (cm): \t80<br \/>\nT\u00fcrh\u00f6he (cm): \t130<br \/>\nInnenraumbreite (cm):\t240 &#8211; 250<br \/>\nInnenraumh\u00f6he (cm): \t240<br \/>\nRaumvolumen (m3): \t7,14<br \/>\nKeine Nische\t\t\t<\/p><\/div><\/div><div class='clear_column'><\/div>\t\t\t<\/p>\n<p><img loading=\"lazy\" decoding=\"async\" class=\"aligncenter size-full wp-image-50938\" src=\"https:\/\/www.topohvar.at\/wp-content\/uploads\/2021\/08\/ru-tr-35-scan.jpg\" alt=\"\" width=\"600\" height=\"918\" srcset=\"https:\/\/www.topohvar.at\/wp-content\/uploads\/2021\/08\/ru-tr-35-scan.jpg 600w, https:\/\/www.topohvar.at\/wp-content\/uploads\/2021\/08\/ru-tr-35-scan-196x300.jpg 196w\" sizes=\"auto, (max-width: 600px) 100vw, 600px\" \/><\/p>\n<p style=\"text-align: right;\"><span style=\"color: #3366ff;\"><a style=\"color: #3366ff;\" href=\"#seite_oben\">Natrag na vrh \/ Seitenanfang<\/a><\/span><\/p>\n<hr \/>\n<p><strong>Linkovi \/ Links<\/strong><\/p>\n<p>&#8211;<\/p>\n","protected":false},"excerpt":{"rendered":"<p>Ime \/ Name Trim \u00bbRU-TR-35\u00ab Code: RU-TR-35\u00a0 \u00a0 \u00a0 \u00a0 \u00a0 \u00a0 \u00a0 \u00a0 \u00a0 \u00a0 \u00a0 \u00a0\u00a0 \u00a0 \u00a0 \u00a0 \u00a0\u00a0 Adresa \/ Adresse Mala Rudina Lokacija \/ Position Latitude: N 43,20783\u00b0\u00a0 \u00a0 Longitude: E 16,59526\u00b0\u00a0 Visina \/ H\u00f6he: &hellip; <a href=\"https:\/\/www.topohvar.at\/topo\/orte\/ru\/ru-tr-35-1\/\">Weiterlesen <span class=\"meta-nav\">&rarr;<\/span><\/a><\/p>\n","protected":false},"author":1,"featured_media":0,"parent":93,"menu_order":0,"comment_status":"closed","ping_status":"closed","template":"","meta":{"footnotes":""},"class_list":["post-49463","page","type-page","status-publish","hentry"],"_links":{"self":[{"href":"https:\/\/www.topohvar.at\/topo\/wp-json\/wp\/v2\/pages\/49463","targetHints":{"allow":["GET"]}}],"collection":[{"href":"https:\/\/www.topohvar.at\/topo\/wp-json\/wp\/v2\/pages"}],"about":[{"href":"https:\/\/www.topohvar.at\/topo\/wp-json\/wp\/v2\/types\/page"}],"author":[{"embeddable":true,"href":"https:\/\/www.topohvar.at\/topo\/wp-json\/wp\/v2\/users\/1"}],"replies":[{"embeddable":true,"href":"https:\/\/www.topohvar.at\/topo\/wp-json\/wp\/v2\/comments?post=49463"}],"version-history":[{"count":7,"href":"https:\/\/www.topohvar.at\/topo\/wp-json\/wp\/v2\/pages\/49463\/revisions"}],"predecessor-version":[{"id":53989,"href":"https:\/\/www.topohvar.at\/topo\/wp-json\/wp\/v2\/pages\/49463\/revisions\/53989"}],"up":[{"embeddable":true,"href":"https:\/\/www.topohvar.at\/topo\/wp-json\/wp\/v2\/pages\/93"}],"wp:attachment":[{"href":"https:\/\/www.topohvar.at\/topo\/wp-json\/wp\/v2\/media?parent=49463"}],"curies":[{"name":"wp","href":"https:\/\/api.w.org\/{rel}","templated":true}]}}