{"id":49508,"date":"2021-05-30T10:27:17","date_gmt":"2021-05-30T08:27:17","guid":{"rendered":"https:\/\/www.topohvar.at\/topo\/?page_id=49508"},"modified":"2021-12-01T07:42:56","modified_gmt":"2021-12-01T06:42:56","slug":"ru-tr-39-1","status":"publish","type":"page","link":"https:\/\/www.topohvar.at\/topo\/orte\/ru\/ru-tr-39-1\/","title":{"rendered":"RUDINA &#8211; Trim \u00bbRU-TR-39\u00ab"},"content":{"rendered":"<p><a name=\"seite_oben\"><\/a><br \/>\n<strong><img loading=\"lazy\" decoding=\"async\" class=\"alignnone wp-image-49509 size-full\" src=\"https:\/\/www.topohvar.at\/wp-content\/uploads\/2021\/05\/ru-tr-39-1.jpg\" alt=\"\" width=\"1080\" height=\"530\" srcset=\"https:\/\/www.topohvar.at\/wp-content\/uploads\/2021\/05\/ru-tr-39-1.jpg 1080w, https:\/\/www.topohvar.at\/wp-content\/uploads\/2021\/05\/ru-tr-39-1-300x147.jpg 300w, https:\/\/www.topohvar.at\/wp-content\/uploads\/2021\/05\/ru-tr-39-1-1024x503.jpg 1024w, https:\/\/www.topohvar.at\/wp-content\/uploads\/2021\/05\/ru-tr-39-1-768x377.jpg 768w\" sizes=\"auto, (max-width: 1080px) 100vw, 1080px\" \/><\/strong><\/p>\n<p><strong>Ime \/ Name<br \/>\n<\/strong>Trim \u00bbRU-TR-39\u00ab<\/p>\n<p><strong>Code: <\/strong>RU-TR-39\u00a0 \u00a0 \u00a0 \u00a0 \u00a0 \u00a0 \u00a0 \u00a0 \u00a0 \u00a0 \u00a0 \u00a0<strong>\u00a0 \u00a0 \u00a0 \u00a0 <a href=\"https:\/\/www.topohvar.at\/orte\/ru\/ru-tr-00-1\/\"><img loading=\"lazy\" decoding=\"async\" class=\"alignnone wp-image-12300 size-full\" src=\"https:\/\/www.topohvar.at\/wp-content\/uploads\/2018\/09\/push-vor-30.jpg\" alt=\"\" width=\"61\" height=\"30\" \/><\/a> <a href=\"https:\/\/www.topohvar.at\/orte\/ru\/ru-tr-38-1\/\"><img loading=\"lazy\" decoding=\"async\" class=\"alignnone wp-image-533 size-full\" src=\"https:\/\/www.topohvar.at\/wp-content\/uploads\/2018\/07\/push-l-30.jpg\" alt=\"\" width=\"61\" height=\"30\" \/><\/a>\u00a0<a href=\"https:\/\/www.topohvar.at\/orte\/ru\/\"><img loading=\"lazy\" decoding=\"async\" class=\"alignnone wp-image-535 size-full\" src=\"https:\/\/www.topohvar.at\/wp-content\/uploads\/2018\/07\/push-o-30.jpg\" alt=\"\" width=\"61\" height=\"30\" \/><\/a>\u00a0<a href=\"https:\/\/www.topohvar.at\/orte\/ru\/ru-tr-33-1\/\"><img loading=\"lazy\" decoding=\"async\" class=\"alignnone wp-image-536 size-full\" src=\"https:\/\/www.topohvar.at\/wp-content\/uploads\/2018\/07\/push-r-30.jpg\" alt=\"\" width=\"61\" height=\"30\" \/><\/a><\/strong><\/p>\n<hr \/>\n<p><strong>Adresa \/ Adresse<br \/>\n<\/strong>Vela Rudina, jugozapadno od mjesta \/ s\u00fcdwestlich des Ortes<\/p>\n<p><strong>Lokacija \/ Position<a href=\"https:\/\/goo.gl\/maps\/zjMC7WA7bp49NZHv5\"><img loading=\"lazy\" decoding=\"async\" class=\"alignright wp-image-49502\" src=\"https:\/\/www.topohvar.at\/wp-content\/uploads\/2021\/05\/3196.jpg\" alt=\"\" width=\"134\" height=\"100\" \/><\/a><br \/>\n<\/strong><span style=\"color: #3366ff;\"><a href=\"https:\/\/goo.gl\/maps\/zjMC7WA7bp49NZHv5\">Latitude: N 43,19803\u00b0\u00a0 \u00a0 Longitude: E 16,58462\u00b0<\/a>\u00a0<\/span><strong><br \/>\n<\/strong>Visina \/ H\u00f6he: 73 m<\/p>\n<p><strong>Katastarska \u010destica \/ Grundst\u00fccke<br \/>\n<\/strong>10001\/2 (Stari Grad, Rudine)<div class='content-column one_half'><div style=\"padding-right:6px;\"><p><strong>Datum snimanja \/ Erfassungsdatum<br \/>\n<\/strong>28.05.2021 10:23:53<\/p>\n<hr \/>\n<p><strong>Informacije<\/strong><\/p>\n<p>Trim se nalazi u grmu jugozapadno od Vele Rudine. Dvostupanjski trim dio je prekrasne cjeline trim, suhozida i gomile kamenja. Trim je izra\u0111en od plemenite stijene, dobro je o\u010duvan i vi\u0161e se ne koristi. Desno od ulaza trim je poja\u010dan kamenim prstenom, koji tako\u0111er omogu\u0107uje pristup susjednoj kamenoj hrpi. U ovalnoj unutra\u0161njosti nalazi se zidna ni\u0161a.<\/p><\/div><\/div><div class='content-column one_half last_column'><div style=\"padding-right:0px;padding-left:6px;\"><p><strong>Stupanj za\u0161tite \/ Schutzstellung<br \/>\n<\/strong>&#8211;<\/p>\n<hr \/>\n<p><strong>Info<\/strong><\/p>\n<p>Der Trim befindet sich im Buschwerk s\u00fcdwestlich von Vela Rudina. Der zweistufige Trim ist Teil eines sch\u00f6nen Ensembles aus Trim, Trockensteinmauern und Steinhaufen. Der Trim ist aus plattigem Gestein errichtet, ist gut erhalten und wird aber nicht mehr genutzt. Rechts vom Eingang wird der Trim durch einen Steinring, der zugleich den Zugang auf den angrenzenden Steinhaufen erm\u00f6glicht, verst\u00e4rkt. Im ovalen Innenraum befindet sich eine Wandnische.<\/p><\/div><\/div><div class='clear_column'><\/div><div class='content-column one_half'><div style=\"padding-right:6px;\"><p>Veliko hvala Minji \u010culi\u0107 \u0161to mi je pokazala trim.<\/p><\/div><\/div><div class='content-column one_half last_column'><div style=\"padding-right:0px;padding-left:6px;\"><p>Vielen Dank an Minja \u010culi\u0107 die mir den Trim gezeigt hat.<\/p><\/div><\/div><div class='clear_column'><\/div><div class='content-column one_half'><div style=\"padding-right:6px;\"><div id=\"attachment_50898\" style=\"width: 310px\" class=\"wp-caption aligncenter\"><img loading=\"lazy\" decoding=\"async\" aria-describedby=\"caption-attachment-50898\" class=\"size-medium wp-image-50898\" src=\"https:\/\/www.topohvar.at\/wp-content\/uploads\/2021\/08\/ru-tr-39-2-300x300.jpg\" alt=\"\" width=\"300\" height=\"300\" srcset=\"https:\/\/www.topohvar.at\/wp-content\/uploads\/2021\/08\/ru-tr-39-2-300x300.jpg 300w, https:\/\/www.topohvar.at\/wp-content\/uploads\/2021\/08\/ru-tr-39-2-150x150.jpg 150w, https:\/\/www.topohvar.at\/wp-content\/uploads\/2021\/08\/ru-tr-39-2.jpg 450w\" sizes=\"auto, (max-width: 300px) 100vw, 300px\" \/><p id=\"caption-attachment-50898\" class=\"wp-caption-text\">Ulaz \/ Eingang<\/p><\/div><\/div><\/div><div class='content-column one_half last_column'><div style=\"padding-right:0px;padding-left:6px;\"><div id=\"attachment_50899\" style=\"width: 310px\" class=\"wp-caption aligncenter\"><img loading=\"lazy\" decoding=\"async\" aria-describedby=\"caption-attachment-50899\" class=\"size-medium wp-image-50899\" src=\"https:\/\/www.topohvar.at\/wp-content\/uploads\/2021\/08\/ru-tr-39-7-300x300.jpg\" alt=\"\" width=\"300\" height=\"300\" srcset=\"https:\/\/www.topohvar.at\/wp-content\/uploads\/2021\/08\/ru-tr-39-7-300x300.jpg 300w, https:\/\/www.topohvar.at\/wp-content\/uploads\/2021\/08\/ru-tr-39-7-150x150.jpg 150w, https:\/\/www.topohvar.at\/wp-content\/uploads\/2021\/08\/ru-tr-39-7.jpg 450w\" sizes=\"auto, (max-width: 300px) 100vw, 300px\" \/><p id=\"caption-attachment-50899\" class=\"wp-caption-text\">Sjeverna strana \/ Nordseite<\/p><\/div><\/div><\/div><div class='clear_column'><\/div><div class='content-column one_half'><div style=\"padding-right:6px;\"><\/p>\n<p>Dana\t28.05.2021\ttrim je posje\u0107en i ustanovljeno je sljede\u0107e:\t<\/p>\n<p>Lokacija: \tlivada, pa\u0161njak<br \/>\nPodloga: \travna<br \/>\nPovezan s: \ture\u0111enom kamenom gomilom\t, kamenim zidom<br \/>\nUpotreba: \tne koristi se<br \/>\nStanje: \tdobro sa\u010duvan<br \/>\nBroj stepenica trima:\t2<br \/>\nDodatni kameni prsten: \tnema kamenog prstena<br \/>\nStepeni\u0161te: \tnema<br \/>\nOblik kamena: \tplosnat<br \/>\nPodru\u010dje ispred ulaza: \tlako dostupno<br \/>\nOrijentacija ulaza: \tJ (180\u00b0)<br \/>\nPromjer trima (cm): \t410<br \/>\nVisina trima (cm): \t250<br \/>\nVisina stepenica (cm): \tstepenica 1: 155\t, stepenica 2: 200<br \/>\nDebljina zida (cm): \t85<br \/>\n\u0160irina vrata (cm): \t60<br \/>\nVisina vrata (cm): \t110<br \/>\n\u0160irina unutra (cm):\t190 &#8211; 240<br \/>\nVisina unutra (cm): \t230<br \/>\nVolumen iznutra (m3): \t5,32<br \/>\nNi\u0161a 1 (P\/\u0160\/V\/D) (cm): \t90 \/ 30 \/ 35 \/ 35\t\t<\/p><\/div><\/div><div class='content-column one_half last_column'><div style=\"padding-right:0px;padding-left:6px;\"><\/p>\n<p>Am\t28.05.2021\twurde der Trim besucht und n\u00e4her untersucht:\t<\/p>\n<p>Standort: \tWiese, Weide<br \/>\nUntergrund: \teben<br \/>\nVerbunden mit: \tSteinhaufen geordnet und<br \/>\n\tSteinmauer<br \/>\nNutzung: \tungenutzt<br \/>\nZustand: \tgut erhalten<br \/>\nAnzahl der Trimstufen:\t2<br \/>\nZus\u00e4tzlicher Steinring: \tkein Steinring<br \/>\nStiege: \tkeine<br \/>\nSteinform: \tplattig<br \/>\nEingangsbereich: \tfrei<br \/>\nEingangsseite:\tS (180\u00b0)<br \/>\nTrimdurchmesser (cm): \t410<br \/>\nTrimh\u00f6he (cm): \t250<br \/>\nH\u00f6he der Trimstufen (cm): \tStufe 1: 155\t, Stufe 2: 200<br \/>\nWandst\u00e4rke (cm): \t85<br \/>\nT\u00fcrbreite (cm): \t60<br \/>\nT\u00fcrh\u00f6he (cm): \t110<br \/>\nInnenraumbreite (cm):\t190 &#8211; 240<br \/>\nInnenraumh\u00f6he (cm): \t230<br \/>\nRaumvolumen (m3): \t5,32<br \/>\nNische 1 (P\/B\/H\/T) (cm): \t90 \/ 30 \/ 35 \/ 35\t\t<\/p><\/div><\/div><div class='clear_column'><\/div>\t\t\t<\/p>\n<p><img loading=\"lazy\" decoding=\"async\" class=\"aligncenter size-full wp-image-50900\" src=\"https:\/\/www.topohvar.at\/wp-content\/uploads\/2021\/08\/ru-tr-39-scan.jpg\" alt=\"\" width=\"600\" height=\"990\" srcset=\"https:\/\/www.topohvar.at\/wp-content\/uploads\/2021\/08\/ru-tr-39-scan.jpg 600w, https:\/\/www.topohvar.at\/wp-content\/uploads\/2021\/08\/ru-tr-39-scan-182x300.jpg 182w\" sizes=\"auto, (max-width: 600px) 100vw, 600px\" \/><\/p>\n<p>&nbsp;<\/p>\n<p style=\"text-align: right;\"><span style=\"color: #3366ff;\"><a style=\"color: #3366ff;\" href=\"#seite_oben\">Natrag na vrh \/ Seitenanfang<\/a><\/span><\/p>\n<hr \/>\n<p><strong>Linkovi \/ Links<\/strong><\/p>\n<p>&#8211;<\/p>\n","protected":false},"excerpt":{"rendered":"<p>Ime \/ Name Trim \u00bbRU-TR-39\u00ab Code: RU-TR-39\u00a0 \u00a0 \u00a0 \u00a0 \u00a0 \u00a0 \u00a0 \u00a0 \u00a0 \u00a0 \u00a0 \u00a0\u00a0 \u00a0 \u00a0 \u00a0 \u00a0\u00a0 Adresa \/ Adresse Vela Rudina, jugozapadno od mjesta \/ s\u00fcdwestlich des Ortes Lokacija \/ Position Latitude: N 43,19803\u00b0\u00a0 &hellip; <a href=\"https:\/\/www.topohvar.at\/topo\/orte\/ru\/ru-tr-39-1\/\">Weiterlesen <span class=\"meta-nav\">&rarr;<\/span><\/a><\/p>\n","protected":false},"author":1,"featured_media":0,"parent":93,"menu_order":0,"comment_status":"closed","ping_status":"closed","template":"","meta":{"footnotes":""},"class_list":["post-49508","page","type-page","status-publish","hentry"],"_links":{"self":[{"href":"https:\/\/www.topohvar.at\/topo\/wp-json\/wp\/v2\/pages\/49508","targetHints":{"allow":["GET"]}}],"collection":[{"href":"https:\/\/www.topohvar.at\/topo\/wp-json\/wp\/v2\/pages"}],"about":[{"href":"https:\/\/www.topohvar.at\/topo\/wp-json\/wp\/v2\/types\/page"}],"author":[{"embeddable":true,"href":"https:\/\/www.topohvar.at\/topo\/wp-json\/wp\/v2\/users\/1"}],"replies":[{"embeddable":true,"href":"https:\/\/www.topohvar.at\/topo\/wp-json\/wp\/v2\/comments?post=49508"}],"version-history":[{"count":10,"href":"https:\/\/www.topohvar.at\/topo\/wp-json\/wp\/v2\/pages\/49508\/revisions"}],"predecessor-version":[{"id":53984,"href":"https:\/\/www.topohvar.at\/topo\/wp-json\/wp\/v2\/pages\/49508\/revisions\/53984"}],"up":[{"embeddable":true,"href":"https:\/\/www.topohvar.at\/topo\/wp-json\/wp\/v2\/pages\/93"}],"wp:attachment":[{"href":"https:\/\/www.topohvar.at\/topo\/wp-json\/wp\/v2\/media?parent=49508"}],"curies":[{"name":"wp","href":"https:\/\/api.w.org\/{rel}","templated":true}]}}