{"id":49514,"date":"2021-05-31T08:19:41","date_gmt":"2021-05-31T06:19:41","guid":{"rendered":"https:\/\/www.topohvar.at\/topo\/?page_id=49514"},"modified":"2021-11-30T19:10:25","modified_gmt":"2021-11-30T18:10:25","slug":"ru-tr-44-1","status":"publish","type":"page","link":"https:\/\/www.topohvar.at\/topo\/orte\/ru\/ru-tr-44-1\/","title":{"rendered":"RUDINA &#8211; Dvojni trim \u00bbRU-TR-44\u00ab"},"content":{"rendered":"<p><a name=\"seite_oben\"><\/a><br \/>\n<strong><img loading=\"lazy\" decoding=\"async\" class=\"alignnone wp-image-49518 size-full\" src=\"https:\/\/www.topohvar.at\/wp-content\/uploads\/2021\/05\/ru-tr-44-1.jpg\" alt=\"\" width=\"1080\" height=\"530\" srcset=\"https:\/\/www.topohvar.at\/wp-content\/uploads\/2021\/05\/ru-tr-44-1.jpg 1080w, https:\/\/www.topohvar.at\/wp-content\/uploads\/2021\/05\/ru-tr-44-1-300x147.jpg 300w, https:\/\/www.topohvar.at\/wp-content\/uploads\/2021\/05\/ru-tr-44-1-1024x503.jpg 1024w, https:\/\/www.topohvar.at\/wp-content\/uploads\/2021\/05\/ru-tr-44-1-768x377.jpg 768w\" sizes=\"auto, (max-width: 1080px) 100vw, 1080px\" \/><\/strong><\/p>\n<p><strong>Ime \/ Name<br \/>\n<\/strong>Dvojni trim \u00bbRU-TR-44\u00ab<\/p>\n<p><strong>Code: <\/strong>RU-TR-44\u00a0 \u00a0 \u00a0 \u00a0 \u00a0 \u00a0 \u00a0 \u00a0 \u00a0 \u00a0 \u00a0 \u00a0<strong>\u00a0 \u00a0 \u00a0 \u00a0 <a href=\"https:\/\/www.topohvar.at\/orte\/ru\/ru-tr-00-1\/\"><img loading=\"lazy\" decoding=\"async\" class=\"alignnone wp-image-12300 size-full\" src=\"https:\/\/www.topohvar.at\/wp-content\/uploads\/2018\/09\/push-vor-30.jpg\" alt=\"\" width=\"61\" height=\"30\" \/><\/a> <a href=\"https:\/\/www.topohvar.at\/orte\/ru\/ru-tr-24-1\/\"><img loading=\"lazy\" decoding=\"async\" class=\"alignnone wp-image-533 size-full\" src=\"https:\/\/www.topohvar.at\/wp-content\/uploads\/2018\/07\/push-l-30.jpg\" alt=\"\" width=\"61\" height=\"30\" \/><\/a>\u00a0<a href=\"https:\/\/www.topohvar.at\/orte\/ru\/\"><img loading=\"lazy\" decoding=\"async\" class=\"alignnone wp-image-535 size-full\" src=\"https:\/\/www.topohvar.at\/wp-content\/uploads\/2018\/07\/push-o-30.jpg\" alt=\"\" width=\"61\" height=\"30\" \/><\/a>\u00a0<a href=\"https:\/\/www.topohvar.at\/orte\/ru\/ru-tr-35-1\/\"><img loading=\"lazy\" decoding=\"async\" class=\"alignnone wp-image-536 size-full\" src=\"https:\/\/www.topohvar.at\/wp-content\/uploads\/2018\/07\/push-r-30.jpg\" alt=\"\" width=\"61\" height=\"30\" \/><\/a><\/strong><\/p>\n<hr \/>\n<p><strong>Adresa \/ Adresse<br \/>\n<\/strong>Mala Rudina<\/p>\n<p><strong>Lokacija \/ Position<a href=\"https:\/\/goo.gl\/maps\/ZxdoKj1k1mo17T5p8\"><img loading=\"lazy\" decoding=\"async\" class=\"alignright wp-image-49516\" src=\"https:\/\/www.topohvar.at\/wp-content\/uploads\/2021\/05\/3201.jpg\" alt=\"\" width=\"134\" height=\"100\" \/><\/a><br \/>\n<\/strong><a href=\"https:\/\/goo.gl\/maps\/ZxdoKj1k1mo17T5p8\"><span style=\"color: #3366ff;\">Latitude: N 43,20801\u00b0\u00a0 \u00a0 Longitude: E 16,59478\u00b0\u00a0<\/span><\/a><strong><br \/>\n<\/strong>Visina \/ H\u00f6he: 86 m<\/p>\n<p><strong>Katastarska \u010destica \/ Grundst\u00fccke<br \/>\n<\/strong>9271 (Stari Grad, Rudine)<div class='content-column one_half'><div style=\"padding-right:6px;\"><p><strong>Datum snimanja \/ Erfassungsdatum<br \/>\n<\/strong>28.05.2021 13:48:15<\/p>\n<hr \/>\n<p><strong>Informacije<\/strong><\/p>\n<p>Dvostruki trim u Maloj Rudini lako se mogu previdjeti. Skriven je grmljem i hrpom kamenja na sjevernom rubu sela. Veliki trim nalazi se u gustoj \u0161umi sjeverno od Male Rudine. Dok je desni trim o\u0161te\u0107en, ali jo\u0161 uvijek potpuno netaknuta, lijevoj trim potpuno nedostaje kupola. Unutra\u0161njost obiju trima je kru\u017ena. Trim se vi\u0161e ne koristi.<\/p><\/div><\/div><div class='content-column one_half last_column'><div style=\"padding-right:0px;padding-left:6px;\"><p><strong>Stupanj za\u0161tite \/ Schutzstellung<br \/>\n<\/strong>&#8211;<\/p>\n<hr \/>\n<p><strong>Info<\/strong><\/p>\n<p>Der Doppeltrim in Mala Rudina kann leicht \u00fcbersehen werden. Er befindet sich verdeckt durch Buschwerk und Steinhaufen am Nordrand des Ortes. gro\u00dfe Trim befindet sich im dichten Wald n\u00f6rdlich von Mala Rudina. W\u00e4hrend der rechte Trim zwar besch\u00e4digt, aber noch zur G\u00e4nze erhalten ist, fehlt beim linken Trim die Kuppel vollst\u00e4ndig. Der Innenraum ist bei beiden Trims kreisrund. Der Trim wird nicht mehr genutzt.<\/p><\/div><\/div><div class='clear_column'><\/div><div class='content-column one_half'><div style=\"padding-right:6px;\"><div id=\"attachment_50880\" style=\"width: 310px\" class=\"wp-caption aligncenter\"><img loading=\"lazy\" decoding=\"async\" aria-describedby=\"caption-attachment-50880\" class=\"size-medium wp-image-50880\" src=\"https:\/\/www.topohvar.at\/wp-content\/uploads\/2021\/08\/ru-tr-44-6-300x300.jpg\" alt=\"\" width=\"300\" height=\"300\" srcset=\"https:\/\/www.topohvar.at\/wp-content\/uploads\/2021\/08\/ru-tr-44-6-300x300.jpg 300w, https:\/\/www.topohvar.at\/wp-content\/uploads\/2021\/08\/ru-tr-44-6-150x150.jpg 150w, https:\/\/www.topohvar.at\/wp-content\/uploads\/2021\/08\/ru-tr-44-6.jpg 450w\" sizes=\"auto, (max-width: 300px) 100vw, 300px\" \/><p id=\"caption-attachment-50880\" class=\"wp-caption-text\">Trim A \/ Trim A<\/p><\/div><\/div><\/div><div class='content-column one_half last_column'><div style=\"padding-right:0px;padding-left:6px;\"><div id=\"attachment_50878\" style=\"width: 310px\" class=\"wp-caption aligncenter\"><img loading=\"lazy\" decoding=\"async\" aria-describedby=\"caption-attachment-50878\" class=\"size-medium wp-image-50878\" src=\"https:\/\/www.topohvar.at\/wp-content\/uploads\/2021\/08\/ru-tr-44-3-300x300.jpg\" alt=\"\" width=\"300\" height=\"300\" srcset=\"https:\/\/www.topohvar.at\/wp-content\/uploads\/2021\/08\/ru-tr-44-3-300x300.jpg 300w, https:\/\/www.topohvar.at\/wp-content\/uploads\/2021\/08\/ru-tr-44-3-150x150.jpg 150w, https:\/\/www.topohvar.at\/wp-content\/uploads\/2021\/08\/ru-tr-44-3.jpg 450w\" sizes=\"auto, (max-width: 300px) 100vw, 300px\" \/><p id=\"caption-attachment-50878\" class=\"wp-caption-text\">Trim A &#8211; ulazna stranica \/ Trim A \u2013 Eingangsseite<\/p><\/div><\/div><\/div><div class='clear_column'><\/div><div class='content-column one_half'><div style=\"padding-right:6px;\"><p>Dana 30.05.2021 trim je posje\u0107en i ustanovljeno je sljede\u0107e:<\/p>\n<p><strong>Trim A<\/strong><\/p>\n<p>Lokacija: vrt<br \/>\nPodloga: ravna<br \/>\nPovezan s: trimom , nesre\u0111nom kamenom gomilom<br \/>\nUpotreba:<br \/>\nStanje: dijelovi su se sru\u0161ili<br \/>\nBroj stepenica trima: 1<br \/>\nDodatni kameni prsten: nema kamenog prstena<br \/>\nStepeni\u0161te: nema<br \/>\nOblik kamena: uglast<br \/>\nPodru\u010dje ispred ulaza: zaraslo<br \/>\nOrijentacija ulaza: Z (270\u00b0)<br \/>\nPromjer trima (cm): 370<br \/>\nVisina trima (cm): 240<br \/>\nVisina stepenica (cm): stepenica 1: 170<br \/>\nDebljina zida (cm): 70<br \/>\n\u0160irina vrata (cm): 75<br \/>\nVisina vrata (cm): 135<br \/>\n\u0160irina unutra (cm): 220 &#8211; 230<br \/>\nVisina unutra (cm): 210<br \/>\nVolumen iznutra (m3): 5,67<br \/>\nNema ni\u0161e<\/p><\/div><\/div><div class='content-column one_half last_column'><div style=\"padding-right:0px;padding-left:6px;\"><p>Am 30.05.2021\u00a0 wurde der Trim besucht und n\u00e4her untersucht:<\/p>\n<p><strong>Trim A<\/strong><\/p>\n<p>Standort: Garten<br \/>\nUntergrund: eben<br \/>\nVerbunden mit: Trim , Steinhaufen ungeordnet<br \/>\nNutzung:<br \/>\nZustand: Teile abgest\u00fcrzt<br \/>\nAnzahl der Trimstufen: 1<br \/>\nZus\u00e4tzlicher Steinring: kein Steinring<br \/>\nStiege: keine<br \/>\nSteinform: kantig<br \/>\nEingangsbereich: verwachsen<br \/>\nEingangsseite: W (270\u00b0)<br \/>\nTrimdurchmesser (cm): 370<br \/>\nTrimh\u00f6he (cm): 240<br \/>\nH\u00f6he der Trimstufen (cm): Stufe 1: 170<br \/>\nWandst\u00e4rke (cm): 70<br \/>\nT\u00fcrbreite (cm): 75<br \/>\nT\u00fcrh\u00f6he (cm): 135<br \/>\nInnenraumbreite (cm): 220 &#8211; 230<br \/>\nInnenraumh\u00f6he (cm): 210<br \/>\nRaumvolumen (m3): 5,67<br \/>\nKeine Nische<\/p><\/div><\/div><div class='clear_column'><\/div><div class='content-column one_half'><div style=\"padding-right:6px;\"><div id=\"attachment_50877\" style=\"width: 310px\" class=\"wp-caption aligncenter\"><img loading=\"lazy\" decoding=\"async\" aria-describedby=\"caption-attachment-50877\" class=\"size-medium wp-image-50877\" src=\"https:\/\/www.topohvar.at\/wp-content\/uploads\/2021\/08\/ru-tr-44-2-300x300.jpg\" alt=\"\" width=\"300\" height=\"300\" srcset=\"https:\/\/www.topohvar.at\/wp-content\/uploads\/2021\/08\/ru-tr-44-2-300x300.jpg 300w, https:\/\/www.topohvar.at\/wp-content\/uploads\/2021\/08\/ru-tr-44-2-150x150.jpg 150w, https:\/\/www.topohvar.at\/wp-content\/uploads\/2021\/08\/ru-tr-44-2.jpg 450w\" sizes=\"auto, (max-width: 300px) 100vw, 300px\" \/><p id=\"caption-attachment-50877\" class=\"wp-caption-text\">Trim B &#8211; ulazna stranica \/ Trim B &#8211; Eingangsseite<\/p><\/div><\/div><\/div><div class='content-column one_half last_column'><div style=\"padding-right:0px;padding-left:6px;\"><div id=\"attachment_50879\" style=\"width: 310px\" class=\"wp-caption aligncenter\"><img loading=\"lazy\" decoding=\"async\" aria-describedby=\"caption-attachment-50879\" class=\"size-medium wp-image-50879\" src=\"https:\/\/www.topohvar.at\/wp-content\/uploads\/2021\/08\/ru-tr-44-4-300x300.jpg\" alt=\"\" width=\"300\" height=\"300\" srcset=\"https:\/\/www.topohvar.at\/wp-content\/uploads\/2021\/08\/ru-tr-44-4-300x300.jpg 300w, https:\/\/www.topohvar.at\/wp-content\/uploads\/2021\/08\/ru-tr-44-4-150x150.jpg 150w, https:\/\/www.topohvar.at\/wp-content\/uploads\/2021\/08\/ru-tr-44-4.jpg 450w\" sizes=\"auto, (max-width: 300px) 100vw, 300px\" \/><p id=\"caption-attachment-50879\" class=\"wp-caption-text\">Pogled prema sjeveru \/ Blick nach Norden<\/p><\/div><\/div><\/div><div class='clear_column'><\/div><div class='content-column one_half'><div style=\"padding-right:6px;\"><p>Dana 15.06.2021 trim je posje\u0107en i ustanovljeno je sljede\u0107e:<\/p>\n<p><strong>Trim B<\/strong><\/p>\n<p>Lokacija: vrt<br \/>\nPodloga: ravna<br \/>\nPovezan s: drugim trimom , kamenim zidom<br \/>\nUpotreba: ne koristi se<br \/>\nStanje: kupola se sru\u0161ila<br \/>\nBroj stepenica trima: ?<br \/>\nDodatni kameni prsten: nema kamenog prstena<br \/>\nStepeni\u0161te: nema<br \/>\nOblik kamena: uglast<br \/>\nPodru\u010dje ispred ulaza: zaraslo<br \/>\nOrijentacija ulaza: JZ (240\u00b0)<br \/>\nPromjer trima (cm): 400<br \/>\nVisina trima (cm): ?<br \/>\nVisina stepenica (cm): stepenica 1: ?<br \/>\nDebljina zida (cm): 85<br \/>\n\u0160irina vrata (cm): 80<br \/>\nVisina vrata (cm): 115<br \/>\n\u0160irina unutra (cm): 230<br \/>\nVisina unutra (cm): ?<br \/>\nVolumen iznutra (m3): ?<br \/>\nNema ni\u0161e<\/p><\/div><\/div><div class='content-column one_half last_column'><div style=\"padding-right:0px;padding-left:6px;\"><p>Am 15.06.2021 wurde der Trim besucht und n\u00e4her untersucht:<\/p>\n<p><strong>Trim B<\/strong><\/p>\n<p>Standort: Garten<br \/>\nUntergrund: eben<br \/>\nVerbunden mit: Trim , Steinmauer<br \/>\nNutzung: ungenutzt<br \/>\nZustand: Kuppel fehlt<br \/>\nAnzahl der Trimstufen: ?<br \/>\nZus\u00e4tzlicher Steinring: kein Steinring<br \/>\nStiege: keine<br \/>\nSteinform: kantig<br \/>\nEingangsbereich: verwachsen<br \/>\nEingangsseite: SW (240\u00b0)<br \/>\nTrimdurchmesser (cm): 400<br \/>\nTrimh\u00f6he (cm): ?<br \/>\nH\u00f6he der Trimstufen (cm): Stufe 1: ?<br \/>\nWandst\u00e4rke (cm): 85<br \/>\nT\u00fcrbreite (cm): 80<br \/>\nT\u00fcrh\u00f6he (cm): 115<br \/>\nInnenraumbreite (cm): 230<br \/>\nInnenraumh\u00f6he (cm): ?<br \/>\nRaumvolumen (m3): ?<br \/>\nKeine Nische<\/p><\/div><\/div><div class='clear_column'><\/div><\/p>\n<p><img loading=\"lazy\" decoding=\"async\" class=\"aligncenter size-full wp-image-50881\" src=\"https:\/\/www.topohvar.at\/wp-content\/uploads\/2021\/08\/ru-tr-44-scan.jpg\" alt=\"\" width=\"600\" height=\"917\" srcset=\"https:\/\/www.topohvar.at\/wp-content\/uploads\/2021\/08\/ru-tr-44-scan.jpg 600w, https:\/\/www.topohvar.at\/wp-content\/uploads\/2021\/08\/ru-tr-44-scan-196x300.jpg 196w\" sizes=\"auto, (max-width: 600px) 100vw, 600px\" \/><\/p>\n<div class='content-column one_third'><div style=\"padding-right:6px;\"><p>Veliko hvala Mi\u0107u Sandulovu \u0161to mi je pokazao kamen.<\/p><\/div><\/div><div class='content-column one_third'><div style=\"padding-right:6px;\"><p><img loading=\"lazy\" decoding=\"async\" class=\"size-full wp-image-49517 aligncenter\" src=\"https:\/\/www.topohvar.at\/wp-content\/uploads\/2021\/05\/ru-tr-44-0.jpg\" alt=\"\" width=\"205\" height=\"226\" \/><\/p><\/div><\/div><div class='content-column one_third last_column'><div style=\"padding-right:0px;padding-left:6px;\"><p>Vielen Dank an Mi\u0107o Sandulov, der mir den Trim gezeigt hat.<\/p><\/div><\/div><div class='clear_column'><\/div><\/p>\n<p style=\"text-align: right;\"><span style=\"color: #3366ff;\"><a style=\"color: #3366ff;\" href=\"#seite_oben\">Natrag na vrh \/ Seitenanfang<\/a><\/span><\/p>\n<hr \/>\n<p><strong>Linkovi \/ Links<\/strong><\/p>\n<p>&#8211;<\/p>\n","protected":false},"excerpt":{"rendered":"<p>Ime \/ Name Dvojni trim \u00bbRU-TR-44\u00ab Code: RU-TR-44\u00a0 \u00a0 \u00a0 \u00a0 \u00a0 \u00a0 \u00a0 \u00a0 \u00a0 \u00a0 \u00a0 \u00a0\u00a0 \u00a0 \u00a0 \u00a0 \u00a0\u00a0 Adresa \/ Adresse Mala Rudina Lokacija \/ Position Latitude: N 43,20801\u00b0\u00a0 \u00a0 Longitude: E 16,59478\u00b0\u00a0 Visina \/ &hellip; <a href=\"https:\/\/www.topohvar.at\/topo\/orte\/ru\/ru-tr-44-1\/\">Weiterlesen <span class=\"meta-nav\">&rarr;<\/span><\/a><\/p>\n","protected":false},"author":1,"featured_media":0,"parent":93,"menu_order":0,"comment_status":"closed","ping_status":"closed","template":"","meta":{"footnotes":""},"class_list":["post-49514","page","type-page","status-publish","hentry"],"_links":{"self":[{"href":"https:\/\/www.topohvar.at\/topo\/wp-json\/wp\/v2\/pages\/49514","targetHints":{"allow":["GET"]}}],"collection":[{"href":"https:\/\/www.topohvar.at\/topo\/wp-json\/wp\/v2\/pages"}],"about":[{"href":"https:\/\/www.topohvar.at\/topo\/wp-json\/wp\/v2\/types\/page"}],"author":[{"embeddable":true,"href":"https:\/\/www.topohvar.at\/topo\/wp-json\/wp\/v2\/users\/1"}],"replies":[{"embeddable":true,"href":"https:\/\/www.topohvar.at\/topo\/wp-json\/wp\/v2\/comments?post=49514"}],"version-history":[{"count":11,"href":"https:\/\/www.topohvar.at\/topo\/wp-json\/wp\/v2\/pages\/49514\/revisions"}],"predecessor-version":[{"id":53977,"href":"https:\/\/www.topohvar.at\/topo\/wp-json\/wp\/v2\/pages\/49514\/revisions\/53977"}],"up":[{"embeddable":true,"href":"https:\/\/www.topohvar.at\/topo\/wp-json\/wp\/v2\/pages\/93"}],"wp:attachment":[{"href":"https:\/\/www.topohvar.at\/topo\/wp-json\/wp\/v2\/media?parent=49514"}],"curies":[{"name":"wp","href":"https:\/\/api.w.org\/{rel}","templated":true}]}}