{"id":49528,"date":"2021-05-31T08:41:12","date_gmt":"2021-05-31T06:41:12","guid":{"rendered":"https:\/\/www.topohvar.at\/topo\/?page_id=49528"},"modified":"2021-12-01T07:35:40","modified_gmt":"2021-12-01T06:35:40","slug":"ru-tr-41-1","status":"publish","type":"page","link":"https:\/\/www.topohvar.at\/topo\/orte\/ru\/ru-tr-41-1\/","title":{"rendered":"RUDINA &#8211; Trim \u00bbRU-TR-41\u00ab"},"content":{"rendered":"<p><a name=\"seite_oben\"><\/a><br \/>\n<strong><img loading=\"lazy\" decoding=\"async\" class=\"alignnone wp-image-49533 size-full\" src=\"https:\/\/www.topohvar.at\/wp-content\/uploads\/2021\/05\/ru-tr-41-1.jpg\" alt=\"\" width=\"1080\" height=\"530\" srcset=\"https:\/\/www.topohvar.at\/wp-content\/uploads\/2021\/05\/ru-tr-41-1.jpg 1080w, https:\/\/www.topohvar.at\/wp-content\/uploads\/2021\/05\/ru-tr-41-1-300x147.jpg 300w, https:\/\/www.topohvar.at\/wp-content\/uploads\/2021\/05\/ru-tr-41-1-1024x503.jpg 1024w, https:\/\/www.topohvar.at\/wp-content\/uploads\/2021\/05\/ru-tr-41-1-768x377.jpg 768w\" sizes=\"auto, (max-width: 1080px) 100vw, 1080px\" \/><\/strong><\/p>\n<p><strong>Ime \/ Name<br \/>\n<\/strong>Trim \u00bbRU-TR-41\u00ab<\/p>\n<p><strong>Code: <\/strong>RU-TR-41\u00a0 \u00a0 \u00a0 \u00a0 \u00a0 \u00a0 \u00a0 \u00a0 \u00a0 \u00a0 \u00a0 \u00a0<strong>\u00a0 \u00a0 \u00a0 \u00a0 <a href=\"https:\/\/www.topohvar.at\/orte\/ru\/ru-tr-00-1\/\"><img loading=\"lazy\" decoding=\"async\" class=\"alignnone wp-image-12300 size-full\" src=\"https:\/\/www.topohvar.at\/wp-content\/uploads\/2018\/09\/push-vor-30.jpg\" alt=\"\" width=\"61\" height=\"30\" \/><\/a> <a href=\"https:\/\/www.topohvar.at\/orte\/ru\/ru-tr-40-1\/\"><img loading=\"lazy\" decoding=\"async\" class=\"alignnone wp-image-533 size-full\" src=\"https:\/\/www.topohvar.at\/wp-content\/uploads\/2018\/07\/push-l-30.jpg\" alt=\"\" width=\"61\" height=\"30\" \/><\/a>\u00a0<a href=\"https:\/\/www.topohvar.at\/orte\/ru\/\"><img loading=\"lazy\" decoding=\"async\" class=\"alignnone wp-image-535 size-full\" src=\"https:\/\/www.topohvar.at\/wp-content\/uploads\/2018\/07\/push-o-30.jpg\" alt=\"\" width=\"61\" height=\"30\" \/><\/a>\u00a0<a href=\"https:\/\/www.topohvar.at\/orte\/ru\/ru-tr-42-1\/\"><img loading=\"lazy\" decoding=\"async\" class=\"alignnone wp-image-536 size-full\" src=\"https:\/\/www.topohvar.at\/wp-content\/uploads\/2018\/07\/push-r-30.jpg\" alt=\"\" width=\"61\" height=\"30\" \/><\/a><\/strong><\/p>\n<hr \/>\n<p><strong>Adresa \/ Adresse<br \/>\n<\/strong>Mala Rudina, sjeverno od mjesta \/ n\u00f6rdlich des Ortes<\/p>\n<p><strong>Lokacija \/ Position<a href=\"https:\/\/goo.gl\/maps\/n2BJ2RiopYG2rZCL9\"><img loading=\"lazy\" decoding=\"async\" class=\"alignright wp-image-49530\" src=\"https:\/\/www.topohvar.at\/wp-content\/uploads\/2021\/05\/3198.jpg\" alt=\"\" width=\"134\" height=\"100\" \/><\/a><br \/>\n<\/strong><span style=\"color: #3366ff;\"><a style=\"color: #3366ff;\" href=\"https:\/\/goo.gl\/maps\/n2BJ2RiopYG2rZCL9\">Latitude: N 43,21125\u00b0\u00a0 \u00a0 Longitude: E 16,59632\u00b0<\/a>\u00a0<\/span><strong><br \/>\n<\/strong>Visina \/ H\u00f6he: 74 m<\/p>\n<p><strong>Katastarska \u010destica \/ Grundst\u00fccke<br \/>\n<\/strong>9135\/25 (Stari Grad, Rudine)<div class='content-column one_half'><div style=\"padding-right:6px;\"><p><strong>Datum snimanja \/ Erfassungsdatum<br \/>\n<\/strong>28.05.2021 12:07:58<\/p>\n<hr \/>\n<p><strong>Informacije<\/strong><\/p>\n<p>Veliki trim nalazi se u \u0161umi sjeverno od Male Rudine. Dvostupanjski trim izgra\u0111en je vrlo pa\u017eljivo odabranim kamenjem i u vrlo je dobrom stanju. Mali &#8222;vrt&#8220; okru\u017een kamenim zidovima grani\u010di s desne strane trima. trim se odr\u017eav, ali se vi\u0161e ne koristi.<\/p><\/div><\/div><div class='content-column one_half last_column'><div style=\"padding-right:0px;padding-left:6px;\"><p><strong>Stupanj za\u0161tite \/ Schutzstellung<br \/>\n<\/strong>&#8211;<\/p>\n<hr \/>\n<p><strong>Info<\/strong><\/p>\n<p>Der gro\u00dfe Trim befindet sich im Wald n\u00f6rdlich von Mala Rudina. Der zweistufige Trim wurde sehr sorgf\u00e4ltig mit ausgesuchten Steinen errichtet und ist in einem sehr guten Zustand. An die rechte Seite des Trims grenzt ein kleiner, mit Steinmauern umschlossener \u201eGarten\u201c. Der Trim wird instandgehalten, aber nicht mehr genutzt.<\/p><\/div><\/div><div class='clear_column'><\/div><div class='content-column one_half'><div style=\"padding-right:6px;\"><p>Veliko hvala Mi\u0107u Sandulovu \u0161to mi je pokazao trim.<\/p><\/div><\/div><div class='content-column one_half last_column'><div style=\"padding-right:0px;padding-left:6px;\"><p>Vielen Dank an Mi\u0107o Sandulov, der mir den Trim gezeigt hat.<\/p><\/div><\/div><div class='clear_column'><\/div><div class='content-column one_half'><div style=\"padding-right:6px;\"><div id=\"attachment_50869\" style=\"width: 310px\" class=\"wp-caption aligncenter\"><img loading=\"lazy\" decoding=\"async\" aria-describedby=\"caption-attachment-50869\" class=\"size-medium wp-image-50869\" src=\"https:\/\/www.topohvar.at\/wp-content\/uploads\/2021\/08\/ru-tr-41-2-300x300.jpg\" alt=\"\" width=\"300\" height=\"300\" srcset=\"https:\/\/www.topohvar.at\/wp-content\/uploads\/2021\/08\/ru-tr-41-2-300x300.jpg 300w, https:\/\/www.topohvar.at\/wp-content\/uploads\/2021\/08\/ru-tr-41-2-150x150.jpg 150w, https:\/\/www.topohvar.at\/wp-content\/uploads\/2021\/08\/ru-tr-41-2.jpg 450w\" sizes=\"auto, (max-width: 300px) 100vw, 300px\" \/><p id=\"caption-attachment-50869\" class=\"wp-caption-text\">Ulaz \/ Eingang<\/p><\/div><\/div><\/div><div class='content-column one_half last_column'><div style=\"padding-right:0px;padding-left:6px;\"><div id=\"attachment_50870\" style=\"width: 310px\" class=\"wp-caption aligncenter\"><img loading=\"lazy\" decoding=\"async\" aria-describedby=\"caption-attachment-50870\" class=\"size-medium wp-image-50870\" src=\"https:\/\/www.topohvar.at\/wp-content\/uploads\/2021\/08\/ru-tr-41-7-300x300.jpg\" alt=\"\" width=\"300\" height=\"300\" srcset=\"https:\/\/www.topohvar.at\/wp-content\/uploads\/2021\/08\/ru-tr-41-7-300x300.jpg 300w, https:\/\/www.topohvar.at\/wp-content\/uploads\/2021\/08\/ru-tr-41-7-150x150.jpg 150w, https:\/\/www.topohvar.at\/wp-content\/uploads\/2021\/08\/ru-tr-41-7.jpg 450w\" sizes=\"auto, (max-width: 300px) 100vw, 300px\" \/><p id=\"caption-attachment-50870\" class=\"wp-caption-text\">Ju\u017ena strana s vrtom \/ S\u00fcdseite mit \u201eGarten\u201c<\/p><\/div><\/div><\/div><div class='clear_column'><\/div><div class='content-column one_half'><div style=\"padding-right:6px;\"><p>Dana 30.05.2021 trim je posje\u0107en i ustanovljeno je sljede\u0107e:<\/p>\n<p>Lokacija: \u0161uma<br \/>\nPodloga: nako\u0161ena<br \/>\nPovezan s: kamenim zidom<br \/>\nUpotreba: malo se koristi<br \/>\nStanje: vrlo dobro uzdr\u017eati<br \/>\nBroj stepenica trima: 2<br \/>\nDodatni kameni prsten: nema kamenog prstena<br \/>\nStepeni\u0161te: nema<br \/>\nOblik kamena: plosnat<br \/>\nPodru\u010dje ispred ulaza: lako dostupno<br \/>\nOrijentacija ulaza: Z (280\u00b0)<br \/>\nPromjer trima (cm): 450<br \/>\nVisina trima (cm): 270<br \/>\nVisina stepenica (cm): stepenica 1: 190 , stepenica 2: 240<br \/>\nDebljina zida (cm): 85<br \/>\n\u0160irina vrata (cm): 65<br \/>\nVisina vrata (cm): 120<br \/>\n\u0160irina unutra (cm): 270 &#8211; 280<br \/>\nVisina unutra (cm): 250<br \/>\nVolumen iznutra (m3): 8,86<br \/>\nNema ni\u0161e<\/p><\/div><\/div><div class='content-column one_half last_column'><div style=\"padding-right:0px;padding-left:6px;\"><p>Am 30.05.2021 wurde der Trim besucht und n\u00e4her untersucht:<\/p>\n<p>Standort: Wald<br \/>\nUntergrund: geneigt<br \/>\nVerbunden mit: Steinmauer<br \/>\nNutzung: kaum genutzt<br \/>\nZustand: sehr gut erhalten<br \/>\nAnzahl der Trimstufen: 2<br \/>\nZus\u00e4tzlicher Steinring: kein Steinring<br \/>\nStiege: keine<br \/>\nSteinform: plattig<br \/>\nEingangsbereich: frei<br \/>\nEingangsseite: W (280\u00b0)<br \/>\nTrimdurchmesser (cm): 450<br \/>\nTrimh\u00f6he (cm): 270<br \/>\nH\u00f6he der Trimstufen (cm): Stufe 1: 190 , Stufe 2: 240<br \/>\nWandst\u00e4rke (cm): 85<br \/>\nT\u00fcrbreite (cm): 65<br \/>\nT\u00fcrh\u00f6he (cm): 120<br \/>\nInnenraumbreite (cm): 270 &#8211; 280<br \/>\nInnenraumh\u00f6he (cm): 250<br \/>\nRaumvolumen (m3): 8,86<br \/>\nKeine Nische<\/p><\/div><\/div><div class='clear_column'><\/div><\/p>\n<p><img loading=\"lazy\" decoding=\"async\" class=\"aligncenter size-full wp-image-50871\" src=\"https:\/\/www.topohvar.at\/wp-content\/uploads\/2021\/08\/ru-tr-41-scan.jpg\" alt=\"\" width=\"600\" height=\"922\" srcset=\"https:\/\/www.topohvar.at\/wp-content\/uploads\/2021\/08\/ru-tr-41-scan.jpg 600w, https:\/\/www.topohvar.at\/wp-content\/uploads\/2021\/08\/ru-tr-41-scan-195x300.jpg 195w\" sizes=\"auto, (max-width: 600px) 100vw, 600px\" \/><\/p>\n<p style=\"text-align: right;\"><span style=\"color: #3366ff;\"><a style=\"color: #3366ff;\" href=\"#seite_oben\">Natrag na vrh \/ Seitenanfang<\/a><\/span><\/p>\n<div class='content-column one_half'><div style=\"padding-right:6px;\"><div id=\"attachment_49534\" style=\"width: 320px\" class=\"wp-caption aligncenter\"><img loading=\"lazy\" decoding=\"async\" aria-describedby=\"caption-attachment-49534\" class=\"wp-image-49534 size-full\" src=\"https:\/\/www.topohvar.at\/wp-content\/uploads\/2021\/05\/ru-tr-41-10.jpg\" alt=\"\" width=\"310\" height=\"310\" srcset=\"https:\/\/www.topohvar.at\/wp-content\/uploads\/2021\/05\/ru-tr-41-10.jpg 310w, https:\/\/www.topohvar.at\/wp-content\/uploads\/2021\/05\/ru-tr-41-10-300x300.jpg 300w, https:\/\/www.topohvar.at\/wp-content\/uploads\/2021\/05\/ru-tr-41-10-150x150.jpg 150w\" sizes=\"auto, (max-width: 310px) 100vw, 310px\" \/><p id=\"caption-attachment-49534\" class=\"wp-caption-text\">Slika 1 \/ Bild 1<\/p><\/div><\/div><\/div><div class='content-column one_half last_column'><div style=\"padding-right:0px;padding-left:6px;\"><div id=\"attachment_49535\" style=\"width: 320px\" class=\"wp-caption aligncenter\"><img loading=\"lazy\" decoding=\"async\" aria-describedby=\"caption-attachment-49535\" class=\"wp-image-49535 size-full\" src=\"https:\/\/www.topohvar.at\/wp-content\/uploads\/2021\/05\/ru-tr-41-11.jpg\" alt=\"\" width=\"310\" height=\"310\" srcset=\"https:\/\/www.topohvar.at\/wp-content\/uploads\/2021\/05\/ru-tr-41-11.jpg 310w, https:\/\/www.topohvar.at\/wp-content\/uploads\/2021\/05\/ru-tr-41-11-300x300.jpg 300w, https:\/\/www.topohvar.at\/wp-content\/uploads\/2021\/05\/ru-tr-41-11-150x150.jpg 150w\" sizes=\"auto, (max-width: 310px) 100vw, 310px\" \/><p id=\"caption-attachment-49535\" class=\"wp-caption-text\">Slika 2 \/ Bild 2<\/p><\/div><\/div><\/div><div class='clear_column'><\/div><div class='content-column one_half'><div style=\"padding-right:6px;\"><p>Podru\u010dje sjeverno od Male Rudine nekada je bilo puno poljoprivrednih povr\u0161ina. U glavnom se tu uzgajala lavanda. Polja su bila ome\u0111ena suhozidima. Ulazi su \u010desto bili zatvoreni drvenim vratima zbog stoke koja se tu dr\u017eala, a uz njih su bili prijelazi (slika 1.).<\/p><\/div><\/div><div class='content-column one_half last_column'><div style=\"padding-right:0px;padding-left:6px;\"><p>Die Gegend n\u00f6rdlich von Mala Rudina war fr\u00fcher voller landwirtschaftlicher Kulturfl\u00e4chen. Zumeist wurde hier Lavendel angebaut. Die Felder waren mit Trockensteinmauern eingefasst. Die Zug\u00e4nge waren oft wegen der Tierhaltung mit Holzgatter verschlossen, daneben befanden sich \u00dcberg\u00e4nge (Bild 1).<\/p><\/div><\/div><div class='clear_column'><\/div><div class='content-column one_half'><div style=\"padding-right:6px;\"><p>Magarci su nekada bili va\u017eni pomaga\u010di u \u017eivotu poljoprivrednog stanovni\u0161tva. Uz njih su \u010desto bili jako rezani, \u0161to pokazuje i grob u kojem je zakopan magarac (slika 2). Na otoku Hvaru mu\u0161ke magarce zovu &#8222;tovor&#8220;, a \u017eenke &#8222;ugota&#8220;.<\/p><\/div><\/div><div class='content-column one_half last_column'><div style=\"padding-right:0px;padding-left:6px;\"><p>Esel waren fr\u00fcher wichtige Helfer im Leben der landwirtschaftlichen Bev\u00f6lkerung. Zu ihnen gab es oft innige Beziehungen, wie das Grab eines Esels hier zeigt (Bild 2). Auf der Insel Hvar nennt man die m\u00e4nnlichen Esel &#8222;tavor&#8220; und die weiblichen &#8222;ugota&#8220;.<\/p><\/div><\/div><div class='clear_column'><\/div><\/p>\n<p style=\"text-align: right;\"><span style=\"color: #3366ff;\"><a style=\"color: #3366ff;\" href=\"#seite_oben\">Natrag na vrh \/ Seitenanfang<\/a><\/span><\/p>\n<hr \/>\n<p><strong>Linkovi \/ Links<\/strong><\/p>\n<p>&#8211;<\/p>\n","protected":false},"excerpt":{"rendered":"<p>Ime \/ Name Trim \u00bbRU-TR-41\u00ab Code: RU-TR-41\u00a0 \u00a0 \u00a0 \u00a0 \u00a0 \u00a0 \u00a0 \u00a0 \u00a0 \u00a0 \u00a0 \u00a0\u00a0 \u00a0 \u00a0 \u00a0 \u00a0\u00a0 Adresa \/ Adresse Mala Rudina, sjeverno od mjesta \/ n\u00f6rdlich des Ortes Lokacija \/ Position Latitude: N 43,21125\u00b0\u00a0 &hellip; <a href=\"https:\/\/www.topohvar.at\/topo\/orte\/ru\/ru-tr-41-1\/\">Weiterlesen <span class=\"meta-nav\">&rarr;<\/span><\/a><\/p>\n","protected":false},"author":1,"featured_media":0,"parent":93,"menu_order":0,"comment_status":"closed","ping_status":"closed","template":"","meta":{"footnotes":""},"class_list":["post-49528","page","type-page","status-publish","hentry"],"_links":{"self":[{"href":"https:\/\/www.topohvar.at\/topo\/wp-json\/wp\/v2\/pages\/49528","targetHints":{"allow":["GET"]}}],"collection":[{"href":"https:\/\/www.topohvar.at\/topo\/wp-json\/wp\/v2\/pages"}],"about":[{"href":"https:\/\/www.topohvar.at\/topo\/wp-json\/wp\/v2\/types\/page"}],"author":[{"embeddable":true,"href":"https:\/\/www.topohvar.at\/topo\/wp-json\/wp\/v2\/users\/1"}],"replies":[{"embeddable":true,"href":"https:\/\/www.topohvar.at\/topo\/wp-json\/wp\/v2\/comments?post=49528"}],"version-history":[{"count":10,"href":"https:\/\/www.topohvar.at\/topo\/wp-json\/wp\/v2\/pages\/49528\/revisions"}],"predecessor-version":[{"id":53980,"href":"https:\/\/www.topohvar.at\/topo\/wp-json\/wp\/v2\/pages\/49528\/revisions\/53980"}],"up":[{"embeddable":true,"href":"https:\/\/www.topohvar.at\/topo\/wp-json\/wp\/v2\/pages\/93"}],"wp:attachment":[{"href":"https:\/\/www.topohvar.at\/topo\/wp-json\/wp\/v2\/media?parent=49528"}],"curies":[{"name":"wp","href":"https:\/\/api.w.org\/{rel}","templated":true}]}}