{"id":49616,"date":"2021-06-02T09:10:21","date_gmt":"2021-06-02T07:10:21","guid":{"rendered":"https:\/\/www.topohvar.at\/topo\/?page_id=49616"},"modified":"2021-11-30T18:11:22","modified_gmt":"2021-11-30T17:11:22","slug":"ru-tr-27-1","status":"publish","type":"page","link":"https:\/\/www.topohvar.at\/topo\/orte\/ru\/ru-tr-27-1\/","title":{"rendered":"RUDINA &#8211; Trim \u00bbRU-TR-27\u00ab"},"content":{"rendered":"<p><a name=\"seite_oben\"><\/a><br \/>\n<strong><img loading=\"lazy\" decoding=\"async\" class=\"alignnone wp-image-49620 size-full\" src=\"https:\/\/www.topohvar.at\/wp-content\/uploads\/2021\/06\/ru-tr-27-1.jpg\" alt=\"\" width=\"1080\" height=\"530\" srcset=\"https:\/\/www.topohvar.at\/wp-content\/uploads\/2021\/06\/ru-tr-27-1.jpg 1080w, https:\/\/www.topohvar.at\/wp-content\/uploads\/2021\/06\/ru-tr-27-1-300x147.jpg 300w, https:\/\/www.topohvar.at\/wp-content\/uploads\/2021\/06\/ru-tr-27-1-1024x503.jpg 1024w, https:\/\/www.topohvar.at\/wp-content\/uploads\/2021\/06\/ru-tr-27-1-768x377.jpg 768w\" sizes=\"auto, (max-width: 1080px) 100vw, 1080px\" \/><\/strong><\/p>\n<p><strong>Ime \/ Name<br \/>\n<\/strong>Trim \u00bbRU-TR-27\u00ab<\/p>\n<p><strong>Code: <\/strong>RU-TR-27\u00a0 \u00a0 \u00a0 \u00a0 \u00a0 \u00a0 \u00a0 \u00a0 \u00a0 \u00a0 \u00a0 \u00a0<strong>\u00a0 \u00a0 \u00a0 \u00a0 <a href=\"https:\/\/www.topohvar.at\/orte\/ru\/ru-tr-00-1\/\"><img loading=\"lazy\" decoding=\"async\" class=\"alignnone wp-image-12300 size-full\" src=\"https:\/\/www.topohvar.at\/wp-content\/uploads\/2018\/09\/push-vor-30.jpg\" alt=\"\" width=\"61\" height=\"30\" \/><\/a> <a href=\"https:\/\/www.topohvar.at\/orte\/ru\/ru-tr-12-1\/\"><img loading=\"lazy\" decoding=\"async\" class=\"alignnone wp-image-533 size-full\" src=\"https:\/\/www.topohvar.at\/wp-content\/uploads\/2018\/07\/push-l-30.jpg\" alt=\"\" width=\"61\" height=\"30\" \/><\/a>\u00a0<a href=\"https:\/\/www.topohvar.at\/orte\/ru\/\"><img loading=\"lazy\" decoding=\"async\" class=\"alignnone wp-image-535 size-full\" src=\"https:\/\/www.topohvar.at\/wp-content\/uploads\/2018\/07\/push-o-30.jpg\" alt=\"\" width=\"61\" height=\"30\" \/><\/a>\u00a0<a href=\"https:\/\/www.topohvar.at\/orte\/ru\/ru-tr-38-1\/\"><img loading=\"lazy\" decoding=\"async\" class=\"alignnone wp-image-536 size-full\" src=\"https:\/\/www.topohvar.at\/wp-content\/uploads\/2018\/07\/push-r-30.jpg\" alt=\"\" width=\"61\" height=\"30\" \/><\/a><\/strong><\/p>\n<hr \/>\n<p><strong>Adresa \/ Adresse<br \/>\n<\/strong>Vela Rudina, zapadno od mjesta \/ westlich des Ortes<\/p>\n<p><strong>Lokacija \/ Position<a href=\"https:\/\/goo.gl\/maps\/PoCLSYzk8F2MkmGUA\"><img loading=\"lazy\" decoding=\"async\" class=\"alignright wp-image-49617\" src=\"https:\/\/www.topohvar.at\/wp-content\/uploads\/2021\/06\/3205.jpg\" alt=\"\" width=\"134\" height=\"100\" \/><\/a><br \/>\n<\/strong><span style=\"color: #3366ff;\"><a href=\"https:\/\/goo.gl\/maps\/PoCLSYzk8F2MkmGUA\">Latitude: N 43,20348\u00b0\u00a0 \u00a0 Longitude: E 16,58585\u00b0<\/a>\u00a0<\/span><strong><br \/>\n<\/strong>Visina \/ H\u00f6he: 71 m<\/p>\n<p><strong>Katastarska \u010destica \/ Grundst\u00fccke<br \/>\n<\/strong>9747 (Stari Grad, Rudine)<div class='content-column one_half'><div style=\"padding-right:6px;\"><p><strong>Datum snimanja \/ Erfassungsdatum<br \/>\n<\/strong>01.06.2021 15:33:06<\/p>\n<hr \/>\n<p><strong>Informacije<\/strong><\/p>\n<p>Trim je uni\u0161ten ili nedovr\u0161en. 10 metara dalje nalazi se cisterna koja nikada nije dovr\u0161ena jer je obitelj emigrirala. U svakom slu\u010daju, trim je nekad bio puno vi\u0161i jer je unutra jo\u0161 puno kamenja za kupolu. S lijeve strane trima, konzola kamenje su postavljeni u zid. Mali otvor u zidu vodi prema van s desne strane.<\/p><\/div><\/div><div class='content-column one_half last_column'><div style=\"padding-right:0px;padding-left:6px;\"><p><strong>Stupanj za\u0161tite \/ Schutzstellung<br \/>\n<\/strong>&#8211;<\/p>\n<hr \/>\n<p><strong>Info<\/strong><\/p>\n<p>Der Trim ist zerst\u00f6rt oder unfertig. 10 Meter weiter befindet sich eine Zisterne die nie fertig gebaut wurde weil die Familie auswanderte. Jedenfalls war der Trim fr\u00fcher wesentlich h\u00f6her, da sich im Inneren noch viele Steine f\u00fcr die Kuppel befinden. An der linken Seite des Trims sind Kragsteine in die Mauer eingesetzt. An der rechten Seite f\u00fchrt eine kleine Wand\u00f6ffnung ins Freie.<\/p><\/div><\/div><div class='clear_column'><\/div><div class='content-column one_half'><div style=\"padding-right:6px;\"><p>Veliko hvala Minji \u010culi\u0107 \u0161to mi je pokazala trim.<\/p><\/div><\/div><div class='content-column one_half last_column'><div style=\"padding-right:0px;padding-left:6px;\"><p>Vielen Dank an Minja \u010culi\u0107, die mir den Trim gezeigt hat.<\/p><\/div><\/div><div class='clear_column'><\/div><div class='content-column one_half'><div style=\"padding-right:6px;\"><p>Dana 01.06.2021 trim je posje\u0107en i ustanovljeno je sljede\u0107e:<\/p>\n<p>Lokacija: grmlje<br \/>\nPodloga: ravna<br \/>\nPovezan s: nije povezan, samostoje\u0107i, izoliran<br \/>\nUpotreba: ne koristi se<br \/>\nStanje: kupola se sru\u0161ila<br \/>\nBroj stepenica trima: ?<br \/>\nDodatni kameni prsten: nema kamenog prstena<br \/>\nStepeni\u0161te: konzolne stepenice<br \/>\nOblik kamena: plosnat<br \/>\nPodru\u010dje ispred ulaza: kamenito<br \/>\nOrijentacija ulaza: SI (60\u00b0)<br \/>\nPromjer trima (cm): 450<br \/>\nVisina trima (cm): ?<br \/>\nVisina stepenica (cm): stepenica 1: ?<br \/>\nDebljina zida (cm): 75<br \/>\n\u0160irina vrata (cm): 90<br \/>\nVisina vrata (cm): ?<br \/>\n\u0160irina unutra (cm): 290 &#8211; 300<br \/>\nVisina unutra (cm): ?<br \/>\nVolumen iznutra (m3): ?<br \/>\nNi\u0161a 1 (P\/\u0160\/V\/D) (cm): 80 \/ 25 \/ 35 \/ 75<\/p><\/div><\/div><div class='content-column one_half last_column'><div style=\"padding-right:0px;padding-left:6px;\"><p>Am 01.06.2021 wurde der Trim besucht und n\u00e4her untersucht:<\/p>\n<p>Standort: Buschwerk<br \/>\nUntergrund: eben<br \/>\nVerbunden mit: freistehend<br \/>\nNutzung: ungenutzt<br \/>\nZustand: Kuppel fehlt<br \/>\nAnzahl der Trimstufen: ?<br \/>\nZus\u00e4tzlicher Steinring: kein Steinring<br \/>\nStiege: Kragsteine<br \/>\nSteinform: plattig<br \/>\nEingangsbereich: Steine<br \/>\nEingangsseite: NO (60\u00b0)<br \/>\nTrimdurchmesser (cm): 450<br \/>\nTrimh\u00f6he (cm): ?<br \/>\nH\u00f6he der Trimstufen (cm): Stufe 1: ?<br \/>\nWandst\u00e4rke (cm): 75<br \/>\nT\u00fcrbreite (cm): 90<br \/>\nT\u00fcrh\u00f6he (cm): ?<br \/>\nInnenraumbreite (cm): 290 &#8211; 300<br \/>\nInnenraumh\u00f6he (cm): ?<br \/>\nRaumvolumen (m3): ?<br \/>\nNische 1 (P\/B\/H\/T) (cm): 80 \/ 25 \/ 35 \/ 75<\/p><\/div><\/div><div class='clear_column'><\/div><\/p>\n<p><img loading=\"lazy\" decoding=\"async\" class=\"aligncenter size-full wp-image-53961\" src=\"https:\/\/www.topohvar.at\/wp-content\/uploads\/2021\/11\/ru-tr-27-scan.jpg\" alt=\"\" width=\"640\" height=\"980\" srcset=\"https:\/\/www.topohvar.at\/wp-content\/uploads\/2021\/11\/ru-tr-27-scan.jpg 640w, https:\/\/www.topohvar.at\/wp-content\/uploads\/2021\/11\/ru-tr-27-scan-196x300.jpg 196w\" sizes=\"auto, (max-width: 640px) 100vw, 640px\" \/><\/p>\n<p style=\"text-align: right;\"><span style=\"color: #3366ff;\"><a style=\"color: #3366ff;\" href=\"#seite_oben\">Natrag na vrh \/ Seitenanfang<\/a><\/span><\/p>\n<hr \/>\n<p><strong>Linkovi \/ Links<\/strong><\/p>\n<p>&#8211;<\/p>\n","protected":false},"excerpt":{"rendered":"<p>Ime \/ Name Trim \u00bbRU-TR-27\u00ab Code: RU-TR-27\u00a0 \u00a0 \u00a0 \u00a0 \u00a0 \u00a0 \u00a0 \u00a0 \u00a0 \u00a0 \u00a0 \u00a0\u00a0 \u00a0 \u00a0 \u00a0 \u00a0\u00a0 Adresa \/ Adresse Vela Rudina, zapadno od mjesta \/ westlich des Ortes Lokacija \/ Position Latitude: N 43,20348\u00b0\u00a0 &hellip; <a href=\"https:\/\/www.topohvar.at\/topo\/orte\/ru\/ru-tr-27-1\/\">Weiterlesen <span class=\"meta-nav\">&rarr;<\/span><\/a><\/p>\n","protected":false},"author":1,"featured_media":0,"parent":93,"menu_order":0,"comment_status":"closed","ping_status":"closed","template":"","meta":{"footnotes":""},"class_list":["post-49616","page","type-page","status-publish","hentry"],"_links":{"self":[{"href":"https:\/\/www.topohvar.at\/topo\/wp-json\/wp\/v2\/pages\/49616","targetHints":{"allow":["GET"]}}],"collection":[{"href":"https:\/\/www.topohvar.at\/topo\/wp-json\/wp\/v2\/pages"}],"about":[{"href":"https:\/\/www.topohvar.at\/topo\/wp-json\/wp\/v2\/types\/page"}],"author":[{"embeddable":true,"href":"https:\/\/www.topohvar.at\/topo\/wp-json\/wp\/v2\/users\/1"}],"replies":[{"embeddable":true,"href":"https:\/\/www.topohvar.at\/topo\/wp-json\/wp\/v2\/comments?post=49616"}],"version-history":[{"count":6,"href":"https:\/\/www.topohvar.at\/topo\/wp-json\/wp\/v2\/pages\/49616\/revisions"}],"predecessor-version":[{"id":53963,"href":"https:\/\/www.topohvar.at\/topo\/wp-json\/wp\/v2\/pages\/49616\/revisions\/53963"}],"up":[{"embeddable":true,"href":"https:\/\/www.topohvar.at\/topo\/wp-json\/wp\/v2\/pages\/93"}],"wp:attachment":[{"href":"https:\/\/www.topohvar.at\/topo\/wp-json\/wp\/v2\/media?parent=49616"}],"curies":[{"name":"wp","href":"https:\/\/api.w.org\/{rel}","templated":true}]}}