{"id":49645,"date":"2021-06-03T09:25:51","date_gmt":"2021-06-03T07:25:51","guid":{"rendered":"https:\/\/www.topohvar.at\/topo\/?page_id=49645"},"modified":"2021-11-30T18:54:25","modified_gmt":"2021-11-30T17:54:25","slug":"ru-tr-47-1","status":"publish","type":"page","link":"https:\/\/www.topohvar.at\/topo\/orte\/ru\/ru-tr-47-1\/","title":{"rendered":"RUDINA &#8211; Trim \u00bbRU-TR-47\u00ab"},"content":{"rendered":"<p><a name=\"seite_oben\"><\/a><br \/>\n<strong><img loading=\"lazy\" decoding=\"async\" class=\"alignnone wp-image-49648 size-full\" src=\"https:\/\/www.topohvar.at\/wp-content\/uploads\/2021\/06\/ru-tr-47-1.jpg\" alt=\"\" width=\"1080\" height=\"530\" srcset=\"https:\/\/www.topohvar.at\/wp-content\/uploads\/2021\/06\/ru-tr-47-1.jpg 1080w, https:\/\/www.topohvar.at\/wp-content\/uploads\/2021\/06\/ru-tr-47-1-300x147.jpg 300w, https:\/\/www.topohvar.at\/wp-content\/uploads\/2021\/06\/ru-tr-47-1-1024x503.jpg 1024w, https:\/\/www.topohvar.at\/wp-content\/uploads\/2021\/06\/ru-tr-47-1-768x377.jpg 768w\" sizes=\"auto, (max-width: 1080px) 100vw, 1080px\" \/><\/strong><\/p>\n<p><strong>Ime \/ Name<br \/>\n<\/strong>Trim \u00bbRU-TR-47\u00ab<\/p>\n<p><strong>Code: <\/strong>RU-TR-47\u00a0 \u00a0 \u00a0 \u00a0 \u00a0 \u00a0 \u00a0 \u00a0 \u00a0 \u00a0 \u00a0 \u00a0<strong>\u00a0 \u00a0 \u00a0 \u00a0 <a href=\"https:\/\/www.topohvar.at\/orte\/ru\/ru-tr-00-1\/\"><img loading=\"lazy\" decoding=\"async\" class=\"alignnone wp-image-12300 size-full\" src=\"https:\/\/www.topohvar.at\/wp-content\/uploads\/2018\/09\/push-vor-30.jpg\" alt=\"\" width=\"61\" height=\"30\" \/><\/a> <a href=\"https:\/\/www.topohvar.at\/orte\/ru\/ru-tr-46-1\/\"><img loading=\"lazy\" decoding=\"async\" class=\"alignnone wp-image-533 size-full\" src=\"https:\/\/www.topohvar.at\/wp-content\/uploads\/2018\/07\/push-l-30.jpg\" alt=\"\" width=\"61\" height=\"30\" \/><\/a>\u00a0<a href=\"https:\/\/www.topohvar.at\/orte\/ru\/\"><img loading=\"lazy\" decoding=\"async\" class=\"alignnone wp-image-535 size-full\" src=\"https:\/\/www.topohvar.at\/wp-content\/uploads\/2018\/07\/push-o-30.jpg\" alt=\"\" width=\"61\" height=\"30\" \/><\/a>\u00a0<a href=\"https:\/\/www.topohvar.at\/orte\/ru\/ru-tr-48-1\/\"><img loading=\"lazy\" decoding=\"async\" class=\"alignnone wp-image-536 size-full\" src=\"https:\/\/www.topohvar.at\/wp-content\/uploads\/2018\/07\/push-r-30.jpg\" alt=\"\" width=\"61\" height=\"30\" \/><\/a><\/strong><\/p>\n<hr \/>\n<p><strong>Adresa \/ Adresse<br \/>\n<\/strong>Vela Rudina, isto\u010dno od mjesta \/ \u00f6stlich des Ortes<\/p>\n<p><strong>Lokacija \/ Position<a href=\"https:\/\/goo.gl\/maps\/zqjQxkFXvJEcSnBn9\"><img loading=\"lazy\" decoding=\"async\" class=\"alignright wp-image-49646\" src=\"https:\/\/www.topohvar.at\/wp-content\/uploads\/2021\/06\/3207.jpg\" alt=\"\" width=\"134\" height=\"100\" \/><\/a><br \/>\n<\/strong><span style=\"color: #3366ff;\"><a href=\"https:\/\/goo.gl\/maps\/zqjQxkFXvJEcSnBn9\">Latitude: N 43,20366\u00b0\u00a0 \u00a0 Longitude: E 16,60119\u00b0<\/a>\u00a0<\/span><strong><br \/>\n<\/strong>Visina \/ H\u00f6he: 90 m<\/p>\n<p><strong>Katastarska \u010destica \/ Grundst\u00fccke<\/strong><\/p>\n<p>8856 (Stari Grad, Rudine)<div class='content-column one_half'><div style=\"padding-right:6px;\"><p><strong>Datum snimanja \/ Erfassungsdatum<\/strong><br \/>\n02.06.2021 12:52:00<\/p>\n<hr \/>\n<p><strong>Informacije<\/strong><\/p>\n<p>Trim je u grmlju isto\u010dno od Male Rudine. Njegov oblik, zajedno s kairnom i kamenim zidom, prili\u010dno je neobi\u010dan. Visoki ulaz u unutra\u0161njost udaljen je sa strane. Za\u0161ti\u0107en je kamenim zidom. Kupola je dosta ravna. Trim se vi\u0161e ne koristi.<\/p><\/div><\/div><div class='content-column one_half last_column'><div style=\"padding-right:0px;padding-left:6px;\"><p><strong>Stupanj za\u0161tite \/ Schutzstellung<\/strong><br \/>\n&#8211;<\/p>\n<hr \/>\n<p><strong>Info<\/strong><\/p>\n<p>Der Trim befindet sich im Buschwerk \u00f6stlich von Mala Rudina. Seine Formgebung, zusammen mit Steinhaufen und Steinmauer ist eher ungew\u00f6hnlich. Der hohe Eingang in den viereckigen Innenraum befindet sich weit auf der Seite. Er wird durch eine Steinmauer gesch\u00fctzt. Die Kuppel ist ziemlich flach ausgebildet. Der Trim wird nicht mehr genutzt.<\/p><\/div><\/div><div class='clear_column'><\/div><div class='content-column one_half'><div style=\"padding-right:6px;\"><div id=\"attachment_50829\" style=\"width: 310px\" class=\"wp-caption aligncenter\"><img loading=\"lazy\" decoding=\"async\" aria-describedby=\"caption-attachment-50829\" class=\"size-medium wp-image-50829\" src=\"https:\/\/www.topohvar.at\/wp-content\/uploads\/2021\/08\/ru-tr-47-0-300x300.jpg\" alt=\"\" width=\"300\" height=\"300\" srcset=\"https:\/\/www.topohvar.at\/wp-content\/uploads\/2021\/08\/ru-tr-47-0-300x300.jpg 300w, https:\/\/www.topohvar.at\/wp-content\/uploads\/2021\/08\/ru-tr-47-0-150x150.jpg 150w, https:\/\/www.topohvar.at\/wp-content\/uploads\/2021\/08\/ru-tr-47-0.jpg 450w\" sizes=\"auto, (max-width: 300px) 100vw, 300px\" \/><p id=\"caption-attachment-50829\" class=\"wp-caption-text\">Ulaz \/ Eingang<\/p><\/div><\/div><\/div><div class='content-column one_half last_column'><div style=\"padding-right:0px;padding-left:6px;\"><div id=\"attachment_50830\" style=\"width: 310px\" class=\"wp-caption aligncenter\"><img loading=\"lazy\" decoding=\"async\" aria-describedby=\"caption-attachment-50830\" class=\"size-medium wp-image-50830\" src=\"https:\/\/www.topohvar.at\/wp-content\/uploads\/2021\/08\/ru-tr-47-2-300x300.jpg\" alt=\"\" width=\"300\" height=\"300\" srcset=\"https:\/\/www.topohvar.at\/wp-content\/uploads\/2021\/08\/ru-tr-47-2-300x300.jpg 300w, https:\/\/www.topohvar.at\/wp-content\/uploads\/2021\/08\/ru-tr-47-2-150x150.jpg 150w, https:\/\/www.topohvar.at\/wp-content\/uploads\/2021\/08\/ru-tr-47-2.jpg 450w\" sizes=\"auto, (max-width: 300px) 100vw, 300px\" \/><p id=\"caption-attachment-50830\" class=\"wp-caption-text\">Dvori\u0161te prije trima\/ Vorhof<\/p><\/div><\/div><\/div><div class='clear_column'><\/div><div class='content-column one_half'><div style=\"padding-right:6px;\"><p>Dana 02.06.2021 trim je posje\u0107en i ustanovljeno je sljede\u0107e:<\/p>\n<p>Lokacija: livada, pa\u0161njak<br \/>\nPodloga: ravna<br \/>\nPovezan s: nesre\u0111nom kamenom gomilom , kamenim zidom<br \/>\nUpotreba: ne koristi se<br \/>\nStanje: dobro, prekriven vegetacijom<br \/>\nBroj stepenica trima: 1<br \/>\nDodatni kameni prsten: nema kamenog prstena<br \/>\nStepeni\u0161te: Stepenice i konzolne stepenice<br \/>\nOblik kamena: mje\u0161ovit<br \/>\nPodru\u010dje ispred ulaza: zaraslo<br \/>\nOrijentacija ulaza: J (200\u00b0)<br \/>\nPromjer trima (cm): 450<br \/>\nVisina trima (cm): 220<br \/>\nVisina stepenica (cm): stepenica 1: 180<br \/>\nDebljina zida (cm): 90<br \/>\n\u0160irina vrata (cm): 80<br \/>\nVisina vrata (cm): 145<br \/>\n\u0160irina unutra (cm): 200 &#8211; 270<br \/>\nVisina unutra (cm): 200<br \/>\nVolumen iznutra (m3): 6,88<br \/>\nNema ni\u0161e<\/p><\/div><\/div><div class='content-column one_half last_column'><div style=\"padding-right:0px;padding-left:6px;\"><p>Am 02.06.2021 wurde der Trim besucht und n\u00e4her untersucht:<\/p>\n<p>Standort: Wiese, Weide<br \/>\nUntergrund: eben<br \/>\nVerbunden mit: Steinhaufen ungeordnet<br \/>\nund Steinmauer<br \/>\nNutzung: ungenutzt<br \/>\nZustand: gut, verwachsen<br \/>\nAnzahl der Trimstufen: 1<br \/>\nZus\u00e4tzlicher Steinring: kein Steinring<br \/>\nStiege: Stiege und Kragsteine<br \/>\nSteinform: gemischt<br \/>\nEingangsbereich: verwachsen<br \/>\nEingangsseite: S (200\u00b0)<br \/>\nTrimdurchmesser (cm): 450<br \/>\nTrimh\u00f6he (cm): 220<br \/>\nH\u00f6he der Trimstufen (cm): Stufe 1: 180<br \/>\nWandst\u00e4rke (cm): 90<br \/>\nT\u00fcrbreite (cm): 80<br \/>\nT\u00fcrh\u00f6he (cm): 145<br \/>\nInnenraumbreite (cm): 200 &#8211; 270<br \/>\nInnenraumh\u00f6he (cm): 200<br \/>\nRaumvolumen (m3): 6,88<br \/>\nKeine Nische<\/p><\/div><\/div><div class='clear_column'><\/div><\/p>\n<p><img loading=\"lazy\" decoding=\"async\" class=\"aligncenter size-full wp-image-50831\" src=\"https:\/\/www.topohvar.at\/wp-content\/uploads\/2021\/08\/ru-tr-47-scan.jpg\" alt=\"\" width=\"600\" height=\"921\" srcset=\"https:\/\/www.topohvar.at\/wp-content\/uploads\/2021\/08\/ru-tr-47-scan.jpg 600w, https:\/\/www.topohvar.at\/wp-content\/uploads\/2021\/08\/ru-tr-47-scan-195x300.jpg 195w\" sizes=\"auto, (max-width: 600px) 100vw, 600px\" \/><\/p>\n<p style=\"text-align: right;\"><span style=\"color: #3366ff;\"><a style=\"color: #3366ff;\" href=\"#seite_oben\">Natrag na vrh \/ Seitenanfang<\/a><\/span><\/p>\n<hr \/>\n<p><strong>Linkovi \/ Links<\/strong><\/p>\n<p>&#8211;<\/p>\n","protected":false},"excerpt":{"rendered":"<p>Ime \/ Name Trim \u00bbRU-TR-47\u00ab Code: RU-TR-47\u00a0 \u00a0 \u00a0 \u00a0 \u00a0 \u00a0 \u00a0 \u00a0 \u00a0 \u00a0 \u00a0 \u00a0\u00a0 \u00a0 \u00a0 \u00a0 \u00a0\u00a0 Adresa \/ Adresse Vela Rudina, isto\u010dno od mjesta \/ \u00f6stlich des Ortes Lokacija \/ Position Latitude: N 43,20366\u00b0\u00a0 &hellip; <a href=\"https:\/\/www.topohvar.at\/topo\/orte\/ru\/ru-tr-47-1\/\">Weiterlesen <span class=\"meta-nav\">&rarr;<\/span><\/a><\/p>\n","protected":false},"author":1,"featured_media":0,"parent":93,"menu_order":0,"comment_status":"closed","ping_status":"closed","template":"","meta":{"footnotes":""},"class_list":["post-49645","page","type-page","status-publish","hentry"],"_links":{"self":[{"href":"https:\/\/www.topohvar.at\/topo\/wp-json\/wp\/v2\/pages\/49645","targetHints":{"allow":["GET"]}}],"collection":[{"href":"https:\/\/www.topohvar.at\/topo\/wp-json\/wp\/v2\/pages"}],"about":[{"href":"https:\/\/www.topohvar.at\/topo\/wp-json\/wp\/v2\/types\/page"}],"author":[{"embeddable":true,"href":"https:\/\/www.topohvar.at\/topo\/wp-json\/wp\/v2\/users\/1"}],"replies":[{"embeddable":true,"href":"https:\/\/www.topohvar.at\/topo\/wp-json\/wp\/v2\/comments?post=49645"}],"version-history":[{"count":10,"href":"https:\/\/www.topohvar.at\/topo\/wp-json\/wp\/v2\/pages\/49645\/revisions"}],"predecessor-version":[{"id":53971,"href":"https:\/\/www.topohvar.at\/topo\/wp-json\/wp\/v2\/pages\/49645\/revisions\/53971"}],"up":[{"embeddable":true,"href":"https:\/\/www.topohvar.at\/topo\/wp-json\/wp\/v2\/pages\/93"}],"wp:attachment":[{"href":"https:\/\/www.topohvar.at\/topo\/wp-json\/wp\/v2\/media?parent=49645"}],"curies":[{"name":"wp","href":"https:\/\/api.w.org\/{rel}","templated":true}]}}