{"id":49654,"date":"2021-06-03T09:37:43","date_gmt":"2021-06-03T07:37:43","guid":{"rendered":"https:\/\/www.topohvar.at\/topo\/?page_id=49654"},"modified":"2021-11-30T18:51:03","modified_gmt":"2021-11-30T17:51:03","slug":"ru-tr-51-1","status":"publish","type":"page","link":"https:\/\/www.topohvar.at\/topo\/orte\/ru\/ru-tr-51-1\/","title":{"rendered":"RUDINA &#8211; Trim \u00bbRU-TR-51\u00ab"},"content":{"rendered":"<p><a name=\"seite_oben\"><\/a><br \/>\n<strong><img loading=\"lazy\" decoding=\"async\" class=\"alignnone wp-image-49656 size-full\" src=\"https:\/\/www.topohvar.at\/wp-content\/uploads\/2021\/06\/ru-tr-51-1.jpg\" alt=\"\" width=\"1080\" height=\"530\" srcset=\"https:\/\/www.topohvar.at\/wp-content\/uploads\/2021\/06\/ru-tr-51-1.jpg 1080w, https:\/\/www.topohvar.at\/wp-content\/uploads\/2021\/06\/ru-tr-51-1-300x147.jpg 300w, https:\/\/www.topohvar.at\/wp-content\/uploads\/2021\/06\/ru-tr-51-1-1024x503.jpg 1024w, https:\/\/www.topohvar.at\/wp-content\/uploads\/2021\/06\/ru-tr-51-1-768x377.jpg 768w\" sizes=\"auto, (max-width: 1080px) 100vw, 1080px\" \/><\/strong><\/p>\n<p><strong>Ime \/ Name<br \/>\n<\/strong>Trim \u00bbRU-TR-51\u00ab<\/p>\n<p><strong>Code: <\/strong>RU-TR-51\u00a0 \u00a0 \u00a0 \u00a0 \u00a0 \u00a0 \u00a0 \u00a0 \u00a0 \u00a0 \u00a0 \u00a0<strong>\u00a0 \u00a0 \u00a0 \u00a0 <a href=\"https:\/\/www.topohvar.at\/orte\/ru\/ru-tr-00-1\/\"><img loading=\"lazy\" decoding=\"async\" class=\"alignnone wp-image-12300 size-full\" src=\"https:\/\/www.topohvar.at\/wp-content\/uploads\/2018\/09\/push-vor-30.jpg\" alt=\"\" width=\"61\" height=\"30\" \/><\/a> <a href=\"https:\/\/www.topohvar.at\/orte\/ru\/ru-tr-50-1\/\"><img loading=\"lazy\" decoding=\"async\" class=\"alignnone wp-image-533 size-full\" src=\"https:\/\/www.topohvar.at\/wp-content\/uploads\/2018\/07\/push-l-30.jpg\" alt=\"\" width=\"61\" height=\"30\" \/><\/a>\u00a0<a href=\"https:\/\/www.topohvar.at\/orte\/ru\/\"><img loading=\"lazy\" decoding=\"async\" class=\"alignnone wp-image-535 size-full\" src=\"https:\/\/www.topohvar.at\/wp-content\/uploads\/2018\/07\/push-o-30.jpg\" alt=\"\" width=\"61\" height=\"30\" \/><\/a>\u00a0<a href=\"https:\/\/www.topohvar.at\/orte\/ru\/ru-tr-45-1\/\"><img loading=\"lazy\" decoding=\"async\" class=\"alignnone wp-image-536 size-full\" src=\"https:\/\/www.topohvar.at\/wp-content\/uploads\/2018\/07\/push-r-30.jpg\" alt=\"\" width=\"61\" height=\"30\" \/><\/a><\/strong><\/p>\n<hr \/>\n<p><strong>Adresa \/ Adresse<br \/>\n<\/strong>Vela Rudina, sjeverno od mjesta \/ n\u00f6rdlich des Ortes<\/p>\n<p><strong>Lokacija \/ Position<a href=\"https:\/\/goo.gl\/maps\/7x2mCSQp6f3T5E8k9\"><img loading=\"lazy\" decoding=\"async\" class=\"alignright wp-image-49655\" src=\"https:\/\/www.topohvar.at\/wp-content\/uploads\/2021\/06\/3208.jpg\" alt=\"\" width=\"134\" height=\"100\" \/><\/a><br \/>\n<\/strong><span style=\"color: #3366ff;\"><a href=\"https:\/\/goo.gl\/maps\/7x2mCSQp6f3T5E8k9\">Latitude: N 43,21285\u00b0\u00a0 \u00a0 Longitude: E 16,59828\u00b0<\/a>\u00a0<\/span><strong><br \/>\n<\/strong>Visina \/ H\u00f6he: 49 m<\/p>\n<p><strong>Katastarska \u010destica \/ Grundst\u00fccke<br \/>\n<\/strong>9135\/19 (Stari Grad, Rudine)<div class='content-column one_half'><div style=\"padding-right:6px;\"><p><strong>Datum snimanja \/ Erfassungsdatum<br \/>\n<\/strong>02.06.2021 15:19:00<\/p>\n<hr \/>\n<p><strong>Informacije<\/strong><\/p>\n<p>Trim je u\u0161u\u0161kan u \u0161umi, sjeverno od Male Rudine. Iznad prve nadvratnike nalazi se veliki otvor. Tek iznad je stvarna nadvratnik. Unutra\u0161njost je kru\u017ena, pri vrhu nedostaje dio pokrovne plo\u010de. trim je u dobrom stanju, ali se vi\u0161e ne koristi.<\/p><\/div><\/div><div class='content-column one_half last_column'><div style=\"padding-right:0px;padding-left:6px;\"><p><strong>Stupanj za\u0161tite \/ Schutzstellung<br \/>\n<\/strong>&#8211;<\/p>\n<hr \/>\n<p><strong>Info<\/strong><\/p>\n<p>Der Trim befindet sich versteckt im Wald, n\u00f6rdlich von Mala Rudina. \u00dcber dem ersten T\u00fcr\u00fcberlager findet sich eine gro\u00dfe \u00d6ffnung. Erst dar\u00fcber das eigentliche \u00dcberlager. Der Innenraum ist kreisrund, oben fehlt ein Teil der Abdeckplatte. Der Trim ist gut erhalten, wird aber nicht mehr genutzt.<\/p><\/div><\/div><div class='clear_column'><\/div><div class='content-column one_half'><div style=\"padding-right:6px;\"><div id=\"attachment_50822\" style=\"width: 310px\" class=\"wp-caption aligncenter\"><img loading=\"lazy\" decoding=\"async\" aria-describedby=\"caption-attachment-50822\" class=\"size-medium wp-image-50822\" src=\"https:\/\/www.topohvar.at\/wp-content\/uploads\/2021\/08\/ru-tr-51-0-300x300.jpg\" alt=\"\" width=\"300\" height=\"300\" srcset=\"https:\/\/www.topohvar.at\/wp-content\/uploads\/2021\/08\/ru-tr-51-0-300x300.jpg 300w, https:\/\/www.topohvar.at\/wp-content\/uploads\/2021\/08\/ru-tr-51-0-150x150.jpg 150w, https:\/\/www.topohvar.at\/wp-content\/uploads\/2021\/08\/ru-tr-51-0.jpg 450w\" sizes=\"auto, (max-width: 300px) 100vw, 300px\" \/><p id=\"caption-attachment-50822\" class=\"wp-caption-text\">Ulaz \/ Eingang<\/p><\/div><\/div><\/div><div class='content-column one_half last_column'><div style=\"padding-right:0px;padding-left:6px;\"><div id=\"attachment_50823\" style=\"width: 310px\" class=\"wp-caption aligncenter\"><img loading=\"lazy\" decoding=\"async\" aria-describedby=\"caption-attachment-50823\" class=\"size-medium wp-image-50823\" src=\"https:\/\/www.topohvar.at\/wp-content\/uploads\/2021\/08\/ru-tr-51-4-300x300.jpg\" alt=\"\" width=\"300\" height=\"300\" srcset=\"https:\/\/www.topohvar.at\/wp-content\/uploads\/2021\/08\/ru-tr-51-4-300x300.jpg 300w, https:\/\/www.topohvar.at\/wp-content\/uploads\/2021\/08\/ru-tr-51-4-150x150.jpg 150w, https:\/\/www.topohvar.at\/wp-content\/uploads\/2021\/08\/ru-tr-51-4.jpg 450w\" sizes=\"auto, (max-width: 300px) 100vw, 300px\" \/><p id=\"caption-attachment-50823\" class=\"wp-caption-text\">Zapadna strana \/ Westseite<\/p><\/div><\/div><\/div><div class='clear_column'><\/div><div class='content-column one_half'><div style=\"padding-right:6px;\"><\/p>\n<p>Dana\t02.06.2021\ttrim je posje\u0107en i ustanovljeno je sljede\u0107e:\t<\/p>\n<p>Lokacija: \tgrmlje<br \/>\nPodloga: \tnako\u0161ena<br \/>\nPovezan s: \tkamenim zidom<br \/>\nUpotreba: \tne koristi se<br \/>\nStanje: \tdobro sa\u010duvan<br \/>\nBroj stepenica trima:\t1<br \/>\nDodatni kameni prsten: \tnema kamenog prstena<br \/>\nStepeni\u0161te: \tnema<br \/>\nOblik kamena: \tplosnat<br \/>\nPodru\u010dje ispred ulaza: \tlako dostupno<br \/>\nOrijentacija ulaza: \tS (350\u00b0)<br \/>\nPromjer trima (cm): \t330<br \/>\nVisina trima (cm): \t210<br \/>\nVisina stepenica (cm): \tstepenica 1: 170<br \/>\nDebljina zida (cm): \t65<br \/>\n\u0160irina vrata (cm): \t90<br \/>\nVisina vrata (cm): \t90<br \/>\n\u0160irina unutra (cm):\t200<br \/>\nVisina unutra (cm): \t210<br \/>\nVolumen iznutra (m3): \t4,17<br \/>\nNema ni\u0161e\t\t\t<\/p><\/div><\/div><div class='content-column one_half last_column'><div style=\"padding-right:0px;padding-left:6px;\"><\/p>\n<p>Am\t02.06.2021\twurde der Trim besucht und n\u00e4her untersucht:\t<\/p>\n<p>Standort: \tBuschwerk<br \/>\nUntergrund: \tgeneigt<br \/>\nVerbunden mit: \tSteinmauer<br \/>\nNutzung: \tungenutzt<br \/>\nZustand: \tgut erhalten<br \/>\nAnzahl der Trimstufen:\t1<br \/>\nZus\u00e4tzlicher Steinring: \tkein Steinring<br \/>\nStiege: \tkeine<br \/>\nSteinform: \tplattig<br \/>\nEingangsbereich: \tfrei<br \/>\nEingangsseite:\tN (350\u00b0)<br \/>\nTrimdurchmesser (cm): \t330<br \/>\nTrimh\u00f6he (cm): \t210<br \/>\nH\u00f6he der Trimstufen (cm): \tStufe 1: 170<br \/>\nWandst\u00e4rke (cm): \t65<br \/>\nT\u00fcrbreite (cm): \t90<br \/>\nT\u00fcrh\u00f6he (cm): \t90<br \/>\nInnenraumbreite (cm):\t200<br \/>\nInnenraumh\u00f6he (cm): \t210<br \/>\nRaumvolumen (m3): \t4,17<br \/>\nKeine Nische\t\t\t<\/p><\/div><\/div><div class='clear_column'><\/div>\t\t\t<\/p>\n<p><img loading=\"lazy\" decoding=\"async\" class=\"aligncenter size-full wp-image-50824\" src=\"https:\/\/www.topohvar.at\/wp-content\/uploads\/2021\/08\/ru-tr-51-scan.jpg\" alt=\"\" width=\"600\" height=\"915\" srcset=\"https:\/\/www.topohvar.at\/wp-content\/uploads\/2021\/08\/ru-tr-51-scan.jpg 600w, https:\/\/www.topohvar.at\/wp-content\/uploads\/2021\/08\/ru-tr-51-scan-197x300.jpg 197w\" sizes=\"auto, (max-width: 600px) 100vw, 600px\" \/><\/p>\n<p style=\"text-align: right;\"><span style=\"color: #3366ff;\"><a style=\"color: #3366ff;\" href=\"#seite_oben\">Natrag na vrh \/ Seitenanfang<\/a><\/span><\/p>\n<hr \/>\n<p><strong>Linkovi \/ Links<\/strong><\/p>\n<p>&#8211;<\/p>\n","protected":false},"excerpt":{"rendered":"<p>Ime \/ Name Trim \u00bbRU-TR-51\u00ab Code: RU-TR-51\u00a0 \u00a0 \u00a0 \u00a0 \u00a0 \u00a0 \u00a0 \u00a0 \u00a0 \u00a0 \u00a0 \u00a0\u00a0 \u00a0 \u00a0 \u00a0 \u00a0\u00a0 Adresa \/ Adresse Vela Rudina, sjeverno od mjesta \/ n\u00f6rdlich des Ortes Lokacija \/ Position Latitude: N 43,21285\u00b0\u00a0 &hellip; <a href=\"https:\/\/www.topohvar.at\/topo\/orte\/ru\/ru-tr-51-1\/\">Weiterlesen <span class=\"meta-nav\">&rarr;<\/span><\/a><\/p>\n","protected":false},"author":1,"featured_media":0,"parent":93,"menu_order":0,"comment_status":"closed","ping_status":"closed","template":"","meta":{"footnotes":""},"class_list":["post-49654","page","type-page","status-publish","hentry"],"_links":{"self":[{"href":"https:\/\/www.topohvar.at\/topo\/wp-json\/wp\/v2\/pages\/49654","targetHints":{"allow":["GET"]}}],"collection":[{"href":"https:\/\/www.topohvar.at\/topo\/wp-json\/wp\/v2\/pages"}],"about":[{"href":"https:\/\/www.topohvar.at\/topo\/wp-json\/wp\/v2\/types\/page"}],"author":[{"embeddable":true,"href":"https:\/\/www.topohvar.at\/topo\/wp-json\/wp\/v2\/users\/1"}],"replies":[{"embeddable":true,"href":"https:\/\/www.topohvar.at\/topo\/wp-json\/wp\/v2\/comments?post=49654"}],"version-history":[{"count":6,"href":"https:\/\/www.topohvar.at\/topo\/wp-json\/wp\/v2\/pages\/49654\/revisions"}],"predecessor-version":[{"id":53969,"href":"https:\/\/www.topohvar.at\/topo\/wp-json\/wp\/v2\/pages\/49654\/revisions\/53969"}],"up":[{"embeddable":true,"href":"https:\/\/www.topohvar.at\/topo\/wp-json\/wp\/v2\/pages\/93"}],"wp:attachment":[{"href":"https:\/\/www.topohvar.at\/topo\/wp-json\/wp\/v2\/media?parent=49654"}],"curies":[{"name":"wp","href":"https:\/\/api.w.org\/{rel}","templated":true}]}}