{"id":50212,"date":"2021-06-28T05:49:38","date_gmt":"2021-06-28T03:49:38","guid":{"rendered":"https:\/\/www.topohvar.at\/topo\/?page_id=50212"},"modified":"2021-12-19T09:13:55","modified_gmt":"2021-12-19T08:13:55","slug":"ru-ob-07-1","status":"publish","type":"page","link":"https:\/\/www.topohvar.at\/topo\/orte\/ru\/ru-ob-07-1\/","title":{"rendered":"RUDINA &#8211; Objekt \u00bbStiralo (vjerojatno)\u00ab"},"content":{"rendered":"<p><a name=\"seite_oben\"><\/a><br \/>\n<strong><img loading=\"lazy\" decoding=\"async\" class=\"aligncenter wp-image-50214 size-full\" src=\"https:\/\/www.topohvar.at\/wp-content\/uploads\/2021\/06\/ru-ob-07-1.jpg\" alt=\"\" width=\"1080\" height=\"530\" srcset=\"https:\/\/www.topohvar.at\/wp-content\/uploads\/2021\/06\/ru-ob-07-1.jpg 1080w, https:\/\/www.topohvar.at\/wp-content\/uploads\/2021\/06\/ru-ob-07-1-300x147.jpg 300w, https:\/\/www.topohvar.at\/wp-content\/uploads\/2021\/06\/ru-ob-07-1-1024x503.jpg 1024w, https:\/\/www.topohvar.at\/wp-content\/uploads\/2021\/06\/ru-ob-07-1-768x377.jpg 768w\" sizes=\"auto, (max-width: 1080px) 100vw, 1080px\" \/><\/strong><\/p>\n<p><strong>Ime \/ Name<br \/>\n<\/strong>Objekt \u00bbStiralo (vjerojatno)\u00ab \/ vermutlich ein Dreschboden<\/p>\n<p><strong>Code: <\/strong>RU-OB-07\u00a0 \u00a0 \u00a0 \u00a0 \u00a0 \u00a0 \u00a0 \u00a0 \u00a0 \u00a0 \u00a0 \u00a0 \u00a0 \u00a0 <strong>\u00a0 \u00a0 \u00a0 \u00a0 \u00a0\u00a0<a href=\"https:\/\/www.topohvar.at\/orte\/ru\/ru-ob-06-1\/\"><img loading=\"lazy\" decoding=\"async\" class=\"alignnone wp-image-533 size-full\" src=\"https:\/\/www.topohvar.at\/wp-content\/uploads\/2018\/07\/push-l-30.jpg\" alt=\"\" width=\"61\" height=\"30\" \/><\/a>\u00a0<a href=\"https:\/\/www.topohvar.at\/orte\/ru\/\"><img loading=\"lazy\" decoding=\"async\" class=\"alignnone wp-image-535 size-full\" src=\"https:\/\/www.topohvar.at\/wp-content\/uploads\/2018\/07\/push-o-30.jpg\" alt=\"\" width=\"61\" height=\"30\" \/><\/a>\u00a0<a href=\"https:\/\/www.topohvar.at\/orte\/ru\/ru-ob-08-1\/\"><img loading=\"lazy\" decoding=\"async\" class=\"alignnone wp-image-536 size-full\" src=\"https:\/\/www.topohvar.at\/wp-content\/uploads\/2018\/07\/push-r-30.jpg\" alt=\"\" width=\"61\" height=\"30\" \/><\/a> <a href=\"https:\/\/www.topohvar.at\/orte\/ru\/ru-os-01-1\/\"><img loading=\"lazy\" decoding=\"async\" class=\"alignnone wp-image-12299 size-full\" src=\"https:\/\/www.topohvar.at\/wp-content\/uploads\/2018\/09\/push-next-30.jpg\" alt=\"\" width=\"61\" height=\"30\" \/><\/a><\/strong><\/p>\n<hr \/>\n<p><strong>Adresa \/ Adresse<br \/>\n<\/strong>Mala Rudina<\/p>\n<p><strong>Lokacija \/ Position<a href=\"https:\/\/goo.gl\/maps\/yj1wV8jyHL5WgPEG7\"><img loading=\"lazy\" decoding=\"async\" class=\"alignright wp-image-50213\" src=\"https:\/\/www.topohvar.at\/wp-content\/uploads\/2021\/06\/3254.jpg\" alt=\"\" width=\"134\" height=\"100\" \/><\/a><br \/>\n<\/strong><span style=\"color: #3366ff;\"><a href=\"https:\/\/goo.gl\/maps\/yj1wV8jyHL5WgPEG7\">Latitude: N 43,21165\u00b0\u00a0 \u00a0 Longitude: E 16,59809\u00b0<\/a>\u00a0<\/span><strong><br \/>\n<\/strong>Visina \/ H\u00f6he: 71 m<\/p>\n<p><strong>Katastarska \u010destica \/ Grundst\u00fccke<br \/>\n<\/strong>9135\/20 (Stari Grad, Rudina)<div class='content-column one_half'><div style=\"padding-right:6px;\"><p><strong>Datum snimanja \/ Erfassungsdatum<br \/>\n<\/strong>02.06.2021 15:00:02<\/p>\n<hr \/>\n<p><strong>Informacije<\/strong><\/p>\n<p>Predmet na hrpi kamenja ima pribli\u017eno kru\u017eni oblik promjera oko 2 metra. Ravni pod sastoji se od velikih kamenih plo\u010da. Zglobovi su mu zape\u010da\u0107eni \u017ebukom. Ravna povr\u0161ina obrubljena je pa\u017eljivo dizajniranim kamenim vijencem.<\/p><\/div><\/div><div class='content-column one_half last_column'><div style=\"padding-right:0px;padding-left:6px;\"><p><strong>Stupanj za\u0161tite \/ Schutzstellung<br \/>\n<\/strong>&#8211;<\/p>\n<hr \/>\n<p><strong>Info<\/strong><\/p>\n<p>Das Objekt auf einem Steinhaufen hat ann\u00e4hernd kreisf\u00f6rmige Gestalt mit einem Durchmesser von ca. 2 Metern. Der ebene Boden besteht aus Steinplatten. Seine Fugen sind mit M\u00f6rtel verschlossen.\u00a0 Umgrenzt wird die ebene Fl\u00e4che mit einem sorgf\u00e4ltig gestalteten Steinkranz.<\/p><\/div><\/div><div class='clear_column'><\/div><div class='content-column one_half'><div style=\"padding-right:6px;\"><p>Za ovaj objekt gospodin Filip \u0160rajer (Dragodid) ima sljede\u0107e obja\u0161njenje:<\/p><\/div><\/div><div class='content-column one_half last_column'><div style=\"padding-right:0px;padding-left:6px;\"><p>F\u00fcr dieses Objekt hat Herr Filip \u0160rajer (Dragodid) folgende Erkl\u00e4rung:<\/p><\/div><\/div><div class='clear_column'><\/div><div class='content-column one_half'><div style=\"padding-right:6px;\"><p>U blizini je naselje Mala Rudina oko kojega su vidljive parcele zasa\u0111ene vinogradima, maslinama i \u017eitom. Svako selo uzgajalo je prakti\u010dki sve kulture potrebne za \u017eivot. U nedovoljnoj koli\u010dini, ali nije bilo specijalizacije.<\/p><\/div><\/div><div class='content-column one_half last_column'><div style=\"padding-right:0px;padding-left:6px;\"><p>In der N\u00e4he liegt das Dorf Mala Rudina, um das herum die Grundst\u00fccke mit Weinst\u00f6cken, Olivenb\u00e4umen und Getreide bepflanzt sind. Jedes Dorf kultivierte praktisch alle zum Leben notwendigen Kulturen. In unzureichender Menge, aber es gab keine Spezialisierung.<\/p><\/div><\/div><div class='clear_column'><\/div><div class='content-column one_half'><div style=\"padding-right:6px;\"><p>Krajem 19. stolje\u0107a do\u0161ao je vinogradarski boom, kada je \u0161uma na ovoj lokaciji vjerojatno pretvorena u vinograd, \u0161to se vidi po suhozidima. Kad su vinogradi propali, na Hvaru ih je prvo zamijenio buha\u010d pa lavanda. Svugdje gdje se kasnije sadila lavanda, nekada je u pravilu bio vinograd.<\/p><\/div><\/div><div class='content-column one_half last_column'><div style=\"padding-right:0px;padding-left:6px;\"><p>Ende des 19. Jahrhunderts kam der Weinbauboom, wo der Wald an dieser Stelle vermutlich in einen Weinberg umgewandelt wurde, wie man an den Trockenmauern erkennen kann. Als die Weinberge verfielen, wurden sie auf Hvar zuerst durch Pyrethrum und dann durch Lavendel ersetzt. Wo sp\u00e4ter Lavendel gepflanzt wurde, war fr\u00fcher in der Regel ein Weinberg.<\/p><\/div><\/div><div class='clear_column'><\/div><div class='content-column one_half'><div style=\"padding-right:6px;\"><p>Ustanovili smo da ovdje doista nije bilo oranice, dakle nije gumno. \u0160to se obra\u0111uje na sli\u010dan na\u010din kao \u017eito, da mi je potrebna ravna povr\u0161ina? Ru\u017emarin! Ovdje se mo\u017eda radi o stiralu, povr\u0161ini za tu\u0107i ru\u017emarin. Nisam nikada vidio namjenski napravljeno stiralo, ali to ne zna\u010di da ih nije moglo biti &#8230;<\/p><\/div><\/div><div class='content-column one_half last_column'><div style=\"padding-right:0px;padding-left:6px;\"><p>Wir stellten fest, dass es an dieser Stelle wirklich kein Ackerland gab, also auch keine Tenne. Was wird aber \u00e4hnlich wie Getreide verarbeitet, f\u00fcr das ich eine ebene Oberfl\u00e4che ben\u00f6tige? Rosmarin! Dies kann ein Styrol sein, eine Oberfl\u00e4che zum Schlagen von Rosmarin. Ich habe noch nie so einen speziell angefertigten Dreschboden gesehen, aber das bedeutet nicht, dass es keinen gibt &#8230;<\/p><\/div><\/div><div class='clear_column'><\/div><\/p>\n<hr \/>\n<p><strong>Linkovi \/ Links<\/strong><\/p>\n<p><span style=\"color: #3366ff;\">&#8211;<\/span><\/p>\n","protected":false},"excerpt":{"rendered":"<p>Ime \/ Name Objekt \u00bbStiralo (vjerojatno)\u00ab \/ vermutlich ein Dreschboden Code: RU-OB-07\u00a0 \u00a0 \u00a0 \u00a0 \u00a0 \u00a0 \u00a0 \u00a0 \u00a0 \u00a0 \u00a0 \u00a0 \u00a0 \u00a0 \u00a0 \u00a0 \u00a0 \u00a0 \u00a0\u00a0\u00a0\u00a0 Adresa \/ Adresse Mala Rudina Lokacija \/ Position Latitude: N &hellip; <a href=\"https:\/\/www.topohvar.at\/topo\/orte\/ru\/ru-ob-07-1\/\">Weiterlesen <span class=\"meta-nav\">&rarr;<\/span><\/a><\/p>\n","protected":false},"author":1,"featured_media":0,"parent":93,"menu_order":0,"comment_status":"closed","ping_status":"closed","template":"","meta":{"footnotes":""},"class_list":["post-50212","page","type-page","status-publish","hentry"],"_links":{"self":[{"href":"https:\/\/www.topohvar.at\/topo\/wp-json\/wp\/v2\/pages\/50212","targetHints":{"allow":["GET"]}}],"collection":[{"href":"https:\/\/www.topohvar.at\/topo\/wp-json\/wp\/v2\/pages"}],"about":[{"href":"https:\/\/www.topohvar.at\/topo\/wp-json\/wp\/v2\/types\/page"}],"author":[{"embeddable":true,"href":"https:\/\/www.topohvar.at\/topo\/wp-json\/wp\/v2\/users\/1"}],"replies":[{"embeddable":true,"href":"https:\/\/www.topohvar.at\/topo\/wp-json\/wp\/v2\/comments?post=50212"}],"version-history":[{"count":8,"href":"https:\/\/www.topohvar.at\/topo\/wp-json\/wp\/v2\/pages\/50212\/revisions"}],"predecessor-version":[{"id":55315,"href":"https:\/\/www.topohvar.at\/topo\/wp-json\/wp\/v2\/pages\/50212\/revisions\/55315"}],"up":[{"embeddable":true,"href":"https:\/\/www.topohvar.at\/topo\/wp-json\/wp\/v2\/pages\/93"}],"wp:attachment":[{"href":"https:\/\/www.topohvar.at\/topo\/wp-json\/wp\/v2\/media?parent=50212"}],"curies":[{"name":"wp","href":"https:\/\/api.w.org\/{rel}","templated":true}]}}