{"id":50487,"date":"2021-06-30T17:15:48","date_gmt":"2021-06-30T15:15:48","guid":{"rendered":"https:\/\/www.topohvar.at\/topo\/?page_id=50487"},"modified":"2021-11-30T16:52:41","modified_gmt":"2021-11-30T15:52:41","slug":"hu-tg-01-1","status":"publish","type":"page","link":"https:\/\/www.topohvar.at\/topo\/orte\/hu\/hu-tg-01-1\/","title":{"rendered":"HUMAC &#8211; Zgrada \u00bbStra\u017ebenica\u00ab"},"content":{"rendered":"<p><a name=\"seite_oben\"><\/a><br \/>\n<strong><img loading=\"lazy\" decoding=\"async\" class=\"alignnone wp-image-50489 size-full\" src=\"https:\/\/www.topohvar.at\/wp-content\/uploads\/2021\/06\/hu-tg-01-1.jpg\" alt=\"\" width=\"1080\" height=\"530\" srcset=\"https:\/\/www.topohvar.at\/wp-content\/uploads\/2021\/06\/hu-tg-01-1.jpg 1080w, https:\/\/www.topohvar.at\/wp-content\/uploads\/2021\/06\/hu-tg-01-1-300x147.jpg 300w, https:\/\/www.topohvar.at\/wp-content\/uploads\/2021\/06\/hu-tg-01-1-1024x503.jpg 1024w, https:\/\/www.topohvar.at\/wp-content\/uploads\/2021\/06\/hu-tg-01-1-768x377.jpg 768w\" sizes=\"auto, (max-width: 1080px) 100vw, 1080px\" \/><\/strong><\/p>\n<p><strong>Ime \/ Name<br \/>\n<\/strong>Zgrada \u00bbStra<span style=\"color: #000000;\">\u017ebenica<\/span>\u00ab \/ W\u00e4chterhaus<\/p>\n<p><strong>Code: <\/strong>HU-TG-01\u00a0 \u00a0 \u00a0 \u00a0 \u00a0 \u00a0 \u00a0 \u00a0<strong>\u00a0 \u00a0 \u00a0 \u00a0 \u00a0 \u00a0 \u00a0 \u00a0 \u00a0 \u00a0 \u00a0 \u00a0 \u00a0 \u00a0 <a href=\"https:\/\/www.topohvar.at\/orte\/hu\/\"><img loading=\"lazy\" decoding=\"async\" class=\"alignnone wp-image-535 size-full\" src=\"https:\/\/www.topohvar.at\/wp-content\/uploads\/2018\/07\/push-o-30.jpg\" alt=\"\" width=\"61\" height=\"30\" \/><\/a> \u00a0 \u00a0 \u00a0<\/strong><\/p>\n<hr \/>\n<p><strong>Adresa \/ Adresse<br \/>\n<\/strong>Humac, ju\u017eno od sela<\/p>\n<p><strong>Lokacija \/ Position<a href=\"https:\/\/goo.gl\/maps\/Uwqo22xCYUu4nRcJ6\"><img loading=\"lazy\" decoding=\"async\" class=\"alignright wp-image-50488\" src=\"https:\/\/www.topohvar.at\/wp-content\/uploads\/2021\/06\/3265.jpg\" alt=\"\" width=\"134\" height=\"100\" \/><\/a><br \/>\n<\/strong><span style=\"color: #3366ff;\"><a style=\"color: #3366ff;\" href=\"https:\/\/goo.gl\/maps\/Uwqo22xCYUu4nRcJ6\">Latitude: N 43,14095\u00b0\u00a0 \u00a0 Longitude: E 16,75900\u00b0<\/a>\u00a0<\/span><strong><br \/>\n<\/strong>Visina \/ H\u00f6he: 347 m<\/p>\n<p><strong>Katastarska \u010destica <\/strong><strong>\/ Grundst\u00fccke<br \/>\n<\/strong>5411 (Jelsa)<div class='content-column one_half'><div style=\"padding-right:6px;\"><p><strong>Datum snimanja \/ Erfassungsdatum<br \/>\n<\/strong>14.06.2021 12:33:00<\/p>\n<hr \/>\n<p><strong>Informacije<\/strong><\/p>\n<p>Informativna plo\u010da pored ku\u0107e obja\u0161njava:<\/p>\n<p>STRA\u017dBENICA<br \/>\nKrajem XIX. i po\u010detkom XX. st. na okotu je uspostavljen sustav protugradne obrane. Na tu\u010donose oblake pucalo se iz topova koji su se \u010duvali u kamenim ku\u0107icama, zvanim stra\u017ebenice.<\/p><\/div><\/div><div class='content-column one_half last_column'><div style=\"padding-right:0px;padding-left:6px;\"><p><strong>Stupanj za\u0161tite<\/strong><strong> \/ Schutzstellung<br \/>\n<\/strong>&#8211;<\/p>\n<hr \/>\n<p><strong>Info<\/strong><\/p>\n<p>Eine Infotafel neben dem Geb\u00e4ude erkl\u00e4rt:<\/p>\n<p>W\u00e4chterhaus<br \/>\nAm Ende des XIX. und zu Beginn des 20. Jahrhunderts wurde in der Gegend ein Hagelschutzsystem eingerichtet. In die Hagelwolken wurden aus Kanonen, die in Steinh\u00e4usern aufbewahrt wurden, sogenannten &#8222;stra\u017ebenice&#8220;, gefeuert.<\/p><\/div><\/div><div class='clear_column'><\/div><\/p>\n<p><img loading=\"lazy\" decoding=\"async\" class=\"alignnone size-full wp-image-50492\" src=\"https:\/\/www.topohvar.at\/wp-content\/uploads\/2021\/06\/hu-tg-01-20.jpg\" alt=\"\" width=\"1080\" height=\"530\" srcset=\"https:\/\/www.topohvar.at\/wp-content\/uploads\/2021\/06\/hu-tg-01-20.jpg 1080w, https:\/\/www.topohvar.at\/wp-content\/uploads\/2021\/06\/hu-tg-01-20-300x147.jpg 300w, https:\/\/www.topohvar.at\/wp-content\/uploads\/2021\/06\/hu-tg-01-20-1024x503.jpg 1024w, https:\/\/www.topohvar.at\/wp-content\/uploads\/2021\/06\/hu-tg-01-20-768x377.jpg 768w\" sizes=\"auto, (max-width: 1080px) 100vw, 1080px\" \/><\/p>\n<p style=\"text-align: right;\"><span style=\"color: #3366ff;\"><a style=\"color: #3366ff;\" href=\"#seite_oben\">natrag na vrh \/ Seitenanfang<\/a><\/span><\/p>\n<hr \/>\n<p><strong>Linkovi \/ Links\u00a0<\/strong><\/p>\n<p><span style=\"color: #3366ff;\">&#8211;<\/span><\/p>\n","protected":false},"excerpt":{"rendered":"<p>Ime \/ Name Zgrada \u00bbStra\u017ebenica\u00ab \/ W\u00e4chterhaus Code: HU-TG-01\u00a0 \u00a0 \u00a0 \u00a0 \u00a0 \u00a0 \u00a0 \u00a0\u00a0 \u00a0 \u00a0 \u00a0 \u00a0 \u00a0 \u00a0 \u00a0 \u00a0 \u00a0 \u00a0 \u00a0 \u00a0 \u00a0 \u00a0 \u00a0 \u00a0 Adresa \/ Adresse Humac, ju\u017eno od sela Lokacija &hellip; <a href=\"https:\/\/www.topohvar.at\/topo\/orte\/hu\/hu-tg-01-1\/\">Weiterlesen <span class=\"meta-nav\">&rarr;<\/span><\/a><\/p>\n","protected":false},"author":1,"featured_media":0,"parent":78,"menu_order":0,"comment_status":"closed","ping_status":"closed","template":"","meta":{"footnotes":""},"class_list":["post-50487","page","type-page","status-publish","hentry"],"_links":{"self":[{"href":"https:\/\/www.topohvar.at\/topo\/wp-json\/wp\/v2\/pages\/50487","targetHints":{"allow":["GET"]}}],"collection":[{"href":"https:\/\/www.topohvar.at\/topo\/wp-json\/wp\/v2\/pages"}],"about":[{"href":"https:\/\/www.topohvar.at\/topo\/wp-json\/wp\/v2\/types\/page"}],"author":[{"embeddable":true,"href":"https:\/\/www.topohvar.at\/topo\/wp-json\/wp\/v2\/users\/1"}],"replies":[{"embeddable":true,"href":"https:\/\/www.topohvar.at\/topo\/wp-json\/wp\/v2\/comments?post=50487"}],"version-history":[{"count":5,"href":"https:\/\/www.topohvar.at\/topo\/wp-json\/wp\/v2\/pages\/50487\/revisions"}],"predecessor-version":[{"id":53863,"href":"https:\/\/www.topohvar.at\/topo\/wp-json\/wp\/v2\/pages\/50487\/revisions\/53863"}],"up":[{"embeddable":true,"href":"https:\/\/www.topohvar.at\/topo\/wp-json\/wp\/v2\/pages\/78"}],"wp:attachment":[{"href":"https:\/\/www.topohvar.at\/topo\/wp-json\/wp\/v2\/media?parent=50487"}],"curies":[{"name":"wp","href":"https:\/\/api.w.org\/{rel}","templated":true}]}}