{"id":50510,"date":"2021-07-01T07:12:18","date_gmt":"2021-07-01T05:12:18","guid":{"rendered":"https:\/\/www.topohvar.at\/topo\/?page_id=50510"},"modified":"2024-06-02T17:06:46","modified_gmt":"2024-06-02T15:06:46","slug":"hu-ob-05-1","status":"publish","type":"page","link":"https:\/\/www.topohvar.at\/topo\/orte\/hu\/hu-ob-05-1\/","title":{"rendered":"HUMAC &#8211; Objekt \u00bbTeleskop\u00ab"},"content":{"rendered":"<p><a name=\"seite_oben\"><\/a><br \/>\n<strong><img loading=\"lazy\" decoding=\"async\" class=\"alignnone wp-image-50511 size-full\" src=\"https:\/\/www.topohvar.at\/wp-content\/uploads\/2021\/07\/hu-ob-05-1.jpg\" alt=\"\" width=\"1080\" height=\"530\" srcset=\"https:\/\/www.topohvar.at\/wp-content\/uploads\/2021\/07\/hu-ob-05-1.jpg 1080w, https:\/\/www.topohvar.at\/wp-content\/uploads\/2021\/07\/hu-ob-05-1-300x147.jpg 300w, https:\/\/www.topohvar.at\/wp-content\/uploads\/2021\/07\/hu-ob-05-1-1024x503.jpg 1024w, https:\/\/www.topohvar.at\/wp-content\/uploads\/2021\/07\/hu-ob-05-1-768x377.jpg 768w\" sizes=\"auto, (max-width: 1080px) 100vw, 1080px\" \/><\/strong><\/p>\n<p><strong>Ime \/ Name<br \/>\n<\/strong>Objekt \u00bbTeleskop\u00ab<\/p>\n<p><strong>Code: <\/strong>HU-OB-05\u00a0 \u00a0 \u00a0 \u00a0 \u00a0 \u00a0 \u00a0 \u00a0 \u00a0 \u00a0 \u00a0 \u00a0 \u00a0 \u00a0 \u00a0 \u00a0 \u00a0 \u00a0 \u00a0 \u00a0 \u00a0<strong> <a href=\"https:\/\/www.topohvar.at\/topo\/orte\/hu\/hu-pu-01-1\/\"><img loading=\"lazy\" decoding=\"async\" class=\"alignnone wp-image-12300 size-full\" src=\"https:\/\/www.topohvar.at\/wp-content\/uploads\/2018\/09\/push-vor-30.jpg\" alt=\"\" width=\"61\" height=\"30\" \/><\/a> <a href=\"https:\/\/www.topohvar.at\/topo\/orte\/hu\/hu-ob-07-1\/\"><img loading=\"lazy\" decoding=\"async\" class=\"alignnone wp-image-533 size-full\" src=\"https:\/\/www.topohvar.at\/wp-content\/uploads\/2018\/07\/push-l-30.jpg\" alt=\"\" width=\"61\" height=\"30\" \/><\/a> <a href=\"https:\/\/www.topohvar.at\/orte\/hu\/\"><img loading=\"lazy\" decoding=\"async\" class=\"alignnone wp-image-535 size-full\" src=\"https:\/\/www.topohvar.at\/wp-content\/uploads\/2018\/07\/push-o-30.jpg\" alt=\"\" width=\"61\" height=\"30\" \/><\/a> <a href=\"https:\/\/www.topohvar.at\/topo\/orte\/hu\/hu-ob-06-1\/\"><img loading=\"lazy\" decoding=\"async\" class=\"alignnone wp-image-536 size-full\" src=\"https:\/\/www.topohvar.at\/wp-content\/uploads\/2018\/07\/push-r-30.jpg\" alt=\"\" width=\"61\" height=\"30\" \/><\/a> <a href=\"https:\/\/www.topohvar.at\/topo\/orte\/hu\/hu-ob-01-1\/\"><img loading=\"lazy\" decoding=\"async\" class=\"alignnone wp-image-12299 size-full\" src=\"https:\/\/www.topohvar.at\/wp-content\/uploads\/2018\/09\/push-next-30.jpg\" alt=\"\" width=\"61\" height=\"30\" \/><\/a> <\/strong><\/p>\n<hr \/>\n<p><strong>Adresa \/ Adresse<br \/>\n<\/strong>Humac<\/p>\n<p><strong>Lokacija \/ Position<a href=\"https:\/\/goo.gl\/maps\/p8min5gZovZRrvk97\"><img loading=\"lazy\" decoding=\"async\" class=\"alignright wp-image-50512\" src=\"https:\/\/www.topohvar.at\/wp-content\/uploads\/2021\/07\/3266.jpg\" alt=\"\" width=\"134\" height=\"100\" \/><\/a><br \/>\n<\/strong><span style=\"color: #3366ff;\"><a style=\"color: #3366ff;\" href=\"https:\/\/goo.gl\/maps\/p8min5gZovZRrvk97\">Latitude: N 43,14069\u00b0\u00a0 \u00a0Longitude: E 16,75918\u00b0 <\/a><\/span><strong><br \/>\n<\/strong>Visina \/ H\u00f6he: 352 m<\/p>\n<p><strong>Katastarska \u010destica <\/strong><strong>\/ Grundst\u00fccke<br \/>\n<\/strong>5413 (Jelsa) <div class='content-column one_half'><div style=\"padding-right:6px;\"><p><strong>Datum snimanja \/ Erfassungsdatum<br \/>\n<\/strong>14.06.2021 12:37:41<\/p>\n<hr \/>\n<p><strong>Informacije<\/strong><\/p>\n<p>Informativna plo\u010da u blizini obja\u0161njava:<\/p>\n<p>TELESKOP<br \/>\nVIDIKOVAC<\/p>\n<p>Panoramski teleskop s pogledom na cijeli otok I sve \u010detiri strane svijeta. Vide se poluotok Pelje\u0161ac, otoci Kor\u010dula, \u0160\u0107edro I Vis s ju\u017ene te \u0160olta i Bra\u010d kao I planina Biokovo s Makarskim primorjem sa sjeverne strane otoka.<\/p><\/div><\/div><div class='content-column one_half last_column'><div style=\"padding-right:0px;padding-left:6px;\"><p><strong>Stupanj za\u0161tite<\/strong><strong> \/ Schutzstellung<br \/>\n<\/strong>&#8211;<\/p>\n<hr \/>\n<p><strong>Info<\/strong><\/p>\n<p>Eine Infotafel in der N\u00e4he erkl\u00e4rt:<\/p>\n<p>TELESKOP<br \/>\nVIDIKOVAC<br \/>\nPanoramateleskop mit Blick auf die gesamte Insel und alle vier Himmelsrichtungen. Zu sehen sind die Halbinsel Pelje\u0161ac, die Inseln Kor\u010dula, \u0160\u0107edro und Vis im S\u00fcden und weiters \u0160olta und Bra\u010d, sowie das Biokovo-Gebirge mit der Makarska-K\u00fcste auf der Nordseite der Insel.<\/p><\/div><\/div><div class='clear_column'><\/div><\/p>\n<p style=\"text-align: right;\"><span style=\"color: #3366ff;\"><a style=\"color: #3366ff;\" href=\"#seite_oben\">natrag na vrh \/ Seitenanfang<\/a><\/span><\/p>\n<p><img loading=\"lazy\" decoding=\"async\" class=\"alignnone size-full wp-image-50516 aligncenter\" src=\"https:\/\/www.topohvar.at\/wp-content\/uploads\/2021\/07\/hu-ob-05-2.jpg\" alt=\"\" width=\"300\" height=\"300\" srcset=\"https:\/\/www.topohvar.at\/wp-content\/uploads\/2021\/07\/hu-ob-05-2.jpg 300w, https:\/\/www.topohvar.at\/wp-content\/uploads\/2021\/07\/hu-ob-05-2-150x150.jpg 150w\" sizes=\"auto, (max-width: 300px) 100vw, 300px\" \/><\/p>\n<hr \/>\n<p><strong>Linkovi \/ Links<\/strong><\/p>\n<p>&#8211;<\/p>\n","protected":false},"excerpt":{"rendered":"<p>Ime \/ Name Objekt \u00bbTeleskop\u00ab Code: HU-OB-05\u00a0 \u00a0 \u00a0 \u00a0 \u00a0 \u00a0 \u00a0 \u00a0 \u00a0 \u00a0 \u00a0 \u00a0 \u00a0 \u00a0 \u00a0 \u00a0 \u00a0 \u00a0 \u00a0 \u00a0 \u00a0 Adresa \/ Adresse Humac Lokacija \/ Position Latitude: N 43,14069\u00b0\u00a0 \u00a0Longitude: E 16,75918\u00b0 &hellip; <a href=\"https:\/\/www.topohvar.at\/topo\/orte\/hu\/hu-ob-05-1\/\">Weiterlesen <span class=\"meta-nav\">&rarr;<\/span><\/a><\/p>\n","protected":false},"author":1,"featured_media":0,"parent":78,"menu_order":0,"comment_status":"closed","ping_status":"closed","template":"","meta":{"footnotes":""},"class_list":["post-50510","page","type-page","status-publish","hentry"],"_links":{"self":[{"href":"https:\/\/www.topohvar.at\/topo\/wp-json\/wp\/v2\/pages\/50510","targetHints":{"allow":["GET"]}}],"collection":[{"href":"https:\/\/www.topohvar.at\/topo\/wp-json\/wp\/v2\/pages"}],"about":[{"href":"https:\/\/www.topohvar.at\/topo\/wp-json\/wp\/v2\/types\/page"}],"author":[{"embeddable":true,"href":"https:\/\/www.topohvar.at\/topo\/wp-json\/wp\/v2\/users\/1"}],"replies":[{"embeddable":true,"href":"https:\/\/www.topohvar.at\/topo\/wp-json\/wp\/v2\/comments?post=50510"}],"version-history":[{"count":7,"href":"https:\/\/www.topohvar.at\/topo\/wp-json\/wp\/v2\/pages\/50510\/revisions"}],"predecessor-version":[{"id":67742,"href":"https:\/\/www.topohvar.at\/topo\/wp-json\/wp\/v2\/pages\/50510\/revisions\/67742"}],"up":[{"embeddable":true,"href":"https:\/\/www.topohvar.at\/topo\/wp-json\/wp\/v2\/pages\/78"}],"wp:attachment":[{"href":"https:\/\/www.topohvar.at\/topo\/wp-json\/wp\/v2\/media?parent=50510"}],"curies":[{"name":"wp","href":"https:\/\/api.w.org\/{rel}","templated":true}]}}