{"id":51959,"date":"2021-10-03T09:34:17","date_gmt":"2021-10-03T07:34:17","guid":{"rendered":"https:\/\/www.topohvar.at\/topo\/?page_id=51959"},"modified":"2023-06-16T16:24:59","modified_gmt":"2023-06-16T14:24:59","slug":"za-tr-a3-1","status":"publish","type":"page","link":"https:\/\/www.topohvar.at\/topo\/orte\/za\/za-tr-a3-1\/","title":{"rendered":"ZASTRA\u017dI\u0160\u0106E \u2013 Trim \u00bbZA-TR-A3\u00ab"},"content":{"rendered":"<p><a name=\"seite_oben\"><\/a><br \/>\n<strong><img loading=\"lazy\" decoding=\"async\" class=\"alignnone wp-image-51962 size-full\" src=\"https:\/\/www.topohvar.at\/wp-content\/uploads\/2021\/10\/za-tr-a3-1.jpg\" alt=\"\" width=\"1080\" height=\"530\" srcset=\"https:\/\/www.topohvar.at\/wp-content\/uploads\/2021\/10\/za-tr-a3-1.jpg 1080w, https:\/\/www.topohvar.at\/wp-content\/uploads\/2021\/10\/za-tr-a3-1-300x147.jpg 300w, https:\/\/www.topohvar.at\/wp-content\/uploads\/2021\/10\/za-tr-a3-1-1024x503.jpg 1024w, https:\/\/www.topohvar.at\/wp-content\/uploads\/2021\/10\/za-tr-a3-1-768x377.jpg 768w\" sizes=\"auto, (max-width: 1080px) 100vw, 1080px\" \/><\/strong><\/p>\n<p><strong>Ime \/ Name<br \/>\n<\/strong>Trim \u00bbZA-TR-A3\u00ab<\/p>\n<p><strong>Code: <\/strong>ZA-TR-A3\u00a0 \u00a0 \u00a0 \u00a0 \u00a0 \u00a0 \u00a0 \u00a0 \u00a0 \u00a0 \u00a0 \u00a0 \u00a0 \u00a0 <a href=\"https:\/\/www.topohvar.at\/orte\/za\/za-tr-00-00\/\"><img loading=\"lazy\" decoding=\"async\" class=\"alignnone wp-image-12300 size-full\" src=\"https:\/\/www.topohvar.at\/wp-content\/uploads\/2018\/09\/push-vor-30.jpg\" alt=\"\" width=\"61\" height=\"30\" \/><\/a>\u00a0<strong><a href=\"https:\/\/www.topohvar.at\/orte\/za\/za-tr-a2-1\/\"><img loading=\"lazy\" decoding=\"async\" class=\"alignnone wp-image-533 size-full\" src=\"https:\/\/www.topohvar.at\/wp-content\/uploads\/2018\/07\/push-l-30.jpg\" alt=\"\" width=\"61\" height=\"30\" \/><\/a> <a href=\"https:\/\/www.topohvar.at\/orte\/za\/\"><img loading=\"lazy\" decoding=\"async\" class=\"alignnone wp-image-535 size-full\" src=\"https:\/\/www.topohvar.at\/wp-content\/uploads\/2018\/07\/push-o-30.jpg\" alt=\"\" width=\"61\" height=\"30\" \/><\/a> <a href=\"https:\/\/www.topohvar.at\/orte\/za\/za-tr-02-1\/\"><img loading=\"lazy\" decoding=\"async\" class=\"alignnone wp-image-536 size-full\" src=\"https:\/\/www.topohvar.at\/wp-content\/uploads\/2018\/07\/push-r-30.jpg\" alt=\"\" width=\"61\" height=\"30\" \/><\/a><\/strong><\/p>\n<hr \/>\n<p><strong>Adresa \/ Adresse<br \/>\n<\/strong>Zastra\u017ei\u0161\u0107e, Zla\u0107ine, jugozapadno od D. Polja<\/p>\n<p><strong>Lokacija \/ Position<a href=\"https:\/\/goo.gl\/maps\/Sy9qXAd9nMxf3kFD6\"><img loading=\"lazy\" decoding=\"async\" class=\"alignright wp-image-43484\" src=\"https:\/\/www.topohvar.at\/wp-content\/uploads\/2020\/11\/3062.jpg\" alt=\"\" width=\"134\" height=\"100\" \/><\/a><br \/>\n<\/strong><a href=\"https:\/\/goo.gl\/maps\/Sy9qXAd9nMxf3kFD6\"><span style=\"color: #3366ff;\">Latitude: N 43,14219\u00b0\u00a0 \u00a0Longitude: E 16,82728\u00b0<\/span><\/a> <strong><br \/>\n<\/strong>Visina \/ H\u00f6he: 185 m<\/p>\n<p><strong>Katastarska \u010destica \/ Grundst\u00fccke<br \/>\n<\/strong>892\/21, 892\/147<div class='content-column one_half'><div style=\"padding-right:6px;\"><p><strong>Datum snimanja \/ Erfassungsdatum<br \/>\n<\/strong>02.10.2021 15:54:15<\/p>\n<hr \/>\n<p><strong>Informacije<\/strong><\/p>\n<p>Na poljoprivrednom podru\u010dju jugozapadno od sela D. Polje smje\u0161tena je ansambl koju \u010dine dva trima, gustirna i pjover.<\/p><\/div><\/div><div class='content-column one_half last_column'><div style=\"padding-right:0px;padding-left:6px;\"><p><strong>Stupanj za\u0161tite \/ Schutzstellung<br \/>\n<\/strong>&#8211;<\/p>\n<hr \/>\n<p><strong>Info<\/strong><\/p>\n<p>Ein Ensemble, bestehend aus zwei Trims, Gustirna und Pjover, befindet sich in einem landwirtschaftlichen Gebiet s\u00fcdwestlich der Ortschaft D. Polje.<\/p><\/div><\/div><div class='clear_column'><\/div><\/p>\n<div id=\"attachment_51957\" style=\"width: 650px\" class=\"wp-caption aligncenter\"><img loading=\"lazy\" decoding=\"async\" aria-describedby=\"caption-attachment-51957\" class=\"wp-image-51957 size-full\" src=\"https:\/\/www.topohvar.at\/wp-content\/uploads\/2021\/10\/za-tr-a2-a3-1.jpg\" alt=\"\" width=\"640\" height=\"300\" srcset=\"https:\/\/www.topohvar.at\/wp-content\/uploads\/2021\/10\/za-tr-a2-a3-1.jpg 640w, https:\/\/www.topohvar.at\/wp-content\/uploads\/2021\/10\/za-tr-a2-a3-1-300x141.jpg 300w\" sizes=\"auto, (max-width: 640px) 100vw, 640px\" \/><p id=\"caption-attachment-51957\" class=\"wp-caption-text\">trim &#8211; ZA-TR-A3\u00a0 \u00a0 \u00a0 \u00a0 \u00a0 \u00a0 \u00a0 \u00a0 \u00a0 \u00a0 \u00a0 \u00a0 \u00a0 \u00a0 \u00a0 pjover\u00a0 \u00a0 \u00a0 \u00a0 \u00a0 \u00a0 \u00a0 \u00a0 \u00a0 \u00a0 \u00a0 \u00a0 \u00a0 \u00a0 \u00a0trim &#8211; ZA-TR-A2<\/p><\/div>\n<div class='content-column one_half'><div style=\"padding-right:6px;\"><p>Zapadni, ne\u0161to manji od dva trima, ima dvije stepenice. Jako je o\u0161te\u0107en na lijevoj strani. Ovdje su i ostaci kamenog stubi\u0161ta koje je vodilo do prve trim razine. Pristup unutra\u0161njosti ote\u017eava stablo smokve. Okrugla unutra\u0161njost ima pod od stijene koji se uzdi\u017ee lijevo na oko 1\/2 m visine. U visokom interijeru nalazi se zidna ni\u0161a. Iza trima nalazi se veliki pjover, prekriveno valovitim plo\u010dama, i usmjerava ki\u0161nicu u susjednu otvorenu cisternu. Trim se vi\u0161e ne koristi.<\/p><\/div><\/div><div class='content-column one_half last_column'><div style=\"padding-right:0px;padding-left:6px;\"><p>Der westliche, etwas kleinere der beiden Trims, besitzt zwei Stufen. Er ist an seiner linken Seite stark besch\u00e4digt. Hier befinden sich auch die Reste einer Steinstiege, die auf die erste Trimstufe f\u00fchrte. Der Zugang in das Innere wird durch einen Feigenbaum erschwert. Der runde Innenraum hat einen Boden aus Felsgestein, der links hinten bis etwa 1\/2 m hoch ansteigt. im hohen Innenraum befindet sich eine Wandnische. Eine gr0\u00dfe Wasserauffangfl\u00e4che, bedeckt mit Wellplatten, befindet sich hinter dem Trim und leitet das Regenwasser in die angrenzende offene Zisterne. Der Trim wird nicht mehr genutzt.<\/p><\/div><\/div><div class='clear_column'><\/div><div class='content-column one_half'><div style=\"padding-right:6px;\"><p>Izvor: Hrvatska osnovna karta- Geoportal DGU<\/p><\/div><\/div><div class='content-column one_half last_column'><div style=\"padding-right:0px;padding-left:6px;\"><p>Quelle: Grundkarte Kroatiens- Geoportal DGU<\/p><\/div><\/div><div class='clear_column'><\/div><div class='content-column one_half'><div style=\"padding-right:6px;\"><div id=\"attachment_54353\" style=\"width: 310px\" class=\"wp-caption aligncenter\"><img loading=\"lazy\" decoding=\"async\" aria-describedby=\"caption-attachment-54353\" class=\"size-medium wp-image-54353\" src=\"https:\/\/www.topohvar.at\/wp-content\/uploads\/2021\/12\/za-tr-a3-10-300x300.jpg\" alt=\"\" width=\"300\" height=\"300\" srcset=\"https:\/\/www.topohvar.at\/wp-content\/uploads\/2021\/12\/za-tr-a3-10-300x300.jpg 300w, https:\/\/www.topohvar.at\/wp-content\/uploads\/2021\/12\/za-tr-a3-10-150x150.jpg 150w, https:\/\/www.topohvar.at\/wp-content\/uploads\/2021\/12\/za-tr-a3-10.jpg 450w\" sizes=\"auto, (max-width: 300px) 100vw, 300px\" \/><p id=\"caption-attachment-54353\" class=\"wp-caption-text\">Ulaz \/ Eingang<\/p><\/div>\n<p>Dana 02.10.2021 trim ZA-TR-A3 je posje\u0107en i ustanovljeno je sljede\u0107e:<\/p>\n<p>Lokacija: livada, pa\u0161njak<br \/>\nPodloga: stjenovita<br \/>\nPovezan s: nije povezan, samostoje\u0107i, izoliran<br \/>\nUpotreba: ne koristi se<br \/>\nStanje: dijelovi su se sru\u0161ili<br \/>\nBroj stepenica trima: 2<br \/>\nDodatni kameni prsten: nema kamenog prstena<br \/>\nStepeni\u0161te: stepenica<br \/>\nOblik kamena: uglast<br \/>\nPodru\u010dje ispred ulaza: za\u0161ti\u0107eno<br \/>\nOrijentacija ulaza: JZ (210\u00b0)<br \/>\nPromjer trima (cm): 450<br \/>\nVisina trima (cm): 360<br \/>\nVisina stepenica (cm): stepenica 1: 170 , stepenica 2: 310<br \/>\nDebljina zida (cm): 90<br \/>\n\u0160irina vrata (cm): 80<br \/>\nVisina vrata (cm): 115<br \/>\n\u0160irina unutra (cm): 270<br \/>\nVisina unutra (cm): 340<br \/>\nVolumen iznutra (m3): 10,93<br \/>\nNi\u0161a 1 (P\/\u0160\/V\/D) (cm): 120 \/ 35 \/ 20 \/ 45<\/p><\/div><\/div><div class='content-column one_half last_column'><div style=\"padding-right:0px;padding-left:6px;\"><div id=\"attachment_54354\" style=\"width: 310px\" class=\"wp-caption aligncenter\"><img loading=\"lazy\" decoding=\"async\" aria-describedby=\"caption-attachment-54354\" class=\"size-medium wp-image-54354\" src=\"https:\/\/www.topohvar.at\/wp-content\/uploads\/2021\/12\/za-tr-a3-11-300x300.jpg\" alt=\"\" width=\"300\" height=\"300\" srcset=\"https:\/\/www.topohvar.at\/wp-content\/uploads\/2021\/12\/za-tr-a3-11-300x300.jpg 300w, https:\/\/www.topohvar.at\/wp-content\/uploads\/2021\/12\/za-tr-a3-11-150x150.jpg 150w, https:\/\/www.topohvar.at\/wp-content\/uploads\/2021\/12\/za-tr-a3-11.jpg 450w\" sizes=\"auto, (max-width: 300px) 100vw, 300px\" \/><p id=\"caption-attachment-54354\" class=\"wp-caption-text\">Pogled na zapad \/ Blick nach Westen<\/p><\/div>\n<p>Am 02.10.2021 wurde der Trim ZA-TR-A3 besucht und n\u00e4her untersucht:<\/p>\n<p>Standort: Wiese, Weide<br \/>\nUntergrund: Fels<br \/>\nVerbunden mit: freistehend<br \/>\nNutzung: ungenutzt<br \/>\nZustand: Teile abgest\u00fcrzt<br \/>\nAnzahl der Trimstufen: 2<br \/>\nZus\u00e4tzlicher Steinring: kein Steinring<br \/>\nStiege: Stiege<br \/>\nSteinform: kantig<br \/>\nEingangsbereich: gesch\u00fctzt<br \/>\nEingangsseite: SW (210\u00b0)<br \/>\nTrimdurchmesser (cm): 450<br \/>\nTrimh\u00f6he (cm): 360<br \/>\nH\u00f6he der Trimstufen (cm): Stufe 1: 170 , Stufe 2: 310<br \/>\nWandst\u00e4rke (cm): 90<br \/>\nT\u00fcrbreite (cm): 80<br \/>\nT\u00fcrh\u00f6he (cm): 115<br \/>\nInnenraumbreite (cm): 270<br \/>\nInnenraumh\u00f6he (cm): 340<br \/>\nRaumvolumen (m3): 10,93<br \/>\nNische 1 (P\/B\/H\/T) (cm): 120 \/ 35 \/ 20 \/ 45<\/p><\/div><\/div><div class='clear_column'><\/div><\/p>\n<p><img loading=\"lazy\" decoding=\"async\" class=\"aligncenter size-full wp-image-54352\" src=\"https:\/\/www.topohvar.at\/wp-content\/uploads\/2021\/12\/za-tr-a3-1-sca.jpg\" alt=\"\" width=\"640\" height=\"959\" srcset=\"https:\/\/www.topohvar.at\/wp-content\/uploads\/2021\/12\/za-tr-a3-1-sca.jpg 640w, https:\/\/www.topohvar.at\/wp-content\/uploads\/2021\/12\/za-tr-a3-1-sca-200x300.jpg 200w\" sizes=\"auto, (max-width: 640px) 100vw, 640px\" \/><\/p>\n<p style=\"text-align: right;\"><a href=\"#seite_oben\">natrag na vrh \/ Seitenanfang<\/a><\/p>\n<hr \/>\n<p><strong>Linkovi \/ Links<\/strong><\/p>\n<p><span style=\"color: #3366ff;\"><a style=\"color: #3366ff;\" href=\"https:\/\/www.topohvar.at\/topo\/orte\/za\/za-tr-a3-1\/\">Trim &#8211; ZA-TR-A2<\/a><\/span><br \/>\n<span style=\"color: #3366ff;\"><a style=\"color: #3366ff;\" href=\"https:\/\/www.topohvar.at\/topo\/orte\/za\/za-op-00-0\/#op-11\">Gustirna &#8211; ZA-OP-11<\/a><\/span><\/p>\n","protected":false},"excerpt":{"rendered":"<p>Ime \/ Name Trim \u00bbZA-TR-A3\u00ab Code: ZA-TR-A3\u00a0 \u00a0 \u00a0 \u00a0 \u00a0 \u00a0 \u00a0 \u00a0 \u00a0 \u00a0 \u00a0 \u00a0 \u00a0 \u00a0 \u00a0 Adresa \/ Adresse Zastra\u017ei\u0161\u0107e, Zla\u0107ine, jugozapadno od D. Polja Lokacija \/ Position Latitude: N 43,14219\u00b0\u00a0 \u00a0Longitude: E 16,82728\u00b0 Visina &hellip; <a href=\"https:\/\/www.topohvar.at\/topo\/orte\/za\/za-tr-a3-1\/\">Weiterlesen <span class=\"meta-nav\">&rarr;<\/span><\/a><\/p>\n","protected":false},"author":1,"featured_media":0,"parent":115,"menu_order":0,"comment_status":"closed","ping_status":"closed","template":"","meta":{"footnotes":""},"class_list":["post-51959","page","type-page","status-publish","hentry"],"_links":{"self":[{"href":"https:\/\/www.topohvar.at\/topo\/wp-json\/wp\/v2\/pages\/51959","targetHints":{"allow":["GET"]}}],"collection":[{"href":"https:\/\/www.topohvar.at\/topo\/wp-json\/wp\/v2\/pages"}],"about":[{"href":"https:\/\/www.topohvar.at\/topo\/wp-json\/wp\/v2\/types\/page"}],"author":[{"embeddable":true,"href":"https:\/\/www.topohvar.at\/topo\/wp-json\/wp\/v2\/users\/1"}],"replies":[{"embeddable":true,"href":"https:\/\/www.topohvar.at\/topo\/wp-json\/wp\/v2\/comments?post=51959"}],"version-history":[{"count":10,"href":"https:\/\/www.topohvar.at\/topo\/wp-json\/wp\/v2\/pages\/51959\/revisions"}],"predecessor-version":[{"id":63403,"href":"https:\/\/www.topohvar.at\/topo\/wp-json\/wp\/v2\/pages\/51959\/revisions\/63403"}],"up":[{"embeddable":true,"href":"https:\/\/www.topohvar.at\/topo\/wp-json\/wp\/v2\/pages\/115"}],"wp:attachment":[{"href":"https:\/\/www.topohvar.at\/topo\/wp-json\/wp\/v2\/media?parent=51959"}],"curies":[{"name":"wp","href":"https:\/\/api.w.org\/{rel}","templated":true}]}}