{"id":52050,"date":"2021-10-08T10:01:29","date_gmt":"2021-10-08T08:01:29","guid":{"rendered":"https:\/\/www.topohvar.at\/topo\/?page_id=52050"},"modified":"2021-12-02T09:39:06","modified_gmt":"2021-12-02T08:39:06","slug":"gv-tr-71-1","status":"publish","type":"page","link":"https:\/\/www.topohvar.at\/topo\/orte\/gv\/gv-tr-71-1\/","title":{"rendered":"VELO GRABLJE &#8211; Trim \u00bbGV-TR-71\u00ab"},"content":{"rendered":"<p><a name=\"seite_oben\"><\/a><br \/>\n<strong><img loading=\"lazy\" decoding=\"async\" class=\"alignnone wp-image-52051 size-full\" src=\"https:\/\/www.topohvar.at\/wp-content\/uploads\/2021\/10\/gv-tr-71-1.jpg\" alt=\"\" width=\"1080\" height=\"530\" srcset=\"https:\/\/www.topohvar.at\/wp-content\/uploads\/2021\/10\/gv-tr-71-1.jpg 1080w, https:\/\/www.topohvar.at\/wp-content\/uploads\/2021\/10\/gv-tr-71-1-300x147.jpg 300w, https:\/\/www.topohvar.at\/wp-content\/uploads\/2021\/10\/gv-tr-71-1-1024x503.jpg 1024w, https:\/\/www.topohvar.at\/wp-content\/uploads\/2021\/10\/gv-tr-71-1-768x377.jpg 768w\" sizes=\"auto, (max-width: 1080px) 100vw, 1080px\" \/><\/strong><\/p>\n<p><strong>Ime \/ Name<br \/>\n<\/strong>Trim \u00bbGV-TR-71\u00ab<\/p>\n<p><strong>Code: <\/strong>GV-TR-71\u00a0 \u00a0 \u00a0 \u00a0 \u00a0 \u00a0 \u00a0 \u00a0 \u00a0 \u00a0 \u00a0 \u00a0 \u00a0 \u00a0<a href=\"https:\/\/www.topohvar.at\/orte\/gv\/gv-tr-00-1\/\"><img loading=\"lazy\" decoding=\"async\" class=\"alignnone wp-image-12300 size-full\" src=\"https:\/\/www.topohvar.at\/wp-content\/uploads\/2018\/09\/push-vor-30.jpg\" alt=\"\" width=\"61\" height=\"30\" \/><\/a>\u00a0<strong><a href=\"https:\/\/www.topohvar.at\/orte\/gv\/gv-tr-33-1\/\"><img loading=\"lazy\" decoding=\"async\" class=\"alignnone wp-image-533 size-full\" src=\"https:\/\/www.topohvar.at\/wp-content\/uploads\/2018\/07\/push-l-30.jpg\" alt=\"\" width=\"61\" height=\"30\" \/><\/a> <a href=\"https:\/\/www.topohvar.at\/orte\/gv\/\"><img loading=\"lazy\" decoding=\"async\" class=\"alignnone wp-image-535 size-full\" src=\"https:\/\/www.topohvar.at\/wp-content\/uploads\/2018\/07\/push-o-30.jpg\" alt=\"\" width=\"61\" height=\"30\" \/><\/a> <a href=\"https:\/\/www.topohvar.at\/orte\/gv\/gv-tr-07-1\/\"><img loading=\"lazy\" decoding=\"async\" class=\"alignnone wp-image-536 size-full\" src=\"https:\/\/www.topohvar.at\/wp-content\/uploads\/2018\/07\/push-r-30.jpg\" alt=\"\" width=\"61\" height=\"30\" \/><\/a><\/strong><\/p>\n<hr \/>\n<p><strong>Adresa \/ Adresse<br \/>\n<\/strong>Velo Grablje<\/p>\n<p><strong>Lokacija \/ Position<a href=\"https:\/\/goo.gl\/maps\/sj3fhzr8QwvwPGCh6\"><img loading=\"lazy\" decoding=\"async\" class=\"alignright wp-image-52070\" src=\"https:\/\/www.topohvar.at\/wp-content\/uploads\/2021\/10\/3287.jpg\" alt=\"\" width=\"134\" height=\"100\" \/><\/a><br \/>\n<\/strong><a href=\"https:\/\/goo.gl\/maps\/sj3fhzr8QwvwPGCh6\"><span style=\"color: #3366ff;\">Latitude: N 43,17173\u00b0\u00a0 \u00a0Longitude: E 16,54015\u00b0<\/span><\/a> <strong><br \/>\n<\/strong>Visina \/ H\u00f6he: 175 m<\/p>\n<p><strong>Katastarska \u010destica \/ Grundst\u00fccke<br \/>\n<\/strong>7459\/20 <div class='content-column one_half'><div style=\"padding-right:6px;\"><p><strong>Datum snimanja \/ Erfassungsdatum<br \/>\n<\/strong>30.09.2021 13:49:01<\/p>\n<hr \/>\n<p><strong>Informacije<\/strong><\/p>\n<p>Veliki trim je &#8211; sada je te\u0161ko dostupna &#8211; na padini planine nasuprot Napoleonske ceste. Sa strane doline poja\u010dan je prstenom nalik na ostrugu. Lijeva strana je o\u0161te\u0107ena. Relativno \u0161irok, ali nizak ulaz vodi u nepravilnu unutra\u0161njost. Ovdje se nalaze dvije zidne ni\u0161e.<\/p><\/div><\/div><div class='content-column one_half last_column'><div style=\"padding-right:0px;padding-left:6px;\"><p><strong>Stupanj za\u0161tite \/ Schutzstellung<br \/>\n<\/strong>&#8211;<\/p>\n<hr \/>\n<p><strong>Info<\/strong><\/p>\n<p>Der gro\u00dfe Trim befindet sich &#8211; heute schwer zug\u00e4nglich &#8211; am Berghang gegen\u00fcber der Napoleon-Stra\u00dfe. An der Talseite wird er durch einen spornartigen Ring verst\u00e4rkt. Die linke Seite ist besch\u00e4digt. Durch den relativ breiten, aber niedrigen Eingang gelangt man in den unregelm\u00e4\u00dfigen Innenraum. Hier befinden sich auch zwei Wandnischen.<\/p><\/div><\/div><div class='clear_column'><\/div><div class='content-column one_half'><div style=\"padding-right:6px;\"><div id=\"attachment_53273\" style=\"width: 310px\" class=\"wp-caption aligncenter\"><img loading=\"lazy\" decoding=\"async\" aria-describedby=\"caption-attachment-53273\" class=\"size-medium wp-image-53273\" src=\"https:\/\/www.topohvar.at\/wp-content\/uploads\/2021\/11\/gv-tr-71-20-300x300.jpg\" alt=\"\" width=\"300\" height=\"300\" srcset=\"https:\/\/www.topohvar.at\/wp-content\/uploads\/2021\/11\/gv-tr-71-20-300x300.jpg 300w, https:\/\/www.topohvar.at\/wp-content\/uploads\/2021\/11\/gv-tr-71-20-150x150.jpg 150w, https:\/\/www.topohvar.at\/wp-content\/uploads\/2021\/11\/gv-tr-71-20.jpg 450w\" sizes=\"auto, (max-width: 300px) 100vw, 300px\" \/><p id=\"caption-attachment-53273\" class=\"wp-caption-text\">Ulaz \/<br \/>Eingang<\/p><\/div>\n<p>Dana 30.09.2021 trim je posje\u0107en i ustanovljeno je sljede\u0107e:<\/p>\n<p>Lokacija: grmlje<br \/>\nPodloga: padina<br \/>\nPovezan s: nije povezan, samostoje\u0107i, izoliran<br \/>\nUpotreba: ne koristi se<br \/>\nStanje: dijelovi su se sru\u0161ili<br \/>\nBroj stepenica trima: 1<br \/>\nDodatni kameni prsten: kameni prsten djelomi\u010dno<br \/>\nStepeni\u0161te: nema<br \/>\nOblik kamena: uglast<br \/>\nPodru\u010dje ispred ulaza: lako dostupno<br \/>\nOrijentacija ulaza: I (100\u00b0)<br \/>\nPromjer trima (cm): 540<br \/>\nVisina trima (cm): 340<br \/>\nVisina stepenica (cm): stepenica 1: 200<br \/>\nDebljina zida (cm): 100<br \/>\n\u0160irina vrata (cm): 85<br \/>\nVisina vrata (cm): 90<br \/>\n\u0160irina unutra (cm): 330 &#8211; 340<br \/>\nVisina unutra (cm): 300<br \/>\nVolumen iznutra (m3): 14,61<br \/>\nNi\u0161a 1 (P\/\u0160\/V\/D) (cm): 70 \/ 20 \/ 35 \/ 60<br \/>\nni\u0161a 2 (P\/\u0160\/V\/D) (cm): 70 \/ 25 \/ 35 \/ 50<\/p><\/div><\/div><div class='content-column one_half last_column'><div style=\"padding-right:0px;padding-left:6px;\"><div id=\"attachment_53274\" style=\"width: 310px\" class=\"wp-caption aligncenter\"><img loading=\"lazy\" decoding=\"async\" aria-describedby=\"caption-attachment-53274\" class=\"size-medium wp-image-53274\" src=\"https:\/\/www.topohvar.at\/wp-content\/uploads\/2021\/11\/gv-tr-71-21-300x300.jpg\" alt=\"\" width=\"300\" height=\"300\" srcset=\"https:\/\/www.topohvar.at\/wp-content\/uploads\/2021\/11\/gv-tr-71-21-300x300.jpg 300w, https:\/\/www.topohvar.at\/wp-content\/uploads\/2021\/11\/gv-tr-71-21-150x150.jpg 150w, https:\/\/www.topohvar.at\/wp-content\/uploads\/2021\/11\/gv-tr-71-21.jpg 450w\" sizes=\"auto, (max-width: 300px) 100vw, 300px\" \/><p id=\"caption-attachment-53274\" class=\"wp-caption-text\">Besch\u00e4digung an der S\u00fcdseite \/<br \/>o\u0161te\u0107enja na ju\u017enoj strani<\/p><\/div>\n<p>Am 30.09.2021 wurde der Trim besucht und n\u00e4her untersucht:<\/p>\n<p>Standort: Buschwerk<br \/>\nUntergrund: Hanglage<br \/>\nVerbunden mit: freistehend<br \/>\nNutzung: ungenutzt<br \/>\nZustand: Teile abgest\u00fcrzt<br \/>\nAnzahl der Trimstufen: 1<br \/>\nZus\u00e4tzlicher Steinring: Steinring teilweise<br \/>\nStiege: keine<br \/>\nSteinform: kantig<br \/>\nEingangsbereich: frei<br \/>\nEingangsseite: O (100\u00b0)<br \/>\nTrimdurchmesser (cm): 540<br \/>\nTrimh\u00f6he (cm): 340<br \/>\nH\u00f6he der Trimstufen (cm): Stufe 1: 200<br \/>\nWandst\u00e4rke (cm): 100<br \/>\nT\u00fcrbreite (cm): 85<br \/>\nT\u00fcrh\u00f6he (cm): 90<br \/>\nInnenraumbreite (cm): 330 &#8211; 340<br \/>\nInnenraumh\u00f6he (cm): 300<br \/>\nRaumvolumen (m3): 14,61<br \/>\nNische 1 (P\/B\/H\/T) (cm): 70 \/ 20 \/ 35 \/ 60<br \/>\nNische 2 (P\/B\/H\/T) (cm): 70 \/ 25 \/ 35 \/ 50<\/p><\/div><\/div><div class='clear_column'><\/div><\/p>\n<p><img loading=\"lazy\" decoding=\"async\" class=\"aligncenter size-full wp-image-53272\" src=\"https:\/\/www.topohvar.at\/wp-content\/uploads\/2021\/11\/gv-tr-71-1-sca.jpg\" alt=\"\" width=\"640\" height=\"982\" srcset=\"https:\/\/www.topohvar.at\/wp-content\/uploads\/2021\/11\/gv-tr-71-1-sca.jpg 640w, https:\/\/www.topohvar.at\/wp-content\/uploads\/2021\/11\/gv-tr-71-1-sca-196x300.jpg 196w\" sizes=\"auto, (max-width: 640px) 100vw, 640px\" \/><\/p>\n<p style=\"text-align: right;\"><a href=\"#seite_oben\">natrag na vrh \/ Seitenanfang<\/a><\/p>\n<hr \/>\n<p><strong>Linkovi \/ Links<\/strong><\/p>\n<p>&#8211;<\/p>\n","protected":false},"excerpt":{"rendered":"<p>Ime \/ Name Trim \u00bbGV-TR-71\u00ab Code: GV-TR-71\u00a0 \u00a0 \u00a0 \u00a0 \u00a0 \u00a0 \u00a0 \u00a0 \u00a0 \u00a0 \u00a0 \u00a0 \u00a0 \u00a0\u00a0 Adresa \/ Adresse Velo Grablje Lokacija \/ Position Latitude: N 43,17173\u00b0\u00a0 \u00a0Longitude: E 16,54015\u00b0 Visina \/ H\u00f6he: 175 m Katastarska &hellip; <a href=\"https:\/\/www.topohvar.at\/topo\/orte\/gv\/gv-tr-71-1\/\">Weiterlesen <span class=\"meta-nav\">&rarr;<\/span><\/a><\/p>\n","protected":false},"author":1,"featured_media":0,"parent":76,"menu_order":0,"comment_status":"closed","ping_status":"closed","template":"","meta":{"footnotes":""},"class_list":["post-52050","page","type-page","status-publish","hentry"],"_links":{"self":[{"href":"https:\/\/www.topohvar.at\/topo\/wp-json\/wp\/v2\/pages\/52050","targetHints":{"allow":["GET"]}}],"collection":[{"href":"https:\/\/www.topohvar.at\/topo\/wp-json\/wp\/v2\/pages"}],"about":[{"href":"https:\/\/www.topohvar.at\/topo\/wp-json\/wp\/v2\/types\/page"}],"author":[{"embeddable":true,"href":"https:\/\/www.topohvar.at\/topo\/wp-json\/wp\/v2\/users\/1"}],"replies":[{"embeddable":true,"href":"https:\/\/www.topohvar.at\/topo\/wp-json\/wp\/v2\/comments?post=52050"}],"version-history":[{"count":6,"href":"https:\/\/www.topohvar.at\/topo\/wp-json\/wp\/v2\/pages\/52050\/revisions"}],"predecessor-version":[{"id":54212,"href":"https:\/\/www.topohvar.at\/topo\/wp-json\/wp\/v2\/pages\/52050\/revisions\/54212"}],"up":[{"embeddable":true,"href":"https:\/\/www.topohvar.at\/topo\/wp-json\/wp\/v2\/pages\/76"}],"wp:attachment":[{"href":"https:\/\/www.topohvar.at\/topo\/wp-json\/wp\/v2\/media?parent=52050"}],"curies":[{"name":"wp","href":"https:\/\/api.w.org\/{rel}","templated":true}]}}