{"id":52055,"date":"2021-10-08T10:12:56","date_gmt":"2021-10-08T08:12:56","guid":{"rendered":"https:\/\/www.topohvar.at\/topo\/?page_id=52055"},"modified":"2021-12-02T09:32:00","modified_gmt":"2021-12-02T08:32:00","slug":"gv-tr-72-1","status":"publish","type":"page","link":"https:\/\/www.topohvar.at\/topo\/orte\/gv\/gv-tr-72-1\/","title":{"rendered":"VELO GRABLJE &#8211; Trim \u00bbGV-TR-72\u00ab"},"content":{"rendered":"<p><a name=\"seite_oben\"><\/a><br \/>\n<strong><img loading=\"lazy\" decoding=\"async\" class=\"alignnone wp-image-52056 size-full\" src=\"https:\/\/www.topohvar.at\/wp-content\/uploads\/2021\/10\/gv-tr-72-1.jpg\" alt=\"\" width=\"1080\" height=\"530\" srcset=\"https:\/\/www.topohvar.at\/wp-content\/uploads\/2021\/10\/gv-tr-72-1.jpg 1080w, https:\/\/www.topohvar.at\/wp-content\/uploads\/2021\/10\/gv-tr-72-1-300x147.jpg 300w, https:\/\/www.topohvar.at\/wp-content\/uploads\/2021\/10\/gv-tr-72-1-1024x503.jpg 1024w, https:\/\/www.topohvar.at\/wp-content\/uploads\/2021\/10\/gv-tr-72-1-768x377.jpg 768w\" sizes=\"auto, (max-width: 1080px) 100vw, 1080px\" \/><\/strong><\/p>\n<p><strong>Ime \/ Name<br \/>\n<\/strong>Trim \u00bbGV-TR-72\u00ab<\/p>\n<p><strong>Code: <\/strong>GV-TR-72\u00a0 \u00a0 \u00a0 \u00a0 \u00a0 \u00a0 \u00a0 \u00a0 \u00a0 \u00a0 \u00a0 \u00a0 \u00a0 \u00a0<a href=\"https:\/\/www.topohvar.at\/orte\/gv\/gv-tr-00-1\/\"><img loading=\"lazy\" decoding=\"async\" class=\"alignnone wp-image-12300 size-full\" src=\"https:\/\/www.topohvar.at\/wp-content\/uploads\/2018\/09\/push-vor-30.jpg\" alt=\"\" width=\"61\" height=\"30\" \/><\/a>\u00a0<strong><a href=\"https:\/\/www.topohvar.at\/orte\/gv\/gv-tr-74-1\/\"><img loading=\"lazy\" decoding=\"async\" class=\"alignnone wp-image-533 size-full\" src=\"https:\/\/www.topohvar.at\/wp-content\/uploads\/2018\/07\/push-l-30.jpg\" alt=\"\" width=\"61\" height=\"30\" \/><\/a> <a href=\"https:\/\/www.topohvar.at\/orte\/gv\/\"><img loading=\"lazy\" decoding=\"async\" class=\"alignnone wp-image-535 size-full\" src=\"https:\/\/www.topohvar.at\/wp-content\/uploads\/2018\/07\/push-o-30.jpg\" alt=\"\" width=\"61\" height=\"30\" \/><\/a> <a href=\"https:\/\/www.topohvar.at\/orte\/gv\/gv-tr-32-1\/\"><img loading=\"lazy\" decoding=\"async\" class=\"alignnone wp-image-536 size-full\" src=\"https:\/\/www.topohvar.at\/wp-content\/uploads\/2018\/07\/push-r-30.jpg\" alt=\"\" width=\"61\" height=\"30\" \/><\/a><\/strong><\/p>\n<hr \/>\n<p><strong>Adresa \/ Adresse<br \/>\n<\/strong>Velo Grablje 66<\/p>\n<p><strong>Lokacija \/ Position<a href=\"https:\/\/goo.gl\/maps\/MLoWcAdUjhrQTQA36\"><img loading=\"lazy\" decoding=\"async\" class=\"alignright wp-image-10104\" src=\"https:\/\/www.topohvar.at\/wp-content\/uploads\/2018\/09\/0172.jpg\" alt=\"\" width=\"133\" height=\"100\" \/><\/a><br \/>\n<\/strong><a href=\"https:\/\/goo.gl\/maps\/abKqnnVdC1srwTQb6\"><span style=\"color: #3366ff;\">Latitude: N 43,16999\u00b0\u00a0 \u00a0Longitude: E 16,52105\u00b0<\/span><\/a> <strong><br \/>\n<\/strong>Visina \/ H\u00f6he: 175 m<\/p>\n<p><strong>Katastarska \u010destica \/ Grundst\u00fccke<br \/>\n<\/strong>4103\/3 <div class='content-column one_half'><div style=\"padding-right:6px;\"><p><strong>Datum snimanja \/ Erfassungsdatum<br \/>\n<\/strong>28.09.2021 15:00:00<\/p>\n<hr \/>\n<p><strong>Informacije<\/strong><\/p>\n<p>Krov trima u vrtu ku\u0107e Velo Grablje 66 (ku\u0107a <span style=\"color: #000000;\">Don Ante Petri\u0107<\/span>) betoniran je sredinom 1950-ih. Dvije stepenice vode dolje u kru\u017enu unutra\u0161njost. Ulaz je nekada bio blokiran drvenim vratima. Danas se trim vi\u0161e ne koristi.<\/p><\/div><\/div><div class='content-column one_half last_column'><div style=\"padding-right:0px;padding-left:6px;\"><p><strong>Stupanj za\u0161tite \/ Schutzstellung<br \/>\n<\/strong>&#8211;<\/p>\n<hr \/>\n<p><strong>Info<\/strong><\/p>\n<p>Das Dach des Trims im Garten des Hauses Velo Grablje 66 (ku\u0107a <span style=\"color: #000000;\">Don Ante Petri\u0107<\/span>) wurde Mitte der 50-er Jahre betoniert. Zwei Stufen f\u00fchren hinunter in den kreisrunden Innenraum. Der Eingang war einst mit einer Holzt\u00fcre versperrt. Heute wird der Trim nicht mehr genutzt.<\/p><\/div><\/div><div class='clear_column'><\/div><div class='content-column one_half'><div style=\"padding-right:6px;\"><div id=\"attachment_53257\" style=\"width: 310px\" class=\"wp-caption aligncenter\"><img loading=\"lazy\" decoding=\"async\" aria-describedby=\"caption-attachment-53257\" class=\"wp-image-53257 size-medium\" src=\"https:\/\/www.topohvar.at\/wp-content\/uploads\/2021\/11\/gv-tr-72-20-300x300.jpg\" alt=\"\" width=\"300\" height=\"300\" srcset=\"https:\/\/www.topohvar.at\/wp-content\/uploads\/2021\/11\/gv-tr-72-20-300x300.jpg 300w, https:\/\/www.topohvar.at\/wp-content\/uploads\/2021\/11\/gv-tr-72-20-150x150.jpg 150w, https:\/\/www.topohvar.at\/wp-content\/uploads\/2021\/11\/gv-tr-72-20.jpg 450w\" sizes=\"auto, (max-width: 300px) 100vw, 300px\" \/><p id=\"caption-attachment-53257\" class=\"wp-caption-text\">Ulaz \/ Eingang<\/p><\/div>\n<p>Dana 28.09.2021 trim je posje\u0107en i ustanovljeno je sljede\u0107e:<\/p>\n<p>Lokacija: vrt<br \/>\nPodloga: nako\u0161ena<br \/>\nPovezan s: kamenim zidom<br \/>\nUpotreba: u upotrebi<br \/>\nStanje: dobro sa\u010duvan<br \/>\nBroj stepenica trima: 1<br \/>\nDodatni kameni prsten: nema kamenog prstena<br \/>\nStepeni\u0161te: nema<br \/>\nOblik kamena: uglast<br \/>\nPodru\u010dje ispred ulaza: lako dostupno<br \/>\nOrijentacija ulaza: Z (280\u00b0)<br \/>\nPromjer trima (cm): 380<br \/>\nVisina trima (cm): 230<br \/>\nVisina stepenica (cm): stepenica 1: 230<br \/>\nDebljina zida (cm): 75<br \/>\n\u0160irina vrata (cm): 60<br \/>\nVisina vrata (cm): 120<br \/>\n\u0160irina unutra (cm): 220 &#8211; 230<br \/>\nVisina unutra (cm): 210<br \/>\nVolumen iznutra (m3): 5,94<br \/>\nNema ni\u0161e<\/p><\/div><\/div><div class='content-column one_half last_column'><div style=\"padding-right:0px;padding-left:6px;\"><div id=\"attachment_53258\" style=\"width: 310px\" class=\"wp-caption aligncenter\"><img loading=\"lazy\" decoding=\"async\" aria-describedby=\"caption-attachment-53258\" class=\"size-medium wp-image-53258\" src=\"https:\/\/www.topohvar.at\/wp-content\/uploads\/2021\/11\/gv-tr-72-21-300x300.jpg\" alt=\"\" width=\"300\" height=\"300\" srcset=\"https:\/\/www.topohvar.at\/wp-content\/uploads\/2021\/11\/gv-tr-72-21-300x300.jpg 300w, https:\/\/www.topohvar.at\/wp-content\/uploads\/2021\/11\/gv-tr-72-21-150x150.jpg 150w, https:\/\/www.topohvar.at\/wp-content\/uploads\/2021\/11\/gv-tr-72-21.jpg 450w\" sizes=\"auto, (max-width: 300px) 100vw, 300px\" \/><p id=\"caption-attachment-53258\" class=\"wp-caption-text\">Betonski krov \/ betoniertes Dach<\/p><\/div>\n<p>Am 28.09.2021 wurde der Trim besucht und n\u00e4her untersucht:<\/p>\n<p>Standort: Garten<br \/>\nUntergrund: geneigt<br \/>\nVerbunden mit: Steinmauer<br \/>\nNutzung: genutzt<br \/>\nZustand: gut erhalten<br \/>\nAnzahl der Trimstufen: 1<br \/>\nZus\u00e4tzlicher Steinring: kein Steinring<br \/>\nStiege: keine<br \/>\nSteinform: kantig<br \/>\nEingangsbereich: frei<br \/>\nEingangsseite: W (280\u00b0)<br \/>\nTrimdurchmesser (cm): 380<br \/>\nTrimh\u00f6he (cm): 230<br \/>\nH\u00f6he der Trimstufen (cm): Stufe 1: 230<br \/>\nWandst\u00e4rke (cm): 75<br \/>\nT\u00fcrbreite (cm): 60<br \/>\nT\u00fcrh\u00f6he (cm): 120<br \/>\nInnenraumbreite (cm): 220 &#8211; 230<br \/>\nInnenraumh\u00f6he (cm): 210<br \/>\nRaumvolumen (m3): 5,94<br \/>\nKeine Nische<\/p><\/div><\/div><div class='clear_column'><\/div><br \/>\n<img loading=\"lazy\" decoding=\"async\" class=\"aligncenter size-full wp-image-53259\" src=\"https:\/\/www.topohvar.at\/wp-content\/uploads\/2021\/11\/gv-tr-72-1-sca.jpg\" alt=\"\" width=\"640\" height=\"967\" srcset=\"https:\/\/www.topohvar.at\/wp-content\/uploads\/2021\/11\/gv-tr-72-1-sca.jpg 640w, https:\/\/www.topohvar.at\/wp-content\/uploads\/2021\/11\/gv-tr-72-1-sca-199x300.jpg 199w\" sizes=\"auto, (max-width: 640px) 100vw, 640px\" \/><\/p>\n<p style=\"text-align: right;\"><a href=\"#seite_oben\">natrag na vrh \/ Seitenanfang<\/a><\/p>\n<hr \/>\n<p><strong>Linkovi \/ Links<\/strong><\/p>\n<p><span style=\"color: #3366ff;\"><a style=\"color: #3366ff;\" href=\"https:\/\/www.topohvar.at\/topo\/orte\/gv\/gv-tg-07-1\/\">Ku\u0107a \/ Haus \u00bbDon Ante Petri\u0107\u00ab<\/a><\/span><\/p>\n","protected":false},"excerpt":{"rendered":"<p>Ime \/ Name Trim \u00bbGV-TR-72\u00ab Code: GV-TR-72\u00a0 \u00a0 \u00a0 \u00a0 \u00a0 \u00a0 \u00a0 \u00a0 \u00a0 \u00a0 \u00a0 \u00a0 \u00a0 \u00a0\u00a0 Adresa \/ Adresse Velo Grablje 66 Lokacija \/ Position Latitude: N 43,16999\u00b0\u00a0 \u00a0Longitude: E 16,52105\u00b0 Visina \/ H\u00f6he: 175 m &hellip; <a href=\"https:\/\/www.topohvar.at\/topo\/orte\/gv\/gv-tr-72-1\/\">Weiterlesen <span class=\"meta-nav\">&rarr;<\/span><\/a><\/p>\n","protected":false},"author":1,"featured_media":0,"parent":76,"menu_order":0,"comment_status":"closed","ping_status":"closed","template":"","meta":{"footnotes":""},"class_list":["post-52055","page","type-page","status-publish","hentry"],"_links":{"self":[{"href":"https:\/\/www.topohvar.at\/topo\/wp-json\/wp\/v2\/pages\/52055","targetHints":{"allow":["GET"]}}],"collection":[{"href":"https:\/\/www.topohvar.at\/topo\/wp-json\/wp\/v2\/pages"}],"about":[{"href":"https:\/\/www.topohvar.at\/topo\/wp-json\/wp\/v2\/types\/page"}],"author":[{"embeddable":true,"href":"https:\/\/www.topohvar.at\/topo\/wp-json\/wp\/v2\/users\/1"}],"replies":[{"embeddable":true,"href":"https:\/\/www.topohvar.at\/topo\/wp-json\/wp\/v2\/comments?post=52055"}],"version-history":[{"count":5,"href":"https:\/\/www.topohvar.at\/topo\/wp-json\/wp\/v2\/pages\/52055\/revisions"}],"predecessor-version":[{"id":54208,"href":"https:\/\/www.topohvar.at\/topo\/wp-json\/wp\/v2\/pages\/52055\/revisions\/54208"}],"up":[{"embeddable":true,"href":"https:\/\/www.topohvar.at\/topo\/wp-json\/wp\/v2\/pages\/76"}],"wp:attachment":[{"href":"https:\/\/www.topohvar.at\/topo\/wp-json\/wp\/v2\/media?parent=52055"}],"curies":[{"name":"wp","href":"https:\/\/api.w.org\/{rel}","templated":true}]}}