{"id":52064,"date":"2021-10-08T10:35:22","date_gmt":"2021-10-08T08:35:22","guid":{"rendered":"https:\/\/www.topohvar.at\/topo\/?page_id=52064"},"modified":"2021-12-02T09:31:19","modified_gmt":"2021-12-02T08:31:19","slug":"gv-tr-74-1","status":"publish","type":"page","link":"https:\/\/www.topohvar.at\/topo\/orte\/gv\/gv-tr-74-1\/","title":{"rendered":"VELO GRABLJE &#8211; Trim \u00bbGV-TR-74\u00ab"},"content":{"rendered":"<p><a name=\"seite_oben\"><\/a><br \/>\n<strong><img loading=\"lazy\" decoding=\"async\" class=\"alignnone wp-image-52066 size-full\" src=\"https:\/\/www.topohvar.at\/wp-content\/uploads\/2021\/10\/gv-tr-74-1.jpg\" alt=\"\" width=\"1080\" height=\"530\" srcset=\"https:\/\/www.topohvar.at\/wp-content\/uploads\/2021\/10\/gv-tr-74-1.jpg 1080w, https:\/\/www.topohvar.at\/wp-content\/uploads\/2021\/10\/gv-tr-74-1-300x147.jpg 300w, https:\/\/www.topohvar.at\/wp-content\/uploads\/2021\/10\/gv-tr-74-1-1024x503.jpg 1024w, https:\/\/www.topohvar.at\/wp-content\/uploads\/2021\/10\/gv-tr-74-1-768x377.jpg 768w\" sizes=\"auto, (max-width: 1080px) 100vw, 1080px\" \/><\/strong><\/p>\n<p><strong>Ime \/ Name<br \/>\n<\/strong>Trim \u00bbGV-TR-74\u00ab<\/p>\n<p><strong>Code: <\/strong>GV-TR-74\u00a0 \u00a0 \u00a0 \u00a0 \u00a0 \u00a0 \u00a0 \u00a0 \u00a0 \u00a0 \u00a0 \u00a0 \u00a0 \u00a0<a href=\"https:\/\/www.topohvar.at\/orte\/gv\/gv-tr-00-1\/\"><img loading=\"lazy\" decoding=\"async\" class=\"alignnone wp-image-12300 size-full\" src=\"https:\/\/www.topohvar.at\/wp-content\/uploads\/2018\/09\/push-vor-30.jpg\" alt=\"\" width=\"61\" height=\"30\" \/><\/a>\u00a0<strong><a href=\"https:\/\/www.topohvar.at\/orte\/gv\/gv-tr-73-1\/\"><img loading=\"lazy\" decoding=\"async\" class=\"alignnone wp-image-533 size-full\" src=\"https:\/\/www.topohvar.at\/wp-content\/uploads\/2018\/07\/push-l-30.jpg\" alt=\"\" width=\"61\" height=\"30\" \/><\/a> <a href=\"https:\/\/www.topohvar.at\/orte\/gv\/\"><img loading=\"lazy\" decoding=\"async\" class=\"alignnone wp-image-535 size-full\" src=\"https:\/\/www.topohvar.at\/wp-content\/uploads\/2018\/07\/push-o-30.jpg\" alt=\"\" width=\"61\" height=\"30\" \/><\/a> <a href=\"https:\/\/www.topohvar.at\/orte\/gv\/gv-tr-72-1\/\"><img loading=\"lazy\" decoding=\"async\" class=\"alignnone wp-image-536 size-full\" src=\"https:\/\/www.topohvar.at\/wp-content\/uploads\/2018\/07\/push-r-30.jpg\" alt=\"\" width=\"61\" height=\"30\" \/><\/a><\/strong><\/p>\n<hr \/>\n<p><strong>Adresa \/ Adresse<br \/>\n<\/strong>Velo Grablje<\/p>\n<p><strong>Lokacija \/ Position<a href=\"https:\/\/goo.gl\/maps\/RAcJvz8bJXeGeGV7A\"><img loading=\"lazy\" decoding=\"async\" class=\"alignright wp-image-52065\" src=\"https:\/\/www.topohvar.at\/wp-content\/uploads\/2021\/10\/3286.jpg\" alt=\"\" width=\"134\" height=\"100\" \/><\/a><br \/>\n<\/strong><a href=\"https:\/\/goo.gl\/maps\/RAcJvz8bJXeGeGV7A\"><span style=\"color: #3366ff;\">Latitude: N 43,17033\u00b0\u00a0 \u00a0Longitude: E 16,51274\u00b0<\/span><\/a> <strong><br \/>\n<\/strong>Visina \/ H\u00f6he: 229 m<\/p>\n<p><strong>Katastarska \u010destica \/ Grundst\u00fccke<br \/>\n<\/strong>4447\/1<div class='content-column one_half'><div style=\"padding-right:6px;\"><p><strong>Datum snimanja \/ Erfassungsdatum<br \/>\n<\/strong>28.09.2021 17:07:00<\/p>\n<hr \/>\n<p><strong>Informacije<\/strong><\/p>\n<p>Trim se nalazi na padini planine koju karakteriziraju terase i potporni zidovi. Vrlo je dobro o\u010duvan i jo\u0161 bi se trebao koristiti za uzgoj maslina. Ulaz je napravljen od velikih, uspravnih kamenih blokova. Dvije niske stepenice vode do okruglog interijera u kojem se nalaze dvije zidne ni\u0161e. U potporni zid s lijeve strane trimova postavljena su dva konzolne stepnice, preko kojih se lak\u0161e dolazi do sljede\u0107e vi\u0161e terase.<\/p><\/div><\/div><div class='content-column one_half last_column'><div style=\"padding-right:0px;padding-left:6px;\"><p><strong>Stupanj za\u0161tite \/ Schutzstellung<br \/>\n<\/strong>&#8211;<\/p>\n<hr \/>\n<p><strong>Info<\/strong><\/p>\n<p>Der Trim liegt an einem durch Terrassen und St\u00fctzmauern gepr\u00e4gten Berghang. Er ist sehr gut erhalten und d\u00fcrfte zur Bewirtschaftung der Olivenb\u00e4ume noch genutzt werden. Der Eingang wird aus gro\u00dfen, hochkant gestellten Steinbl\u00f6cken gebildet. \u00dcber zwei niedrige Stufen betritt man den runden Innenraum, in dem sich zwei Wandnischen befinden. In die St\u00fctzmauer links des Trims sind zwei Kragsteine eingelassen, \u00fcber die man die n\u00e4chsth\u00f6here Terrasse leichter erreichen kann.<\/p><\/div><\/div><div class='clear_column'><\/div><div class='content-column one_half'><div style=\"padding-right:6px;\"><div id=\"attachment_53268\" style=\"width: 310px\" class=\"wp-caption aligncenter\"><img loading=\"lazy\" decoding=\"async\" aria-describedby=\"caption-attachment-53268\" class=\"size-medium wp-image-53268\" src=\"https:\/\/www.topohvar.at\/wp-content\/uploads\/2021\/11\/gv-tr-74-20-300x300.jpg\" alt=\"\" width=\"300\" height=\"300\" srcset=\"https:\/\/www.topohvar.at\/wp-content\/uploads\/2021\/11\/gv-tr-74-20-300x300.jpg 300w, https:\/\/www.topohvar.at\/wp-content\/uploads\/2021\/11\/gv-tr-74-20-150x150.jpg 150w, https:\/\/www.topohvar.at\/wp-content\/uploads\/2021\/11\/gv-tr-74-20.jpg 450w\" sizes=\"auto, (max-width: 300px) 100vw, 300px\" \/><p id=\"caption-attachment-53268\" class=\"wp-caption-text\">Ulaz \/ Eingang<\/p><\/div>\n<p>Dana 28.09.2021 trim je posje\u0107en i ustanovljeno je sljede\u0107e:<\/p>\n<p>Lokacija: maslinik<br \/>\nPodloga: padina<br \/>\nPovezan s: kamenim zidom<br \/>\nUpotreba: u upotrebi<br \/>\nStanje: vrlo dobro uzdr\u017eati<br \/>\nBroj stepenica trima: 1<br \/>\nDodatni kameni prsten: kameni prsten djelomi\u010dno<br \/>\nStepeni\u0161te: konzolne stepenice<br \/>\nOblik kamena: uglast<br \/>\nPodru\u010dje ispred ulaza: lako dostupno<br \/>\nOrijentacija ulaza: Z (260\u00b0)<br \/>\nPromjer trima (cm): 450<br \/>\nVisina trima (cm): 310<br \/>\nVisina stepenica (cm): stepenica 1: 245<br \/>\nDebljina zida (cm): 75<br \/>\n\u0160irina vrata (cm): 70<br \/>\nVisina vrata (cm): 105<br \/>\n\u0160irina unutra (cm): 270 &#8211; 300<br \/>\nVisina unutra (cm): 290<br \/>\nVolumen iznutra (m3): 11,14<br \/>\nNi\u0161a 1 (P\/\u0160\/V\/D) (cm): 80 \/ 35 \/ 30 \/ 60<br \/>\nni\u0161a 2 (P\/\u0160\/V\/D) (cm): 60 \/ 20 \/ 35 \/ 55<\/p><\/div><\/div><div class='content-column one_half last_column'><div style=\"padding-right:0px;padding-left:6px;\"><div id=\"attachment_53269\" style=\"width: 310px\" class=\"wp-caption aligncenter\"><img loading=\"lazy\" decoding=\"async\" aria-describedby=\"caption-attachment-53269\" class=\"size-medium wp-image-53269\" src=\"https:\/\/www.topohvar.at\/wp-content\/uploads\/2021\/11\/gv-tr-74-21-300x300.jpg\" alt=\"\" width=\"300\" height=\"300\" srcset=\"https:\/\/www.topohvar.at\/wp-content\/uploads\/2021\/11\/gv-tr-74-21-300x300.jpg 300w, https:\/\/www.topohvar.at\/wp-content\/uploads\/2021\/11\/gv-tr-74-21-150x150.jpg 150w, https:\/\/www.topohvar.at\/wp-content\/uploads\/2021\/11\/gv-tr-74-21.jpg 450w\" sizes=\"auto, (max-width: 300px) 100vw, 300px\" \/><p id=\"caption-attachment-53269\" class=\"wp-caption-text\">Lijeva strana trima \/ linke Trimseite<\/p><\/div>\n<p>Am 28.09.2021 wurde der Trim besucht und n\u00e4her untersucht:<\/p>\n<p>Standort: Olivengarten<br \/>\nUntergrund: Hanglage<br \/>\nVerbunden mit: Steinmauer<br \/>\nNutzung: genutzt<br \/>\nZustand: sehr gut erhalten<br \/>\nAnzahl der Trimstufen: 1<br \/>\nZus\u00e4tzlicher Steinring: Steinring teilweise<br \/>\nStiege: Kragsteine<br \/>\nSteinform: kantig<br \/>\nEingangsbereich: frei<br \/>\nEingangsseite: W (260\u00b0)<br \/>\nTrimdurchmesser (cm): 450<br \/>\nTrimh\u00f6he (cm): 310<br \/>\nH\u00f6he der Trimstufen (cm): Stufe 1: 245<br \/>\nWandst\u00e4rke (cm): 75<br \/>\nT\u00fcrbreite (cm): 70<br \/>\nT\u00fcrh\u00f6he (cm): 105<br \/>\nInnenraumbreite (cm): 270 &#8211; 300<br \/>\nInnenraumh\u00f6he (cm): 290<br \/>\nRaumvolumen (m3): 11,14<br \/>\nNische 1 (P\/B\/H\/T) (cm): 80 \/ 35 \/ 30 \/ 60<br \/>\nNische 2 (P\/B\/H\/T) (cm): 60 \/ 20 \/ 35 \/ 55<\/p><\/div><\/div><div class='clear_column'><\/div><br \/>\n<img loading=\"lazy\" decoding=\"async\" class=\"aligncenter size-full wp-image-53267\" src=\"https:\/\/www.topohvar.at\/wp-content\/uploads\/2021\/11\/gv-tr-74-1-sca.jpg\" alt=\"\" width=\"640\" height=\"978\" srcset=\"https:\/\/www.topohvar.at\/wp-content\/uploads\/2021\/11\/gv-tr-74-1-sca.jpg 640w, https:\/\/www.topohvar.at\/wp-content\/uploads\/2021\/11\/gv-tr-74-1-sca-196x300.jpg 196w\" sizes=\"auto, (max-width: 640px) 100vw, 640px\" \/><\/p>\n<p style=\"text-align: right;\"><a href=\"#seite_oben\">natrag na vrh \/ Seitenanfang<\/a><\/p>\n<hr \/>\n<p><strong>Linkovi \/ Links<\/strong><\/p>\n<p>&#8211;<\/p>\n","protected":false},"excerpt":{"rendered":"<p>Ime \/ Name Trim \u00bbGV-TR-74\u00ab Code: GV-TR-74\u00a0 \u00a0 \u00a0 \u00a0 \u00a0 \u00a0 \u00a0 \u00a0 \u00a0 \u00a0 \u00a0 \u00a0 \u00a0 \u00a0\u00a0 Adresa \/ Adresse Velo Grablje Lokacija \/ Position Latitude: N 43,17033\u00b0\u00a0 \u00a0Longitude: E 16,51274\u00b0 Visina \/ H\u00f6he: 229 m Katastarska &hellip; <a href=\"https:\/\/www.topohvar.at\/topo\/orte\/gv\/gv-tr-74-1\/\">Weiterlesen <span class=\"meta-nav\">&rarr;<\/span><\/a><\/p>\n","protected":false},"author":1,"featured_media":0,"parent":76,"menu_order":0,"comment_status":"closed","ping_status":"closed","template":"","meta":{"footnotes":""},"class_list":["post-52064","page","type-page","status-publish","hentry"],"_links":{"self":[{"href":"https:\/\/www.topohvar.at\/topo\/wp-json\/wp\/v2\/pages\/52064","targetHints":{"allow":["GET"]}}],"collection":[{"href":"https:\/\/www.topohvar.at\/topo\/wp-json\/wp\/v2\/pages"}],"about":[{"href":"https:\/\/www.topohvar.at\/topo\/wp-json\/wp\/v2\/types\/page"}],"author":[{"embeddable":true,"href":"https:\/\/www.topohvar.at\/topo\/wp-json\/wp\/v2\/users\/1"}],"replies":[{"embeddable":true,"href":"https:\/\/www.topohvar.at\/topo\/wp-json\/wp\/v2\/comments?post=52064"}],"version-history":[{"count":7,"href":"https:\/\/www.topohvar.at\/topo\/wp-json\/wp\/v2\/pages\/52064\/revisions"}],"predecessor-version":[{"id":54207,"href":"https:\/\/www.topohvar.at\/topo\/wp-json\/wp\/v2\/pages\/52064\/revisions\/54207"}],"up":[{"embeddable":true,"href":"https:\/\/www.topohvar.at\/topo\/wp-json\/wp\/v2\/pages\/76"}],"wp:attachment":[{"href":"https:\/\/www.topohvar.at\/topo\/wp-json\/wp\/v2\/media?parent=52064"}],"curies":[{"name":"wp","href":"https:\/\/api.w.org\/{rel}","templated":true}]}}