{"id":52232,"date":"2021-10-17T12:19:35","date_gmt":"2021-10-17T10:19:35","guid":{"rendered":"https:\/\/www.topohvar.at\/topo\/?page_id=52232"},"modified":"2021-12-05T17:24:00","modified_gmt":"2021-12-05T16:24:00","slug":"sn-tr-06-1","status":"publish","type":"page","link":"https:\/\/www.topohvar.at\/topo\/orte\/sn\/sn-tr-06-1\/","title":{"rendered":"SVETA NEDJELJA &#8211; Trim \u00bbSN-TR-06\u00ab"},"content":{"rendered":"<p><a name=\"seite_oben\"><\/a><br \/>\n<strong><img loading=\"lazy\" decoding=\"async\" class=\"alignnone wp-image-52233 size-full\" src=\"https:\/\/www.topohvar.at\/wp-content\/uploads\/2021\/10\/sn-tr-06-1.jpg\" alt=\"\" width=\"1080\" height=\"530\" srcset=\"https:\/\/www.topohvar.at\/wp-content\/uploads\/2021\/10\/sn-tr-06-1.jpg 1080w, https:\/\/www.topohvar.at\/wp-content\/uploads\/2021\/10\/sn-tr-06-1-300x147.jpg 300w, https:\/\/www.topohvar.at\/wp-content\/uploads\/2021\/10\/sn-tr-06-1-1024x503.jpg 1024w, https:\/\/www.topohvar.at\/wp-content\/uploads\/2021\/10\/sn-tr-06-1-768x377.jpg 768w\" sizes=\"auto, (max-width: 1080px) 100vw, 1080px\" \/><\/strong><\/p>\n<p><strong>Ime \/ Name<br \/>\n<\/strong>Trim \u00bbSN-TR-06\u00ab<\/p>\n<p><strong>Code: <\/strong>SN-TR-06\u00a0 \u00a0 \u00a0 \u00a0 \u00a0 \u00a0 \u00a0 \u00a0<strong>\u00a0 \u00a0 \u00a0 \u00a0 \u00a0 \u00a0 \u00a0 \u00a0 \u00a0 \u00a0\u00a0 \u00a0 \u00a0 <a href=\"https:\/\/www.topohvar.at\/orte\/sn\/sn-tr-00-1\/\"><img loading=\"lazy\" decoding=\"async\" class=\"alignnone wp-image-12300 size-full\" src=\"https:\/\/www.topohvar.at\/wp-content\/uploads\/2018\/09\/push-vor-30.jpg\" alt=\"\" width=\"61\" height=\"30\" \/><\/a> <a href=\"https:\/\/www.topohvar.at\/orte\/sn\/sn-tr-05-1\/\"><img loading=\"lazy\" decoding=\"async\" class=\"full alignnone wp-image-533 size-full\" src=\"https:\/\/www.topohvar.at\/wp-content\/uploads\/2018\/07\/push-l-30.jpg\" alt=\"\" width=\"61\" height=\"30\" \/><\/a>\u00a0<a href=\"https:\/\/www.topohvar.at\/orte\/sn\/\"><img loading=\"lazy\" decoding=\"async\" class=\"alignnone wp-image-535 size-full\" src=\"https:\/\/www.topohvar.at\/wp-content\/uploads\/2018\/07\/push-o-30.jpg\" alt=\"\" width=\"61\" height=\"30\" \/><\/a>\u00a0<a href=\"https:\/\/www.topohvar.at\/orte\/sn\/sn-tr-07-1\/\"><img loading=\"lazy\" decoding=\"async\" class=\"alignnone wp-image-536 size-full\" src=\"https:\/\/www.topohvar.at\/wp-content\/uploads\/2018\/07\/push-r-30.jpg\" alt=\"\" width=\"61\" height=\"30\" \/><\/a><\/strong><\/p>\n<hr \/>\n<p><strong>Adresa \/ Adresse<br \/>\n<\/strong>Sveta Nedjelja, u blizini crkvice Gospe od Zdravlja \/ in der N\u00e4he der kleinen Kirche Gospa od Zdravlja<\/p>\n<p><strong>Lokacija \/ Position<a href=\"https:\/\/goo.gl\/maps\/XAFLZu6sdwQUD7Pr8\"><img loading=\"lazy\" decoding=\"async\" class=\"alignright wp-image-52253\" src=\"https:\/\/www.topohvar.at\/wp-content\/uploads\/2021\/10\/3337.jpg\" alt=\"\" width=\"134\" height=\"100\" \/><\/a><br \/>\n<\/strong><span style=\"color: #3366ff;\"><a style=\"color: #3366ff;\" href=\"https:\/\/goo.gl\/maps\/XAFLZu6sdwQUD7Pr8\">Latitude: N 43,14666\u00b0\u00a0 \u00a0 Longitude: E 16,58266\u00b0<\/a><\/span>\u00a0 <strong><br \/>\n<\/strong>Visina \/ H\u00f6he: 527 m<\/p>\n<p><strong>Katastarska \u010destica \/ Grundst\u00fccke<br \/>\n<\/strong>1666\/3 <div class='content-column one_half'><div style=\"padding-right:6px;\"><p><strong>Datum snimanja \/ Erfassungsdatum<br \/>\n<\/strong>16.10.2021 15:08:05<\/p>\n<hr \/>\n<p><strong>Informacije<\/strong><\/p>\n<p>Trim je visoko na planini, malo sjeveroisto\u010dno od kapele Gospe od Zdravlja. Jednostupanjski trim ima ispred ulaza malo kameno ogra\u0111eno dvori\u0161te koje bi moglo biti namijenjeno za dr\u017eanje \u017eivotinja. Zid tora sa nutarnje strane ima blagi prevjes (nagnutost prema unutra), da stoka ne bi mogla na\u0107i upori\u0161te za presko\u010diti van. Trim je okrugli, ali ima gotovo \u010detvrtastu unutra\u0161njost. Vi\u0161e se ne koristi.<\/p><\/div><\/div><div class='content-column one_half last_column'><div style=\"padding-right:0px;padding-left:6px;\"><p><strong>Stupanj za\u0161tite \/ Schutzstellung<br \/>\n<\/strong>&#8211;<\/p>\n<hr \/>\n<p><strong>Info<\/strong><\/p>\n<p>Der Trim befindet sich hoch oben am Berg, etwas nord\u00f6stlich der Kapelle Gospa od Zdravlja. Der einstufige Trim hat vor seinem Eingang einen kleinen mit Steinmauern umgrenzten Hof (Pferch) der f\u00fcr die Haltung von Tieren bestimmt sein k\u00f6nnte. Die Pferchwand hat innen einen leichten \u00dcberstand (nach innen geneigt), so dass das Vieh keinen Halt zum Herausspringen findet. Der Trim ist rund, hat aber einen fast quadratischen Innenraum. Er wird nicht mehr genutzt.<\/p><\/div><\/div><div class='clear_column'><\/div><div class='content-column one_half'><div style=\"padding-right:6px;\"><div id=\"attachment_54715\" style=\"width: 310px\" class=\"wp-caption aligncenter\"><img loading=\"lazy\" decoding=\"async\" aria-describedby=\"caption-attachment-54715\" class=\"size-medium wp-image-54715\" src=\"https:\/\/www.topohvar.at\/wp-content\/uploads\/2021\/12\/sn-tr-06-10-300x300.jpg\" alt=\"\" width=\"300\" height=\"300\" srcset=\"https:\/\/www.topohvar.at\/wp-content\/uploads\/2021\/12\/sn-tr-06-10-300x300.jpg 300w, https:\/\/www.topohvar.at\/wp-content\/uploads\/2021\/12\/sn-tr-06-10-150x150.jpg 150w, https:\/\/www.topohvar.at\/wp-content\/uploads\/2021\/12\/sn-tr-06-10.jpg 450w\" sizes=\"auto, (max-width: 300px) 100vw, 300px\" \/><p id=\"caption-attachment-54715\" class=\"wp-caption-text\">Ulaz \/ Eingang<\/p><\/div>\n<p>Dana 16.10.2021 trim SN-TR-06 je posje\u0107en i ustanovljeno je sljede\u0107e:<\/p>\n<p>Lokacija: livada, pa\u0161njak<br \/>\nPodloga: nako\u0161ena<br \/>\nPovezan s: kamenim zidom<br \/>\nUpotreba: ne koristi se<br \/>\nStanje: dobro sa\u010duvan<br \/>\nBroj stepenica trima: 1<br \/>\nDodatni kameni prsten: nema kamenog prstena<br \/>\nStepeni\u0161te: nema<br \/>\nOblik kamena: uglast<br \/>\nPodru\u010dje ispred ulaza: za\u0161ti\u0107eno<br \/>\nOrijentacija ulaza: Z (270\u00b0)<br \/>\nPromjer trima (cm): 360<br \/>\nVisina trima (cm): 230<br \/>\nVisina stepenica (cm): stepenica 1: 160<br \/>\nDebljina zida (cm): 75<br \/>\n\u0160irina vrata (cm): 55<br \/>\nVisina vrata (cm): 90<br \/>\n\u0160irina unutra (cm): 200 &#8211; 210<br \/>\nVisina unutra (cm): 200<br \/>\nVolumen iznutra (m3): 3,97<br \/>\nNema ni\u0161e<\/p><\/div><\/div><div class='content-column one_half last_column'><div style=\"padding-right:0px;padding-left:6px;\"><div id=\"attachment_54716\" style=\"width: 310px\" class=\"wp-caption aligncenter\"><img loading=\"lazy\" decoding=\"async\" aria-describedby=\"caption-attachment-54716\" class=\"wp-image-54716 size-medium\" src=\"https:\/\/www.topohvar.at\/wp-content\/uploads\/2021\/12\/sn-tr-06-11-300x300.jpg\" alt=\"\" width=\"300\" height=\"300\" srcset=\"https:\/\/www.topohvar.at\/wp-content\/uploads\/2021\/12\/sn-tr-06-11-300x300.jpg 300w, https:\/\/www.topohvar.at\/wp-content\/uploads\/2021\/12\/sn-tr-06-11-150x150.jpg 150w, https:\/\/www.topohvar.at\/wp-content\/uploads\/2021\/12\/sn-tr-06-11.jpg 450w\" sizes=\"auto, (max-width: 300px) 100vw, 300px\" \/><p id=\"caption-attachment-54716\" class=\"wp-caption-text\">Pogled na zapad \/ Blick nach Westen<\/p><\/div>\n<p>Am 16.10.2021 wurde der Trim SN-TR-06 besucht und n\u00e4her untersucht:<\/p>\n<p>Standort: Wiese, Weide<br \/>\nUntergrund: geneigt<br \/>\nVerbunden mit: Steinmauer<br \/>\nNutzung: ungenutzt<br \/>\nZustand: gut erhalten<br \/>\nAnzahl der Trimstufen: 1<br \/>\nZus\u00e4tzlicher Steinring: kein Steinring<br \/>\nStiege: keine<br \/>\nSteinform: kantig<br \/>\nEingangsbereich: gesch\u00fctzt<br \/>\nEingangsseite: W (270\u00b0)<br \/>\nTrimdurchmesser (cm): 360<br \/>\nTrimh\u00f6he (cm): 230<br \/>\nH\u00f6he der Trimstufen (cm): Stufe 1: 160<br \/>\nWandst\u00e4rke (cm): 75<br \/>\nT\u00fcrbreite (cm): 55<br \/>\nT\u00fcrh\u00f6he (cm): 90<br \/>\nInnenraumbreite (cm): 200 &#8211; 210<br \/>\nInnenraumh\u00f6he (cm): 200<br \/>\nRaumvolumen (m3): 3,97<br \/>\nKeine Nische<\/p>\n<p style=\"text-align: right;\"><\/div><\/div><div class='clear_column'><\/div><img loading=\"lazy\" decoding=\"async\" class=\"aligncenter size-full wp-image-54714\" src=\"https:\/\/www.topohvar.at\/wp-content\/uploads\/2021\/12\/sn-tr-06-1-sca.jpg\" alt=\"\" width=\"640\" height=\"957\" srcset=\"https:\/\/www.topohvar.at\/wp-content\/uploads\/2021\/12\/sn-tr-06-1-sca.jpg 640w, https:\/\/www.topohvar.at\/wp-content\/uploads\/2021\/12\/sn-tr-06-1-sca-201x300.jpg 201w\" sizes=\"auto, (max-width: 640px) 100vw, 640px\" \/><\/p>\n<p style=\"text-align: right;\"><a href=\"#seite_oben\">natrag na vrh \/ Seitenanfang<\/a><\/p>\n<hr \/>\n<p><strong>Linkovi \/ Links<\/strong><\/p>\n<p>&#8211;<\/p>\n","protected":false},"excerpt":{"rendered":"<p>Ime \/ Name Trim \u00bbSN-TR-06\u00ab Code: SN-TR-06\u00a0 \u00a0 \u00a0 \u00a0 \u00a0 \u00a0 \u00a0 \u00a0\u00a0 \u00a0 \u00a0 \u00a0 \u00a0 \u00a0 \u00a0 \u00a0 \u00a0 \u00a0\u00a0 \u00a0 \u00a0 \u00a0\u00a0 Adresa \/ Adresse Sveta Nedjelja, u blizini crkvice Gospe od Zdravlja \/ in der &hellip; <a href=\"https:\/\/www.topohvar.at\/topo\/orte\/sn\/sn-tr-06-1\/\">Weiterlesen <span class=\"meta-nav\">&rarr;<\/span><\/a><\/p>\n","protected":false},"author":1,"featured_media":0,"parent":101,"menu_order":0,"comment_status":"closed","ping_status":"closed","template":"","meta":{"footnotes":""},"class_list":["post-52232","page","type-page","status-publish","hentry"],"_links":{"self":[{"href":"https:\/\/www.topohvar.at\/topo\/wp-json\/wp\/v2\/pages\/52232","targetHints":{"allow":["GET"]}}],"collection":[{"href":"https:\/\/www.topohvar.at\/topo\/wp-json\/wp\/v2\/pages"}],"about":[{"href":"https:\/\/www.topohvar.at\/topo\/wp-json\/wp\/v2\/types\/page"}],"author":[{"embeddable":true,"href":"https:\/\/www.topohvar.at\/topo\/wp-json\/wp\/v2\/users\/1"}],"replies":[{"embeddable":true,"href":"https:\/\/www.topohvar.at\/topo\/wp-json\/wp\/v2\/comments?post=52232"}],"version-history":[{"count":6,"href":"https:\/\/www.topohvar.at\/topo\/wp-json\/wp\/v2\/pages\/52232\/revisions"}],"predecessor-version":[{"id":54718,"href":"https:\/\/www.topohvar.at\/topo\/wp-json\/wp\/v2\/pages\/52232\/revisions\/54718"}],"up":[{"embeddable":true,"href":"https:\/\/www.topohvar.at\/topo\/wp-json\/wp\/v2\/pages\/101"}],"wp:attachment":[{"href":"https:\/\/www.topohvar.at\/topo\/wp-json\/wp\/v2\/media?parent=52232"}],"curies":[{"name":"wp","href":"https:\/\/api.w.org\/{rel}","templated":true}]}}