{"id":528,"date":"2018-07-25T14:39:27","date_gmt":"2018-07-25T12:39:27","guid":{"rendered":"https:\/\/www.topohvar.at\/?page_id=528"},"modified":"2021-08-23T10:52:47","modified_gmt":"2021-08-23T08:52:47","slug":"bo-cp-03-2","status":"publish","type":"page","link":"https:\/\/www.topohvar.at\/topo\/orte\/bo\/bo-cp-03-2\/","title":{"rendered":"BOGOMOLJE &#8211; Kapela \u00bbSv. Ante Padovanski\u00ab"},"content":{"rendered":"<p><a name=\"seite_oben\"><\/a><br \/>\n<strong><img loading=\"lazy\" decoding=\"async\" class=\"alignnone size-large wp-image-531\" src=\"https:\/\/www.topohvar.at\/wp-content\/uploads\/2018\/07\/BO-CP-03-1-1024x527.jpg\" alt=\"\" width=\"640\" height=\"329\" srcset=\"https:\/\/www.topohvar.at\/wp-content\/uploads\/2018\/07\/BO-CP-03-1-1024x527.jpg 1024w, https:\/\/www.topohvar.at\/wp-content\/uploads\/2018\/07\/BO-CP-03-1-300x155.jpg 300w, https:\/\/www.topohvar.at\/wp-content\/uploads\/2018\/07\/BO-CP-03-1-768x396.jpg 768w\" sizes=\"auto, (max-width: 640px) 100vw, 640px\" \/><\/strong><\/p>\n<p><strong>Ime \/ Name<br \/>\n<\/strong>Kapela \u00bbSv. Ante Padovanski\u00ab \/ Kapelle des hl. Antonius von Padua<\/p>\n<p><strong>Code: <\/strong>BO-CP-03\u00a0 \u00a0 \u00a0 \u00a0 \u00a0 \u00a0 \u00a0 \u00a0 \u00a0 \u00a0\u00a0<strong>\u00a0 \u00a0 \u00a0 \u00a0 \u00a0<a href=\"https:\/\/www.topohvar.at\/orte\/bo\/bo-cp-02-2\/\"><img loading=\"lazy\" decoding=\"async\" class=\"alignnone wp-image-533 size-full\" src=\"https:\/\/www.topohvar.at\/wp-content\/uploads\/2018\/07\/push-l-30.jpg\" alt=\"\" width=\"61\" height=\"30\" \/><\/a>\u00a0<a href=\"https:\/\/www.topohvar.at\/orte\/bo\/\"><img loading=\"lazy\" decoding=\"async\" class=\"alignnone wp-image-535 size-full\" src=\"https:\/\/www.topohvar.at\/wp-content\/uploads\/2018\/07\/push-o-30.jpg\" alt=\"\" width=\"61\" height=\"30\" \/><\/a>\u00a0<a href=\"https:\/\/www.topohvar.at\/orte\/bo\/bo-cp-04-2\/\"><img loading=\"lazy\" decoding=\"async\" class=\"alignnone wp-image-536 size-full\" src=\"https:\/\/www.topohvar.at\/wp-content\/uploads\/2018\/07\/push-r-30.jpg\" alt=\"\" width=\"61\" height=\"30\" \/><\/a><\/strong><\/p>\n<hr \/>\n<p><strong>Adresa \/ Adresse<br \/>\n<\/strong>Bogomolje-Glava<\/p>\n<p><strong>Lokacija<\/strong><strong> \/ Position<a href=\"https:\/\/goo.gl\/maps\/wsYsJM664cmnFrXLA\"><img loading=\"lazy\" decoding=\"async\" class=\"alignright wp-image-463\" src=\"https:\/\/www.topohvar.at\/wp-content\/uploads\/2018\/07\/0007.jpg\" alt=\"\" width=\"134\" height=\"100\" \/><\/a><br \/>\n<\/strong><a href=\"https:\/\/goo.gl\/maps\/wsYsJM664cmnFrXLA\">Latitude: N 43,13433\u00b0\u00a0 \u00a0 Longitude: E 17,00282\u00b0\u00a0<\/a><strong><br \/>\n<\/strong>Visina \/ H\u00f6he: 252 m<\/p>\n<p><strong>Katastarska \u010destica \/ Grundst\u00fccke<br \/>\n<\/strong>4229\/1<div class='content-column one_half'><div style=\"padding-right:6px;\"><p><strong>Datum snimanja \/ Erfassungsdatum<br \/>\n<\/strong>27.10.2014 10:09:40<\/p>\n<hr \/>\n<p><strong>Informacije<\/strong><\/p>\n<p>Kapela od prirodnog kamena sagra\u0111ena je oko 1900.g. Tadija Matija\u0161evi\u0107a. Obnovio ju je Milivoj Matija\u0161evi\u0107 2005. godine. Mjedena plo\u010da izvje\u0161tava o tome pored kipa sv. Antonij u kapeli.<\/p><\/div><\/div><div class='content-column one_half last_column'><div style=\"padding-right:0px;padding-left:6px;\"><p><strong>Stupanj za\u0161tite <\/strong><strong>\/ Schutzstellung<br \/>\n<\/strong>&#8211;<\/p>\n<hr \/>\n<p><strong>Info<\/strong><\/p>\n<p>Die Kapelle aus Naturstein wurde um 1900 von Tadija Matija\u0161evi\u0107 erbaut und von Milivoj Matija\u0161evic im Jahr 2005 erneuert. Daran erinnert die Messingtafel neben der Statue des hl. Antonius im Inneren der Kapelle.<\/p><\/div><\/div><div class='clear_column'><\/div><\/p>\n<p style=\"text-align: center;\">KAPELA<br \/>\n<strong>Sv. Ante<\/strong><br \/>\n18. st.<br \/>\nZAVJETNU KAPELU<br \/>\nOBNOVOVIO 2005<br \/>\nMILIVOJ MATIJA\u0160EVI\u0106<\/p>\n<p style=\"text-align: right;\"><a href=\"#seite_oben\">natrag na vrh \/ Seitenanfang<\/a><\/p>\n<hr \/>\n<p><strong>Linkovi \/ Links<\/strong><\/p>\n<p>&#8211;<\/p>\n","protected":false},"excerpt":{"rendered":"<p>Ime \/ Name Kapela \u00bbSv. Ante Padovanski\u00ab \/ Kapelle des hl. Antonius von Padua Code: BO-CP-03\u00a0 \u00a0 \u00a0 \u00a0 \u00a0 \u00a0 \u00a0 \u00a0 \u00a0 \u00a0\u00a0\u00a0 \u00a0 \u00a0 \u00a0 \u00a0\u00a0\u00a0 Adresa \/ Adresse Bogomolje-Glava Lokacija \/ Position Latitude: N 43,13433\u00b0\u00a0 \u00a0 &hellip; <a href=\"https:\/\/www.topohvar.at\/topo\/orte\/bo\/bo-cp-03-2\/\">Weiterlesen <span class=\"meta-nav\">&rarr;<\/span><\/a><\/p>\n","protected":false},"author":1,"featured_media":0,"parent":63,"menu_order":0,"comment_status":"closed","ping_status":"closed","template":"","meta":{"footnotes":""},"class_list":["post-528","page","type-page","status-publish","hentry"],"_links":{"self":[{"href":"https:\/\/www.topohvar.at\/topo\/wp-json\/wp\/v2\/pages\/528","targetHints":{"allow":["GET"]}}],"collection":[{"href":"https:\/\/www.topohvar.at\/topo\/wp-json\/wp\/v2\/pages"}],"about":[{"href":"https:\/\/www.topohvar.at\/topo\/wp-json\/wp\/v2\/types\/page"}],"author":[{"embeddable":true,"href":"https:\/\/www.topohvar.at\/topo\/wp-json\/wp\/v2\/users\/1"}],"replies":[{"embeddable":true,"href":"https:\/\/www.topohvar.at\/topo\/wp-json\/wp\/v2\/comments?post=528"}],"version-history":[{"count":17,"href":"https:\/\/www.topohvar.at\/topo\/wp-json\/wp\/v2\/pages\/528\/revisions"}],"predecessor-version":[{"id":51359,"href":"https:\/\/www.topohvar.at\/topo\/wp-json\/wp\/v2\/pages\/528\/revisions\/51359"}],"up":[{"embeddable":true,"href":"https:\/\/www.topohvar.at\/topo\/wp-json\/wp\/v2\/pages\/63"}],"wp:attachment":[{"href":"https:\/\/www.topohvar.at\/topo\/wp-json\/wp\/v2\/media?parent=528"}],"curies":[{"name":"wp","href":"https:\/\/api.w.org\/{rel}","templated":true}]}}