{"id":54862,"date":"2021-12-07T07:21:56","date_gmt":"2021-12-07T06:21:56","guid":{"rendered":"https:\/\/www.topohvar.at\/topo\/?page_id=54862"},"modified":"2021-12-08T07:16:22","modified_gmt":"2021-12-08T06:16:22","slug":"su-in-02-1","status":"publish","type":"page","link":"https:\/\/www.topohvar.at\/topo\/orte\/su\/su-in-02-1\/","title":{"rendered":"SU\u0106URAJ &#8211; Natpis \u00bbna ulomku nadvratnika\u00ab"},"content":{"rendered":"<p><a name=\"seite_oben\"><\/a><br \/>\n<strong><img loading=\"lazy\" decoding=\"async\" class=\"aligncenter wp-image-54863 size-full\" src=\"https:\/\/www.topohvar.at\/wp-content\/uploads\/2021\/12\/su-in-02-1.jpg\" alt=\"\" width=\"1080\" height=\"530\" srcset=\"https:\/\/www.topohvar.at\/wp-content\/uploads\/2021\/12\/su-in-02-1.jpg 1080w, https:\/\/www.topohvar.at\/wp-content\/uploads\/2021\/12\/su-in-02-1-300x147.jpg 300w, https:\/\/www.topohvar.at\/wp-content\/uploads\/2021\/12\/su-in-02-1-1024x503.jpg 1024w, https:\/\/www.topohvar.at\/wp-content\/uploads\/2021\/12\/su-in-02-1-768x377.jpg 768w\" sizes=\"auto, (max-width: 1080px) 100vw, 1080px\" \/><\/strong><\/p>\n<p><strong>Ime \/ Name<br \/>\n<\/strong>Natpis \/ Inschrift \u00bbna ulomku nadvratnika\u00ab<\/p>\n<p><strong>Code: <\/strong>SU-IN-02\u00a0 \u00a0 \u00a0 \u00a0 \u00a0 \u00a0 \u00a0 \u00a0 \u00a0 \u00a0 \u00a0 \u00a0 \u00a0 \u00a0 \u00a0 \u00a0 \u00a0 \u00a0 \u00a0 \u00a0 \u00a0<strong><a href=\"https:\/\/www.topohvar.at\/orte\/su\/su-in-01-1\/\"><img loading=\"lazy\" decoding=\"async\" class=\"alignnone wp-image-533 size-full\" src=\"https:\/\/www.topohvar.at\/wp-content\/uploads\/2018\/07\/push-l-30.jpg\" alt=\"\" width=\"61\" height=\"30\" \/><\/a> <a href=\"https:\/\/www.topohvar.at\/orte\/su\/\"><img loading=\"lazy\" decoding=\"async\" class=\"alignnone wp-image-535 size-full\" src=\"https:\/\/www.topohvar.at\/wp-content\/uploads\/2018\/07\/push-o-30.jpg\" alt=\"\" width=\"61\" height=\"30\" \/><\/a>\u00a0<a href=\"https:\/\/www.topohvar.at\/orte\/su\/su-in-03-1\/\"><img loading=\"lazy\" decoding=\"async\" class=\"alignnone wp-image-536 size-full\" src=\"https:\/\/www.topohvar.at\/wp-content\/uploads\/2018\/07\/push-r-30.jpg\" alt=\"\" width=\"61\" height=\"30\" \/><\/a><\/strong><\/p>\n<hr \/>\n<p><strong>Adresa \/ Adresse<br \/>\n<\/strong>Su\u0107uraj, crkva sv. Ante, Ulica Donja Banda<\/p>\n<p><strong>Lokacija \/ Position<a href=\"https:\/\/goo.gl\/maps\/KMrmLmUci13SsC426\"><img loading=\"lazy\" decoding=\"async\" class=\"alignright wp-image-11694\" src=\"https:\/\/www.topohvar.at\/wp-content\/uploads\/2018\/09\/0765.jpg\" alt=\"\" width=\"133\" height=\"100\" \/><\/a><br \/>\n<\/strong><span style=\"color: #3366ff;\"><a style=\"color: #3366ff;\" href=\"https:\/\/goo.gl\/maps\/KMrmLmUci13SsC426\">Latitude: N 43,12508\u00b0\u00a0 \u00a0Longitude: E 17,18695\u00b0<\/a><\/span><\/p>\n<p>Visina \/ H\u00f6he: 2 m<\/p>\n<p><strong>Katastarska \u010destica <\/strong><strong>\/ Grundst\u00fccke<br \/>\n<\/strong>*2\u00a0<div class='content-column one_half'><div style=\"padding-right:6px;\"><p><strong>Datum snimanja \/ Erfassungsdatum<br \/>\n<\/strong>01.01.2000 00:00:00<\/p>\n<hr \/>\n<p style=\"text-align: left;\"><strong>Informacije<\/strong><\/p>\n<p>Natpis se nalazio na nadvratniku ku\u0107e, za koju se pretpostavlja da je pripadala vojvodi Pavlu Vickovi\u0107u tj. Viskovi\u0107u, koji se bje\u017ee\u0107i prfed Turcima iz Makarskog primorja doselio u Su\u0107uraj. natpis glasi:<\/p><\/div><\/div><div class='content-column one_half last_column'><div style=\"padding-right:0px;padding-left:6px;\"><p><strong>Stupanj za\u0161tite<\/strong><strong> \/ Schutzstellung<br \/>\n<\/strong>&#8211;<\/p>\n<hr \/>\n<p><strong>Info<\/strong><\/p>\n<p>Die Inschrift befand sich am T\u00fcrsturz des Hauses, das Herzog Pavlo Vickovi\u0107 (Viskovi\u0107) geh\u00f6rt haben soll, der auf der Flucht vor den T\u00fcrken von der K\u00fcste bei Makarska nach Su\u0107uraj zog. Die Inschrift lautet:<\/p><\/div><\/div><div class='clear_column'><\/div><\/p>\n<p style=\"text-align: center;\">VOIVODE PAV\u2026 CKOVICA<\/p>\n<div class='content-column one_half'><div style=\"padding-right:6px;\"><p>Ulomak nadvratnika iz 17. stolje\u0107a danas se nalazi u crkvi sv. Ante.<\/p><\/div><\/div><div class='content-column one_half last_column'><div style=\"padding-right:0px;padding-left:6px;\"><p>Das Fragment eines T\u00fcrsturzes aus dem 17. Jahrhundert befindet sich heute in der Kirche sv. Ante.<\/p><\/div><\/div><div class='clear_column'><\/div><div class='content-column one_half'><div style=\"padding-right:6px;\"><p><em>(Izvor: Izlo\u017eba \u201cPisma i Pismenost otoka Hvara\u201d galerija (crkva) sv. <\/em><em>Jerolima, lipanj 2021)<\/em><\/p><\/div><\/div><div class='content-column one_half last_column'><div style=\"padding-right:0px;padding-left:6px;\"><p><em>(Quelle: Ausstellung \u201cSchrift und Schreibkunst der Insel Hvar\u201d Galerie (Kirche) sv. Jerolim, Juni 2021)<\/em><\/p><\/div><\/div><div class='clear_column'><\/div><\/p>\n<p style=\"text-align: right;\"><span style=\"color: #3366ff;\"><a style=\"color: #3366ff;\" href=\"#seite_oben\">natrag na vrh \/ Seitenanfang<\/a><\/span><\/p>\n<hr \/>\n<p><strong>Linkovi \/ Links<\/strong><\/p>\n<p><span style=\"color: #3366ff;\"><a style=\"color: #3366ff;\" href=\"https:\/\/www.topohvar.at\/orte\/su\/su-ci-02-1\/\">Crkva \u00bbSv. Ante Padovanskog\u00ab \/ Kirche des hl. Antonius von Padua<\/a><\/span><\/p>\n","protected":false},"excerpt":{"rendered":"<p>Ime \/ Name Natpis \/ Inschrift \u00bbna ulomku nadvratnika\u00ab Code: SU-IN-02\u00a0 \u00a0 \u00a0 \u00a0 \u00a0 \u00a0 \u00a0 \u00a0 \u00a0 \u00a0 \u00a0 \u00a0 \u00a0 \u00a0 \u00a0 \u00a0 \u00a0 \u00a0 \u00a0 \u00a0 \u00a0 \u00a0 Adresa \/ Adresse Su\u0107uraj, crkva sv. Ante, Ulica &hellip; <a href=\"https:\/\/www.topohvar.at\/topo\/orte\/su\/su-in-02-1\/\">Weiterlesen <span class=\"meta-nav\">&rarr;<\/span><\/a><\/p>\n","protected":false},"author":1,"featured_media":0,"parent":103,"menu_order":0,"comment_status":"closed","ping_status":"closed","template":"","meta":{"footnotes":""},"class_list":["post-54862","page","type-page","status-publish","hentry"],"_links":{"self":[{"href":"https:\/\/www.topohvar.at\/topo\/wp-json\/wp\/v2\/pages\/54862","targetHints":{"allow":["GET"]}}],"collection":[{"href":"https:\/\/www.topohvar.at\/topo\/wp-json\/wp\/v2\/pages"}],"about":[{"href":"https:\/\/www.topohvar.at\/topo\/wp-json\/wp\/v2\/types\/page"}],"author":[{"embeddable":true,"href":"https:\/\/www.topohvar.at\/topo\/wp-json\/wp\/v2\/users\/1"}],"replies":[{"embeddable":true,"href":"https:\/\/www.topohvar.at\/topo\/wp-json\/wp\/v2\/comments?post=54862"}],"version-history":[{"count":8,"href":"https:\/\/www.topohvar.at\/topo\/wp-json\/wp\/v2\/pages\/54862\/revisions"}],"predecessor-version":[{"id":54938,"href":"https:\/\/www.topohvar.at\/topo\/wp-json\/wp\/v2\/pages\/54862\/revisions\/54938"}],"up":[{"embeddable":true,"href":"https:\/\/www.topohvar.at\/topo\/wp-json\/wp\/v2\/pages\/103"}],"wp:attachment":[{"href":"https:\/\/www.topohvar.at\/topo\/wp-json\/wp\/v2\/media?parent=54862"}],"curies":[{"name":"wp","href":"https:\/\/api.w.org\/{rel}","templated":true}]}}