{"id":55010,"date":"2021-12-12T09:28:24","date_gmt":"2021-12-12T08:28:24","guid":{"rendered":"https:\/\/www.topohvar.at\/topo\/?page_id=55010"},"modified":"2024-04-18T16:33:49","modified_gmt":"2024-04-18T14:33:49","slug":"je-oi-00-1","status":"publish","type":"page","link":"https:\/\/www.topohvar.at\/topo\/orte\/je\/je-oi-00-1\/","title":{"rendered":"JELSA &#8211; Objekt \u00bbBitve u luci Jelsa\u00ab"},"content":{"rendered":"<p><a name=\"seite_oben\"><\/a><br \/>\n<strong><img loading=\"lazy\" decoding=\"async\" class=\"alignnone wp-image-55018 size-full\" src=\"https:\/\/www.topohvar.at\/wp-content\/uploads\/2021\/12\/je-oi-00.jpg\" alt=\"\" width=\"1080\" height=\"530\" srcset=\"https:\/\/www.topohvar.at\/wp-content\/uploads\/2021\/12\/je-oi-00.jpg 1080w, https:\/\/www.topohvar.at\/wp-content\/uploads\/2021\/12\/je-oi-00-300x147.jpg 300w, https:\/\/www.topohvar.at\/wp-content\/uploads\/2021\/12\/je-oi-00-1024x503.jpg 1024w, https:\/\/www.topohvar.at\/wp-content\/uploads\/2021\/12\/je-oi-00-768x377.jpg 768w\" sizes=\"auto, (max-width: 1080px) 100vw, 1080px\" \/><\/strong><\/p>\n<p><strong>Ime \/ Name<br \/>\n<\/strong>Objekt \u00bbBitve u luci Jelsa\u00ab \/ Poller im Hafen Jelsa<\/p>\n<p><strong>Code: <\/strong>JE-OI-01\/05\u00a0 \u00a0 \u00a0 \u00a0 \u00a0 \u00a0 \u00a0 \u00a0 \u00a0 \u00a0 \u00a0 \u00a0 \u00a0 \u00a0 \u00a0 \u00a0 \u00a0 \u00a0 \u00a0<strong><a href=\"https:\/\/www.topohvar.at\/orte\/je\/je-og-01-1\/\"><img loading=\"lazy\" decoding=\"async\" class=\"alignnone wp-image-12300 size-full\" src=\"https:\/\/www.topohvar.at\/wp-content\/uploads\/2018\/09\/push-vor-30.jpg\" alt=\"\" width=\"61\" height=\"30\" \/><\/a>\u00a0<a href=\"https:\/\/www.topohvar.at\/orte\/je\/je-ob-08-1\/\"><img loading=\"lazy\" decoding=\"async\" class=\"alignnone wp-image-533 size-full\" src=\"https:\/\/www.topohvar.at\/wp-content\/uploads\/2018\/07\/push-l-30.jpg\" alt=\"\" width=\"61\" height=\"30\" \/><\/a> <a href=\"https:\/\/www.topohvar.at\/orte\/je\/\"><img loading=\"lazy\" decoding=\"async\" class=\"alignnone wp-image-535 size-full\" src=\"https:\/\/www.topohvar.at\/wp-content\/uploads\/2018\/07\/push-o-30.jpg\" alt=\"\" width=\"61\" height=\"30\" \/><\/a> <a href=\"https:\/\/www.topohvar.at\/orte\/je\/je-ob-02-1\/\"><img loading=\"lazy\" decoding=\"async\" class=\"alignnone wp-image-536 size-full\" src=\"https:\/\/www.topohvar.at\/wp-content\/uploads\/2018\/07\/push-r-30.jpg\" alt=\"\" width=\"61\" height=\"30\" \/><\/a> <a href=\"https:\/\/www.topohvar.at\/orte\/je\/je-os-01-1\/\"><img loading=\"lazy\" decoding=\"async\" class=\"alignnone wp-image-12299 size-full\" src=\"https:\/\/www.topohvar.at\/wp-content\/uploads\/2018\/09\/push-next-30.jpg\" alt=\"\" width=\"61\" height=\"30\" \/><\/a>\u00a0\u00a0<\/strong><\/p>\n<hr \/>\n<p><strong>Adresa \/ Adresse<br \/>\n<\/strong>Jelsa, Luka<\/p>\n<p><strong>Lokacija\u00a0 \/ Position<a href=\"https:\/\/goo.gl\/maps\/uRPFYuie9H5uK432A\"><img loading=\"lazy\" decoding=\"async\" class=\"alignright wp-image-28384\" src=\"https:\/\/www.topohvar.at\/wp-content\/uploads\/2020\/01\/2110.jpg\" alt=\"\" width=\"134\" height=\"100\" \/><\/a><br \/>\n<\/strong><span style=\"color: #3366ff;\"><a style=\"color: #3366ff;\" href=\"https:\/\/goo.gl\/maps\/uRPFYuie9H5uK432A\">Latitude: N 43,16245\u00b0\u00a0 \u00a0Longitude: E 16,69489\u00b0<\/a><\/span><br \/>\nVisina \/ H\u00f6he: 1 m<\/p>\n<p><strong>Katastarska \u010destica \/ Grundst\u00fccke<br \/>\n<\/strong>&#8211; <div class='content-column one_half'><div style=\"padding-right:6px;\"><p><strong>Datum snimanja \/ Erfassungsdatum<br \/>\n<\/strong>24.09.2021 15:00:00<\/p>\n<hr \/>\n<p><strong>Informacije<\/strong><\/p>\n<p>Oko lu\u010dkog bazena u Jelsi nalazi se pet vrsta povijesnih bitva (ili novih ra\u0111enih prema povijesnim uzorima).<\/p><\/div><\/div><div class='content-column one_half last_column'><div style=\"padding-right:0px;padding-left:6px;\"><p><strong>Stupanj za\u0161tite \/ Schutzstellung<br \/>\n<\/strong>&#8211;<\/p>\n<hr \/>\n<p><strong>Info<\/strong><\/p>\n<p>Rund um das Hafenbecken in Jelsa gibt es f\u00fcnf Arten von historischen (oder neuen nach historischen Vorbildern) Pollern.<\/p><\/div><\/div><div class='clear_column'><\/div><\/p>\n<hr \/>\n<div class='content-column one_half'><div style=\"padding-right:6px;\"><p style=\"text-align: right;\"><strong>Code:<\/strong><\/p>\n<p><strong>Ime: <\/strong>Objekt \u00bbBitve u luci Jelsa (1)\u00ab<\/p><\/div><\/div><div class='content-column one_half last_column'><div style=\"padding-right:0px;padding-left:6px;\"><p>JE-OI-01<\/p>\n<p><strong>Name: <\/strong>Objekt \u00bbPoller im Hafen Jelsa (1)\u00ab<\/p><\/div><\/div><div class='clear_column'><\/div><\/p>\n<p><img loading=\"lazy\" decoding=\"async\" class=\"alignnone size-full wp-image-55019\" src=\"https:\/\/www.topohvar.at\/wp-content\/uploads\/2021\/12\/je-oi-01-1.jpg\" alt=\"\" width=\"1080\" height=\"530\" srcset=\"https:\/\/www.topohvar.at\/wp-content\/uploads\/2021\/12\/je-oi-01-1.jpg 1080w, https:\/\/www.topohvar.at\/wp-content\/uploads\/2021\/12\/je-oi-01-1-300x147.jpg 300w, https:\/\/www.topohvar.at\/wp-content\/uploads\/2021\/12\/je-oi-01-1-1024x503.jpg 1024w, https:\/\/www.topohvar.at\/wp-content\/uploads\/2021\/12\/je-oi-01-1-768x377.jpg 768w\" sizes=\"auto, (max-width: 1080px) 100vw, 1080px\" \/><\/p>\n<div class='content-column one_half'><div style=\"padding-right:6px;\"><p>Na sjevernoj strani luke i ovdje na isto\u010dnom molu nalaze se tri komada ovih bitva. Sastoje se od 75 cm visokog krnjeg sto\u0161ca s uskim \u017elijebom neposredno ispod glave. Gotovo su iste visine i u dobrom stanju.<\/p><\/div><\/div><div class='content-column one_half last_column'><div style=\"padding-right:0px;padding-left:6px;\"><p>An der Nordseite des Hafens, und hier auf der \u00f6stlichen Mole, befinden sich drei St\u00fcck dieser Poller. Sie bestehen aus einem etwa 75 cm hohen Kegelstumpf der knapp unter dem Kopf eine schmale Nut aufweist. Die Poller haben nahezu gleiche H\u00f6he und befinden sich in einem guten Zustand.<\/p><\/div><\/div><div class='clear_column'><\/div><\/p>\n<p style=\"text-align: right;\"><span style=\"color: #0000ff;\"><a style=\"color: #0000ff;\" href=\"#seite_oben\">natrag na vrh \/ Seitenanfang<\/a><\/span><\/p>\n<hr \/>\n<div class='content-column one_half'><div style=\"padding-right:6px;\"><p style=\"text-align: right;\"><strong>Code:<\/strong><\/p>\n<p><strong>Ime: <\/strong>Objekt \u00bbBitve u luci Jelsa (2)\u00ab<\/p><\/div><\/div><div class='content-column one_half last_column'><div style=\"padding-right:0px;padding-left:6px;\"><p>JE-OI-02<\/p>\n<p><strong>Name: <\/strong>Objekt \u00bbPoller im Hafen Jelsa (2)\u00ab<\/p><\/div><\/div><div class='clear_column'><\/div><\/p>\n<p><img loading=\"lazy\" decoding=\"async\" class=\"alignnone wp-image-55020 size-full\" src=\"https:\/\/www.topohvar.at\/wp-content\/uploads\/2021\/12\/je-oi-02-1.jpg\" alt=\"\" width=\"1080\" height=\"530\" srcset=\"https:\/\/www.topohvar.at\/wp-content\/uploads\/2021\/12\/je-oi-02-1.jpg 1080w, https:\/\/www.topohvar.at\/wp-content\/uploads\/2021\/12\/je-oi-02-1-300x147.jpg 300w, https:\/\/www.topohvar.at\/wp-content\/uploads\/2021\/12\/je-oi-02-1-1024x503.jpg 1024w, https:\/\/www.topohvar.at\/wp-content\/uploads\/2021\/12\/je-oi-02-1-768x377.jpg 768w\" sizes=\"auto, (max-width: 1080px) 100vw, 1080px\" \/><\/p>\n<div class='content-column one_half'><div style=\"padding-right:6px;\"><p>Na sjevernoj strani luke i ovdje na isto\u010dnom molu, ova biva se nalazi uz tri spomenute (JE-OI-01) bitve. Nakon \u010detvrtastog postolja (ugra\u0111enog u tlo) slijedi cilindri\u010dni dio visine oko 35 cm, a zatim krnji sto\u017eac. Krnji sto\u017eac ima usko ispup\u010denje neposredno ispod glave. Bitva je u dobrom stanju.<\/p><\/div><\/div><div class='content-column one_half last_column'><div style=\"padding-right:0px;padding-left:6px;\"><p>An der Nordseite des Hafens, und hier auf der \u00f6stlichen Mole, befinden bei den drei vorgenannten (JE-OI-01) dieser Poller. Auf eine quadratische Basis (in den Boden eingelassen) folgt ein etwa 35 cm hoher zylindrischer Teil und dann ein Kegelstumpf. Der Kegelstumpf besitzt knapp unter dem Kopf einen schmalen Wulst. Der Poller befindet sich in einem guten Zustand.<\/p><\/div><\/div><div class='clear_column'><\/div><\/p>\n<p style=\"text-align: right;\"><span style=\"color: #0000ff;\"><a style=\"color: #0000ff;\" href=\"#seite_oben\">natrag na vrh \/ Seitenanfang<\/a><\/span><\/p>\n<hr \/>\n<div class='content-column one_half'><div style=\"padding-right:6px;\"><p style=\"text-align: right;\"><strong>Code:<\/strong><\/p>\n<p><strong>Ime: <\/strong>Objekt \u00bbBitve u luci Jelsa (3)\u00ab<\/p><\/div><\/div><div class='content-column one_half last_column'><div style=\"padding-right:0px;padding-left:6px;\"><p>JE-OI-03<\/p>\n<p><strong>Name: <\/strong>Objekt \u00bbPoller im Hafen Jelsa (3)\u00ab<\/p><\/div><\/div><div class='clear_column'><\/div><\/p>\n<p><img loading=\"lazy\" decoding=\"async\" class=\"alignnone wp-image-55021 size-full\" src=\"https:\/\/www.topohvar.at\/wp-content\/uploads\/2021\/12\/je-oi-03-1.jpg\" alt=\"\" width=\"1080\" height=\"530\" srcset=\"https:\/\/www.topohvar.at\/wp-content\/uploads\/2021\/12\/je-oi-03-1.jpg 1080w, https:\/\/www.topohvar.at\/wp-content\/uploads\/2021\/12\/je-oi-03-1-300x147.jpg 300w, https:\/\/www.topohvar.at\/wp-content\/uploads\/2021\/12\/je-oi-03-1-1024x503.jpg 1024w, https:\/\/www.topohvar.at\/wp-content\/uploads\/2021\/12\/je-oi-03-1-768x377.jpg 768w\" sizes=\"auto, (max-width: 1080px) 100vw, 1080px\" \/><\/p>\n<div class='content-column one_half'><div style=\"padding-right:6px;\"><p>Ova lijevano \u017eeljezna bitva nalazi se na sjevernoj strani luke, a ovdje uz isto\u010dni plutaju\u0107i mol. S promjerom baze od cca 50 cm i visinom od cca 87 cm, jedan je od najve\u0107ih lijevano \u017eeljeznih bitva na otoku.<\/p><\/div><\/div><div class='content-column one_half last_column'><div style=\"padding-right:0px;padding-left:6px;\"><p>An der Nordseite des Hafens, und hier beim \u00f6stlichen Schwimmsteg, befindet sich dieser aus Gusseisen gefertigte Poller. Mit einem Basisdurchmesser von ca. 50 cm und einer H\u00f6he von ca. 87 cm geh\u00f6rt er zu den gr\u00f6\u00dften gusseisernen Pollern der Insel.<\/p><\/div><\/div><div class='clear_column'><\/div><\/p>\n<p style=\"text-align: right;\"><span style=\"color: #0000ff;\"><a style=\"color: #0000ff;\" href=\"#seite_oben\">natrag na vrh \/ Seitenanfang<\/a><\/span><\/p>\n<hr \/>\n<div class='content-column one_half'><div style=\"padding-right:6px;\"><p style=\"text-align: right;\"><strong>Code:<\/strong><\/p>\n<p><strong>Ime: <\/strong>Objekt \u00bbBitve u luci Jelsa (4)\u00ab<\/p><\/div><\/div><div class='content-column one_half last_column'><div style=\"padding-right:0px;padding-left:6px;\"><p>JE-OI-04<\/p>\n<p><strong>Name: <\/strong>Objekt \u00bbPoller im Hafen Jelsa (4)\u00ab<\/p><\/div><\/div><div class='clear_column'><\/div><\/p>\n<p><img loading=\"lazy\" decoding=\"async\" class=\"alignnone wp-image-55024 size-full\" src=\"https:\/\/www.topohvar.at\/wp-content\/uploads\/2021\/12\/je-oi-04-1.jpg\" alt=\"\" width=\"1080\" height=\"530\" srcset=\"https:\/\/www.topohvar.at\/wp-content\/uploads\/2021\/12\/je-oi-04-1.jpg 1080w, https:\/\/www.topohvar.at\/wp-content\/uploads\/2021\/12\/je-oi-04-1-300x147.jpg 300w, https:\/\/www.topohvar.at\/wp-content\/uploads\/2021\/12\/je-oi-04-1-1024x503.jpg 1024w, https:\/\/www.topohvar.at\/wp-content\/uploads\/2021\/12\/je-oi-04-1-768x377.jpg 768w\" sizes=\"auto, (max-width: 1080px) 100vw, 1080px\" \/><\/p>\n<div class='content-column one_half'><div style=\"padding-right:6px;\"><p>Ovaj bitva od lijevanog \u017eeljeza je ne\u0161to manji od gore spomenutog (JE-OI-03). U luci je deset ovih tipova, i to:<\/p><\/div><\/div><div class='content-column one_half last_column'><div style=\"padding-right:0px;padding-left:6px;\"><p>Dieser aus Gusseisen gefertigte Poller ist etwas kleiner als der vorgenannte (JE-OI-03). Zehn St\u00fcck diese Art befinden sich im Hafen und zwar:<\/p><\/div><\/div><div class='clear_column'><\/div><div class='content-column one_half'><div style=\"padding-right:6px;\"><p>2 na sjevernoj strani luke kod ku\u0107e Dubokovi\u0107,<br \/>\n3 u jugozapadnom lu\u010dkom bazenu,<br \/>\n2 za slova &#8222;JELSA&#8220;,<br \/>\n2 u ju\u017enom lu\u010dkom bazenu i<br \/>\n1 na novom molu u Arsenalu.<\/p><\/div><\/div><div class='content-column one_half last_column'><div style=\"padding-right:0px;padding-left:6px;\"><p>2 an der Nordseite des Hafens beim Haus Dubokovic,<br \/>\n3 beim s\u00fcdwestlichen Hafenbecken,<br \/>\n2 bei der Inschrift &#8222;JELSA&#8220;,<br \/>\n2 am s\u00fcdlichen Hafenbecken und<br \/>\n1 bei der neuen Mole beim Arsenal.<\/p><\/div><\/div><div class='clear_column'><\/div><\/p>\n<p style=\"text-align: right;\"><span style=\"color: #0000ff;\"><a style=\"color: #0000ff;\" href=\"#seite_oben\">natrag na vrh \/ Seitenanfang<\/a><\/span><\/p>\n<hr \/>\n<div class='content-column one_half'><div style=\"padding-right:6px;\"><p style=\"text-align: right;\"><strong>Code:<\/strong><\/p>\n<p><strong>Ime: <\/strong>Objekt \u00bbBitve u luci Jelsa (5)\u00ab<\/p><\/div><\/div><div class='content-column one_half last_column'><div style=\"padding-right:0px;padding-left:6px;\"><p>JE-OI-05<\/p>\n<p><strong>Name: <\/strong>Objekt \u00bbPoller im Hafen Jelsa (5)\u00ab<\/p><\/div><\/div><div class='clear_column'><\/div><\/p>\n<p><img loading=\"lazy\" decoding=\"async\" class=\"alignnone wp-image-55025 size-full\" src=\"https:\/\/www.topohvar.at\/wp-content\/uploads\/2021\/12\/je-oi-05-1.jpg\" alt=\"\" width=\"1080\" height=\"530\" srcset=\"https:\/\/www.topohvar.at\/wp-content\/uploads\/2021\/12\/je-oi-05-1.jpg 1080w, https:\/\/www.topohvar.at\/wp-content\/uploads\/2021\/12\/je-oi-05-1-300x147.jpg 300w, https:\/\/www.topohvar.at\/wp-content\/uploads\/2021\/12\/je-oi-05-1-1024x503.jpg 1024w, https:\/\/www.topohvar.at\/wp-content\/uploads\/2021\/12\/je-oi-05-1-768x377.jpg 768w\" sizes=\"auto, (max-width: 1080px) 100vw, 1080px\" \/><\/p>\n<div class='content-column one_half'><div style=\"padding-right:6px;\"><p>Ova vrsta bitva mo\u017ee se na\u0107i osam puta u luci Jelsa:<\/p><\/div><\/div><div class='content-column one_half last_column'><div style=\"padding-right:0px;padding-left:6px;\"><p>Diese Art von Poller findet sich achtmal im Hafen von Jelsa und zwar:<\/p><\/div><\/div><div class='clear_column'><\/div><div class='content-column one_half'><div style=\"padding-right:6px;\"><p>3x na sjevernoj strani luke ispred Kapetanerije,<br \/>\n1x kod biv\u0161e &#8222;medicinske stanice&#8220; i<br \/>\n4x na ju\u017enom lu\u010dkom bazenu.<\/p><\/div><\/div><div class='content-column one_half last_column'><div style=\"padding-right:0px;padding-left:6px;\"><p>3x an der Nordseite des Hafens vor der Kapetaneria,<br \/>\n1x nahe der ehemaligen &#8222;Medizinstation&#8220; und<br \/>\n4x am s\u00fcdlichen Hafenbecken.<\/p><\/div><\/div><div class='clear_column'><\/div><div class='content-column one_half'><div style=\"padding-right:6px;\"><p>Bitve se sastoje od \u010detvrtastog postolja (usa\u0111enog u tlo), krnjeg sto\u0161ca visine oko 80 cm i glave bitve. Samo su bitve u bazenu ju\u017ene luke bolje sa\u010duvale glavu.<\/p><\/div><\/div><div class='content-column one_half last_column'><div style=\"padding-right:0px;padding-left:6px;\"><p>Die Poller bestehen aus einer quadratische Basis (in den Boden eingelassen), einen etwa 80 cm hohen Kegelstumpf und Pollerkopf. Der Kopf ist nur mehr bei den Pollern im s\u00fcdlichen Hafenbecken besser erhalten.<\/p><\/div><\/div><div class='clear_column'><\/div><\/p>\n<p style=\"text-align: right;\"><span style=\"color: #0000ff;\"><a style=\"color: #0000ff;\" href=\"#seite_oben\">natrag na vrh \/ Seitenanfang<\/a><\/span><\/p>\n<hr \/>\n<p><strong>Linkovi \/ Links<\/strong><\/p>\n<p><span style=\"color: #3366ff;\"><a style=\"color: #3366ff;\" href=\"https:\/\/www.topohvar.at\/topo\/orte\/je\/je-pu-05-1\">Luka \/ Hafen Jelsa<\/a>\u00a0<\/span><\/p>\n","protected":false},"excerpt":{"rendered":"<p>Ime \/ Name Objekt \u00bbBitve u luci Jelsa\u00ab \/ Poller im Hafen Jelsa Code: JE-OI-01\/05\u00a0 \u00a0 \u00a0 \u00a0 \u00a0 \u00a0 \u00a0 \u00a0 \u00a0 \u00a0 \u00a0 \u00a0 \u00a0 \u00a0 \u00a0 \u00a0 \u00a0 \u00a0 \u00a0\u00a0 \u00a0\u00a0 Adresa \/ Adresse Jelsa, Luka Lokacija\u00a0 &hellip; <a href=\"https:\/\/www.topohvar.at\/topo\/orte\/je\/je-oi-00-1\/\">Weiterlesen <span class=\"meta-nav\">&rarr;<\/span><\/a><\/p>\n","protected":false},"author":1,"featured_media":0,"parent":85,"menu_order":0,"comment_status":"closed","ping_status":"closed","template":"","meta":{"footnotes":""},"class_list":["post-55010","page","type-page","status-publish","hentry"],"_links":{"self":[{"href":"https:\/\/www.topohvar.at\/topo\/wp-json\/wp\/v2\/pages\/55010","targetHints":{"allow":["GET"]}}],"collection":[{"href":"https:\/\/www.topohvar.at\/topo\/wp-json\/wp\/v2\/pages"}],"about":[{"href":"https:\/\/www.topohvar.at\/topo\/wp-json\/wp\/v2\/types\/page"}],"author":[{"embeddable":true,"href":"https:\/\/www.topohvar.at\/topo\/wp-json\/wp\/v2\/users\/1"}],"replies":[{"embeddable":true,"href":"https:\/\/www.topohvar.at\/topo\/wp-json\/wp\/v2\/comments?post=55010"}],"version-history":[{"count":14,"href":"https:\/\/www.topohvar.at\/topo\/wp-json\/wp\/v2\/pages\/55010\/revisions"}],"predecessor-version":[{"id":66390,"href":"https:\/\/www.topohvar.at\/topo\/wp-json\/wp\/v2\/pages\/55010\/revisions\/66390"}],"up":[{"embeddable":true,"href":"https:\/\/www.topohvar.at\/topo\/wp-json\/wp\/v2\/pages\/85"}],"wp:attachment":[{"href":"https:\/\/www.topohvar.at\/topo\/wp-json\/wp\/v2\/media?parent=55010"}],"curies":[{"name":"wp","href":"https:\/\/api.w.org\/{rel}","templated":true}]}}