{"id":55036,"date":"2021-12-12T11:53:52","date_gmt":"2021-12-12T10:53:52","guid":{"rendered":"https:\/\/www.topohvar.at\/topo\/?page_id=55036"},"modified":"2024-07-31T15:39:49","modified_gmt":"2024-07-31T13:39:49","slug":"va-oi-00-1","status":"publish","type":"page","link":"https:\/\/www.topohvar.at\/topo\/orte\/va\/va-oi-00-1\/","title":{"rendered":"VRBOSKA &#8211; Objekt \u00bbBitve u luci Vrboska\u00ab"},"content":{"rendered":"<p><a name=\"seite_oben\"><\/a><strong><img loading=\"lazy\" decoding=\"async\" class=\"alignnone wp-image-55037 size-full\" src=\"https:\/\/www.topohvar.at\/wp-content\/uploads\/2021\/12\/va-oi-00.jpg\" alt=\"\" width=\"1080\" height=\"530\" srcset=\"https:\/\/www.topohvar.at\/wp-content\/uploads\/2021\/12\/va-oi-00.jpg 1080w, https:\/\/www.topohvar.at\/wp-content\/uploads\/2021\/12\/va-oi-00-300x147.jpg 300w, https:\/\/www.topohvar.at\/wp-content\/uploads\/2021\/12\/va-oi-00-1024x503.jpg 1024w, https:\/\/www.topohvar.at\/wp-content\/uploads\/2021\/12\/va-oi-00-768x377.jpg 768w\" sizes=\"auto, (max-width: 1080px) 100vw, 1080px\" \/><\/strong><\/p>\n<p><strong>Ime \/ Name<br \/>\n<\/strong>Objekt \u00bbBitve u luci Vrboska\u00ab \/ Poller im Hafen Vrboska<\/p>\n<p><strong>Code: <\/strong>VA-OI-00\u00a0 \u00a0 \u00a0 \u00a0 \u00a0 \u00a0 \u00a0 \u00a0 \u00a0 \u00a0 \u00a0 \u00a0 \u00a0 \u00a0 \u00a0 \u00a0 \u00a0\u00a0 <a href=\"https:\/\/www.topohvar.at\/orte\/va\/va-og-01-1\/\"><img loading=\"lazy\" decoding=\"async\" class=\"alignnone wp-image-12300 size-full\" src=\"https:\/\/www.topohvar.at\/wp-content\/uploads\/2018\/09\/push-vor-30.jpg\" alt=\"\" width=\"61\" height=\"30\" \/><\/a>\u00a0<strong><a href=\"https:\/\/www.topohvar.at\/orte\/va\/va-ob-03-1\/\"><img loading=\"lazy\" decoding=\"async\" class=\"alignnone wp-image-533 size-full\" src=\"https:\/\/www.topohvar.at\/wp-content\/uploads\/2018\/07\/push-l-30.jpg\" alt=\"\" width=\"61\" height=\"30\" \/><\/a> <a href=\"https:\/\/www.topohvar.at\/orte\/va\/\"><img loading=\"lazy\" decoding=\"async\" class=\"alignnone wp-image-535 size-full\" src=\"https:\/\/www.topohvar.at\/wp-content\/uploads\/2018\/07\/push-o-30.jpg\" alt=\"\" width=\"61\" height=\"30\" \/><\/a> <a href=\"https:\/\/www.topohvar.at\/orte\/va\/va-ob-02-1\/\"><img loading=\"lazy\" decoding=\"async\" class=\"alignnone wp-image-536 size-full\" src=\"https:\/\/www.topohvar.at\/wp-content\/uploads\/2018\/07\/push-r-30.jpg\" alt=\"\" width=\"61\" height=\"30\" \/><\/a> <a href=\"https:\/\/www.topohvar.at\/orte\/va\/va-os-01-1\/\"><img loading=\"lazy\" decoding=\"async\" class=\"alignnone wp-image-12299 size-full\" src=\"https:\/\/www.topohvar.at\/wp-content\/uploads\/2018\/09\/push-next-30.jpg\" alt=\"\" width=\"61\" height=\"30\" \/><\/a><\/strong><\/p>\n<hr \/>\n<p><strong>Adresa \/ Adresse<br \/>\n<\/strong>Vrboska, Luka<\/p>\n<p><strong>Lokacija \/ Position<a href=\"https:\/\/goo.gl\/maps\/N6E97nxhczDMT4uaA\"><img loading=\"lazy\" decoding=\"async\" class=\"alignright wp-image-6346\" src=\"https:\/\/www.topohvar.at\/wp-content\/uploads\/2018\/08\/1672.jpg\" alt=\"\" width=\"134\" height=\"100\" \/><\/a><br \/>\n<\/strong><span style=\"color: #3366ff;\"><a style=\"color: #3366ff;\" href=\"https:\/\/goo.gl\/maps\/N6E97nxhczDMT4uaA\">Latitude: N 43,18054\u00b0\u00a0 \u00a0 Longitude: E 16,67349\u00b0\u00a0<\/a><\/span><strong><br \/>\n<\/strong>Visina \/ H\u00f6he: 1 m<\/p>\n<p><strong>Zemlji\u0161te \/ Grundst\u00fccke<br \/>\n<\/strong>&#8211;<div class='content-column one_half'><div style=\"padding-right:6px;\"><p><strong>Datum snimanja \/ Erfassungsdatum<br \/>\n<\/strong>23.09.2021 15:00:00<\/p>\n<hr \/>\n<p><strong>Informacije<\/strong><\/p>\n<p>Oko lu\u010dkog bazena Vrboske nalazi se deset tipova povijesnih bitva (ili novih prema povijesnim modelima).<\/p><\/div><\/div><div class='content-column one_half last_column'><div style=\"padding-right:0px;padding-left:6px;\"><p><strong>Stupanj za\u0161tite \/ Schutzstellung<br \/>\n<\/strong>&#8211;<\/p>\n<hr \/>\n<p><strong>Info<\/strong><\/p>\n<p>Rund um das Hafenbecken in Vrboska gibt es zehn Arten von historischen (oder neuen nach historischen Vorbildern gestalteten) Pollern.<\/p><\/div><\/div><div class='clear_column'><\/div><\/p>\n<hr \/>\n<div class='content-column one_half'><div style=\"padding-right:6px;\"><p style=\"text-align: right;\"><strong>Code:<\/strong><\/p>\n<p><strong>Ime: <\/strong>Objekt \u00bbBitve u luci Vrboska (1)\u00ab<\/p><\/div><\/div><div class='content-column one_half last_column'><div style=\"padding-right:0px;padding-left:6px;\"><p>VA-OI-01<\/p>\n<p><strong>Name: <\/strong>Objekt \u00bbPoller im Hafen Vrboska (1)\u00ab<\/p><\/div><\/div><div class='clear_column'><\/div><\/p>\n<p><img loading=\"lazy\" decoding=\"async\" class=\"alignnone wp-image-55040 size-full\" src=\"https:\/\/www.topohvar.at\/wp-content\/uploads\/2021\/12\/va-oi-01-1.jpg\" alt=\"\" width=\"1080\" height=\"530\" srcset=\"https:\/\/www.topohvar.at\/wp-content\/uploads\/2021\/12\/va-oi-01-1.jpg 1080w, https:\/\/www.topohvar.at\/wp-content\/uploads\/2021\/12\/va-oi-01-1-300x147.jpg 300w, https:\/\/www.topohvar.at\/wp-content\/uploads\/2021\/12\/va-oi-01-1-1024x503.jpg 1024w, https:\/\/www.topohvar.at\/wp-content\/uploads\/2021\/12\/va-oi-01-1-768x377.jpg 768w\" sizes=\"auto, (max-width: 1080px) 100vw, 1080px\" \/><\/p>\n<div class='content-column one_half'><div style=\"padding-right:6px;\"><p>Ove bitve od lijevanog \u017eeljeza su dosta dobro o\u010duvane. U luci je deset ovih tipova, i to:<\/p><\/div><\/div><div class='content-column one_half last_column'><div style=\"padding-right:0px;padding-left:6px;\"><p>Diese aus Gusseisen gefertigten Poller sind recht gut erhalten. Zehn St\u00fcck diese Art befinden sich im Hafen und zwar:<\/p><\/div><\/div><div class='clear_column'><\/div><div class='content-column one_half'><div style=\"padding-right:6px;\"><p>7 na ju\u017enoj strani luke na Rivi i<br \/>\n3 nasuprot na sjevernoj strani.<\/p><\/div><\/div><div class='content-column one_half last_column'><div style=\"padding-right:0px;padding-left:6px;\"><p>7 an der S\u00fcdseite des Hafens an der Riva und<br \/>\n3 gegen\u00fcber an der Nordseite.<\/p><\/div><\/div><div class='clear_column'><\/div><\/p>\n<p style=\"text-align: right;\"><span style=\"color: #0000ff;\"><a style=\"color: #0000ff;\" href=\"#seite_oben\">natrag na vrh \/ Seitenanfang<\/a><\/span><\/p>\n<hr \/>\n<div class='content-column one_half'><div style=\"padding-right:6px;\"><p style=\"text-align: right;\"><strong>Code:<\/strong><\/p>\n<p><strong>Ime: <\/strong>Objekt \u00bbBitve u luci Vrboska (2)\u00ab<\/p><\/div><\/div><div class='content-column one_half last_column'><div style=\"padding-right:0px;padding-left:6px;\"><p>VA-OI-02<\/p>\n<p><strong>Name: <\/strong>Objekt \u00bbPoller im Hafen Vrboska (2)\u00ab<\/p><\/div><\/div><div class='clear_column'><\/div><\/p>\n<p><img loading=\"lazy\" decoding=\"async\" class=\"alignnone wp-image-55041 size-full\" src=\"https:\/\/www.topohvar.at\/wp-content\/uploads\/2021\/12\/va-oi-02-1.jpg\" alt=\"\" width=\"1080\" height=\"530\" srcset=\"https:\/\/www.topohvar.at\/wp-content\/uploads\/2021\/12\/va-oi-02-1.jpg 1080w, https:\/\/www.topohvar.at\/wp-content\/uploads\/2021\/12\/va-oi-02-1-300x147.jpg 300w, https:\/\/www.topohvar.at\/wp-content\/uploads\/2021\/12\/va-oi-02-1-1024x503.jpg 1024w, https:\/\/www.topohvar.at\/wp-content\/uploads\/2021\/12\/va-oi-02-1-768x377.jpg 768w\" sizes=\"auto, (max-width: 1080px) 100vw, 1080px\" \/><\/p>\n<div class='content-column one_half'><div style=\"padding-right:6px;\"><p>Jedanaest ovih jednostavno dizajniranih bitva nalazi se u isto\u010dnom dijelu luke. 3 uz dizalicu uz benzinsku crpku na isto\u010dnom kraju Rive i 8 na ju\u017enoj strani marine.<\/p><\/div><\/div><div class='content-column one_half last_column'><div style=\"padding-right:0px;padding-left:6px;\"><p>Elf dieser einfach gestaltenten Poller befinden sich im Ostteil des Hafens. 3 beim Kran neben der Tankstelle am \u00f6stlichen Ende der Riva und 8 an der S\u00fcdseite der Marina.<\/p><\/div><\/div><div class='clear_column'><\/div><\/p>\n<p style=\"text-align: right;\"><span style=\"color: #0000ff;\"><a style=\"color: #0000ff;\" href=\"#seite_oben\">natrag na vrh \/ Seitenanfang<\/a><\/span><\/p>\n<hr \/>\n<div class='content-column one_half'><div style=\"padding-right:6px;\"><p style=\"text-align: right;\"><strong>Code:<\/strong><\/p>\n<p><strong>Ime: <\/strong>Objekt \u00bbBitve u luci Vrboska (3)\u00ab<\/p><\/div><\/div><div class='content-column one_half last_column'><div style=\"padding-right:0px;padding-left:6px;\"><p>VA-OI-03<\/p>\n<p><strong>Name: <\/strong>Objekt \u00bbPoller im Hafen Vrboska (3)\u00ab<\/p><\/div><\/div><div class='clear_column'><\/div><\/p>\n<p><img loading=\"lazy\" decoding=\"async\" class=\"alignnone wp-image-55042 size-full\" src=\"https:\/\/www.topohvar.at\/wp-content\/uploads\/2021\/12\/va-oi-03-1.jpg\" alt=\"\" width=\"1080\" height=\"530\" srcset=\"https:\/\/www.topohvar.at\/wp-content\/uploads\/2021\/12\/va-oi-03-1.jpg 1080w, https:\/\/www.topohvar.at\/wp-content\/uploads\/2021\/12\/va-oi-03-1-300x147.jpg 300w, https:\/\/www.topohvar.at\/wp-content\/uploads\/2021\/12\/va-oi-03-1-1024x503.jpg 1024w, https:\/\/www.topohvar.at\/wp-content\/uploads\/2021\/12\/va-oi-03-1-768x377.jpg 768w\" sizes=\"auto, (max-width: 1080px) 100vw, 1080px\" \/><\/p>\n<div class='content-column one_half'><div style=\"padding-right:6px;\"><p>Bitva je uz dizalicu pored benzinske postaje na isto\u010dnom kraju Rive. Glava stupa nalazi se na krnjem sto\u0161cu visokom oko 50 cm. Krnji sto\u017eac ima ispup\u010denje ispod glave. Dijelovi glave su ve\u0107 odsje\u010deni.<\/p><\/div><\/div><div class='content-column one_half last_column'><div style=\"padding-right:0px;padding-left:6px;\"><p>Der\u00a0 Poller befindet sich beim Kran neben der Tankstelle am \u00f6stlichen Ende der Riva. Auf dem etwa 50 cm hohen Kegelstumpf sitzt der Kopf des Pollers. Der Kegelstumpf hat unter dem Kopf einen Wulst. Teile des Kopfes sind bereits abgeschlagen.<\/p><\/div><\/div><div class='clear_column'><\/div><\/p>\n<p style=\"text-align: right;\"><span style=\"color: #0000ff;\"><a style=\"color: #0000ff;\" href=\"#seite_oben\">natrag na vrh \/ Seitenanfang<\/a><\/span><\/p>\n<hr \/>\n<div class='content-column one_half'><div style=\"padding-right:6px;\"><p style=\"text-align: right;\"><strong>Code:<\/strong><\/p>\n<p><strong>Ime: <\/strong>Objekt \u00bbBitve u luci Vrboska (4)\u00ab<\/p><\/div><\/div><div class='content-column one_half last_column'><div style=\"padding-right:0px;padding-left:6px;\"><p>VA-OI-04<\/p>\n<p><strong>Name: <\/strong>Objekt \u00bbPoller im Hafen Vrboska (4)\u00ab<\/p><\/div><\/div><div class='clear_column'><\/div><\/p>\n<p><img loading=\"lazy\" decoding=\"async\" class=\"alignnone wp-image-55048 size-full\" src=\"https:\/\/www.topohvar.at\/wp-content\/uploads\/2021\/12\/va-oi-04-1.jpg\" alt=\"\" width=\"1080\" height=\"530\" srcset=\"https:\/\/www.topohvar.at\/wp-content\/uploads\/2021\/12\/va-oi-04-1.jpg 1080w, https:\/\/www.topohvar.at\/wp-content\/uploads\/2021\/12\/va-oi-04-1-300x147.jpg 300w, https:\/\/www.topohvar.at\/wp-content\/uploads\/2021\/12\/va-oi-04-1-1024x503.jpg 1024w, https:\/\/www.topohvar.at\/wp-content\/uploads\/2021\/12\/va-oi-04-1-768x377.jpg 768w\" sizes=\"auto, (max-width: 1080px) 100vw, 1080px\" \/><\/p>\n<div class='content-column one_half'><div style=\"padding-right:6px;\"><p>Bitva je na ju\u017enoj strani marine. Betonski cilindar visok gotovo 1\/2 m je izra\u0111en od betona.<\/p><\/div><\/div><div class='content-column one_half last_column'><div style=\"padding-right:0px;padding-left:6px;\"><p>Der\u00a0 Poller befindet sich an der S\u00fcdseite der Marina. Der knapp 1\/2 m hohe Betonzylinder ist aus Beton gefertigt.<\/p><\/div><\/div><div class='clear_column'><\/div><\/p>\n<p style=\"text-align: right;\"><span style=\"color: #0000ff;\"><a style=\"color: #0000ff;\" href=\"#seite_oben\">natrag na vrh \/ Seitenanfang<\/a><\/span><\/p>\n<hr \/>\n<div class='content-column one_half'><div style=\"padding-right:6px;\"><p style=\"text-align: right;\"><strong>Code:<\/strong><\/p>\n<p><strong>Ime: <\/strong>Objekt \u00bbBitve u luci Vrboska (5)\u00ab<\/p><\/div><\/div><div class='content-column one_half last_column'><div style=\"padding-right:0px;padding-left:6px;\"><p>VA-OI-05<\/p>\n<p><strong>Name: <\/strong>Objekt \u00bbPoller im Hafen Vrboska (5)\u00ab<\/p><\/div><\/div><div class='clear_column'><\/div><\/p>\n<p><img loading=\"lazy\" decoding=\"async\" class=\"alignnone wp-image-55049 size-full\" src=\"https:\/\/www.topohvar.at\/wp-content\/uploads\/2021\/12\/va-oi-05-1.jpg\" alt=\"\" width=\"1080\" height=\"530\" srcset=\"https:\/\/www.topohvar.at\/wp-content\/uploads\/2021\/12\/va-oi-05-1.jpg 1080w, https:\/\/www.topohvar.at\/wp-content\/uploads\/2021\/12\/va-oi-05-1-300x147.jpg 300w, https:\/\/www.topohvar.at\/wp-content\/uploads\/2021\/12\/va-oi-05-1-1024x503.jpg 1024w, https:\/\/www.topohvar.at\/wp-content\/uploads\/2021\/12\/va-oi-05-1-768x377.jpg 768w\" sizes=\"auto, (max-width: 1080px) 100vw, 1080px\" \/><\/p>\n<div class='content-column one_half'><div style=\"padding-right:6px;\"><p>U zapadnom dijelu Rive nalaze se \u010detiri bitve visine cca 85 cm, i to:<\/p><\/div><\/div><div class='content-column one_half last_column'><div style=\"padding-right:0px;padding-left:6px;\"><p>Im westlichen Bereich der Riva befinden sich vier etwa 85 cm hohe Poller, und zwar:<\/p><\/div><\/div><div class='clear_column'><\/div><div class='content-column one_half'><div style=\"padding-right:6px;\"><p>3 na Rivi (nasuprot biv\u0161e tvornice ribe) i<br \/>\n1 na zapadnom kraju Rive u blizini trga.<\/p><\/div><\/div><div class='content-column one_half last_column'><div style=\"padding-right:0px;padding-left:6px;\"><p>3 an der Riva (gegen\u00fcber der ehemaligen Fischfabrik) und<br \/>\n1 am westlichen Ende der Riva bei der Piazza.<\/p><\/div><\/div><div class='clear_column'><\/div><div class='content-column one_half'><div style=\"padding-right:6px;\"><p>Sastoje se od 75 cm visokog krnjeg sto\u0161ca s ispup\u010denjem (prsten) ispod glave. Bitve, koji su otprilike iste visine, su u dobrom stanju.<\/p><\/div><\/div><div class='content-column one_half last_column'><div style=\"padding-right:0px;padding-left:6px;\"><p>Sie bestehen aus einem etwa 75 cm hohen Kegelstumpf der unterhalb des Kopfes einen Wulst (Ring) aufweist. Die etwa gleich hohen Poller befinden sich in einem guten Zustand.<\/p><\/div><\/div><div class='clear_column'><\/div><\/p>\n<p style=\"text-align: right;\"><span style=\"color: #0000ff;\"><a style=\"color: #0000ff;\" href=\"#seite_oben\">natrag na vrh \/ Seitenanfang<\/a><\/span><\/p>\n<hr \/>\n<div class='content-column one_half'><div style=\"padding-right:6px;\"><p style=\"text-align: right;\"><strong>Code:<\/strong><\/p>\n<p><strong>Ime: <\/strong>Objekt \u00bbBitve u luci Vrboska (6)\u00ab<\/p><\/div><\/div><div class='content-column one_half last_column'><div style=\"padding-right:0px;padding-left:6px;\"><p>VA-OI-06<\/p>\n<p><strong>Name: <\/strong>Objekt \u00bbPoller im Hafen Vrboska (6)\u00ab<\/p><\/div><\/div><div class='clear_column'><\/div><\/p>\n<p><img loading=\"lazy\" decoding=\"async\" class=\"alignnone wp-image-55050 size-full\" src=\"https:\/\/www.topohvar.at\/wp-content\/uploads\/2021\/12\/va-oi-06-1.jpg\" alt=\"\" width=\"1080\" height=\"530\" srcset=\"https:\/\/www.topohvar.at\/wp-content\/uploads\/2021\/12\/va-oi-06-1.jpg 1080w, https:\/\/www.topohvar.at\/wp-content\/uploads\/2021\/12\/va-oi-06-1-300x147.jpg 300w, https:\/\/www.topohvar.at\/wp-content\/uploads\/2021\/12\/va-oi-06-1-1024x503.jpg 1024w, https:\/\/www.topohvar.at\/wp-content\/uploads\/2021\/12\/va-oi-06-1-768x377.jpg 768w\" sizes=\"auto, (max-width: 1080px) 100vw, 1080px\" \/><\/p>\n<div class='content-column one_half'><div style=\"padding-right:6px;\"><p>Na zapadnom dijelu Rive nalazi se jo\u0161 jedan bitva. Ima oblik kamenog cilindra visine cca 67 cm iza kojeg slijede kvadar visine cca 10 cm i krnje piramide visine cca 16 cm. Bitva je jako o\u0161te\u0107en, strana okrenuta prema moru je spljo\u0161tena.<\/p><\/div><\/div><div class='content-column one_half last_column'><div style=\"padding-right:0px;padding-left:6px;\"><p>Im westlichen Teil der Riva befindet sich noch ein Poller. Er hat die Form eines ca. 67 cm hohen Steinzylinders auf den ein ca. 10 cm hoher quadratischer Kubus und ein ca. 16 cm hoher Pyramidenstumpf folgt. Der Poller ist stark besch\u00e4digt, seine zum Meer gewandte Seite ist abgeflacht.<\/p><\/div><\/div><div class='clear_column'><\/div><\/p>\n<p style=\"text-align: right;\"><span style=\"color: #0000ff;\"><a style=\"color: #0000ff;\" href=\"#seite_oben\">natrag na vrh \/ Seitenanfang<\/a><\/span><\/p>\n<hr \/>\n<div class='content-column one_half'><div style=\"padding-right:6px;\"><p style=\"text-align: right;\"><strong>Code:<\/strong><\/p>\n<p><strong>Ime: <\/strong>Objekt \u00bbBitve u luci Vrboska (7)\u00ab<\/p><\/div><\/div><div class='content-column one_half last_column'><div style=\"padding-right:0px;padding-left:6px;\"><p>VA-OI-07<\/p>\n<p><strong>Name: <\/strong>Objekt \u00bbPoller im Hafen Vrboska (7)\u00ab<\/p><\/div><\/div><div class='clear_column'><\/div><\/p>\n<p><img loading=\"lazy\" decoding=\"async\" class=\"alignnone wp-image-55051 size-full\" src=\"https:\/\/www.topohvar.at\/wp-content\/uploads\/2021\/12\/va-oi-07-1.jpg\" alt=\"\" width=\"1080\" height=\"530\" srcset=\"https:\/\/www.topohvar.at\/wp-content\/uploads\/2021\/12\/va-oi-07-1.jpg 1080w, https:\/\/www.topohvar.at\/wp-content\/uploads\/2021\/12\/va-oi-07-1-300x147.jpg 300w, https:\/\/www.topohvar.at\/wp-content\/uploads\/2021\/12\/va-oi-07-1-1024x503.jpg 1024w, https:\/\/www.topohvar.at\/wp-content\/uploads\/2021\/12\/va-oi-07-1-768x377.jpg 768w\" sizes=\"auto, (max-width: 1080px) 100vw, 1080px\" \/><\/p>\n<div class='content-column one_half'><div style=\"padding-right:6px;\"><p>Na zapadnom dijelu Rive nalaze se jo\u0161 tri bitve. Sastoje se od skoro 60 cm visokog krnjeg sto\u0161ca koji ima ispup\u010denje (prsten) oko 10 cm ispod glave. Bitve su gotovo iste visine i malo su o\u0161te\u0107eni.<\/p><\/div><\/div><div class='content-column one_half last_column'><div style=\"padding-right:0px;padding-left:6px;\"><p>Im westlichen Teil der Riva befindet sich drei weitere Poller. Sie bestehen aus einem knapp 60 cm hohen Kegelstumpf der etwa 10 cm unterhalb des Kopfes einen Wulst (Ring) aufweist. Die Poller haben nahezu gleiche H\u00f6he und sind leicht besch\u00e4digt.<\/p><\/div><\/div><div class='clear_column'><\/div><\/p>\n<p style=\"text-align: right;\"><span style=\"color: #0000ff;\"><a style=\"color: #0000ff;\" href=\"#seite_oben\">natrag na vrh \/ Seitenanfang<\/a><\/span><\/p>\n<hr \/>\n<div class='content-column one_half'><div style=\"padding-right:6px;\"><p style=\"text-align: right;\"><strong>Code:<\/strong><\/p>\n<p><strong>Ime: <\/strong>Objekt \u00bbBitve u luci Vrboska (8)\u00ab<\/p><\/div><\/div><div class='content-column one_half last_column'><div style=\"padding-right:0px;padding-left:6px;\"><p>VA-OI-08<\/p>\n<p><strong>Name: <\/strong>Objekt \u00bbPoller im Hafen Vrboska (8)\u00ab<\/p><\/div><\/div><div class='clear_column'><\/div><\/p>\n<p><img loading=\"lazy\" decoding=\"async\" class=\"alignnone wp-image-55052 size-full\" src=\"https:\/\/www.topohvar.at\/wp-content\/uploads\/2021\/12\/va-oi-08-1.jpg\" alt=\"\" width=\"1080\" height=\"530\" srcset=\"https:\/\/www.topohvar.at\/wp-content\/uploads\/2021\/12\/va-oi-08-1.jpg 1080w, https:\/\/www.topohvar.at\/wp-content\/uploads\/2021\/12\/va-oi-08-1-300x147.jpg 300w, https:\/\/www.topohvar.at\/wp-content\/uploads\/2021\/12\/va-oi-08-1-1024x503.jpg 1024w, https:\/\/www.topohvar.at\/wp-content\/uploads\/2021\/12\/va-oi-08-1-768x377.jpg 768w\" sizes=\"auto, (max-width: 1080px) 100vw, 1080px\" \/><\/p>\n<div class='content-column one_half'><div style=\"padding-right:6px;\"><p>Bitva se nalazi isto\u010dno od mosta na sjevernoj strani luke. Sli\u010dan je prethodnim bitvama (VA-OI-07), ali je ni\u017ei.<\/p><\/div><\/div><div class='content-column one_half last_column'><div style=\"padding-right:0px;padding-left:6px;\"><p>Der Poller befindet sich \u00f6stlich der Br\u00fccke an der Nordseite des Hafens. Er \u00e4hnelt den vorigen Pollern (VA-OI-07), ist aber niedriger.<\/p><\/div><\/div><div class='clear_column'><\/div><\/p>\n<p style=\"text-align: right;\"><span style=\"color: #0000ff;\"><a style=\"color: #0000ff;\" href=\"#seite_oben\">natrag na vrh \/ Seitenanfang<\/a><\/span><\/p>\n<hr \/>\n<div class='content-column one_half'><div style=\"padding-right:6px;\"><p style=\"text-align: right;\"><strong>Code:<\/strong><\/p>\n<p><strong>Ime: <\/strong>Objekt \u00bbBitve u luci Vrboska (9)\u00ab<\/p><\/div><\/div><div class='content-column one_half last_column'><div style=\"padding-right:0px;padding-left:6px;\"><p>VA-OI-09<\/p>\n<p><strong>Name: <\/strong>Objekt \u00bbPoller im Hafen Vrboska (9)\u00ab<\/p><\/div><\/div><div class='clear_column'><\/div><\/p>\n<p><img loading=\"lazy\" decoding=\"async\" class=\"alignnone wp-image-55053 size-full\" src=\"https:\/\/www.topohvar.at\/wp-content\/uploads\/2021\/12\/va-oi-09-1.jpg\" alt=\"\" width=\"1080\" height=\"530\" srcset=\"https:\/\/www.topohvar.at\/wp-content\/uploads\/2021\/12\/va-oi-09-1.jpg 1080w, https:\/\/www.topohvar.at\/wp-content\/uploads\/2021\/12\/va-oi-09-1-300x147.jpg 300w, https:\/\/www.topohvar.at\/wp-content\/uploads\/2021\/12\/va-oi-09-1-1024x503.jpg 1024w, https:\/\/www.topohvar.at\/wp-content\/uploads\/2021\/12\/va-oi-09-1-768x377.jpg 768w\" sizes=\"auto, (max-width: 1080px) 100vw, 1080px\" \/><\/p>\n<div class='content-column one_half'><div style=\"padding-right:6px;\"><p>U blizini biv\u0161e tvornice ribe i brodogradili\u0161ta na sjevernoj strani luke nalaze se jo\u0161 dvije bitve. Sastoje se od skoro 40 cm visokog krnjeg sto\u0161ca s jasnim ispup\u010denjem (prstenom) ispod glave. Stubovi su gotovo iste visine. Zadebljanje je oboreno s glave stupa<br \/>\nispred biv\u0161eg brodogradili\u0161ta.<\/p><\/div><\/div><div class='content-column one_half last_column'><div style=\"padding-right:0px;padding-left:6px;\"><p>Zwei weitere Poller befindet sich in der N\u00e4he der ehemaligen Fischfabrik und Werft an der Nordseite des Hafens. Sie bestehen aus einem knapp 40 cm hohen Kegelstumpf mit einem deutlichen Wulst (Ring) unterhalb des Kopfes. Die Poller haben nahezu gleiche H\u00f6he. Dem Poller vor der ehemaligen Werft wurde der Kopfwulst abgeschlagen.<\/p><\/div><\/div><div class='clear_column'><\/div><\/p>\n<p style=\"text-align: right;\"><span style=\"color: #0000ff;\"><a style=\"color: #0000ff;\" href=\"#seite_oben\">natrag na vrh \/ Seitenanfang<\/a><\/span><\/p>\n<hr \/>\n<div class='content-column one_half'><div style=\"padding-right:6px;\"><p style=\"text-align: right;\"><strong>Code:<\/strong><\/p>\n<p><strong>Ime: <\/strong>Objekt \u00bbBitve u luci Vrboska (10)\u00ab<\/p><\/div><\/div><div class='content-column one_half last_column'><div style=\"padding-right:0px;padding-left:6px;\"><p>VA-OI-10<\/p>\n<p><strong>Name: <\/strong>Objekt \u00bbPoller im Hafen Vrboska (10)\u00ab<\/p><\/div><\/div><div class='clear_column'><\/div><\/p>\n<p><img loading=\"lazy\" decoding=\"async\" class=\"alignnone wp-image-55054 size-full\" src=\"https:\/\/www.topohvar.at\/wp-content\/uploads\/2021\/12\/va-oi-10-1.jpg\" alt=\"\" width=\"1080\" height=\"530\" srcset=\"https:\/\/www.topohvar.at\/wp-content\/uploads\/2021\/12\/va-oi-10-1.jpg 1080w, https:\/\/www.topohvar.at\/wp-content\/uploads\/2021\/12\/va-oi-10-1-300x147.jpg 300w, https:\/\/www.topohvar.at\/wp-content\/uploads\/2021\/12\/va-oi-10-1-1024x503.jpg 1024w, https:\/\/www.topohvar.at\/wp-content\/uploads\/2021\/12\/va-oi-10-1-768x377.jpg 768w\" sizes=\"auto, (max-width: 1080px) 100vw, 1080px\" \/><\/p>\n<div class='content-column one_half'><div style=\"padding-right:6px;\"><p>Jednostavna, cilindri\u010dna bitva nalazi se na isto\u010dnom kraju mola na sjevernoj strani luke.<\/p><\/div><\/div><div class='content-column one_half last_column'><div style=\"padding-right:0px;padding-left:6px;\"><p>Der einfache, zylindrische Poller befindet sich am Ostende der Mole an der Nordseite des Hafens.<\/p><\/div><\/div><div class='clear_column'><\/div><\/p>\n<p style=\"text-align: right;\"><span style=\"color: #0000ff;\"><a style=\"color: #0000ff;\" href=\"#seite_oben\">natrag na vrh \/ Seitenanfang<\/a><\/span><\/p>\n<hr \/>\n<p><strong>Linkovi \/ Links<\/strong><\/p>\n<p>&#8211;<\/p>\n","protected":false},"excerpt":{"rendered":"<p>Ime \/ Name Objekt \u00bbBitve u luci Vrboska\u00ab \/ Poller im Hafen Vrboska Code: VA-OI-00\u00a0 \u00a0 \u00a0 \u00a0 \u00a0 \u00a0 \u00a0 \u00a0 \u00a0 \u00a0 \u00a0 \u00a0 \u00a0 \u00a0 \u00a0 \u00a0 \u00a0\u00a0 \u00a0 Adresa \/ Adresse Vrboska, Luka Lokacija \/ Position &hellip; <a href=\"https:\/\/www.topohvar.at\/topo\/orte\/va\/va-oi-00-1\/\">Weiterlesen <span class=\"meta-nav\">&rarr;<\/span><\/a><\/p>\n","protected":false},"author":1,"featured_media":0,"parent":109,"menu_order":0,"comment_status":"closed","ping_status":"closed","template":"","meta":{"footnotes":""},"class_list":["post-55036","page","type-page","status-publish","hentry"],"_links":{"self":[{"href":"https:\/\/www.topohvar.at\/topo\/wp-json\/wp\/v2\/pages\/55036","targetHints":{"allow":["GET"]}}],"collection":[{"href":"https:\/\/www.topohvar.at\/topo\/wp-json\/wp\/v2\/pages"}],"about":[{"href":"https:\/\/www.topohvar.at\/topo\/wp-json\/wp\/v2\/types\/page"}],"author":[{"embeddable":true,"href":"https:\/\/www.topohvar.at\/topo\/wp-json\/wp\/v2\/users\/1"}],"replies":[{"embeddable":true,"href":"https:\/\/www.topohvar.at\/topo\/wp-json\/wp\/v2\/comments?post=55036"}],"version-history":[{"count":9,"href":"https:\/\/www.topohvar.at\/topo\/wp-json\/wp\/v2\/pages\/55036\/revisions"}],"predecessor-version":[{"id":69330,"href":"https:\/\/www.topohvar.at\/topo\/wp-json\/wp\/v2\/pages\/55036\/revisions\/69330"}],"up":[{"embeddable":true,"href":"https:\/\/www.topohvar.at\/topo\/wp-json\/wp\/v2\/pages\/109"}],"wp:attachment":[{"href":"https:\/\/www.topohvar.at\/topo\/wp-json\/wp\/v2\/media?parent=55036"}],"curies":[{"name":"wp","href":"https:\/\/api.w.org\/{rel}","templated":true}]}}