{"id":551,"date":"2018-07-25T15:50:59","date_gmt":"2018-07-25T13:50:59","guid":{"rendered":"https:\/\/www.topohvar.at\/?page_id=551"},"modified":"2021-08-23T10:53:44","modified_gmt":"2021-08-23T08:53:44","slug":"bo-cp-04-2","status":"publish","type":"page","link":"https:\/\/www.topohvar.at\/topo\/orte\/bo\/bo-cp-04-2\/","title":{"rendered":"BOGOMOLJE &#8211; Kapela \u00bbSrce Isusovo i Marijino\u00ab"},"content":{"rendered":"<p><a name=\"seite_oben\"><\/a><br \/>\n<strong><img loading=\"lazy\" decoding=\"async\" class=\"alignnone size-large wp-image-553\" src=\"https:\/\/www.topohvar.at\/wp-content\/uploads\/2018\/07\/BO-CP-04-1-1024x539.jpg\" alt=\"\" width=\"640\" height=\"337\" srcset=\"https:\/\/www.topohvar.at\/wp-content\/uploads\/2018\/07\/BO-CP-04-1-1024x539.jpg 1024w, https:\/\/www.topohvar.at\/wp-content\/uploads\/2018\/07\/BO-CP-04-1-300x158.jpg 300w, https:\/\/www.topohvar.at\/wp-content\/uploads\/2018\/07\/BO-CP-04-1-768x404.jpg 768w\" sizes=\"auto, (max-width: 640px) 100vw, 640px\" \/><\/strong><\/p>\n<p><strong>Ime \/ Name<br \/>\n<\/strong>Kapela \u00bbSrce Isusovo i Marijino\u00ab \/ Kapelle &#8211; Herz Jesu und Maria<\/p>\n<p><strong>Code: <\/strong>BO-CP-04\u00a0 \u00a0 \u00a0 \u00a0 \u00a0 \u00a0 \u00a0 \u00a0 \u00a0 \u00a0\u00a0<strong>\u00a0 \u00a0 \u00a0 \u00a0 \u00a0<a href=\"https:\/\/www.topohvar.at\/orte\/bo\/bo-cp-03-2\/\"><img loading=\"lazy\" decoding=\"async\" class=\"alignnone wp-image-533 size-full\" src=\"https:\/\/www.topohvar.at\/wp-content\/uploads\/2018\/07\/push-l-30.jpg\" alt=\"\" width=\"61\" height=\"30\" \/><\/a>\u00a0<a href=\"https:\/\/www.topohvar.at\/orte\/bo\/\"><img loading=\"lazy\" decoding=\"async\" class=\"alignnone wp-image-535 size-full\" src=\"https:\/\/www.topohvar.at\/wp-content\/uploads\/2018\/07\/push-o-30.jpg\" alt=\"\" width=\"61\" height=\"30\" \/><\/a>\u00a0<a href=\"https:\/\/www.topohvar.at\/orte\/bo\/bo-cp-05-2\/\"><img loading=\"lazy\" decoding=\"async\" class=\"alignnone wp-image-536 size-full\" src=\"https:\/\/www.topohvar.at\/wp-content\/uploads\/2018\/07\/push-r-30.jpg\" alt=\"\" width=\"61\" height=\"30\" \/><\/a><\/strong><\/p>\n<hr \/>\n<p><strong>Adresa \/ Adresse<br \/>\n<\/strong>Bogomolje, Ra\u010devinja<\/p>\n<p><strong>Lokacija<\/strong><strong> \/ Position<a href=\"https:\/\/goo.gl\/maps\/CrbMY7RTXHFXrMKg6\"><img loading=\"lazy\" decoding=\"async\" class=\"alignright wp-image-464\" src=\"https:\/\/www.topohvar.at\/wp-content\/uploads\/2018\/07\/0008.jpg\" alt=\"\" width=\"134\" height=\"100\" \/><\/a><br \/>\n<\/strong><a href=\"https:\/\/goo.gl\/maps\/CrbMY7RTXHFXrMKg6\">Latitude: N 43,12931\u00b0\u00a0 \u00a0 Longitude: E 16,98281\u00b0\u00a0<\/a><strong><br \/>\n<\/strong>Visina \/ H\u00f6he: 251 m<\/p>\n<p><strong>Katastarska \u010destica<\/strong><strong> \/ Grundst\u00fccke<br \/>\n<\/strong>1537<div class='content-column one_half'><div style=\"padding-right:6px;\"><p><strong>Datum snimanja \/ Erfassungsdatum<br \/>\n<\/strong>27.10.2014 12:08:02<\/p>\n<hr \/>\n<p><strong>Informacije<\/strong><\/p>\n<p>Kapelica Srce Isusovo i Marijino u Ra\u010devini, sagradio oko 1900.g. Petar Hulji\u0107. Originalni kipovi nestali su nakon 2. svj. rata. Mala kapela izgra\u0111ena je od djelomi\u010dno isije\u010denih kamenja. Na zabatu iznad ulaza trapeza nalazi se ve\u0107i kri\u017e. Unutar kapele tanka kamena plo\u010da \u010dini oltar. Iza nje je ni\u0161a s likom Gospe i svetog Nikole.<\/p><\/div><\/div><\/p>\n<div class='content-column one_half last_column'><div style=\"padding-right:0px;padding-left:6px;\"><p><strong>Stupanj za\u0161tite<\/strong><strong> \/ Schutzstellung<br \/>\n<\/strong>&#8211;<\/p>\n<hr \/>\n<p><strong>Info<\/strong><\/p>\n<p>Bildstock zu den Herzen Jesu und Mariens in Ra\u010devina, erbaut um 1900 von Petar Huljic. Die urspr\u00fcnglichen Statuen verschwanden nach dem 2. Weltkrieg. Die kleine Kapelle ist aus zum Teil behauenen Steinen errichtet. Am Giebel, \u00fcber dem trapezf\u00f6rmigen Eingang befindet sich ein gr\u00f6\u00dferes Steinkreuz. Im Inneren bildet eine d\u00fcnne Steinplatte den Altar. Dahinter befindet sich eine Nische mit einer Figur der Muttergottes und des hl. Nikolaus.<\/p><\/div><\/div><div class='clear_column'><\/div>\n<p style=\"text-align: right;\"><a href=\"#seite_oben\">natrag na vrh \/ Seitenanfang<\/a><\/p>\n<hr \/>\n<p><strong>Linkovi \/ Links<\/strong><\/p>\n<p>&#8211;<\/p>\n","protected":false},"excerpt":{"rendered":"<p>Ime \/ Name Kapela \u00bbSrce Isusovo i Marijino\u00ab \/ Kapelle &#8211; Herz Jesu und Maria Code: BO-CP-04\u00a0 \u00a0 \u00a0 \u00a0 \u00a0 \u00a0 \u00a0 \u00a0 \u00a0 \u00a0\u00a0\u00a0 \u00a0 \u00a0 \u00a0 \u00a0\u00a0\u00a0 Adresa \/ Adresse Bogomolje, Ra\u010devinja Lokacija \/ Position Latitude: N &hellip; <a href=\"https:\/\/www.topohvar.at\/topo\/orte\/bo\/bo-cp-04-2\/\">Weiterlesen <span class=\"meta-nav\">&rarr;<\/span><\/a><\/p>\n","protected":false},"author":1,"featured_media":0,"parent":63,"menu_order":0,"comment_status":"closed","ping_status":"closed","template":"","meta":{"footnotes":""},"class_list":["post-551","page","type-page","status-publish","hentry"],"_links":{"self":[{"href":"https:\/\/www.topohvar.at\/topo\/wp-json\/wp\/v2\/pages\/551","targetHints":{"allow":["GET"]}}],"collection":[{"href":"https:\/\/www.topohvar.at\/topo\/wp-json\/wp\/v2\/pages"}],"about":[{"href":"https:\/\/www.topohvar.at\/topo\/wp-json\/wp\/v2\/types\/page"}],"author":[{"embeddable":true,"href":"https:\/\/www.topohvar.at\/topo\/wp-json\/wp\/v2\/users\/1"}],"replies":[{"embeddable":true,"href":"https:\/\/www.topohvar.at\/topo\/wp-json\/wp\/v2\/comments?post=551"}],"version-history":[{"count":13,"href":"https:\/\/www.topohvar.at\/topo\/wp-json\/wp\/v2\/pages\/551\/revisions"}],"predecessor-version":[{"id":51360,"href":"https:\/\/www.topohvar.at\/topo\/wp-json\/wp\/v2\/pages\/551\/revisions\/51360"}],"up":[{"embeddable":true,"href":"https:\/\/www.topohvar.at\/topo\/wp-json\/wp\/v2\/pages\/63"}],"wp:attachment":[{"href":"https:\/\/www.topohvar.at\/topo\/wp-json\/wp\/v2\/media?parent=551"}],"curies":[{"name":"wp","href":"https:\/\/api.w.org\/{rel}","templated":true}]}}