{"id":5538,"date":"2018-08-15T11:29:37","date_gmt":"2018-08-15T09:29:37","guid":{"rendered":"https:\/\/www.topohvar.at\/?page_id=5538"},"modified":"2021-12-03T13:16:48","modified_gmt":"2021-12-03T12:16:48","slug":"ru-ip-01-1","status":"publish","type":"page","link":"https:\/\/www.topohvar.at\/topo\/orte\/ru\/ru-ip-01-1\/","title":{"rendered":"RUDINA &#8211; Informativna plo\u010da \u00bbEtno-eko selo Mala Rudina\u00ab"},"content":{"rendered":"<p><a name=\"seite_oben\"><\/a><br \/>\n<strong><img loading=\"lazy\" decoding=\"async\" class=\"alignnone wp-image-5455 size-large\" src=\"https:\/\/www.topohvar.at\/wp-content\/uploads\/2018\/08\/RU-IP-01-0-1024x503.jpg\" alt=\"\" width=\"640\" height=\"314\" srcset=\"https:\/\/www.topohvar.at\/wp-content\/uploads\/2018\/08\/RU-IP-01-0-1024x503.jpg 1024w, https:\/\/www.topohvar.at\/wp-content\/uploads\/2018\/08\/RU-IP-01-0-300x147.jpg 300w, https:\/\/www.topohvar.at\/wp-content\/uploads\/2018\/08\/RU-IP-01-0-768x377.jpg 768w, https:\/\/www.topohvar.at\/wp-content\/uploads\/2018\/08\/RU-IP-01-0.jpg 1080w\" sizes=\"auto, (max-width: 640px) 100vw, 640px\" \/><\/strong><\/p>\n<p><strong>Ime \/ Name<br \/>\n<\/strong>Informativna plo\u010da \u00bbEtno-eko selo Mala Rudina\u00ab \/ Infotafel Etno-Eko Dorf Mala Rudina<\/p>\n<p><strong>Code: <\/strong>RU-IP-01\u00a0 \u00a0 \u00a0 \u00a0 \u00a0 \u00a0 \u00a0 \u00a0 \u00a0 \u00a0 \u00a0 \u00a0 \u00a0 \u00a0 \u00a0 \u00a0 \u00a0<strong>\u00a0 \u00a0 \u00a0 \u00a0 \u00a0\u00a0 \u00a0 \u00a0 <a href=\"https:\/\/www.topohvar.at\/orte\/ru\/ru-is-01-1\/\"><img loading=\"lazy\" decoding=\"async\" class=\"alignnone wp-image-533 size-full\" src=\"https:\/\/www.topohvar.at\/wp-content\/uploads\/2018\/07\/push-l-30.jpg\" alt=\"\" width=\"61\" height=\"30\" \/><\/a>\u00a0<a href=\"https:\/\/www.topohvar.at\/orte\/ru\/\"><img loading=\"lazy\" decoding=\"async\" class=\"alignnone wp-image-535 size-full\" src=\"https:\/\/www.topohvar.at\/wp-content\/uploads\/2018\/07\/push-o-30.jpg\" alt=\"\" width=\"61\" height=\"30\" \/><\/a>\u00a0<a href=\"https:\/\/www.topohvar.at\/orte\/ru\/ru-ip-02-1\/\"><img loading=\"lazy\" decoding=\"async\" class=\"alignnone wp-image-536 size-full\" src=\"https:\/\/www.topohvar.at\/wp-content\/uploads\/2018\/07\/push-r-30.jpg\" alt=\"\" width=\"61\" height=\"30\" \/><\/a><\/strong><\/p>\n<hr \/>\n<p><strong>Adresa \/ Adresse<br \/>\n<\/strong>Mala Rudina<\/p>\n<p><strong>Lokacija \/ Position<a href=\"https:\/\/goo.gl\/maps\/suhntExhQYd7TSE39\"><img loading=\"lazy\" decoding=\"async\" class=\"alignright wp-image-5669\" src=\"https:\/\/www.topohvar.at\/wp-content\/uploads\/2018\/08\/0492.jpg\" alt=\"\" width=\"133\" height=\"100\" \/><\/a><br \/>\n<\/strong><a href=\"https:\/\/goo.gl\/maps\/suhntExhQYd7TSE39\">Latitude: N 43,20661\u00b0\u00a0 \u00a0 Longitude: E 16,59407\u00b0\u00a0<\/a><strong><br \/>\n<\/strong>Visina \/ H\u00f6he: 92 m<\/p>\n<p><strong>Katastarska \u010destica \/ Grundst\u00fccke<br \/>\n<\/strong>9195 (Stari Grad, Rudine)<div class='content-column one_half'><div style=\"padding-right:6px;\"><p><strong>Datum snimanja \/ Erfassungsdatum<br \/>\n<\/strong>07.10.2014 16:55:57<\/p>\n<hr \/>\n<p><strong>Informacije<\/strong><\/p>\n<p>Mala Rudina je naselje od dvadeset ku\u0107a kojeg je po\u010deo izgra\u0111ivati 1663. godine Petra \u0160oljan s obitelji, doseljenik iz Gdinja, sela na isto\u010dnoj strani Hvara. Svi stanovnici ovog sela prezivaju se \u0160oljan i bili su te\u017eaci i ribari. Ime Rudina potje\u010de od staroslavenske rije\u010di rudina koja zna\u010di zaravan, travnata visoravan.<\/p><\/div><\/div><div class='content-column one_half last_column'><div style=\"padding-right:0px;padding-left:6px;\"><p><strong>Stupanj za\u0161tite \/ Schutzstellung<br \/>\n<\/strong>&#8211;<\/p>\n<hr \/>\n<p><strong>Info<\/strong><\/p>\n<p>Mala Rudina (Klein-Rudina) ist ein Dorf mit zwanzig H\u00e4usern, das ab 1663 von Peter \u0160oljan und Familie, Einwanderer aus Gdinj, aufgebaut wurde. Das Dorf befindet sich auf der Ostseite der Insel Hvar. Alle Bewohner dieses Dorfes hatten den Nachnamen \u0160oljan und waren Bauern und Fischer. Der Name Rudina wird abgeleitet vom altslawischen Wort \u201erudina\u201c, das \u201ePlateau\u201c, \u201eWiese\u201c, \u201egrasbewachsene Hochebene\u201c bedeutet.<\/p><\/div><\/div><div class='clear_column'><\/div><div class='content-column one_half'><div style=\"padding-right:6px;\"><p>U sredi\u0161tu Male Rudine, na poljani koja je rudimentarni trg, centar sela, jo\u0161 stoje mlin za masline, turan (turanj, tijesak) za gro\u017e\u0111e i jedan feral na kamenom stupu, kao svjedoci pro\u0161log vremena. Ruralna cjelina Mala Rudina je kuturno dobro Republike Hrvatske.<\/p><\/div><\/div><div class='content-column one_half last_column'><div style=\"padding-right:0px;padding-left:6px;\"><p>In der Mitte von Mala Rudina, im Bereich eines rudiment\u00e4ren Platzes &#8211; dem Zentrum des Dorfes &#8211; gibt es als Zeugen der Vergangenheit eine \u00d6l- und Weinpresse sowie eine Leuchte auf einer Steins\u00e4ule. Die d\u00f6rflich-l\u00e4ndliche Einheit von Mala Rudina ist kulturelles Gut der Republik Kroatien<\/p><\/div><\/div><div class='clear_column'><\/div><\/p>\n<p style=\"text-align: right;\"><span style=\"color: #3366ff;\"><a style=\"color: #3366ff;\" href=\"#seite_oben\">natrag na vrh \/ Seitenanfang<\/a><\/span><\/p>\n<hr \/>\n<p><strong>Linkovi \/ Links<\/strong><\/p>\n<p>&#8211;<\/p>\n","protected":false},"excerpt":{"rendered":"<p>Ime \/ Name Informativna plo\u010da \u00bbEtno-eko selo Mala Rudina\u00ab \/ Infotafel Etno-Eko Dorf Mala Rudina Code: RU-IP-01\u00a0 \u00a0 \u00a0 \u00a0 \u00a0 \u00a0 \u00a0 \u00a0 \u00a0 \u00a0 \u00a0 \u00a0 \u00a0 \u00a0 \u00a0 \u00a0 \u00a0\u00a0 \u00a0 \u00a0 \u00a0 \u00a0\u00a0 \u00a0 \u00a0 \u00a0\u00a0 &hellip; <a href=\"https:\/\/www.topohvar.at\/topo\/orte\/ru\/ru-ip-01-1\/\">Weiterlesen <span class=\"meta-nav\">&rarr;<\/span><\/a><\/p>\n","protected":false},"author":1,"featured_media":0,"parent":93,"menu_order":0,"comment_status":"closed","ping_status":"closed","template":"","meta":{"footnotes":""},"class_list":["post-5538","page","type-page","status-publish","hentry"],"_links":{"self":[{"href":"https:\/\/www.topohvar.at\/topo\/wp-json\/wp\/v2\/pages\/5538","targetHints":{"allow":["GET"]}}],"collection":[{"href":"https:\/\/www.topohvar.at\/topo\/wp-json\/wp\/v2\/pages"}],"about":[{"href":"https:\/\/www.topohvar.at\/topo\/wp-json\/wp\/v2\/types\/page"}],"author":[{"embeddable":true,"href":"https:\/\/www.topohvar.at\/topo\/wp-json\/wp\/v2\/users\/1"}],"replies":[{"embeddable":true,"href":"https:\/\/www.topohvar.at\/topo\/wp-json\/wp\/v2\/comments?post=5538"}],"version-history":[{"count":11,"href":"https:\/\/www.topohvar.at\/topo\/wp-json\/wp\/v2\/pages\/5538\/revisions"}],"predecessor-version":[{"id":54425,"href":"https:\/\/www.topohvar.at\/topo\/wp-json\/wp\/v2\/pages\/5538\/revisions\/54425"}],"up":[{"embeddable":true,"href":"https:\/\/www.topohvar.at\/topo\/wp-json\/wp\/v2\/pages\/93"}],"wp:attachment":[{"href":"https:\/\/www.topohvar.at\/topo\/wp-json\/wp\/v2\/media?parent=5538"}],"curies":[{"name":"wp","href":"https:\/\/api.w.org\/{rel}","templated":true}]}}