{"id":5542,"date":"2018-08-15T11:33:03","date_gmt":"2018-08-15T09:33:03","guid":{"rendered":"https:\/\/www.topohvar.at\/?page_id=5542"},"modified":"2021-12-03T13:18:01","modified_gmt":"2021-12-03T12:18:01","slug":"ru-mo-01-1","status":"publish","type":"page","link":"https:\/\/www.topohvar.at\/topo\/orte\/ru\/ru-mo-01-1\/","title":{"rendered":"RUDINA &#8211; Spomenik \u00bbPalim borcima NOR-a\u00ab"},"content":{"rendered":"<p><a name=\"seite_oben\"><\/a><br \/>\n<strong><img loading=\"lazy\" decoding=\"async\" class=\"alignnone wp-image-5457 size-large\" src=\"https:\/\/www.topohvar.at\/wp-content\/uploads\/2018\/08\/RU-MO-01-0-1024x503.jpg\" alt=\"\" width=\"640\" height=\"314\" srcset=\"https:\/\/www.topohvar.at\/wp-content\/uploads\/2018\/08\/RU-MO-01-0-1024x503.jpg 1024w, https:\/\/www.topohvar.at\/wp-content\/uploads\/2018\/08\/RU-MO-01-0-300x147.jpg 300w, https:\/\/www.topohvar.at\/wp-content\/uploads\/2018\/08\/RU-MO-01-0-768x377.jpg 768w, https:\/\/www.topohvar.at\/wp-content\/uploads\/2018\/08\/RU-MO-01-0.jpg 1080w\" sizes=\"auto, (max-width: 640px) 100vw, 640px\" \/><\/strong><\/p>\n<p><strong>Ime \/ Name<br \/>\n<\/strong>Spomenik \u00bbPalim borcima NOR-a\u00ab \/ Denkmal f\u00fcr die Gefallenen des Nationalen Befreiungskampfes<\/p>\n<p><strong>Code: <\/strong>RU-MO-01\u00a0 \u00a0 \u00a0 \u00a0 \u00a0 \u00a0 \u00a0 \u00a0 \u00a0 \u00a0 \u00a0 \u00a0 \u00a0 \u00a0 \u00a0 \u00a0 \u00a0<strong>\u00a0 \u00a0 \u00a0 \u00a0 \u00a0\u00a0 \u00a0 \u00a0 \u00a0<a href=\"https:\/\/www.topohvar.at\/orte\/ru\/\"><img loading=\"lazy\" decoding=\"async\" class=\"alignnone wp-image-535 size-full\" src=\"https:\/\/www.topohvar.at\/wp-content\/uploads\/2018\/07\/push-o-30.jpg\" alt=\"\" width=\"61\" height=\"30\" \/><\/a>\u00a0 \u00a0 \u00a0\u00a0<\/strong><\/p>\n<hr \/>\n<p><strong>Adresa \/ Adresse<br \/>\n<\/strong>Vela Rudina, Spomenik palim borcima<\/p>\n<p><strong>Lokacija \/ Position<a href=\"https:\/\/goo.gl\/maps\/NNKpyYdcFywL3TtB7\"><img loading=\"lazy\" decoding=\"async\" class=\"alignright wp-image-5678\" src=\"https:\/\/www.topohvar.at\/wp-content\/uploads\/2018\/08\/0493.jpg\" alt=\"\" width=\"133\" height=\"100\" \/><\/a><br \/>\n<\/strong><span style=\"color: #3366ff;\"><a style=\"color: #3366ff;\" href=\"https:\/\/goo.gl\/maps\/NNKpyYdcFywL3TtB7\">Latitude: N 43,20103\u00b0\u00a0 \u00a0 Longitude: E 16,59348\u00b0\u00a0<\/a><\/span><strong><br \/>\n<\/strong>Visina \/ H\u00f6he: 89 m<\/p>\n<p><strong>Katastarska \u010destica \/ Grundst\u00fccke<br \/>\n<\/strong>9576 (Stari Grad, Rudine)<div class='content-column one_half'><div style=\"padding-right:6px;\"><p><strong>Datum snimanja \/ Erfassungsdatum<br \/>\n<\/strong>07.10.2014 16:39:40<\/p>\n<hr \/>\n<p><strong>Informacije<\/strong><\/p>\n<p>Spomenik od bijelog kamena u obliku visokog pilastra na postamentu, nalazi se na raskr\u0161\u0107u Vele i Male Rudine, u predjelu Plo\u010dnik. Spomenik podignuli mje\u0161tani Rudina 1. Svibnja 1955. godine uz proslavu.<\/p><\/div><\/div><div class='content-column one_half last_column'><div style=\"padding-right:0px;padding-left:6px;\"><p><strong>Stupanj za\u0161tite \/ Schutzstellung<br \/>\n<\/strong>&#8211;<\/p>\n<hr \/>\n<p><strong>Info<\/strong><\/p>\n<p>Das Denkmal aus wei\u00dfem Stein in Form eines hohen Pfeilers auf Sockel steht im Ortsteil Plo\u010dnik an der Kreuzung Vela &#8211; Mala Rudina. Das Denkmal wurde von der Bev\u00f6lkerung Rudinas am 1. Mai 1955 feierlich er\u00f6ffnet.<\/p><\/div><\/div><div class='clear_column'><\/div><div class='content-column one_half'><div style=\"padding-right:6px;\"><p>Natpis:<\/p>\n<p style=\"text-align: center;\">SINOVI PUKA POTOMCI PUNTARA<br \/>\nUZIDA\u0160E SVOJE SNOVE I \u017dIVOTE<br \/>\nU DJELO \u0160TO SE OLUJNO RAZGARA<br \/>\nZA NOVI \u017dIVOT BESMRTNE MLADOSTI<\/p><\/div><\/div><div class='content-column one_half last_column'><div style=\"padding-right:0px;padding-left:6px;\"><p>Inschrift:<\/p>\n<p style=\"text-align: center;\">Die S\u00f6hne puka der Nachkommen Puntar<br \/>\nihre Tr\u00e4ume und Leben eingemauert<br \/>\nwas st\u00fcrmisch razgara (?)<br \/>\nf\u00fcr ein neues Leben unsterblicher Jugend<\/p><\/div><\/div><div class='clear_column'><\/div><\/p>\n<p style=\"text-align: center;\">\u0160OLJAN DU\u0160AN JOSIPA<br \/>\nDUL\u010cI\u0106 MI\u0106E JAKOVA<br \/>\n\u0160OLJAN SIBE JAKOVA<br \/>\nDUL\u010cI\u0106 ANTICA NIKOLE<br \/>\nDUL\u010cI\u0106 NIKO MARINA<br \/>\n\u0160OLJAN MI\u0106E PETRA<br \/>\nDUL\u010cI\u0106 ROKO MARINA<br \/>\n\u0160OLJAN SLAVO IVANA<br \/>\nDUL\u010cI\u0106 KETI LOVRE<br \/>\nDUL\u010cI\u0106 MARIN IVANA<br \/>\nDUL\u010cI\u0106 MI\u0106E PETRA<br \/>\n\u0160OLJAN ANKA MI\u0106E<br \/>\nDUL\u010cI\u0106 STJEPAN PETRA<\/p>\n<div class='content-column one_half'><div style=\"padding-right:6px;\"><p style=\"text-align: center;\">SVOJIM SINOVIMA I K\u010cERIMA<br \/>\nNAROD RUDINE 1. MAJA 1955<\/p><\/div><\/div><div class='content-column one_half last_column'><div style=\"padding-right:0px;padding-left:6px;\"><p style=\"text-align: center;\">Ihre S\u00f6hne und T\u00f6chter,<br \/>\ndas Volk von Rudina 1. Mai 1955<\/p><\/div><\/div><div class='clear_column'><\/div><\/p>\n<p style=\"text-align: right;\"><span style=\"color: #3366ff;\"><a style=\"color: #3366ff;\" href=\"#seite_oben\">natrag na vrh \/ Seitenanfang<\/a><\/span><\/p>\n<hr \/>\n<p><strong>Linkovi \/ Links<\/strong><\/p>\n<p><span style=\"color: #3366ff;\"><a style=\"color: #3366ff;\" href=\"https:\/\/www.topohvar.at\/topo\/orte\/ru\/ru-is-01-1\/\">Spomen plo\u010da \u00bbVicko i Lucija Dul\u010di\u0107\u00ab \/ Gedenktafel\u00a0Vicko und Luzia Dul\u010di\u0107<\/a><\/span><\/p>\n","protected":false},"excerpt":{"rendered":"<p>Ime \/ Name Spomenik \u00bbPalim borcima NOR-a\u00ab \/ Denkmal f\u00fcr die Gefallenen des Nationalen Befreiungskampfes Code: RU-MO-01\u00a0 \u00a0 \u00a0 \u00a0 \u00a0 \u00a0 \u00a0 \u00a0 \u00a0 \u00a0 \u00a0 \u00a0 \u00a0 \u00a0 \u00a0 \u00a0 \u00a0\u00a0 \u00a0 \u00a0 \u00a0 \u00a0\u00a0 \u00a0 \u00a0 \u00a0\u00a0 &hellip; <a href=\"https:\/\/www.topohvar.at\/topo\/orte\/ru\/ru-mo-01-1\/\">Weiterlesen <span class=\"meta-nav\">&rarr;<\/span><\/a><\/p>\n","protected":false},"author":1,"featured_media":0,"parent":93,"menu_order":0,"comment_status":"closed","ping_status":"closed","template":"","meta":{"footnotes":""},"class_list":["post-5542","page","type-page","status-publish","hentry"],"_links":{"self":[{"href":"https:\/\/www.topohvar.at\/topo\/wp-json\/wp\/v2\/pages\/5542","targetHints":{"allow":["GET"]}}],"collection":[{"href":"https:\/\/www.topohvar.at\/topo\/wp-json\/wp\/v2\/pages"}],"about":[{"href":"https:\/\/www.topohvar.at\/topo\/wp-json\/wp\/v2\/types\/page"}],"author":[{"embeddable":true,"href":"https:\/\/www.topohvar.at\/topo\/wp-json\/wp\/v2\/users\/1"}],"replies":[{"embeddable":true,"href":"https:\/\/www.topohvar.at\/topo\/wp-json\/wp\/v2\/comments?post=5542"}],"version-history":[{"count":10,"href":"https:\/\/www.topohvar.at\/topo\/wp-json\/wp\/v2\/pages\/5542\/revisions"}],"predecessor-version":[{"id":54428,"href":"https:\/\/www.topohvar.at\/topo\/wp-json\/wp\/v2\/pages\/5542\/revisions\/54428"}],"up":[{"embeddable":true,"href":"https:\/\/www.topohvar.at\/topo\/wp-json\/wp\/v2\/pages\/93"}],"wp:attachment":[{"href":"https:\/\/www.topohvar.at\/topo\/wp-json\/wp\/v2\/media?parent=5542"}],"curies":[{"name":"wp","href":"https:\/\/api.w.org\/{rel}","templated":true}]}}