{"id":5546,"date":"2018-08-15T11:37:05","date_gmt":"2018-08-15T09:37:05","guid":{"rendered":"https:\/\/www.topohvar.at\/?page_id=5546"},"modified":"2026-04-06T17:18:56","modified_gmt":"2026-04-06T15:18:56","slug":"ru-ob-03-1","status":"publish","type":"page","link":"https:\/\/www.topohvar.at\/topo\/orte\/ru\/ru-ob-03-1\/","title":{"rendered":"RUDINA &#8211; Objekt \u00bbTo\u010d &#8211; Mlin za masline (2)\u00ab"},"content":{"rendered":"<p><a name=\"seite_oben\"><\/a><br \/>\n<strong><img loading=\"lazy\" decoding=\"async\" class=\"alignnone wp-image-5460 size-large\" src=\"https:\/\/www.topohvar.at\/wp-content\/uploads\/2018\/08\/ru-ob-03-0-1024x503.jpg\" alt=\"\" width=\"640\" height=\"314\" srcset=\"https:\/\/www.topohvar.at\/wp-content\/uploads\/2018\/08\/ru-ob-03-0-1024x503.jpg 1024w, https:\/\/www.topohvar.at\/wp-content\/uploads\/2018\/08\/ru-ob-03-0-300x147.jpg 300w, https:\/\/www.topohvar.at\/wp-content\/uploads\/2018\/08\/ru-ob-03-0-768x377.jpg 768w, https:\/\/www.topohvar.at\/wp-content\/uploads\/2018\/08\/ru-ob-03-0.jpg 1090w\" sizes=\"auto, (max-width: 640px) 100vw, 640px\" \/><\/strong><\/p>\n<p><strong>Ime \/ Name<br \/>\n<\/strong>Objekt \u00bbTo\u010d &#8211;\u00a0Mlin za masline (2)\u00ab \/ \u00d6lm\u00fchle<\/p>\n<p><strong>Code: <\/strong>RU-OB-03\u00a0 \u00a0 \u00a0 \u00a0 \u00a0 \u00a0 \u00a0 \u00a0 \u00a0 \u00a0 \u00a0 \u00a0<strong>\u00a0 \u00a0 \u00a0 \u00a0 \u00a0 \u00a0 \u00a0\u00a0\u00a0<a href=\"https:\/\/www.topohvar.at\/orte\/ru\/ru-ob-02-1\/\"><img loading=\"lazy\" decoding=\"async\" class=\"alignnone wp-image-533 size-full\" src=\"https:\/\/www.topohvar.at\/wp-content\/uploads\/2018\/07\/push-l-30.jpg\" alt=\"\" width=\"61\" height=\"30\" \/><\/a>\u00a0<a href=\"https:\/\/www.topohvar.at\/orte\/ru\/\"><img loading=\"lazy\" decoding=\"async\" class=\"alignnone wp-image-535 size-full\" src=\"https:\/\/www.topohvar.at\/wp-content\/uploads\/2018\/07\/push-o-30.jpg\" alt=\"\" width=\"61\" height=\"30\" \/><\/a>\u00a0<a href=\"https:\/\/www.topohvar.at\/orte\/ru\/ru-ob-04-1\/\"><img loading=\"lazy\" decoding=\"async\" class=\"alignnone wp-image-536 size-full\" src=\"https:\/\/www.topohvar.at\/wp-content\/uploads\/2018\/07\/push-r-30.jpg\" alt=\"\" width=\"61\" height=\"30\" \/><\/a> <a href=\"https:\/\/www.topohvar.at\/orte\/ru\/ru-os-01-1\/\"><img loading=\"lazy\" decoding=\"async\" class=\"alignnone wp-image-12299 size-full\" src=\"https:\/\/www.topohvar.at\/wp-content\/uploads\/2018\/09\/push-next-30.jpg\" alt=\"\" width=\"61\" height=\"30\" \/><\/a><\/strong><\/p>\n<hr \/>\n<p><strong>Adresa \/ Adresse<br \/>\n<\/strong>Mala Rudina<\/p>\n<p><strong>Lokacija \/ Position<a href=\"https:\/\/goo.gl\/maps\/XYtV5SC2uu7ygH3R7\"><img loading=\"lazy\" decoding=\"async\" class=\"alignright wp-image-5686\" src=\"https:\/\/www.topohvar.at\/wp-content\/uploads\/2018\/08\/1788.jpg\" alt=\"\" width=\"134\" height=\"100\" \/><\/a><br \/>\n<\/strong><span style=\"color: #3366ff;\"><a style=\"color: #3366ff;\" href=\"https:\/\/goo.gl\/maps\/XYtV5SC2uu7ygH3R7\">Latitude: N 43,20763\u00b0\u00a0 \u00a0 Longitude: E 16,59456\u00b0\u00a0<\/a><\/span><strong><br \/>\n<\/strong>Visina \/ H\u00f6he: 90 m<\/p>\n<p><strong>Katastarska \u010destica \/ Grundst\u00fccke<br \/>\n<\/strong>10786 (Stari Grad, Rudina)<div class='content-column one_half'><div style=\"padding-right:6px;\"><p><strong>Datum snimanja \/ Erfassungsdatum<br \/>\n<\/strong>27.05.2018 10:41:00<\/p>\n<hr \/>\n<p><strong>Informacije<\/strong><\/p>\n<p>Valjak mlina za masline.<\/p>\n<p>Najstarija metoda pre\u0161anja maslina potvr\u0111ena u Dalmaciji ra\u0111ena je jednostavnim mlinom (valjavac, to\u0107). Uz zid ku\u0107e bio je te\u017eak kameni kota\u010d koji je okomito stajao na \u010detvrtastom kamenom koritu. Osovina kota\u010da mlina nalazila se u drvenoj osovini u zidu. Na drugom kraju, dva \u010dovjeka su gurala kameni kota\u010d lijevo, desno preko maslina i drobila ih.<\/p><\/div><\/div><div class='content-column one_half last_column'><div style=\"padding-right:0px;padding-left:6px;\"><p><strong>Stupanj za\u0161tite \/ Schutzstellung<br \/>\n<\/strong>&#8211;<\/p>\n<hr \/>\n<p><strong>Info<\/strong><\/p>\n<p>Walzm\u00fchle f\u00fcr Oliven.<\/p>\n<p>Die in Dalmatien best\u00e4tigte \u00e4lteste Methode der Olivenpresse wurde mit einer einfachen M\u00fchle (valjavac, to\u0107) durchgef\u00fchrt. Neben der Hauswand stand ein schweres Steinrad senkrecht auf einem viereckigen Steintrog. Die Achse des M\u00fchlrades steckt in einem Holzschacht in der Hauswand. Am anderen Ende bewegten zwei M\u00e4nner das M\u00fchlrad vor und zur\u00fcck \u00fcber die Oliven und zerquetschten diese.<\/p><\/div><\/div><div class='clear_column'><\/div><\/p>\n<div id=\"attachment_74085\" style=\"width: 1437px\" class=\"wp-caption aligncenter\"><img loading=\"lazy\" decoding=\"async\" aria-describedby=\"caption-attachment-74085\" class=\"wp-image-74085 size-full\" src=\"https:\/\/www.topohvar.at\/wp-content\/uploads\/2026\/04\/ru-ob-03-20.jpg\" alt=\"\" width=\"1427\" height=\"1078\" srcset=\"https:\/\/www.topohvar.at\/wp-content\/uploads\/2026\/04\/ru-ob-03-20.jpg 1427w, https:\/\/www.topohvar.at\/wp-content\/uploads\/2026\/04\/ru-ob-03-20-300x227.jpg 300w, https:\/\/www.topohvar.at\/wp-content\/uploads\/2026\/04\/ru-ob-03-20-1024x774.jpg 1024w, https:\/\/www.topohvar.at\/wp-content\/uploads\/2026\/04\/ru-ob-03-20-768x580.jpg 768w\" sizes=\"auto, (max-width: 1427px) 100vw, 1427px\" \/><p id=\"caption-attachment-74085\" class=\"wp-caption-text\"><em>(Izvor \/ Quelle: Facebook)<\/em><\/p><\/div>\n<p style=\"text-align: right;\"><a href=\"#seite_oben\">natrag na vrh \/ Seitenanfang<\/a><\/p>\n<hr \/>\n<p><strong>Linkovi \/ Links<\/strong><\/p>\n<p><span style=\"color: #3366ff;\"><a style=\"color: #3366ff;\" href=\"https:\/\/www.topohvar.at\/topo\/orte\/ru\/ru-ob-02-1\/\">Objekt \u00bbTo\u010d &#8211;\u00a0Mlin za masline (1)\u00ab \/ \u00d6lm\u00fchle<\/a><\/span><\/p>\n","protected":false},"excerpt":{"rendered":"<p>Ime \/ Name Objekt \u00bbTo\u010d &#8211;\u00a0Mlin za masline (2)\u00ab \/ \u00d6lm\u00fchle Code: RU-OB-03\u00a0 \u00a0 \u00a0 \u00a0 \u00a0 \u00a0 \u00a0 \u00a0 \u00a0 \u00a0 \u00a0 \u00a0\u00a0 \u00a0 \u00a0 \u00a0 \u00a0 \u00a0 \u00a0\u00a0\u00a0\u00a0\u00a0 Adresa \/ Adresse Mala Rudina Lokacija \/ Position Latitude: N &hellip; <a href=\"https:\/\/www.topohvar.at\/topo\/orte\/ru\/ru-ob-03-1\/\">Weiterlesen <span class=\"meta-nav\">&rarr;<\/span><\/a><\/p>\n","protected":false},"author":1,"featured_media":0,"parent":93,"menu_order":0,"comment_status":"closed","ping_status":"closed","template":"","meta":{"footnotes":""},"class_list":["post-5546","page","type-page","status-publish","hentry"],"_links":{"self":[{"href":"https:\/\/www.topohvar.at\/topo\/wp-json\/wp\/v2\/pages\/5546","targetHints":{"allow":["GET"]}}],"collection":[{"href":"https:\/\/www.topohvar.at\/topo\/wp-json\/wp\/v2\/pages"}],"about":[{"href":"https:\/\/www.topohvar.at\/topo\/wp-json\/wp\/v2\/types\/page"}],"author":[{"embeddable":true,"href":"https:\/\/www.topohvar.at\/topo\/wp-json\/wp\/v2\/users\/1"}],"replies":[{"embeddable":true,"href":"https:\/\/www.topohvar.at\/topo\/wp-json\/wp\/v2\/comments?post=5546"}],"version-history":[{"count":17,"href":"https:\/\/www.topohvar.at\/topo\/wp-json\/wp\/v2\/pages\/5546\/revisions"}],"predecessor-version":[{"id":74086,"href":"https:\/\/www.topohvar.at\/topo\/wp-json\/wp\/v2\/pages\/5546\/revisions\/74086"}],"up":[{"embeddable":true,"href":"https:\/\/www.topohvar.at\/topo\/wp-json\/wp\/v2\/pages\/93"}],"wp:attachment":[{"href":"https:\/\/www.topohvar.at\/topo\/wp-json\/wp\/v2\/media?parent=5546"}],"curies":[{"name":"wp","href":"https:\/\/api.w.org\/{rel}","templated":true}]}}