{"id":5548,"date":"2018-08-15T11:38:27","date_gmt":"2018-08-15T09:38:27","guid":{"rendered":"https:\/\/www.topohvar.at\/?page_id=5548"},"modified":"2026-04-06T18:14:05","modified_gmt":"2026-04-06T16:14:05","slug":"ru-ob-04-1","status":"publish","type":"page","link":"https:\/\/www.topohvar.at\/topo\/orte\/ru\/ru-ob-04-1\/","title":{"rendered":"RUDINA &#8211; Objekt \u00bbTuran za gro\u017e\u0111e (1)\u00ab"},"content":{"rendered":"<p><a name=\"seite_oben\"><\/a><br \/>\n<strong><img loading=\"lazy\" decoding=\"async\" class=\"alignnone wp-image-5461 size-large\" src=\"https:\/\/www.topohvar.at\/wp-content\/uploads\/2018\/08\/ru-ob-04-0-1024x503.jpg\" alt=\"\" width=\"640\" height=\"314\" srcset=\"https:\/\/www.topohvar.at\/wp-content\/uploads\/2018\/08\/ru-ob-04-0-1024x503.jpg 1024w, https:\/\/www.topohvar.at\/wp-content\/uploads\/2018\/08\/ru-ob-04-0-300x147.jpg 300w, https:\/\/www.topohvar.at\/wp-content\/uploads\/2018\/08\/ru-ob-04-0-768x377.jpg 768w, https:\/\/www.topohvar.at\/wp-content\/uploads\/2018\/08\/ru-ob-04-0.jpg 1080w\" sizes=\"auto, (max-width: 640px) 100vw, 640px\" \/><\/strong><\/p>\n<p><strong>Ime \/ Name<br \/>\n<\/strong>Objekt \u00bbTuran za gro\u017e\u0111e (1)\u00ab \/ Podest f\u00fcr Weinpresse (1)<\/p>\n<p><strong>Code: <\/strong>RU-OB-04\u00a0 \u00a0 \u00a0 \u00a0 \u00a0 \u00a0 \u00a0 \u00a0 \u00a0 \u00a0 \u00a0 \u00a0 \u00a0 \u00a0\u00a0<strong>\u00a0 \u00a0 \u00a0 \u00a0 \u00a0\u00a0<a href=\"https:\/\/www.topohvar.at\/orte\/ru\/ru-ob-03-1\/\"><img loading=\"lazy\" decoding=\"async\" class=\"alignnone wp-image-533 size-full\" src=\"https:\/\/www.topohvar.at\/wp-content\/uploads\/2018\/07\/push-l-30.jpg\" alt=\"\" width=\"61\" height=\"30\" \/><\/a>\u00a0<a href=\"https:\/\/www.topohvar.at\/orte\/ru\/\"><img loading=\"lazy\" decoding=\"async\" class=\"alignnone wp-image-535 size-full\" src=\"https:\/\/www.topohvar.at\/wp-content\/uploads\/2018\/07\/push-o-30.jpg\" alt=\"\" width=\"61\" height=\"30\" \/><\/a>\u00a0<a href=\"https:\/\/www.topohvar.at\/orte\/ru\/ru-ob-05-1\/\"><img loading=\"lazy\" decoding=\"async\" class=\"alignnone wp-image-536 size-full\" src=\"https:\/\/www.topohvar.at\/wp-content\/uploads\/2018\/07\/push-r-30.jpg\" alt=\"\" width=\"61\" height=\"30\" \/> <\/a><a href=\"https:\/\/www.topohvar.at\/orte\/ru\/ru-os-01-1\/\"><img loading=\"lazy\" decoding=\"async\" class=\"alignnone wp-image-12299 size-full\" src=\"https:\/\/www.topohvar.at\/wp-content\/uploads\/2018\/09\/push-next-30.jpg\" alt=\"\" width=\"61\" height=\"30\" \/><\/a><\/strong><\/p>\n<hr \/>\n<p><strong>Adresa \/ Adresse<br \/>\n<\/strong>Mala Rudina<\/p>\n<p><strong>Lokacija \/ Position<a href=\"https:\/\/goo.gl\/maps\/q6gVU6jfWTKVRyGM8\"><img loading=\"lazy\" decoding=\"async\" class=\"alignright wp-image-5686\" src=\"https:\/\/www.topohvar.at\/wp-content\/uploads\/2018\/08\/1788.jpg\" alt=\"\" width=\"134\" height=\"100\" \/><\/a><br \/>\n<\/strong><span style=\"color: #3366ff;\"><a style=\"color: #3366ff;\" href=\"https:\/\/goo.gl\/maps\/q6gVU6jfWTKVRyGM8\">Latitude: N 43,20762\u00b0\u00a0 \u00a0 Longitude: E 16,59470\u00b0\u00a0<\/a><\/span><strong><br \/>\n<\/strong>Visina \/ H\u00f6he: 90 m<\/p>\n<p><strong>Katastarska \u010destica \/ Grundst\u00fccke<br \/>\n<\/strong>9207 (Stari Grad, Rudina)<div class='content-column one_half'><div style=\"padding-right:6px;\"><p><strong>Datum snimanja \/ Erfassungsdatum<br \/>\n<\/strong>27.05.2018 10:43:00<\/p><\/div><\/div><div class='content-column one_half last_column'><div style=\"padding-right:0px;padding-left:6px;\"><p><strong>Stupanj za\u0161tite \/ Schutzstellung<br \/>\n<\/strong>&#8211;<\/p><\/div><\/div><div class='clear_column'><\/div><\/p>\n<hr \/>\n<div class='content-column one_half'><div style=\"padding-right:6px;\"><p><img loading=\"lazy\" decoding=\"async\" class=\"aligncenter wp-image-74098 size-full\" src=\"https:\/\/www.topohvar.at\/wp-content\/uploads\/2026\/04\/ru-ob-04-21.jpg\" alt=\"\" width=\"528\" height=\"821\" srcset=\"https:\/\/www.topohvar.at\/wp-content\/uploads\/2026\/04\/ru-ob-04-21.jpg 528w, https:\/\/www.topohvar.at\/wp-content\/uploads\/2026\/04\/ru-ob-04-21-193x300.jpg 193w\" sizes=\"auto, (max-width: 528px) 100vw, 528px\" \/><\/p><\/div><\/div><div class='content-column one_half last_column'><div style=\"padding-right:0px;padding-left:6px;\"><p style=\"text-align: center;\"><strong>Informacije \/ Info<\/strong><\/p>\n<p style=\"text-align: center;\">Turan &#8211; presa za mo\u0161t (gro\u017e\u0111e)<\/p>\n<p style=\"text-align: center;\">-\/-<\/p>\n<p style=\"text-align: center;\">Podest f\u00fcr eine Weinpresse<\/p>\n<p><img loading=\"lazy\" decoding=\"async\" class=\"aligncenter wp-image-38426 size-medium\" src=\"https:\/\/www.topohvar.at\/wp-content\/uploads\/2020\/06\/ru-ob-04-11-300x225.jpg\" alt=\"\" width=\"300\" height=\"225\" srcset=\"https:\/\/www.topohvar.at\/wp-content\/uploads\/2020\/06\/ru-ob-04-11-300x225.jpg 300w, https:\/\/www.topohvar.at\/wp-content\/uploads\/2020\/06\/ru-ob-04-11.jpg 420w\" sizes=\"auto, (max-width: 300px) 100vw, 300px\" \/><\/p><\/div><\/div><div class='clear_column'><\/div><\/p>\n<p style=\"text-align: right;\"><a href=\"#seite_oben\">natrag na vrh \/ Seitenanfang<\/a><\/p>\n<hr \/>\n<p><strong>Linkovi \/ Links<\/strong><\/p>\n<p><span style=\"color: #3366ff;\"><a style=\"color: #3366ff;\" href=\"https:\/\/www.topohvar.at\/topo\/orte\/ru\/ru-ob-05-1\/\">Objekt \u00bbTuran za gro\u017e\u0111e (2)\u00ab \/ Podest f\u00fcr Weinpresse (2)<\/a><\/span><\/p>\n","protected":false},"excerpt":{"rendered":"<p>Ime \/ Name Objekt \u00bbTuran za gro\u017e\u0111e (1)\u00ab \/ Podest f\u00fcr Weinpresse (1) Code: RU-OB-04\u00a0 \u00a0 \u00a0 \u00a0 \u00a0 \u00a0 \u00a0 \u00a0 \u00a0 \u00a0 \u00a0 \u00a0 \u00a0 \u00a0\u00a0\u00a0 \u00a0 \u00a0 \u00a0 \u00a0\u00a0\u00a0\u00a0 Adresa \/ Adresse Mala Rudina Lokacija \/ Position &hellip; <a href=\"https:\/\/www.topohvar.at\/topo\/orte\/ru\/ru-ob-04-1\/\">Weiterlesen <span class=\"meta-nav\">&rarr;<\/span><\/a><\/p>\n","protected":false},"author":1,"featured_media":0,"parent":93,"menu_order":0,"comment_status":"closed","ping_status":"closed","template":"","meta":{"footnotes":""},"class_list":["post-5548","page","type-page","status-publish","hentry"],"_links":{"self":[{"href":"https:\/\/www.topohvar.at\/topo\/wp-json\/wp\/v2\/pages\/5548","targetHints":{"allow":["GET"]}}],"collection":[{"href":"https:\/\/www.topohvar.at\/topo\/wp-json\/wp\/v2\/pages"}],"about":[{"href":"https:\/\/www.topohvar.at\/topo\/wp-json\/wp\/v2\/types\/page"}],"author":[{"embeddable":true,"href":"https:\/\/www.topohvar.at\/topo\/wp-json\/wp\/v2\/users\/1"}],"replies":[{"embeddable":true,"href":"https:\/\/www.topohvar.at\/topo\/wp-json\/wp\/v2\/comments?post=5548"}],"version-history":[{"count":22,"href":"https:\/\/www.topohvar.at\/topo\/wp-json\/wp\/v2\/pages\/5548\/revisions"}],"predecessor-version":[{"id":74101,"href":"https:\/\/www.topohvar.at\/topo\/wp-json\/wp\/v2\/pages\/5548\/revisions\/74101"}],"up":[{"embeddable":true,"href":"https:\/\/www.topohvar.at\/topo\/wp-json\/wp\/v2\/pages\/93"}],"wp:attachment":[{"href":"https:\/\/www.topohvar.at\/topo\/wp-json\/wp\/v2\/media?parent=5548"}],"curies":[{"name":"wp","href":"https:\/\/api.w.org\/{rel}","templated":true}]}}