{"id":55615,"date":"2021-12-26T18:22:28","date_gmt":"2021-12-26T17:22:28","guid":{"rendered":"https:\/\/www.topohvar.at\/topo\/?page_id=55615"},"modified":"2024-11-26T17:32:52","modified_gmt":"2024-11-26T16:32:52","slug":"alle-trims-13","status":"publish","type":"page","link":"https:\/\/www.topohvar.at\/topo\/trim\/alle\/alle-trims-13\/","title":{"rendered":"OTOK HVAR &#8211; Popis svih trima \/ Liste aller Trims (\u03bb>=17,00)"},"content":{"rendered":"<p><a name=\"seite_oben\"><\/a><div class='content-column one_half'><div style=\"padding-right:6px;\"><p>Na sljede\u0107em popisu svi su trimi poredane prema njihovim najva\u017enijim karakteristikama prepoznatljivosti, koji sam bilo na\u0161la ili odrediti iz literature kao i svi trimi koji su snimljeni u osnovnoj karti otoka Hvara.<\/p><\/div><\/div><div class='content-column one_half last_column'><div style=\"padding-right:0px;padding-left:6px;\"><p>In der folgenden Auflistung sind alle Trims nach ihren wichtigsten Erkennungsmerkmalen zusammengestellt, die ich entweder selbst aufgefunden oder aus der Literatur ermittelt habe und weiters alle Trims die in der Grundkarte der Insel Hvar verzeichnet sind.<\/p><\/div><\/div><div class='clear_column'><\/div><div class='content-column one_half'><div style=\"padding-right:6px;\"><p>Popis je raspore\u0111en <strong>od zapada prema istoku<\/strong> prema mjestu trima (Longitude &#8211; isto\u010dna du\u017eina). To olak\u0161ava prepoznavanje trima u prirodi.<\/p><\/div><\/div><div class='content-column one_half last_column'><div style=\"padding-right:0px;padding-left:6px;\"><p>Die Liste ist nach der Lage der Trims (Longituide &#8211; \u00f6stlicher L\u00e4ngengrad) von <strong>West nach Ost<\/strong> geordnet. Dadurch wird eine Identifizierung von Trims in der Natur erleichtert.<\/p><\/div><\/div><div class='clear_column'><\/div><div class='content-column one_half'><div style=\"padding-right:6px;\"><p>Sadr\u017eaj pojedinih stupaca:<\/p>\n<p>Stupac 1: Longutude \/ Latitude (isto\u010dna du\u017eina \/ sjeverna \u0161irina)<br \/>\nStupac 2: Nadmorska visina (iznad Jadrana)<br \/>\nStupac 3: Simbol \u0394 &#8211; broj stepenica<br \/>\nStupac 4: Simbol \u2194 &#8211; promjer ili najve\u0107a \u0161irina trima<br \/>\nStupac 5: Simbol \u21a8 &#8211; ukupna visina trima<br \/>\nStupac 6: Simbol \u043f &#8211; visina ulaza trima<br \/>\nStupac 7: k\u00f4d s vezom na stranicu trima<\/p><\/div><\/div><div class='content-column one_half last_column'><div style=\"padding-right:0px;padding-left:6px;\"><p>Inhalte der einzelnen Spalten:<\/p>\n<p>Spalte 1: Longitude \/ Latitude (\u00f6stliche L\u00e4nge \/ n\u00f6rdliche Breite)<br \/>\nSpalte 2: Seeh\u00f6he (\u00fc. A.)<br \/>\nSpalte 3: Symbol \u0394 &#8211; Anzahl der Stufen<br \/>\nSpalte 4: Symbol \u2194 &#8211; \u00f8 bzw. gr\u00f6\u00dfte Breite des Trim<br \/>\nSpalte 5: Symbol \u21a8 &#8211; Gesamth\u00f6he des Trim<br \/>\nSpalte 6: Symbol \u043f &#8211; Eingangsh\u00f6he<br \/>\nSpalte 7: Code mit Link zur Trimseite<\/p><\/div><\/div><div class='clear_column'><\/div><\/p>\n<hr \/>\n<p><span style=\"color: #3366ff;\"><strong><span style=\"color: #000000;\">Longitude \u03bb = <\/span><\/strong><span style=\"color: #000000;\"><span style=\"color: #3366ff;\"><a style=\"color: #3366ff;\" href=\"https:\/\/www.topohvar.at\/topo\/trim\/alle\/\">??,??<\/a> <\/span>\u01c0<\/span>\u00a0<a style=\"color: #3366ff;\" href=\"https:\/\/www.topohvar.at\/topo\/trim\/alle\/alle-trims-01\/\">16,40..\u00a0<\/a> \u01c0<a style=\"color: #3366ff;\" href=\"https:\/\/www.topohvar.at\/topo\/trim\/alle\/alle-trims-02\/\"> 16,45..<\/a> \u01c0<a style=\"color: #3366ff;\" href=\"https:\/\/www.topohvar.at\/topo\/trim\/alle\/alle-trims-03\/\"> 16,50..<\/a> \u01c0<a style=\"color: #3366ff;\" href=\"https:\/\/www.topohvar.at\/topo\/trim\/alle\/alle-trims-04\/\"> 16,55..<\/a>\u01c0<a style=\"color: #3366ff;\" href=\"https:\/\/www.topohvar.at\/topo\/trim\/alle\/alle-trims-05\/\"> 16,60..<\/a> \u01c0<a style=\"color: #3366ff;\" href=\"https:\/\/www.topohvar.at\/topo\/trim\/alle\/alle-trims-06\/\"> 16,65..<\/a> \u01c0<a style=\"color: #3366ff;\" href=\"https:\/\/www.topohvar.at\/topo\/trim\/alle\/alle-trims-07\/\"> 16,70..<\/a> \u01c0<a style=\"color: #3366ff;\" href=\"https:\/\/www.topohvar.at\/topo\/trim\/alle\/alle-trims-08\/\"> 16,75..<\/a> \u01c0<a style=\"color: #3366ff;\" href=\"https:\/\/www.topohvar.at\/topo\/trim\/alle\/alle-trims-09\/\"> 16,80..<\/a> \u01c0<a style=\"color: #3366ff;\" href=\"https:\/\/www.topohvar.at\/topo\/trim\/alle\/alle-trims-10\/\"> 16,85..<\/a> \u01c0<a style=\"color: #3366ff;\" href=\"https:\/\/www.topohvar.at\/topo\/trim\/alle\/alle-trims-11\/\"> 16,90..<\/a> \u01c0 <a style=\"color: #3366ff;\" href=\"https:\/\/www.topohvar.at\/topo\/trim\/alle\/alle-trims-12\/\">16,95..<\/a> \u01c0<span style=\"color: #ff0000;\"><strong><a style=\"color: #ff0000;\" href=\"https:\/\/www.topohvar.at\/topo\/trim\/alle\/alle-trims-13\/\"> 17,00..<\/a><\/strong><\/span> \u01c0<a style=\"color: #3366ff;\" href=\"https:\/\/www.topohvar.at\/topo\/trim\/alle\/alle-trims-14\/\"> 17,05..<\/a> \u01c0<a style=\"color: #3366ff;\" href=\"https:\/\/www.topohvar.at\/topo\/trim\/alle\/alle-trims-15\/\">17,10..<\/a><\/span><\/p>\n<table width=\"380\">\n<tbody>\n<tr>\n<td width=\"130\">\n<h5>17,00737 \/ 43,12500<\/h5>\n<\/td>\n<td width=\"28\">\n<h5>235<\/h5>\n<\/td>\n<td width=\"24\">\n<h5>\u0394<br \/>\n1<\/h5>\n<\/td>\n<td width=\"46\">\n<h5>\u2194 310<\/h5>\n<\/td>\n<td width=\"38\">\n<h5>\u21a8 240<\/h5>\n<\/td>\n<td width=\"38\">\n<h5>\u043f 120<\/h5>\n<\/td>\n<td width=\"76\">\n<h5><a href=\"https:\/\/www.topohvar.at\/topo\/orte\/bo\/bo-tr-23-1\/\">BO-TR-23<\/a><\/h5>\n<\/td>\n<\/tr>\n<tr>\n<td>\n<h5>17,01051 \/ 43,12932<\/h5>\n<\/td>\n<td>\n<h5>245<\/h5>\n<\/td>\n<td>\n<h5>\u0394<br \/>\n2<\/h5>\n<\/td>\n<td>\n<h5>\u2194<br \/>\n410<\/h5>\n<\/td>\n<td>\n<h5>\u21a8<br \/>\n240<\/h5>\n<\/td>\n<td>\n<h5>\u043f<br \/>\n120<\/h5>\n<\/td>\n<td>\n<h5><a href=\"https:\/\/www.topohvar.at\/topo\/orte\/bo\/bo-tr-03-2\/\">BO-TR-03<\/a><\/h5>\n<\/td>\n<\/tr>\n<tr>\n<td>\n<h5>17,01350 \/ 43,12779<\/h5>\n<\/td>\n<td>\n<h5>225<\/h5>\n<\/td>\n<td>\n<h5>\u0394<br \/>\n2<\/h5>\n<\/td>\n<td>\n<h5>\u2194<br \/>\n420<\/h5>\n<\/td>\n<td>\n<h5>\u21a8<br \/>\n280<\/h5>\n<\/td>\n<td>\n<h5>\u043f<br \/>\n120<\/h5>\n<\/td>\n<td>\n<h5><a href=\"https:\/\/www.topohvar.at\/topo\/orte\/bo\/bo-tr-17-2\/\">BO-TR-17<\/a><\/h5>\n<\/td>\n<\/tr>\n<tr>\n<td>\n<h5>17,01362 \/ 43,12842<\/h5>\n<\/td>\n<td>\n<h5>233<\/h5>\n<\/td>\n<td>\n<h5>\u0394<br \/>\n2<\/h5>\n<\/td>\n<td>\n<h5>\u2194<br \/>\n350<\/h5>\n<\/td>\n<td>\n<h5>\u21a8<br \/>\n220<\/h5>\n<\/td>\n<td>\n<h5>\u043f<br \/>\n95<\/h5>\n<\/td>\n<td>\n<h5><a href=\"https:\/\/www.topohvar.at\/topo\/orte\/bo\/bo-tr-14-2\/\">BO-TR-14<\/a><\/h5>\n<\/td>\n<\/tr>\n<tr>\n<td>\n<h5>17,01376 \/ 43,12886<\/h5>\n<\/td>\n<td>\n<h5>236<\/h5>\n<\/td>\n<td>\n<h5>\u0394<br \/>\n2<\/h5>\n<\/td>\n<td>\n<h5>\u2194<br \/>\n380<\/h5>\n<\/td>\n<td>\n<h5>\u21a8<br \/>\n210<\/h5>\n<\/td>\n<td>\n<h5>\u043f<br \/>\n100<\/h5>\n<\/td>\n<td>\n<h5><a href=\"https:\/\/www.topohvar.at\/topo\/orte\/bo\/bo-tr-15-2\/\">BO-TR-15<\/a><\/h5>\n<\/td>\n<\/tr>\n<tr>\n<td>\n<h5>17,01444 \/ 43,13393<\/h5>\n<\/td>\n<td>\n<h5>211<\/h5>\n<\/td>\n<td>\n<h5>\u0394<br \/>\n1<\/h5>\n<\/td>\n<td>\n<h5>\u2194<br \/>\n300<\/h5>\n<\/td>\n<td>\n<h5>\u21a8<br \/>\n180<\/h5>\n<\/td>\n<td>\n<h5>\u043f<br \/>\n140<\/h5>\n<\/td>\n<td>\n<h5><a href=\"https:\/\/www.topohvar.at\/topo\/orte\/bo\/bo-tr-26-1\/\">BO-TR-26<\/a><\/h5>\n<\/td>\n<\/tr>\n<tr>\n<td>\n<h5>17,01509 \/ 43,12802<\/h5>\n<\/td>\n<td>\n<h5>221<\/h5>\n<\/td>\n<td>\n<h5>\u0394<br \/>\n1<\/h5>\n<\/td>\n<td>\n<h5>\u2194<br \/>\n300<\/h5>\n<\/td>\n<td>\n<h5>\u21a8<br \/>\n190<\/h5>\n<\/td>\n<td>\n<h5>\u043f<br \/>\n105<\/h5>\n<\/td>\n<td>\n<h5><a href=\"https:\/\/www.topohvar.at\/topo\/orte\/bo\/bo-tr-18-2\/\">BO-TR-18<\/a><\/h5>\n<\/td>\n<\/tr>\n<tr>\n<td>\n<h5>17,01507 \/ 43,13119<\/h5>\n<\/td>\n<td>\n<h5>185<\/h5>\n<\/td>\n<td>\n<h5>\u0394<br \/>\n&#8211;<\/h5>\n<\/td>\n<td>\n<h5>\u2194<br \/>\n&#8211;<\/h5>\n<\/td>\n<td>\n<h5>\u21a8<br \/>\n&#8211;<\/h5>\n<\/td>\n<td>\n<h5>\u043f<br \/>\n&#8211;<\/h5>\n<\/td>\n<td>\n<h5><a href=\"https:\/\/www.topohvar.at\/topo\/orte\/bo\/bo-tr-18-2\/\">BO-TR-19<\/a><\/h5>\n<\/td>\n<\/tr>\n<tr>\n<td>\n<h5>17,01555 \/ 43,12944<\/h5>\n<\/td>\n<td>\n<h5>229<\/h5>\n<\/td>\n<td>\n<h5>\u0394<br \/>\n1<\/h5>\n<\/td>\n<td>\n<h5>\u2194<br \/>\n250<\/h5>\n<\/td>\n<td>\n<h5>\u21a8<br \/>\n110<\/h5>\n<\/td>\n<td>\n<h5>\u043f<br \/>\n40<\/h5>\n<\/td>\n<td>\n<h5><a href=\"https:\/\/www.topohvar.at\/topo\/orte\/bo\/bo-tr-24-1\/\">BO-TR-24<\/a><\/h5>\n<\/td>\n<\/tr>\n<tr>\n<td>\n<h5>17,01662 \/ 43,13291<\/h5>\n<\/td>\n<td>\n<h5>201<\/h5>\n<\/td>\n<td>\n<h5>\u0394 2<\/h5>\n<\/td>\n<td>\n<h5>\u2194 450<\/h5>\n<\/td>\n<td>\n<h5>\u21a8 280<\/h5>\n<\/td>\n<td>\n<h5>\u043f 130<\/h5>\n<\/td>\n<td>\n<h5><a href=\"https:\/\/www.topohvar.at\/topo\/orte\/bo\/bo-tr-08-2\/\">BO-TR-08<\/a><\/h5>\n<\/td>\n<\/tr>\n<tr>\n<td>\n<h5>17,01665 \/ 43,11908<\/h5>\n<\/td>\n<td>\n<h5>178<\/h5>\n<\/td>\n<td>\n<h5>\u0394<br \/>\n&#8211;<\/h5>\n<\/td>\n<td>\n<h5>\u2194<br \/>\n&#8211;<\/h5>\n<\/td>\n<td>\n<h5>\u21a8<br \/>\n&#8211;<\/h5>\n<\/td>\n<td>\n<h5>\u043f<br \/>\n&#8211;<\/h5>\n<\/td>\n<td>\n<h5><a href=\"https:\/\/www.topohvar.at\/topo\/orte\/bo\/bo-tr-20-2\/\">BO-TR-20<\/a><\/h5>\n<\/td>\n<\/tr>\n<tr>\n<td>\n<h5>17,01734 \/ 43,12856<\/h5>\n<\/td>\n<td>\n<h5>224<\/h5>\n<\/td>\n<td>\n<h5>\u0394<br \/>\n1<\/h5>\n<\/td>\n<td>\n<h5>\u2194<br \/>\n310<\/h5>\n<\/td>\n<td>\n<h5>\u21a8<br \/>\n200<\/h5>\n<\/td>\n<td>\n<h5>\u043f<br \/>\n90<\/h5>\n<\/td>\n<td>\n<h5><a href=\"https:\/\/www.topohvar.at\/topo\/orte\/bo\/bo-tr-27-1\/\">BO-TR-27<\/a><\/h5>\n<\/td>\n<\/tr>\n<tr>\n<td>\n<h5>17,01910 \/ 43,12686<\/h5>\n<\/td>\n<td>\n<h5>222<\/h5>\n<\/td>\n<td>\n<h5>\u0394 2<\/h5>\n<\/td>\n<td>\n<h5>\u2194 450<\/h5>\n<\/td>\n<td>\n<h5>\u21a8 280<\/h5>\n<\/td>\n<td>\n<h5>\u043f 120<\/h5>\n<\/td>\n<td>\n<h5><a href=\"https:\/\/www.topohvar.at\/topo\/orte\/bo\/bo-tr-04-2\/\">BO-TR-04<\/a><\/h5>\n<\/td>\n<\/tr>\n<tr>\n<td>\n<h5>17,02097 \/ 43,13325<\/h5>\n<\/td>\n<td>\n<h5>204<\/h5>\n<\/td>\n<td>\n<h5>\u0394<br \/>\n1<\/h5>\n<\/td>\n<td>\n<h5>\u2194 460<\/h5>\n<\/td>\n<td>\n<h5>\u21a8<br \/>\n410<\/h5>\n<\/td>\n<td>\n<h5>\u043f<br \/>\n130<\/h5>\n<\/td>\n<td>\n<h5><a href=\"https:\/\/www.topohvar.at\/topo\/orte\/bo\/bo-tr-01-2\/\">BO-TR-01<\/a><\/h5>\n<\/td>\n<\/tr>\n<tr>\n<td>\n<h5>17,02115 \/ 43,12749<\/h5>\n<\/td>\n<td>\n<h5>225<\/h5>\n<\/td>\n<td>\n<h5>\u0394 2<\/h5>\n<\/td>\n<td>\n<h5>\u2194 520<\/h5>\n<\/td>\n<td>\n<h5>\u21a8<br \/>\n310<\/h5>\n<\/td>\n<td>\n<h5>\u043f<br \/>\n110<\/h5>\n<\/td>\n<td>\n<h5><a href=\"https:\/\/www.topohvar.at\/topo\/orte\/bo\/bo-tr-05-2\/\">BO-TR-05<\/a><\/h5>\n<\/td>\n<\/tr>\n<tr>\n<td>\n<h5>17,02208 \/ 43,12798<\/h5>\n<\/td>\n<td>\n<h5>230<\/h5>\n<\/td>\n<td>\n<h5>\u0394 2<\/h5>\n<\/td>\n<td>\n<h5>\u2194 450<\/h5>\n<\/td>\n<td>\n<h5>\u21a8<br \/>\n250<\/h5>\n<\/td>\n<td>\n<h5>\u043f<br \/>\n115<\/h5>\n<\/td>\n<td>\n<h5><a href=\"https:\/\/www.topohvar.at\/topo\/orte\/bo\/bo-tr-06-2\/\">BO-TR-06<\/a><\/h5>\n<\/td>\n<\/tr>\n<tr>\n<td>\n<h5>17,02563 \/ 43,12448<\/h5>\n<\/td>\n<td>\n<h5>197<\/h5>\n<\/td>\n<td>\n<h5>\u0394<br \/>\n&#8211;<\/h5>\n<\/td>\n<td>\n<h5>\u2194<br \/>\n&#8211;<\/h5>\n<\/td>\n<td>\n<h5>\u21a8<br \/>\n&#8211;<\/h5>\n<\/td>\n<td>\n<h5>\u043f<br \/>\n&#8211;<\/h5>\n<\/td>\n<td>\n<h5><a href=\"https:\/\/www.topohvar.at\/topo\/orte\/bo\/bo-tr-13-2\/\">BO-TR-13<\/a><\/h5>\n<\/td>\n<\/tr>\n<tr>\n<td>\n<h5>17,02880 \/ 43,13018<\/h5>\n<\/td>\n<td>\n<h5>163<\/h5>\n<\/td>\n<td>\n<h5>\u0394<br \/>\n2<\/h5>\n<\/td>\n<td>\n<h5>\u2194<br \/>\n520<\/h5>\n<\/td>\n<td>\n<h5>\u21a8<br \/>\n310<\/h5>\n<\/td>\n<td>\n<h5>\u043f<br \/>\n100<\/h5>\n<\/td>\n<td>\n<h5><a href=\"https:\/\/www.topohvar.at\/topo\/orte\/bo\/bo-tr-16-1\/\">BO-TR-16<\/a><\/h5>\n<\/td>\n<\/tr>\n<tr>\n<td>\n<h5>17,03779 \/ 43,13496<\/h5>\n<\/td>\n<td>\n<h5>154<\/h5>\n<\/td>\n<td>\n<h5>\u0394<br \/>\n1<\/h5>\n<\/td>\n<td>\n<h5>\u2194<br \/>\n360<\/h5>\n<\/td>\n<td>\n<h5>\u21a8<br \/>\n220<\/h5>\n<\/td>\n<td>\n<h5>\u043f<br \/>\n115<\/h5>\n<\/td>\n<td>\n<h5><a href=\"https:\/\/www.topohvar.at\/topo\/orte\/bo\/bo-tr-25-1\/\">BO-TR-25<\/a><\/h5>\n<\/td>\n<\/tr>\n<tr>\n<td>\n<h5>17,03839 \/ 43,13594<\/h5>\n<\/td>\n<td>\n<h5>154<\/h5>\n<\/td>\n<td>\n<h5>\u0394<br \/>\n2<\/h5>\n<\/td>\n<td>\n<h5>\u2194<br \/>\n500<\/h5>\n<\/td>\n<td>\n<h5>\u21a8<br \/>\n230<\/h5>\n<\/td>\n<td>\n<h5>\u043f<br \/>\n110<\/h5>\n<\/td>\n<td>\n<h5><a href=\"https:\/\/www.topohvar.at\/topo\/orte\/bo\/bo-tr-09-2\/\">BO-TR-09<\/a><\/h5>\n<\/td>\n<\/tr>\n<tr>\n<td>\n<h5>17,03947 \/ 43,13566<\/h5>\n<\/td>\n<td>\n<h5>155<\/h5>\n<\/td>\n<td>\n<h5>\u0394<br \/>\n2<\/h5>\n<\/td>\n<td>\n<h5>\u2194<br \/>\n460<\/h5>\n<\/td>\n<td>\n<h5>\u21a8<br \/>\n300<\/h5>\n<\/td>\n<td>\n<h5>\u043f<br \/>\n110<\/h5>\n<\/td>\n<td>\n<h5><a href=\"https:\/\/www.topohvar.at\/topo\/orte\/bo\/bo-tr-10-2\/\">BO-TR-10<\/a><\/h5>\n<\/td>\n<\/tr>\n<tr>\n<td>\n<h5>17,04038 \/ 43,13401<\/h5>\n<\/td>\n<td>\n<h5>177<\/h5>\n<\/td>\n<td>\n<h5>\u0394<br \/>\n2<\/h5>\n<\/td>\n<td>\n<h5>\u2194<br \/>\n490<\/h5>\n<\/td>\n<td>\n<h5>\u21a8<br \/>\n280<\/h5>\n<\/td>\n<td>\n<h5>\u043f<br \/>\n120<\/h5>\n<\/td>\n<td>\n<h5><a href=\"https:\/\/www.topohvar.at\/topo\/orte\/bo\/bo-tr-11-2\/\">BO-TR-11<\/a><\/h5>\n<\/td>\n<\/tr>\n<tr>\n<td>\n<h5>17,04204 \/ 43,13084<\/h5>\n<\/td>\n<td>\n<h5>150<\/h5>\n<\/td>\n<td>\n<h5>\u0394<br \/>\n2<\/h5>\n<\/td>\n<td>\n<h5>\u2194<br \/>\n420<\/h5>\n<\/td>\n<td>\n<h5>\u21a8<br \/>\n230<\/h5>\n<\/td>\n<td>\n<h5>\u043f<br \/>\n100<\/h5>\n<\/td>\n<td>\n<h5><a href=\"https:\/\/www.topohvar.at\/topo\/orte\/bo\/bo-tr-12-2\/\">BO-TR-12<\/a><\/h5>\n<\/td>\n<\/tr>\n<tr>\n<td>\n<h5>17,04316 \/ 43,13345<\/h5>\n<\/td>\n<td>\n<h5>174<\/h5>\n<\/td>\n<td>\n<h5>\u0394<br \/>\n2<\/h5>\n<\/td>\n<td>\n<h5>\u2194<br \/>\n500<\/h5>\n<\/td>\n<td>\n<h5>\u21a8<br \/>\n330<\/h5>\n<\/td>\n<td>\n<h5>\u043f<br \/>\n125<\/h5>\n<\/td>\n<td>\n<h5><a href=\"https:\/\/www.topohvar.at\/topo\/orte\/sb\/sb-tr-11-1\/\">SB-TR-11<\/a><\/h5>\n<\/td>\n<\/tr>\n<tr>\n<td>\n<h5>17,04388 \/ 43,13059<\/h5>\n<\/td>\n<td>\n<h5>149<\/h5>\n<\/td>\n<td>\n<h5>\u0394<br \/>\n1<\/h5>\n<\/td>\n<td>\n<h5>\u2194<br \/>\n460<\/h5>\n<\/td>\n<td>\n<h5>\u21a8<br \/>\n240<\/h5>\n<\/td>\n<td>\n<h5>\u043f<br \/>\n130<\/h5>\n<\/td>\n<td>\n<h5><a href=\"https:\/\/www.topohvar.at\/topo\/orte\/sb\/sb-tr-15-2\/\">SB-TR-15<\/a><\/h5>\n<\/td>\n<\/tr>\n<tr>\n<td>\n<h5>17,04467 \/ 43,13600<\/h5>\n<\/td>\n<td>\n<h5>149<\/h5>\n<\/td>\n<td>\n<h5>\u0394<br \/>\n2<\/h5>\n<\/td>\n<td>\n<h5>\u2194<br \/>\n450<\/h5>\n<\/td>\n<td>\n<h5>\u21a8<br \/>\n260<\/h5>\n<\/td>\n<td>\n<h5>\u043f<br \/>\n100<\/h5>\n<\/td>\n<td>\n<h5><a href=\"https:\/\/www.topohvar.at\/topo\/orte\/sb\/sb-tr-09-1\/\">SB-TR-09<\/a><\/h5>\n<\/td>\n<\/tr>\n<tr>\n<td>\n<h5>17,04649 \/ 43,13437<\/h5>\n<\/td>\n<td>\n<h5>168<\/h5>\n<\/td>\n<td>\n<h5>\u0394<br \/>\n1<\/h5>\n<\/td>\n<td>\n<h5>\u2194 310<\/h5>\n<\/td>\n<td>\n<h5>\u21a8 200<\/h5>\n<\/td>\n<td>\n<h5>\u043f<br \/>\n95<\/h5>\n<\/td>\n<td>\n<h5><a href=\"https:\/\/www.topohvar.at\/topo\/orte\/sb\/sb-tr-01-1\/\">SB-TR-01<\/a><\/h5>\n<\/td>\n<\/tr>\n<tr>\n<td>\n<h5>17,04903 \/ 43,13267<\/h5>\n<\/td>\n<td>\n<h5>170<\/h5>\n<\/td>\n<td>\n<h5>\u0394<br \/>\n1<\/h5>\n<\/td>\n<td>\n<h5>\u2194 280<\/h5>\n<\/td>\n<td>\n<h5>\u21a8 250<\/h5>\n<\/td>\n<td>\n<h5>\u043f<br \/>\n170<\/h5>\n<\/td>\n<td>\n<h5><a href=\"https:\/\/www.topohvar.at\/topo\/orte\/sb\/sb-tr-04-1\/\">SB-TR-04<\/a><\/h5>\n<\/td>\n<\/tr>\n<tr>\n<td>\n<h5>17,04948 \/ 43,13135<\/h5>\n<\/td>\n<td>\n<h5>168<\/h5>\n<\/td>\n<td>\n<h5>\u0394<br \/>\n2<\/h5>\n<\/td>\n<td>\n<h5>\u2194<br \/>\n460<\/h5>\n<\/td>\n<td>\n<h5>\u21a8<br \/>\n260<\/h5>\n<\/td>\n<td>\n<h5>\u043f<br \/>\n110<\/h5>\n<\/td>\n<td>\n<h5><a href=\"https:\/\/www.topohvar.at\/topo\/orte\/sb\/sb-tr-08-1\/\">SB-TR-08<\/a><\/h5>\n<\/td>\n<\/tr>\n<\/tbody>\n<\/table>\n<p><a name=\"14\"><\/a><\/p>\n<p style=\"text-align: right;\"><a style=\"color: #3366ff;\" href=\"#seite_oben\">natrag na vrh \/ Seitenanfang<\/a><\/p>\n","protected":false},"excerpt":{"rendered":"<p>Longitude \u03bb = ??,?? \u01c0\u00a016,40..\u00a0 \u01c0 16,45.. \u01c0 16,50.. \u01c0 16,55..\u01c0 16,60.. \u01c0 16,65.. \u01c0 16,70.. \u01c0 16,75.. \u01c0 16,80.. \u01c0 16,85.. \u01c0 16,90.. \u01c0 16,95.. \u01c0 17,00.. \u01c0 17,05.. \u01c017,10.. 17,00737 \/ 43,12500 235 \u0394 1 \u2194 310 \u21a8 &hellip; <a href=\"https:\/\/www.topohvar.at\/topo\/trim\/alle\/alle-trims-13\/\">Weiterlesen <span class=\"meta-nav\">&rarr;<\/span><\/a><\/p>\n","protected":false},"author":1,"featured_media":0,"parent":46598,"menu_order":0,"comment_status":"closed","ping_status":"closed","template":"","meta":{"footnotes":""},"class_list":["post-55615","page","type-page","status-publish","hentry"],"_links":{"self":[{"href":"https:\/\/www.topohvar.at\/topo\/wp-json\/wp\/v2\/pages\/55615","targetHints":{"allow":["GET"]}}],"collection":[{"href":"https:\/\/www.topohvar.at\/topo\/wp-json\/wp\/v2\/pages"}],"about":[{"href":"https:\/\/www.topohvar.at\/topo\/wp-json\/wp\/v2\/types\/page"}],"author":[{"embeddable":true,"href":"https:\/\/www.topohvar.at\/topo\/wp-json\/wp\/v2\/users\/1"}],"replies":[{"embeddable":true,"href":"https:\/\/www.topohvar.at\/topo\/wp-json\/wp\/v2\/comments?post=55615"}],"version-history":[{"count":12,"href":"https:\/\/www.topohvar.at\/topo\/wp-json\/wp\/v2\/pages\/55615\/revisions"}],"predecessor-version":[{"id":70664,"href":"https:\/\/www.topohvar.at\/topo\/wp-json\/wp\/v2\/pages\/55615\/revisions\/70664"}],"up":[{"embeddable":true,"href":"https:\/\/www.topohvar.at\/topo\/wp-json\/wp\/v2\/pages\/46598"}],"wp:attachment":[{"href":"https:\/\/www.topohvar.at\/topo\/wp-json\/wp\/v2\/media?parent=55615"}],"curies":[{"name":"wp","href":"https:\/\/api.w.org\/{rel}","templated":true}]}}