{"id":5562,"date":"2018-08-15T11:48:45","date_gmt":"2018-08-15T09:48:45","guid":{"rendered":"https:\/\/www.topohvar.at\/?page_id=5562"},"modified":"2024-11-05T19:03:34","modified_gmt":"2024-11-05T18:03:34","slug":"ru-ob-01-1","status":"publish","type":"page","link":"https:\/\/www.topohvar.at\/topo\/orte\/ru\/ru-ob-01-1\/","title":{"rendered":"RUDINA &#8211; Objekt \u00bbVojni tunel\u00ab"},"content":{"rendered":"<p><a name=\"seite_oben\"><\/a><br \/>\n<strong><img loading=\"lazy\" decoding=\"async\" class=\"alignnone wp-image-5458 size-large\" src=\"https:\/\/www.topohvar.at\/wp-content\/uploads\/2018\/08\/RU-OB-01-0-1024x503.jpg\" alt=\"\" width=\"640\" height=\"314\" srcset=\"https:\/\/www.topohvar.at\/wp-content\/uploads\/2018\/08\/RU-OB-01-0-1024x503.jpg 1024w, https:\/\/www.topohvar.at\/wp-content\/uploads\/2018\/08\/RU-OB-01-0-300x147.jpg 300w, https:\/\/www.topohvar.at\/wp-content\/uploads\/2018\/08\/RU-OB-01-0-768x377.jpg 768w, https:\/\/www.topohvar.at\/wp-content\/uploads\/2018\/08\/RU-OB-01-0.jpg 1080w\" sizes=\"auto, (max-width: 640px) 100vw, 640px\" \/><\/strong><\/p>\n<p><strong>Ime \/ Name<br \/>\n<\/strong>Objekt \u00bbVojni tunel\u00ab \/ Kriegsstollen<\/p>\n<p><strong>Code: <\/strong>RU-OB-01\u00a0 \u00a0 \u00a0 \u00a0 \u00a0 \u00a0 \u00a0 \u00a0 \u00a0 \u00a0 \u00a0 \u00a0<strong>\u00a0 \u00a0 \u00a0 \u00a0 \u00a0 \u00a0 \u00a0 \u00a0 \u00a0 <a href=\"https:\/\/www.topohvar.at\/orte\/ru\/ru-ob-02-1\/\"><img loading=\"lazy\" decoding=\"async\" class=\"alignnone wp-image-12300 size-full\" src=\"https:\/\/www.topohvar.at\/wp-content\/uploads\/2018\/09\/push-vor-30.jpg\" alt=\"\" width=\"61\" height=\"30\" \/><\/a>\u00a0<a href=\"https:\/\/www.topohvar.at\/orte\/ru\/ru-os-02-1\/\"><img loading=\"lazy\" decoding=\"async\" class=\"alignnone wp-image-533 size-full\" src=\"https:\/\/www.topohvar.at\/wp-content\/uploads\/2018\/07\/push-l-30.jpg\" alt=\"\" width=\"61\" height=\"30\" \/><\/a>\u00a0<a href=\"https:\/\/www.topohvar.at\/orte\/ru\/\"><img loading=\"lazy\" decoding=\"async\" class=\"alignnone wp-image-535 size-full\" src=\"https:\/\/www.topohvar.at\/wp-content\/uploads\/2018\/07\/push-o-30.jpg\" alt=\"\" width=\"61\" height=\"30\" \/><\/a> <a href=\"https:\/\/www.topohvar.at\/orte\/ru\/ru-pu-01-1\/\"><img loading=\"lazy\" decoding=\"async\" class=\"alignnone wp-image-536 size-full\" src=\"https:\/\/www.topohvar.at\/wp-content\/uploads\/2018\/07\/push-r-30.jpg\" alt=\"\" width=\"61\" height=\"30\" \/><\/a> \u00a0 \u00a0<\/strong><\/p>\n<hr \/>\n<p><strong>Adresa \/ Adresse<br \/>\n<\/strong>Rt Kabal<\/p>\n<p><strong>Lokacija \/ Position<a href=\"https:\/\/goo.gl\/maps\/tE4x8UVN1XP1stoAA\"><img loading=\"lazy\" decoding=\"async\" class=\"alignright wp-image-5710\" src=\"https:\/\/www.topohvar.at\/wp-content\/uploads\/2018\/08\/0494.jpg\" alt=\"\" width=\"133\" height=\"100\" \/><\/a><br \/>\n<\/strong><span style=\"color: #3366ff;\"><a style=\"color: #3366ff;\" href=\"https:\/\/goo.gl\/maps\/tE4x8UVN1XP1stoAA\">Latitude: N 43,22658\u00b0\u00a0 \u00a0 Longitude: E 16,52158\u00b0\u00a0<\/a><\/span><strong><br \/>\n<\/strong>Visina \/ H\u00f6he: 18 m<\/p>\n<p><strong>Katastarska \u010destica \/ Grundst\u00fccke<br \/>\n<\/strong>10416\/29 (Stari Grad, Rudine)<div class='content-column one_half'><div style=\"padding-right:6px;\"><p><strong>Datum snimanja \/ Erfassungsdatum<br \/>\n<\/strong>25.05.2012 10:12:00<\/p>\n<hr \/>\n<p><strong>Informacije<\/strong><\/p>\n<p>Gotovo na samom rtu nalazi se nekada\u0161nji podzemni vojni tunel Jugoslavenske narodne armije.\u00a0Glavi tunel dug je oko 500 metara, a na njega se spajaju brojne manje prostorije. Upozoravamo da u mra\u010dnim dijelovima tunelima ima \u0161i\u0161mi\u0161a (savjetujemo da ponesete lampu). Iz glavnog tunela vode \u010detiri izlaza na topovske bitnice, s kojih se pru\u017eaju veli\u010danstveni panoramski pogledi na Hvarski kanal, otok Bra\u010d i Splitska vrata. Za oblizak podzemnih tunela na Kablu potrebno je oko 40 minuta.<\/p><\/div><\/div><div class='content-column one_half last_column'><div style=\"padding-right:0px;padding-left:6px;\"><p><strong>Stupanj za\u0161tite \/ Schutzstellung<br \/>\n<\/strong>&#8211;<\/p>\n<hr \/>\n<p><strong>Info<\/strong><\/p>\n<p>Fast am Kap befindet sich der ehemalige unterirdische Milit\u00e4rtunneln der jugoslawischen Volksarmee. Der Haupttunnel ist etwa 500 Meter lang und mit zahlreichen kleineren R\u00e4umen verbunden. Beachten Sie, dass es in den dunklen Teilen der Tunnel Flederm\u00e4use gibt (wir empfehlen, eine Taschenlampe mitzubringen). Vom Haupttunnel aus gibt es vier Ausg\u00e4nge zu den Gesch\u00fctzstellungen, von denen aus man einen herrlichen Panoramablick auf den Hvar-Kanal, die Insel Bra\u010d und die Splitska vrata hat. Die Besichtigung der unterirdischen Tunnel in Kabal dauert etwa 40 Minuten.<\/p><\/div><\/div><div class='clear_column'><\/div><\/p>\n<p style=\"text-align: right;\"><span style=\"color: #3366ff;\"><a style=\"color: #3366ff;\" href=\"#seite_oben\">natrag na vrh \/ Seitenanfang<\/a><\/span><\/p>\n<hr \/>\n<p><strong>Linkovi \/ Links<\/strong><\/p>\n<h3 class=\"LC20lb\"><span style=\"color: #3366ff;\"><a style=\"color: #3366ff;\" href=\"http:\/\/www.paluba.info\/smf\/index.php?topic=24659.0\">Tunel na Kablu : www.paluba.info\/smf<\/a><\/span><\/h3>\n<p>&nbsp;<\/p>\n","protected":false},"excerpt":{"rendered":"<p>Ime \/ Name Objekt \u00bbVojni tunel\u00ab \/ Kriegsstollen Code: RU-OB-01\u00a0 \u00a0 \u00a0 \u00a0 \u00a0 \u00a0 \u00a0 \u00a0 \u00a0 \u00a0 \u00a0 \u00a0\u00a0 \u00a0 \u00a0 \u00a0 \u00a0 \u00a0 \u00a0 \u00a0 \u00a0 \u00a0\u00a0 \u00a0 \u00a0 Adresa \/ Adresse Rt Kabal Lokacija \/ Position &hellip; <a href=\"https:\/\/www.topohvar.at\/topo\/orte\/ru\/ru-ob-01-1\/\">Weiterlesen <span class=\"meta-nav\">&rarr;<\/span><\/a><\/p>\n","protected":false},"author":1,"featured_media":0,"parent":93,"menu_order":0,"comment_status":"closed","ping_status":"closed","template":"","meta":{"footnotes":""},"class_list":["post-5562","page","type-page","status-publish","hentry"],"_links":{"self":[{"href":"https:\/\/www.topohvar.at\/topo\/wp-json\/wp\/v2\/pages\/5562","targetHints":{"allow":["GET"]}}],"collection":[{"href":"https:\/\/www.topohvar.at\/topo\/wp-json\/wp\/v2\/pages"}],"about":[{"href":"https:\/\/www.topohvar.at\/topo\/wp-json\/wp\/v2\/types\/page"}],"author":[{"embeddable":true,"href":"https:\/\/www.topohvar.at\/topo\/wp-json\/wp\/v2\/users\/1"}],"replies":[{"embeddable":true,"href":"https:\/\/www.topohvar.at\/topo\/wp-json\/wp\/v2\/comments?post=5562"}],"version-history":[{"count":15,"href":"https:\/\/www.topohvar.at\/topo\/wp-json\/wp\/v2\/pages\/5562\/revisions"}],"predecessor-version":[{"id":70003,"href":"https:\/\/www.topohvar.at\/topo\/wp-json\/wp\/v2\/pages\/5562\/revisions\/70003"}],"up":[{"embeddable":true,"href":"https:\/\/www.topohvar.at\/topo\/wp-json\/wp\/v2\/pages\/93"}],"wp:attachment":[{"href":"https:\/\/www.topohvar.at\/topo\/wp-json\/wp\/v2\/media?parent=5562"}],"curies":[{"name":"wp","href":"https:\/\/api.w.org\/{rel}","templated":true}]}}