{"id":55641,"date":"2021-12-26T19:01:43","date_gmt":"2021-12-26T18:01:43","guid":{"rendered":"https:\/\/www.topohvar.at\/topo\/?page_id=55641"},"modified":"2025-10-17T18:25:09","modified_gmt":"2025-10-17T16:25:09","slug":"alle-trims-06","status":"publish","type":"page","link":"https:\/\/www.topohvar.at\/topo\/trim\/alle\/alle-trims-06\/","title":{"rendered":"OTOK HVAR &#8211; Popis svih trima \/ Liste aller Trims (\u03bb>=16,65)"},"content":{"rendered":"<p><a name=\"seite_oben\"><\/a><div class='content-column one_half'><div style=\"padding-right:6px;\"><p>Na sljede\u0107em popisu svi su trimi poredane prema njihovim najva\u017enijim karakteristikama prepoznatljivosti, koji sam bilo na\u0161la ili odrediti iz literature kao i svi trimi koji su snimljeni u osnovnoj karti otoka Hvara.<\/p><\/div><\/div><div class='content-column one_half last_column'><div style=\"padding-right:0px;padding-left:6px;\"><p>In der folgenden Auflistung sind alle Trims nach ihren wichtigsten Erkennungsmerkmalen zusammengestellt, die ich entweder selbst aufgefunden oder aus der Literatur ermittelt habe und weiters alle Trims die in der Grundkarte der Insel Hvar verzeichnet sind.<\/p><\/div><\/div><div class='clear_column'><\/div><div class='content-column one_half'><div style=\"padding-right:6px;\"><p>Popis je raspore\u0111en <strong>od zapada prema istoku<\/strong> prema mjestu trima (Longitude &#8211; isto\u010dna du\u017eina). To olak\u0161ava prepoznavanje trima u prirodi.<\/p><\/div><\/div><div class='content-column one_half last_column'><div style=\"padding-right:0px;padding-left:6px;\"><p>Die Liste ist nach der Lage der Trims (Longituide &#8211; \u00f6stlicher L\u00e4ngengrad) von <strong>West nach Ost<\/strong> geordnet. Dadurch wird eine Identifizierung von Trims in der Natur erleichtert.<\/p><\/div><\/div><div class='clear_column'><\/div><div class='content-column one_half'><div style=\"padding-right:6px;\"><p>Sadr\u017eaj pojedinih stupaca:<\/p>\n<p>Stupac 1: Longutude \/ Latitude (isto\u010dna du\u017eina \/ sjeverna \u0161irina)<br \/>\nStupac 2: Nadmorska visina (iznad Jadrana)<br \/>\nStupac 3: Simbol \u0394 &#8211; broj stepenica<br \/>\nStupac 4: Simbol \u2194 &#8211; promjer ili najve\u0107a \u0161irina trima<br \/>\nStupac 5: Simbol \u21a8 &#8211; ukupna visina trima<br \/>\nStupac 6: Simbol \u043f &#8211; visina ulaza trima<br \/>\nStupac 7: k\u00f4d s vezom na stranicu trima<\/p><\/div><\/div><div class='content-column one_half last_column'><div style=\"padding-right:0px;padding-left:6px;\"><p>Inhalte der einzelnen Spalten:<\/p>\n<p>Spalte 1: Longitude \/ Latitude (\u00f6stliche L\u00e4nge \/ n\u00f6rdliche Breite)<br \/>\nSpalte 2: Seeh\u00f6he (\u00fc. A.)<br \/>\nSpalte 3: Symbol \u0394 &#8211; Anzahl der Stufen<br \/>\nSpalte 4: Symbol \u2194 &#8211; \u00f8 bzw. gr\u00f6\u00dfte Breite des Trim<br \/>\nSpalte 5: Symbol \u21a8 &#8211; Gesamth\u00f6he des Trim<br \/>\nSpalte 6: Symbol \u043f &#8211; Eingangsh\u00f6he<br \/>\nSpalte 7: Code mit Link zur Trimseite<\/p><\/div><\/div><div class='clear_column'><\/div><\/p>\n<hr \/>\n<p><span style=\"color: #3366ff;\"><strong><span style=\"color: #000000;\">Longitude \u03bb = <\/span><\/strong><span style=\"color: #000000;\"><span style=\"color: #3366ff;\"><a style=\"color: #3366ff;\" href=\"https:\/\/www.topohvar.at\/topo\/trim\/alle\/\">??,??<\/a> <\/span>\u01c0<\/span>\u00a0<a style=\"color: #3366ff;\" href=\"https:\/\/www.topohvar.at\/topo\/trim\/alle\/alle-trims-01\/\">16,40..\u00a0<\/a> \u01c0<a style=\"color: #3366ff;\" href=\"https:\/\/www.topohvar.at\/topo\/trim\/alle\/alle-trims-02\/\"> 16,45..<\/a> \u01c0<a style=\"color: #3366ff;\" href=\"https:\/\/www.topohvar.at\/topo\/trim\/alle\/alle-trims-03\/\"> 16,50..<\/a> \u01c0<a style=\"color: #3366ff;\" href=\"https:\/\/www.topohvar.at\/topo\/trim\/alle\/alle-trims-04\/\"> 16,55..<\/a>\u01c0<a style=\"color: #3366ff;\" href=\"https:\/\/www.topohvar.at\/topo\/trim\/alle\/alle-trims-05\/\"> 16,60..<\/a> \u01c0<strong><span style=\"color: #ff0000;\"><a style=\"color: #ff0000;\" href=\"https:\/\/www.topohvar.at\/topo\/trim\/alle\/alle-trims-06\/\"> 16,65..<\/a> <\/span><\/strong>\u01c0<a style=\"color: #3366ff;\" href=\"https:\/\/www.topohvar.at\/topo\/trim\/alle\/alle-trims-07\/\"> 16,70..<\/a> \u01c0<a style=\"color: #3366ff;\" href=\"https:\/\/www.topohvar.at\/topo\/trim\/alle\/alle-trims-08\/\"> 16,75..<\/a> \u01c0<a style=\"color: #3366ff;\" href=\"https:\/\/www.topohvar.at\/topo\/trim\/alle\/alle-trims-09\/\"> 16,80..<\/a> \u01c0<a style=\"color: #3366ff;\" href=\"https:\/\/www.topohvar.at\/topo\/trim\/alle\/alle-trims-10\/\"> 16,85..<\/a> \u01c0<a style=\"color: #3366ff;\" href=\"https:\/\/www.topohvar.at\/topo\/trim\/alle\/alle-trims-11\/\"> 16,90..<\/a> \u01c0 <a style=\"color: #3366ff;\" href=\"https:\/\/www.topohvar.at\/topo\/trim\/alle\/alle-trims-12\/\">16,95..<\/a> \u01c0<a style=\"color: #3366ff;\" href=\"https:\/\/www.topohvar.at\/topo\/trim\/alle\/alle-trims-13\/\"> 17,00..<\/a> \u01c0<a style=\"color: #3366ff;\" href=\"https:\/\/www.topohvar.at\/topo\/trim\/alle\/alle-trims-14\/\"> 17,05..<\/a> \u01c0<a style=\"color: #3366ff;\" href=\"https:\/\/www.topohvar.at\/topo\/trim\/alle\/alle-trims-15\/\">17,10..<\/a><\/span><\/p>\n<p>&nbsp;<\/p>\n<table width=\"380\">\n<tbody>\n<tr>\n<td width=\"130\">\n<h5>16,65072 \/ 43,19285<\/h5>\n<\/td>\n<td width=\"28\">\n<h5>65<\/h5>\n<\/td>\n<td width=\"24\">\n<h5>\u0394<br \/>\n1<\/h5>\n<\/td>\n<td width=\"46\">\n<h5>\u2194 450<\/h5>\n<\/td>\n<td width=\"38\">\n<h5>\u21a8 240<\/h5>\n<\/td>\n<td width=\"38\">\n<h5>\u043f<br \/>\n125<\/h5>\n<\/td>\n<td width=\"76\">\n<h5><a href=\"https:\/\/www.topohvar.at\/topo\/orte\/vj\/vj-tr-12-1\/\">VJ-TR-12<\/a><\/h5>\n<\/td>\n<\/tr>\n<tr>\n<td>\n<h5>16,65086 \/ 43,19843<\/h5>\n<\/td>\n<td>\n<h5>68<\/h5>\n<\/td>\n<td>\n<h5>\u0394<br \/>\n1<\/h5>\n<\/td>\n<td>\n<h5>\u2194 440<\/h5>\n<\/td>\n<td>\n<h5>\u21a8<br \/>\n310<\/h5>\n<\/td>\n<td>\n<h5>\u043f 100<\/h5>\n<\/td>\n<td>\n<h5><a href=\"https:\/\/www.topohvar.at\/topo\/orte\/vj\/vj-tr-28-1\/\">VJ-TR-28<\/a><\/h5>\n<\/td>\n<\/tr>\n<tr>\n<td>\n<h5>16,65139 \/ 43,18698<\/h5>\n<\/td>\n<td>\n<h5>28<\/h5>\n<\/td>\n<td>\n<h5>\u0394<br \/>\n1<\/h5>\n<\/td>\n<td>\n<h5>\u2194 400<\/h5>\n<\/td>\n<td>\n<h5>\u21a8 200<\/h5>\n<\/td>\n<td>\n<h5>\u043f 100<\/h5>\n<\/td>\n<td>\n<h5><a href=\"https:\/\/www.topohvar.at\/topo\/orte\/vj\/vj-tr-15-1\/\">VJ-TR-15<\/a><\/h5>\n<\/td>\n<\/tr>\n<tr>\n<td>\n<h5>16,65144 \/ 43,18684<\/h5>\n<\/td>\n<td>\n<h5>27<\/h5>\n<\/td>\n<td>\n<h5>\u0394<br \/>\n1<\/h5>\n<\/td>\n<td>\n<h5>\u2194 225<\/h5>\n<\/td>\n<td>\n<h5>\u21a8<br \/>\n160<\/h5>\n<\/td>\n<td>\n<h5>\u043f<br \/>\n80<\/h5>\n<\/td>\n<td>\n<h5><a href=\"https:\/\/www.topohvar.at\/topo\/orte\/vj\/vj-tr-14-1\/\">VJ-TR-14<\/a><\/h5>\n<\/td>\n<\/tr>\n<tr>\n<td>\n<h5>16,65207 \/ 43,18686<\/h5>\n<\/td>\n<td>\n<h5>24<\/h5>\n<\/td>\n<td>\n<h5>\u0394<br \/>\n1<\/h5>\n<\/td>\n<td>\n<h5>\u2194 390<\/h5>\n<\/td>\n<td>\n<h5>\u21a8 280<\/h5>\n<\/td>\n<td>\n<h5>\u043f 120<\/h5>\n<\/td>\n<td>\n<h5><a href=\"https:\/\/www.topohvar.at\/topo\/orte\/vj\/vj-tr-05-1\/\">VJ-TR-05<\/a><\/h5>\n<\/td>\n<\/tr>\n<tr>\n<td>\n<h5>16,65230 \/ 43,19997<\/h5>\n<\/td>\n<td>\n<h5>73<\/h5>\n<\/td>\n<td>\n<h5>\u0394<br \/>\n1<\/h5>\n<\/td>\n<td>\n<h5>\u2194 490<\/h5>\n<\/td>\n<td>\n<h5>\u21a8 290<\/h5>\n<\/td>\n<td>\n<h5>\u043f<br \/>\n135<\/h5>\n<\/td>\n<td>\n<h5><a href=\"https:\/\/www.topohvar.at\/topo\/orte\/vj\/vj-tr-31-1\/\">VJ-TR-31<\/a><\/h5>\n<\/td>\n<\/tr>\n<tr>\n<td>\n<h5>16,65240 \/ 43,19997<\/h5>\n<\/td>\n<td>\n<h5>73<\/h5>\n<\/td>\n<td>\n<h5>\u0394 2<\/h5>\n<\/td>\n<td>\n<h5>\u2194 470<\/h5>\n<\/td>\n<td>\n<h5>\u21a8<br \/>\n310<\/h5>\n<\/td>\n<td>\n<h5>\u043f 120<\/h5>\n<\/td>\n<td>\n<h5><a href=\"https:\/\/www.topohvar.at\/topo\/orte\/vj\/vj-tr-30-1\/\">VJ-TR-30<\/a><\/h5>\n<\/td>\n<\/tr>\n<tr>\n<td>\n<h5>16,65280 \/ 43,19404<\/h5>\n<\/td>\n<td>\n<h5>58<\/h5>\n<\/td>\n<td>\n<h5>\u0394 2<\/h5>\n<\/td>\n<td>\n<h5>\u2194 480<\/h5>\n<\/td>\n<td>\n<h5>\u21a8 300<\/h5>\n<\/td>\n<td>\n<h5>\u043f 100<\/h5>\n<\/td>\n<td>\n<h5><a href=\"https:\/\/www.topohvar.at\/topo\/orte\/vj\/vj-tr-06-1\/\">VJ-TR-06<\/a><\/h5>\n<\/td>\n<\/tr>\n<tr>\n<td>\n<h5>16,65307 \/ 43,19325<\/h5>\n<\/td>\n<td>\n<h5>56<\/h5>\n<\/td>\n<td>\n<h5>\u0394 1<\/h5>\n<\/td>\n<td>\n<h5>\u2194 400<\/h5>\n<\/td>\n<td>\n<h5>\u21a8 260<\/h5>\n<\/td>\n<td>\n<h5>\u043f<br \/>\n110<\/h5>\n<\/td>\n<td>\n<h5><a href=\"https:\/\/www.topohvar.at\/topo\/orte\/vj\/vj-tr-17-1\/\">VJ-TR-17<\/a><\/h5>\n<\/td>\n<\/tr>\n<tr>\n<td>\n<h5>16,65337 \/ 43,19675<\/h5>\n<\/td>\n<td>\n<h5>69<\/h5>\n<\/td>\n<td>\n<h5>\u0394 2<\/h5>\n<\/td>\n<td>\n<h5>\u2194 370<\/h5>\n<\/td>\n<td>\n<h5>\u21a8 230<\/h5>\n<\/td>\n<td>\n<h5>\u043f 105<\/h5>\n<\/td>\n<td>\n<h5><a href=\"https:\/\/www.topohvar.at\/topo\/orte\/vj\/vj-tr-16-1\/\">VJ-TR-16<\/a><\/h5>\n<\/td>\n<\/tr>\n<tr>\n<td>\n<h5>16,65343 \/ 43,19885<\/h5>\n<\/td>\n<td>\n<h5>64<\/h5>\n<\/td>\n<td>\n<h5>\u0394<br \/>\n1<\/h5>\n<\/td>\n<td>\n<h5>\u2194 450<\/h5>\n<\/td>\n<td>\n<h5>\u21a8 280<\/h5>\n<\/td>\n<td>\n<h5>\u043f 100<\/h5>\n<\/td>\n<td>\n<h5><a href=\"https:\/\/www.topohvar.at\/topo\/orte\/vj\/vj-tr-08-1\/\">VJ-TR-08<\/a><\/h5>\n<\/td>\n<\/tr>\n<tr>\n<td>\n<h5>16,65357 \/ 43,19989<\/h5>\n<\/td>\n<td>\n<h5>68<\/h5>\n<\/td>\n<td>\n<h5>\u0394 2<\/h5>\n<\/td>\n<td>\n<h5>\u2194 420<\/h5>\n<\/td>\n<td>\n<h5>\u21a8 290<\/h5>\n<\/td>\n<td>\n<h5>\u043f<br \/>\n110<\/h5>\n<\/td>\n<td>\n<h5><a href=\"https:\/\/www.topohvar.at\/topo\/orte\/vj\/vj-tr-33-1\/\">VJ-TR-33<\/a><\/h5>\n<\/td>\n<\/tr>\n<tr>\n<td>\n<h5>16,65365 \/ 43,14027<\/h5>\n<\/td>\n<td>\n<h5>522<\/h5>\n<\/td>\n<td>\n<h5>\u0394 2<\/h5>\n<\/td>\n<td>\n<h5>\u2194 310<\/h5>\n<\/td>\n<td>\n<h5>\u21a8 200<\/h5>\n<\/td>\n<td>\n<h5>\u043f<br \/>\n70<\/h5>\n<\/td>\n<td>\n<h5><a href=\"https:\/\/www.topohvar.at\/topo\/orte\/vk\/vk-tr-15-1\/\">VK-TR-15<\/a><\/h5>\n<\/td>\n<\/tr>\n<tr>\n<td>\n<h5>16,65431 \/ 43,14031<\/h5>\n<\/td>\n<td>\n<h5>530<\/h5>\n<\/td>\n<td>\n<h5>\u0394 3<\/h5>\n<\/td>\n<td>\n<h5>\u2194<br \/>\n400<\/h5>\n<\/td>\n<td>\n<h5>\u21a8<br \/>\n260<\/h5>\n<\/td>\n<td>\n<h5>\u043f<br \/>\n85<\/h5>\n<\/td>\n<td>\n<h5><a href=\"https:\/\/www.topohvar.at\/topo\/orte\/vk\/vk-tr-11-1\/\">VK-TR-11<\/a><\/h5>\n<\/td>\n<\/tr>\n<tr>\n<td>\n<h5>16,65533 \/ 43,20047<\/h5>\n<\/td>\n<td>\n<h5>60<\/h5>\n<\/td>\n<td>\n<h5>\u0394 2<\/h5>\n<\/td>\n<td>\n<h5>\u2194 550<\/h5>\n<\/td>\n<td>\n<h5>\u21a8 290<\/h5>\n<\/td>\n<td>\n<h5>\u043f 100<\/h5>\n<\/td>\n<td>\n<h5><a href=\"https:\/\/www.topohvar.at\/topo\/orte\/vj\/vj-tr-34-1\/\">VJ-TR-34<\/a><\/h5>\n<\/td>\n<\/tr>\n<tr>\n<td>\n<h5>16,65652 \/ 43,17904<\/h5>\n<\/td>\n<td>\n<h5>22<\/h5>\n<\/td>\n<td>\n<h5>\u0394<br \/>\n1<\/h5>\n<\/td>\n<td>\n<h5>\u2194 330<\/h5>\n<\/td>\n<td>\n<h5>\u21a8 240<\/h5>\n<\/td>\n<td>\n<h5>\u043f 130<\/h5>\n<\/td>\n<td>\n<h5><a href=\"https:\/\/www.topohvar.at\/topo\/orte\/va\/va-tr-04-1\/\">VA-TR-04<\/a><\/h5>\n<\/td>\n<\/tr>\n<tr>\n<td>\n<h5>16,65768 \/ 43,18268<\/h5>\n<\/td>\n<td>\n<h5>12<\/h5>\n<\/td>\n<td>\n<h5>\u0394<br \/>\n1<\/h5>\n<\/td>\n<td>\n<h5>\u2194 310<\/h5>\n<\/td>\n<td>\n<h5>\u21a8<br \/>\n160<\/h5>\n<\/td>\n<td>\n<h5>\u043f<br \/>\n90<\/h5>\n<\/td>\n<td>\n<h5><a href=\"https:\/\/www.topohvar.at\/topo\/orte\/va\/va-tr-08-1\/\">VA-TR-08<\/a><\/h5>\n<\/td>\n<\/tr>\n<tr>\n<td>\n<h5>16,65831 \/ 43,17561<\/h5>\n<\/td>\n<td>\n<h5>26<\/h5>\n<\/td>\n<td>\n<h5>\u0394<br \/>\n1<\/h5>\n<\/td>\n<td>\n<h5>\u2194 300<\/h5>\n<\/td>\n<td>\n<h5>\u21a8 250<\/h5>\n<\/td>\n<td>\n<h5>\u043f<br \/>\n115<\/h5>\n<\/td>\n<td>\n<h5><a href=\"https:\/\/www.topohvar.at\/topo\/orte\/va\/va-tr-03-1\/\">VA-TR-03<\/a><\/h5>\n<\/td>\n<\/tr>\n<tr>\n<td>\n<h5>16,65842 \/ 43,18351<\/h5>\n<\/td>\n<td>\n<h5>17<\/h5>\n<\/td>\n<td>\n<h5>\u0394 2<\/h5>\n<\/td>\n<td>\n<h5>\u2194 320<\/h5>\n<\/td>\n<td>\n<h5>\u21a8<br \/>\n270<\/h5>\n<\/td>\n<td>\n<h5>\u043f<br \/>\n115<\/h5>\n<\/td>\n<td>\n<h5><a href=\"https:\/\/www.topohvar.at\/topo\/orte\/va\/va-tr-09-1\/\">VA-TR-09<\/a><\/h5>\n<\/td>\n<\/tr>\n<tr>\n<td>\n<h5>16,65856 \/ 43,18019<\/h5>\n<\/td>\n<td>\n<h5>19<\/h5>\n<\/td>\n<td>\n<h5>\u0394<br \/>\n1<\/h5>\n<\/td>\n<td>\n<h5>\u2194 220<\/h5>\n<\/td>\n<td>\n<h5>\u21a8<br \/>\n200<\/h5>\n<\/td>\n<td>\n<h5>\u043f 105<\/h5>\n<\/td>\n<td>\n<h5><a href=\"https:\/\/www.topohvar.at\/topo\/orte\/va\/va-tr-05-1\/\">VA-TR-05<\/a><\/h5>\n<\/td>\n<\/tr>\n<tr>\n<td>\n<h5>16,65983 \/ 43,17998<\/h5>\n<\/td>\n<td>\n<h5>16<\/h5>\n<\/td>\n<td>\n<h5>\u0394<br \/>\n1<\/h5>\n<\/td>\n<td>\n<h5>\u2194 410<\/h5>\n<\/td>\n<td>\n<h5>\u21a8 230<\/h5>\n<\/td>\n<td>\n<h5>\u043f<br \/>\n90<\/h5>\n<\/td>\n<td>\n<h5><a href=\"https:\/\/www.topohvar.at\/topo\/orte\/va\/va-tr-06-1\/\">VA-TR-06<\/a><\/h5>\n<\/td>\n<\/tr>\n<tr>\n<td>\n<h5>16,66008 \/ 43,16985<\/h5>\n<\/td>\n<td>\n<h5>53<\/h5>\n<\/td>\n<td>\n<h5>\u0394<br \/>\n1<\/h5>\n<\/td>\n<td>\n<h5>\u2194 340<\/h5>\n<\/td>\n<td>\n<h5>\u21a8 280<\/h5>\n<\/td>\n<td>\n<h5>\u043f<br \/>\n115<\/h5>\n<\/td>\n<td>\n<h5><a href=\"https:\/\/www.topohvar.at\/topo\/orte\/va\/va-tr-07-1\/\">VA-TR-07<\/a><\/h5>\n<\/td>\n<\/tr>\n<tr>\n<td>\n<h5>16,66146 \/ 43,17017<\/h5>\n<\/td>\n<td>\n<h5>48<\/h5>\n<\/td>\n<td>\n<h5>\u0394<br \/>\n1<\/h5>\n<\/td>\n<td>\n<h5>\u2194 470<\/h5>\n<\/td>\n<td>\n<h5>\u21a8 340<\/h5>\n<\/td>\n<td>\n<h5>\u043f<br \/>\n120<\/h5>\n<\/td>\n<td>\n<h5><a href=\"https:\/\/www.topohvar.at\/topo\/orte\/va\/va-tr-01-1\/\">VA-TR-01<\/a><\/h5>\n<\/td>\n<\/tr>\n<tr>\n<td>\n<h5>16,66301 \/ 43,15129<\/h5>\n<\/td>\n<td>\n<h5>36<\/h5>\n<\/td>\n<td>\n<h5>\u0394<br \/>\n1<\/h5>\n<\/td>\n<td>\n<h5>\u2194 430<\/h5>\n<\/td>\n<td>\n<h5>\u21a8<br \/>\n270<\/h5>\n<\/td>\n<td>\n<h5>\u043f<br \/>\n90<\/h5>\n<\/td>\n<td>\n<h5><a href=\"https:\/\/www.topohvar.at\/topo\/orte\/pi\/pi-tr-02-1\/\">PI-TR-02<\/a><\/h5>\n<\/td>\n<\/tr>\n<tr>\n<td>\n<h5>16,66341 \/ 43,16545<\/h5>\n<\/td>\n<td>\n<h5>149<\/h5>\n<\/td>\n<td>\n<h5>\u0394 2<\/h5>\n<\/td>\n<td>\n<h5>\u2194 320<\/h5>\n<\/td>\n<td>\n<h5>\u21a8<br \/>\n225<\/h5>\n<\/td>\n<td>\n<h5>\u043f 100<\/h5>\n<\/td>\n<td>\n<h5><a href=\"https:\/\/www.topohvar.at\/topo\/orte\/vk\/vk-tr-01-1\/\">VK-TR-01<\/a><\/h5>\n<\/td>\n<\/tr>\n<tr>\n<td>\n<h5>16,66345 \/ 43,16239<\/h5>\n<\/td>\n<td>\n<h5>46<\/h5>\n<\/td>\n<td>\n<h5>\u0394 2<\/h5>\n<\/td>\n<td>\n<h5>\u2194 600<\/h5>\n<\/td>\n<td>\n<h5>\u21a8 450<\/h5>\n<\/td>\n<td>\n<h5>\u043f 130<\/h5>\n<\/td>\n<td>\n<h5><a href=\"https:\/\/www.topohvar.at\/topo\/orte\/vk\/vk-tr-03-1\/\">VK-TR-03<\/a><\/h5>\n<\/td>\n<\/tr>\n<tr>\n<td>\n<h5>16,66467 \/ 43,16161<\/h5>\n<\/td>\n<td>\n<h5>44<\/h5>\n<\/td>\n<td>\n<h5>\u0394<br \/>\n1<\/h5>\n<\/td>\n<td>\n<h5>\u2194 250<\/h5>\n<\/td>\n<td>\n<h5>\u21a8<br \/>\n170<\/h5>\n<\/td>\n<td>\n<h5>\u043f<br \/>\n85<\/h5>\n<\/td>\n<td>\n<h5><a href=\"https:\/\/www.topohvar.at\/topo\/orte\/vk\/vk-tr-10-1\/\">VK-TR-10<\/a><\/h5>\n<\/td>\n<\/tr>\n<tr>\n<td>\n<h5>16,66517 \/ 43,16120<\/h5>\n<\/td>\n<td>\n<h5>38<\/h5>\n<\/td>\n<td>\n<h5>\u0394<br \/>\n1<\/h5>\n<\/td>\n<td>\n<h5>\u2194 350<\/h5>\n<\/td>\n<td>\n<h5>\u21a8 220<\/h5>\n<\/td>\n<td>\n<h5>\u043f<br \/>\n105<\/h5>\n<\/td>\n<td>\n<h5><a href=\"https:\/\/www.topohvar.at\/topo\/orte\/vk\/vk-tr-07-1\/\">VK-TR-07<\/a><\/h5>\n<\/td>\n<\/tr>\n<tr>\n<td>\n<h5>16,66554 \/ 43,16164<\/h5>\n<\/td>\n<td>\n<h5>38<\/h5>\n<\/td>\n<td>\n<h5>\u0394<br \/>\n1<\/h5>\n<\/td>\n<td>\n<h5>\u2194 380<\/h5>\n<\/td>\n<td>\n<h5>\u21a8 240<\/h5>\n<\/td>\n<td>\n<h5>\u043f<br \/>\n115<\/h5>\n<\/td>\n<td>\n<h5><a href=\"https:\/\/www.topohvar.at\/topo\/orte\/vk\/vk-tr-09-1\/\">VK-TR-09<\/a><\/h5>\n<\/td>\n<\/tr>\n<tr>\n<td>\n<h5>16,66559 \/ 43,18188<\/h5>\n<\/td>\n<td>\n<h5>3<\/h5>\n<\/td>\n<td>\n<h5>\u0394<br \/>\n1<\/h5>\n<\/td>\n<td>\n<h5>\u2194 260<\/h5>\n<\/td>\n<td>\n<h5>\u21a8<br \/>\n210<\/h5>\n<\/td>\n<td>\n<h5>\u043f<br \/>\n80<\/h5>\n<\/td>\n<td>\n<h5><a href=\"https:\/\/www.topohvar.at\/topo\/orte\/va\/va-tr-12-1\/\">VA-TR-12<\/a><\/h5>\n<\/td>\n<\/tr>\n<tr>\n<td>\n<h5>16,66570 \/ 43,16273<\/h5>\n<\/td>\n<td>\n<h5>41<\/h5>\n<\/td>\n<td>\n<h5>\u0394<br \/>\n1<\/h5>\n<\/td>\n<td>\n<h5>\u2194 230<\/h5>\n<\/td>\n<td>\n<h5>\u21a8<br \/>\n180<\/h5>\n<\/td>\n<td>\n<h5>\u043f<br \/>\n60<\/h5>\n<\/td>\n<td>\n<h5><a href=\"https:\/\/www.topohvar.at\/topo\/orte\/vk\/vk-tr-04-1\/\">VK-TR-04-a<\/a><\/h5>\n<\/td>\n<\/tr>\n<tr>\n<td>\n<h5>16,66570 \/ 43,16273<\/h5>\n<\/td>\n<td>\n<h5>41<\/h5>\n<\/td>\n<td>\n<h5>\u0394<br \/>\n1<\/h5>\n<\/td>\n<td>\n<h5>\u2194 380<\/h5>\n<\/td>\n<td>\n<h5>\u21a8 280<\/h5>\n<\/td>\n<td>\n<h5>\u043f 140<\/h5>\n<\/td>\n<td>\n<h5><a href=\"https:\/\/www.topohvar.at\/topo\/orte\/vk\/vk-tr-04-1\/\">VK-TR-04-b<\/a><\/h5>\n<\/td>\n<\/tr>\n<tr>\n<td>\n<h5>16,66570 \/ 43,16273<\/h5>\n<\/td>\n<td>\n<h5>41<\/h5>\n<\/td>\n<td>\n<h5>\u0394<br \/>\n1<\/h5>\n<\/td>\n<td>\n<h5>\u2194 410<\/h5>\n<\/td>\n<td>\n<h5>\u21a8<br \/>\n270<\/h5>\n<\/td>\n<td>\n<h5>\u043f<br \/>\n110<\/h5>\n<\/td>\n<td>\n<h5><a href=\"https:\/\/www.topohvar.at\/topo\/orte\/vk\/vk-tr-04-1\/\">VK-TR-04-c<\/a><\/h5>\n<\/td>\n<\/tr>\n<tr>\n<td>\n<h5>16,66570 \/ 43,16273<\/h5>\n<\/td>\n<td>\n<h5>41<\/h5>\n<\/td>\n<td>\n<h5>\u0394<br \/>\n1<\/h5>\n<\/td>\n<td>\n<h5>\u2194 330<\/h5>\n<\/td>\n<td>\n<h5>\u21a8 220<\/h5>\n<\/td>\n<td>\n<h5>\u043f<br \/>\n95<\/h5>\n<\/td>\n<td>\n<h5><a href=\"https:\/\/www.topohvar.at\/topo\/orte\/vk\/vk-tr-04-1\/\">VK-TR-04-d<\/a><\/h5>\n<\/td>\n<\/tr>\n<tr>\n<td>\n<h5>16,66598 \/ 43,16177<\/h5>\n<\/td>\n<td>\n<h5>34<\/h5>\n<\/td>\n<td>\n<h5>\u0394<br \/>\n1<\/h5>\n<\/td>\n<td>\n<h5>\u2194 180<\/h5>\n<\/td>\n<td>\n<h5>\u21a8<br \/>\n100<\/h5>\n<\/td>\n<td>\n<h5>\u043f<br \/>\n70<\/h5>\n<\/td>\n<td>\n<h5><a href=\"https:\/\/www.topohvar.at\/topo\/orte\/vk\/vk-tr-08-1\/\">VK-TR-08<\/a><\/h5>\n<\/td>\n<\/tr>\n<tr>\n<td>\n<h5>16,66600 \/ 43,16306<\/h5>\n<\/td>\n<td>\n<h5>35<\/h5>\n<\/td>\n<td>\n<h5>\u0394<br \/>\n&#8211;<\/h5>\n<\/td>\n<td>\n<h5>\u2194<br \/>\n&#8211;<\/h5>\n<\/td>\n<td>\n<h5>\u21a8<br \/>\n&#8211;<\/h5>\n<\/td>\n<td>\n<h5>\u043f<br \/>\n&#8211;<\/h5>\n<\/td>\n<td>\n<h5><a href=\"https:\/\/www.topohvar.at\/topo\/orte\/vk\/vk-tr-05-1\/\">VK-TR-05<\/a> +++<\/h5>\n<\/td>\n<\/tr>\n<tr>\n<td>\n<h5>16,66726 \/ 43,18072<\/h5>\n<\/td>\n<td>\n<h5>16<\/h5>\n<\/td>\n<td>\n<h5>\u0394 2<\/h5>\n<\/td>\n<td>\n<h5>\u2194 470<\/h5>\n<\/td>\n<td>\n<h5>\u21a8 320<\/h5>\n<\/td>\n<td>\n<h5>\u043f<br \/>\n125<\/h5>\n<\/td>\n<td>\n<h5><a href=\"https:\/\/www.topohvar.at\/topo\/orte\/va\/va-tr-02-1\/\">VA-TR-02<\/a><\/h5>\n<\/td>\n<\/tr>\n<tr>\n<td>\n<h5>16,66768 \/ 43,18401<\/h5>\n<\/td>\n<td>\n<h5>23<\/h5>\n<\/td>\n<td>\n<h5>\u0394<br \/>\n1<\/h5>\n<\/td>\n<td>\n<h5>\u2194 300<\/h5>\n<\/td>\n<td>\n<h5>\u21a8 230<\/h5>\n<\/td>\n<td>\n<h5>\u043f 120<\/h5>\n<\/td>\n<td>\n<h5><a href=\"https:\/\/www.topohvar.at\/topo\/orte\/va\/va-tr-10-1\/\">VA-TR-10<\/a><\/h5>\n<\/td>\n<\/tr>\n<tr>\n<td>\n<h5>16,66813 \/ 43,1473<\/h5>\n<\/td>\n<td>\n<h5>27<\/h5>\n<\/td>\n<td>\n<h5>\u0394 2<\/h5>\n<\/td>\n<td>\n<h5>\u2194 530<\/h5>\n<\/td>\n<td>\n<h5>\u21a8 330<\/h5>\n<\/td>\n<td>\n<h5>\u043f<br \/>\n145<\/h5>\n<\/td>\n<td>\n<h5><a href=\"https:\/\/www.topohvar.at\/topo\/orte\/vk\/vk-tr-06-1\/\">VK-TR-06<\/a><\/h5>\n<\/td>\n<\/tr>\n<tr>\n<td>\n<h5>16,66930 \/ 43,17240<\/h5>\n<\/td>\n<td>\n<h5>63<\/h5>\n<\/td>\n<td>\n<h5>\u0394 2<\/h5>\n<\/td>\n<td>\n<h5>\u2194 510<\/h5>\n<\/td>\n<td>\n<h5>\u21a8 300<\/h5>\n<\/td>\n<td>\n<h5>\u043f 160<\/h5>\n<\/td>\n<td>\n<h5><a href=\"https:\/\/www.topohvar.at\/topo\/orte\/va\/va-tr-11-1\/\">VA-TR-11<\/a><\/h5>\n<\/td>\n<\/tr>\n<tr>\n<td>\n<h5>16,67251 \/ 43,16734<\/h5>\n<\/td>\n<td>\n<h5>79<\/h5>\n<\/td>\n<td>\n<h5>\u0394 2<\/h5>\n<\/td>\n<td>\n<h5>\u2194 450<\/h5>\n<\/td>\n<td>\n<h5>\u21a8 330<\/h5>\n<\/td>\n<td>\n<h5>\u043f<br \/>\n125<\/h5>\n<\/td>\n<td>\n<h5><a href=\"https:\/\/www.topohvar.at\/topo\/orte\/vk\/vk-tr-02-1\/\">VK-TR-02<\/a><\/h5>\n<\/td>\n<\/tr>\n<tr>\n<td>\n<h5>16,67690 \/ 43,16526<\/h5>\n<\/td>\n<td>\n<h5>36<\/h5>\n<\/td>\n<td>\n<h5>\u0394<br \/>\n1<\/h5>\n<\/td>\n<td>\n<h5>\u2194 340<\/h5>\n<\/td>\n<td>\n<h5>\u21a8<br \/>\n190<\/h5>\n<\/td>\n<td>\n<h5>\u043f 100<\/h5>\n<\/td>\n<td>\n<h5><a href=\"https:\/\/www.topohvar.at\/topo\/orte\/pi\/pi-tr-01-1\/\">PI-TR-01<\/a><\/h5>\n<\/td>\n<\/tr>\n<tr>\n<td>\n<h5>16,67889 \/ 43,12944<\/h5>\n<\/td>\n<td>\n<h5>215<\/h5>\n<\/td>\n<td>\n<h5>\u0394<br \/>\n&#8211;<\/h5>\n<\/td>\n<td>\n<h5>\u2194<br \/>\n&#8211;<\/h5>\n<\/td>\n<td>\n<h5>\u21a8<br \/>\n&#8211;<\/h5>\n<\/td>\n<td>\n<h5>\u043f<br \/>\n&#8211;<\/h5>\n<\/td>\n<td>\n<h5><a href=\"https:\/\/www.topohvar.at\/topo\/orte\/zv\/zv-tr-01-1\/\">ZV-TR-01<\/a> +++<\/h5>\n<\/td>\n<\/tr>\n<tr>\n<td>\n<h5>16,69410 \/ 43,15213<\/h5>\n<\/td>\n<td>\n<h5>85<\/h5>\n<\/td>\n<td>\n<h5>\u0394<br \/>\n1<\/h5>\n<\/td>\n<td>\n<h5>\u2194<br \/>\n470<\/h5>\n<\/td>\n<td>\n<h5>\u21a8<br \/>\n260<\/h5>\n<\/td>\n<td>\n<h5>\u043f<br \/>\n130<\/h5>\n<\/td>\n<td>\n<h5><a href=\"https:\/\/www.topohvar.at\/topo\/orte\/je\/je-tr-05-1\/\">JE-TR-05<\/a><\/h5>\n<\/td>\n<\/tr>\n<\/tbody>\n<\/table>\n<p style=\"text-align: right;\"><span style=\"color: #3366ff;\"><a style=\"color: #3366ff;\" href=\"#seite_oben\">natrag na vrh \/ Seitenanfang<\/a><\/span><\/p>\n","protected":false},"excerpt":{"rendered":"<p>Longitude \u03bb = ??,?? \u01c0\u00a016,40..\u00a0 \u01c0 16,45.. \u01c0 16,50.. \u01c0 16,55..\u01c0 16,60.. \u01c0 16,65.. \u01c0 16,70.. \u01c0 16,75.. \u01c0 16,80.. \u01c0 16,85.. \u01c0 16,90.. \u01c0 16,95.. \u01c0 17,00.. \u01c0 17,05.. \u01c017,10.. &nbsp; 16,65072 \/ 43,19285 65 \u0394 1 \u2194 450 &hellip; <a href=\"https:\/\/www.topohvar.at\/topo\/trim\/alle\/alle-trims-06\/\">Weiterlesen <span class=\"meta-nav\">&rarr;<\/span><\/a><\/p>\n","protected":false},"author":1,"featured_media":0,"parent":46598,"menu_order":0,"comment_status":"closed","ping_status":"closed","template":"","meta":{"footnotes":""},"class_list":["post-55641","page","type-page","status-publish","hentry"],"_links":{"self":[{"href":"https:\/\/www.topohvar.at\/topo\/wp-json\/wp\/v2\/pages\/55641","targetHints":{"allow":["GET"]}}],"collection":[{"href":"https:\/\/www.topohvar.at\/topo\/wp-json\/wp\/v2\/pages"}],"about":[{"href":"https:\/\/www.topohvar.at\/topo\/wp-json\/wp\/v2\/types\/page"}],"author":[{"embeddable":true,"href":"https:\/\/www.topohvar.at\/topo\/wp-json\/wp\/v2\/users\/1"}],"replies":[{"embeddable":true,"href":"https:\/\/www.topohvar.at\/topo\/wp-json\/wp\/v2\/comments?post=55641"}],"version-history":[{"count":21,"href":"https:\/\/www.topohvar.at\/topo\/wp-json\/wp\/v2\/pages\/55641\/revisions"}],"predecessor-version":[{"id":72785,"href":"https:\/\/www.topohvar.at\/topo\/wp-json\/wp\/v2\/pages\/55641\/revisions\/72785"}],"up":[{"embeddable":true,"href":"https:\/\/www.topohvar.at\/topo\/wp-json\/wp\/v2\/pages\/46598"}],"wp:attachment":[{"href":"https:\/\/www.topohvar.at\/topo\/wp-json\/wp\/v2\/media?parent=55641"}],"curies":[{"name":"wp","href":"https:\/\/api.w.org\/{rel}","templated":true}]}}