{"id":55657,"date":"2021-12-26T19:21:49","date_gmt":"2021-12-26T18:21:49","guid":{"rendered":"https:\/\/www.topohvar.at\/topo\/?page_id=55657"},"modified":"2024-11-26T11:38:27","modified_gmt":"2024-11-26T10:38:27","slug":"alle-trims-01","status":"publish","type":"page","link":"https:\/\/www.topohvar.at\/topo\/trim\/alle\/alle-trims-01\/","title":{"rendered":"OTOK HVAR &#8211; Popis svih trima \/ Liste aller Trims (\u03bb>=16,40)"},"content":{"rendered":"<p><a name=\"seite_oben\"><\/a><div class='content-column one_half'><div style=\"padding-right:6px;\"><p>Na sljede\u0107em popisu svi su trimi poredane prema njihovim najva\u017enijim karakteristikama prepoznatljivosti, koji sam bilo na\u0161la ili odrediti iz literature kao i svi trimi koji su snimljeni u osnovnoj karti otoka Hvara.<\/p><\/div><\/div><div class='content-column one_half last_column'><div style=\"padding-right:0px;padding-left:6px;\"><p>In der folgenden Auflistung sind alle Trims nach ihren wichtigsten Erkennungsmerkmalen zusammengestellt, die ich entweder selbst aufgefunden oder aus der Literatur ermittelt habe und weiters alle Trims die in der Grundkarte der Insel Hvar verzeichnet sind.<\/p><\/div><\/div><div class='clear_column'><\/div><div class='content-column one_half'><div style=\"padding-right:6px;\"><p>Popis je raspore\u0111en <strong>od zapada prema istoku<\/strong> prema mjestu trima (Longitude &#8211; isto\u010dna du\u017eina). To olak\u0161ava prepoznavanje trima u prirodi.<\/p><\/div><\/div><div class='content-column one_half last_column'><div style=\"padding-right:0px;padding-left:6px;\"><p>Die Liste ist nach der Lage der Trims (Longituide &#8211; \u00f6stlicher L\u00e4ngengrad) von <strong>West nach Ost<\/strong> geordnet. Dadurch wird eine Identifizierung von Trims in der Natur erleichtert.<\/p><\/div><\/div><div class='clear_column'><\/div><div class='content-column one_half'><div style=\"padding-right:6px;\"><p>Sadr\u017eaj pojedinih stupaca:<\/p>\n<p>Stupac 1: Longutude \/ Latitude (isto\u010dna du\u017eina \/ sjeverna \u0161irina)<br \/>\nStupac 2: Nadmorska visina (iznad Jadrana)<br \/>\nStupac 3: Simbol \u0394 &#8211; broj stepenica<br \/>\nStupac 4: Simbol \u2194 &#8211; promjer ili najve\u0107a \u0161irina trima<br \/>\nStupac 5: Simbol \u21a8 &#8211; ukupna visina trima<br \/>\nStupac 6: Simbol \u043f &#8211; visina ulaza trima<br \/>\nStupac 7: k\u00f4d s vezom na stranicu trima<\/p><\/div><\/div><div class='content-column one_half last_column'><div style=\"padding-right:0px;padding-left:6px;\"><p>Inhalte der einzelnen Spalten:<\/p>\n<p>Spalte 1: Longitude \/ Latitude (\u00f6stliche L\u00e4nge \/ n\u00f6rdliche Breite)<br \/>\nSpalte 2: Seeh\u00f6he (\u00fc. A.)<br \/>\nSpalte 3: Symbol \u0394 &#8211; Anzahl der Stufen<br \/>\nSpalte 4: Symbol \u2194 &#8211; \u00f8 bzw. gr\u00f6\u00dfte Breite des Trim<br \/>\nSpalte 5: Symbol \u21a8 &#8211; Gesamth\u00f6he des Trim<br \/>\nSpalte 6: Symbol \u043f &#8211; Eingangsh\u00f6he<br \/>\nSpalte 7: Code mit Link zur Trimseite<\/p><\/div><\/div><div class='clear_column'><\/div><\/p>\n<hr \/>\n<p><span style=\"color: #3366ff;\"><strong><span style=\"color: #000000;\">Longitude \u03bb = <\/span><\/strong><span style=\"color: #000000;\"><span style=\"color: #3366ff;\"><a style=\"color: #3366ff;\" href=\"https:\/\/www.topohvar.at\/topo\/trim\/alle\/\">??,??<\/a> <\/span>\u01c0<\/span><span style=\"color: #ff0000;\"><strong>\u00a0<a style=\"color: #ff0000;\" href=\"https:\/\/www.topohvar.at\/topo\/trim\/alle\/alle-trims-01\/\">16,40..\u00a0<\/a> <\/strong><\/span>\u01c0<a style=\"color: #3366ff;\" href=\"https:\/\/www.topohvar.at\/topo\/trim\/alle\/alle-trims-02\/\"> 16,45..<\/a> \u01c0<a style=\"color: #3366ff;\" href=\"https:\/\/www.topohvar.at\/topo\/trim\/alle\/alle-trims-03\/\"> 16,50..<\/a> \u01c0<a style=\"color: #3366ff;\" href=\"https:\/\/www.topohvar.at\/topo\/trim\/alle\/alle-trims-04\/\"> 16,55..<\/a>\u01c0<a style=\"color: #3366ff;\" href=\"https:\/\/www.topohvar.at\/topo\/trim\/alle\/alle-trims-05\/\"> 16,60..<\/a> \u01c0<a style=\"color: #3366ff;\" href=\"https:\/\/www.topohvar.at\/topo\/trim\/alle\/alle-trims-06\/\"> 16,65..<\/a> \u01c0<a style=\"color: #3366ff;\" href=\"https:\/\/www.topohvar.at\/topo\/trim\/alle\/alle-trims-07\/\"> 16,70..<\/a> \u01c0<a style=\"color: #3366ff;\" href=\"https:\/\/www.topohvar.at\/topo\/trim\/alle\/alle-trims-08\/\"> 16,75..<\/a> \u01c0<a style=\"color: #3366ff;\" href=\"https:\/\/www.topohvar.at\/topo\/trim\/alle\/alle-trims-09\/\"> 16,80..<\/a> \u01c0<a style=\"color: #3366ff;\" href=\"https:\/\/www.topohvar.at\/topo\/trim\/alle\/alle-trims-10\/\"> 16,85..<\/a> \u01c0<a style=\"color: #3366ff;\" href=\"https:\/\/www.topohvar.at\/topo\/trim\/alle\/alle-trims-11\/\"> 16,90..<\/a> \u01c0 <a style=\"color: #3366ff;\" href=\"https:\/\/www.topohvar.at\/topo\/trim\/alle\/alle-trims-12\/\">16,95..<\/a> \u01c0<a style=\"color: #3366ff;\" href=\"https:\/\/www.topohvar.at\/topo\/trim\/alle\/alle-trims-13\/\"> 17,00..<\/a> \u01c0<a style=\"color: #3366ff;\" href=\"https:\/\/www.topohvar.at\/topo\/trim\/alle\/alle-trims-14\/\"> 17,05..<\/a> \u01c0<a style=\"color: #3366ff;\" href=\"https:\/\/www.topohvar.at\/topo\/trim\/alle\/alle-trims-15\/\">17,10..<\/a><\/span><\/p>\n<p>&nbsp;<\/p>\n<table width=\"380\">\n<tbody>\n<tr>\n<td width=\"130\">\n<h5>16,42036 \/ 43,19064<\/h5>\n<\/td>\n<td width=\"28\">\n<h5>38<\/h5>\n<\/td>\n<td width=\"24\">\n<h5>\u0394 &#8211;<\/h5>\n<\/td>\n<td width=\"46\">\n<h5>\u2194<br \/>\n&#8211;<\/h5>\n<\/td>\n<td width=\"38\">\n<h5>\u21a8<br \/>\n&#8211;<\/h5>\n<\/td>\n<td width=\"38\">\n<h5>\u043f<br \/>\n&#8211;<\/h5>\n<\/td>\n<td width=\"76\">\n<h5><a href=\"https:\/\/www.topohvar.at\/topo\/orte\/hv\/hv-tr-12-1\/\">HV-TR-12<\/a><\/h5>\n<\/td>\n<\/tr>\n<tr>\n<td>\n<h5>16,43347 \/ 43,17126<\/h5>\n<\/td>\n<td>\n<h5>7<\/h5>\n<\/td>\n<td>\n<h5>\u0394 3<\/h5>\n<\/td>\n<td>\n<h5>\u2194 320<\/h5>\n<\/td>\n<td>\n<h5>\u21a8<br \/>\n230<\/h5>\n<\/td>\n<td>\n<h5>\u043f<br \/>\n105<\/h5>\n<\/td>\n<td>\n<h5><a href=\"https:\/\/www.topohvar.at\/topo\/orte\/hv\/hv-tr-03-1\/\">HV-TR-03<\/a><\/h5>\n<\/td>\n<\/tr>\n<tr>\n<td>\n<h5>16,44281 \/ 43,17786<\/h5>\n<\/td>\n<td>\n<h5>18<\/h5>\n<\/td>\n<td>\n<h5>\u0394<br \/>\n1<\/h5>\n<\/td>\n<td>\n<h5>\u2194 250<\/h5>\n<\/td>\n<td>\n<h5>\u21a8<br \/>\n185<\/h5>\n<\/td>\n<td>\n<h5>\u043f<br \/>\n75<\/h5>\n<\/td>\n<td>\n<h5><a href=\"https:\/\/www.topohvar.at\/topo\/orte\/hv\/hv-tr-01-1\/\">HV-TR-01<\/a><\/h5>\n<\/td>\n<\/tr>\n<tr>\n<td>\n<h5>16,44506 \/ 43,18206<\/h5>\n<\/td>\n<td>\n<h5>63<\/h5>\n<\/td>\n<td>\n<h5>\u0394<br \/>\n1<\/h5>\n<\/td>\n<td>\n<h5>\u2194 400<\/h5>\n<\/td>\n<td>\n<h5>\u21a8<br \/>\n290<\/h5>\n<\/td>\n<td>\n<h5>\u043f<br \/>\n105<\/h5>\n<\/td>\n<td>\n<h5><a href=\"https:\/\/www.topohvar.at\/topo\/orte\/hv\/hv-tr-02-1\/\">HV-TR-02<\/a><\/h5>\n<\/td>\n<\/tr>\n<tr>\n<td>\n<h5>16,44681 \/ 43,16428<\/h5>\n<\/td>\n<td>\n<h5>56<\/h5>\n<\/td>\n<td>\n<h5>\u0394 2<\/h5>\n<\/td>\n<td>\n<h5>\u2194 450<\/h5>\n<\/td>\n<td>\n<h5>\u21a8<br \/>\n?<\/h5>\n<\/td>\n<td>\n<h5>\u043f<br \/>\n?<\/h5>\n<\/td>\n<td>\n<h5><a href=\"https:\/\/www.topohvar.at\/topo\/orte\/hv\/hv-tr-10-1\/\">HV-TR-10<\/a><\/h5>\n<\/td>\n<\/tr>\n<tr>\n<td>\n<h5>16,44973 \/ 43,16337<\/h5>\n<\/td>\n<td>\n<h5>65<\/h5>\n<\/td>\n<td>\n<h5>\u0394 2<\/h5>\n<\/td>\n<td>\n<h5>\u2194<br \/>\n540<\/h5>\n<\/td>\n<td>\n<h5>\u21a8<br \/>\n?<\/h5>\n<\/td>\n<td>\n<h5>\u043f 120<\/h5>\n<\/td>\n<td>\n<h5><a href=\"https:\/\/www.topohvar.at\/topo\/orte\/hv\/hv-tr-11-1\/\">HV-TR-11<\/a><\/h5>\n<\/td>\n<\/tr>\n<\/tbody>\n<\/table>\n<p style=\"text-align: right;\"><span style=\"color: #3366ff;\"><a style=\"color: #3366ff;\" href=\"#seite_oben\">natrag na vrh \/ Seitenanfang<\/a><\/span><\/p>\n","protected":false},"excerpt":{"rendered":"<p>Longitude \u03bb = ??,?? \u01c0\u00a016,40..\u00a0 \u01c0 16,45.. \u01c0 16,50.. \u01c0 16,55..\u01c0 16,60.. \u01c0 16,65.. \u01c0 16,70.. \u01c0 16,75.. \u01c0 16,80.. \u01c0 16,85.. \u01c0 16,90.. \u01c0 16,95.. \u01c0 17,00.. \u01c0 17,05.. \u01c017,10.. &nbsp; 16,42036 \/ 43,19064 38 \u0394 &#8211; \u2194 &#8211; &hellip; <a href=\"https:\/\/www.topohvar.at\/topo\/trim\/alle\/alle-trims-01\/\">Weiterlesen <span class=\"meta-nav\">&rarr;<\/span><\/a><\/p>\n","protected":false},"author":1,"featured_media":0,"parent":46598,"menu_order":0,"comment_status":"closed","ping_status":"closed","template":"","meta":{"footnotes":""},"class_list":["post-55657","page","type-page","status-publish","hentry"],"_links":{"self":[{"href":"https:\/\/www.topohvar.at\/topo\/wp-json\/wp\/v2\/pages\/55657","targetHints":{"allow":["GET"]}}],"collection":[{"href":"https:\/\/www.topohvar.at\/topo\/wp-json\/wp\/v2\/pages"}],"about":[{"href":"https:\/\/www.topohvar.at\/topo\/wp-json\/wp\/v2\/types\/page"}],"author":[{"embeddable":true,"href":"https:\/\/www.topohvar.at\/topo\/wp-json\/wp\/v2\/users\/1"}],"replies":[{"embeddable":true,"href":"https:\/\/www.topohvar.at\/topo\/wp-json\/wp\/v2\/comments?post=55657"}],"version-history":[{"count":7,"href":"https:\/\/www.topohvar.at\/topo\/wp-json\/wp\/v2\/pages\/55657\/revisions"}],"predecessor-version":[{"id":70647,"href":"https:\/\/www.topohvar.at\/topo\/wp-json\/wp\/v2\/pages\/55657\/revisions\/70647"}],"up":[{"embeddable":true,"href":"https:\/\/www.topohvar.at\/topo\/wp-json\/wp\/v2\/pages\/46598"}],"wp:attachment":[{"href":"https:\/\/www.topohvar.at\/topo\/wp-json\/wp\/v2\/media?parent=55657"}],"curies":[{"name":"wp","href":"https:\/\/api.w.org\/{rel}","templated":true}]}}