{"id":5576,"date":"2018-08-15T11:57:41","date_gmt":"2018-08-15T09:57:41","guid":{"rendered":"https:\/\/www.topohvar.at\/?page_id=5576"},"modified":"2021-06-02T09:22:42","modified_gmt":"2021-06-02T07:22:42","slug":"ru-tr-02-1","status":"publish","type":"page","link":"https:\/\/www.topohvar.at\/topo\/orte\/ru\/ru-tr-02-1\/","title":{"rendered":"RUDINA &#8211; Trim \u00bbRU-TR-02\u00ab"},"content":{"rendered":"<p><a name=\"seite_oben\"><\/a><br \/>\n<strong><img loading=\"lazy\" decoding=\"async\" class=\"alignnone wp-image-13167 size-large\" src=\"https:\/\/www.topohvar.at\/wp-content\/uploads\/2018\/12\/ru-tr-02-11-1024x503.jpg\" alt=\"\" width=\"640\" height=\"314\" srcset=\"https:\/\/www.topohvar.at\/wp-content\/uploads\/2018\/12\/ru-tr-02-11-1024x503.jpg 1024w, https:\/\/www.topohvar.at\/wp-content\/uploads\/2018\/12\/ru-tr-02-11-300x147.jpg 300w, https:\/\/www.topohvar.at\/wp-content\/uploads\/2018\/12\/ru-tr-02-11-768x377.jpg 768w, https:\/\/www.topohvar.at\/wp-content\/uploads\/2018\/12\/ru-tr-02-11.jpg 1080w\" sizes=\"auto, (max-width: 640px) 100vw, 640px\" \/><\/strong><\/p>\n<p><strong>Ime \/ Name<br \/>\n<\/strong>Trim \u00bbRU-TR-02\u00ab<\/p>\n<p><strong>Code: <\/strong>RU-TR-02\u00a0 \u00a0 \u00a0 \u00a0 \u00a0 \u00a0 \u00a0 \u00a0 \u00a0 \u00a0 \u00a0 \u00a0<strong>\u00a0 \u00a0 \u00a0 \u00a0 <a href=\"https:\/\/www.topohvar.at\/orte\/ru\/ru-tr-00-1\/\"><img loading=\"lazy\" decoding=\"async\" class=\"alignnone wp-image-12300 size-full\" src=\"https:\/\/www.topohvar.at\/wp-content\/uploads\/2018\/09\/push-vor-30.jpg\" alt=\"\" width=\"61\" height=\"30\" \/><\/a> <a href=\"https:\/\/www.topohvar.at\/orte\/ru\/ru-tr-17-1\/\"><img loading=\"lazy\" decoding=\"async\" class=\"alignnone wp-image-533 size-full\" src=\"https:\/\/www.topohvar.at\/wp-content\/uploads\/2018\/07\/push-l-30.jpg\" alt=\"\" width=\"61\" height=\"30\" \/><\/a>\u00a0<a href=\"https:\/\/www.topohvar.at\/orte\/ru\/\"><img loading=\"lazy\" decoding=\"async\" class=\"alignnone wp-image-535 size-full\" src=\"https:\/\/www.topohvar.at\/wp-content\/uploads\/2018\/07\/push-o-30.jpg\" alt=\"\" width=\"61\" height=\"30\" \/><\/a>\u00a0<a href=\"https:\/\/www.topohvar.at\/orte\/ru\/ru-tr-49-1\/\"><img loading=\"lazy\" decoding=\"async\" class=\"alignnone wp-image-536 size-full\" src=\"https:\/\/www.topohvar.at\/wp-content\/uploads\/2018\/07\/push-r-30.jpg\" alt=\"\" width=\"61\" height=\"30\" \/><\/a><\/strong><\/p>\n<hr \/>\n<p><strong>Adresa \/ Adresse<br \/>\n<\/strong>Vela Rudina, isto\u010dno od mjesta \/ \u00f6stlich des Ortes<\/p>\n<p><strong>Lokacija \/ Position<a href=\"https:\/\/goo.gl\/maps\/h3enMPU1z95Nz4x6A\"><img loading=\"lazy\" decoding=\"async\" class=\"alignright wp-image-5734\" src=\"https:\/\/www.topohvar.at\/wp-content\/uploads\/2018\/08\/0496.jpg\" alt=\"\" width=\"133\" height=\"100\" \/><\/a><br \/>\n<\/strong><span style=\"color: #3366ff;\"><a style=\"color: #3366ff;\" href=\"https:\/\/goo.gl\/maps\/h3enMPU1z95Nz4x6A\">Latitude: N 43,20125\u00b0\u00a0 \u00a0 Longitude: E 16,60206\u00b0\u00a0<\/a><\/span><strong><br \/>\n<\/strong>Visina \/ H\u00f6he: 98 m<\/p>\n<p><strong>Katastarska \u010destica \/ Grundst\u00fccke<br \/>\n<\/strong>8840 (Stari Grad, Rudine)<div class='content-column one_half'><div style=\"padding-right:6px;\"><p><strong>Datum snimanja \/ Erfassungsdatum<br \/>\n<\/strong>30.04.2014 15:56:09<\/p>\n<hr \/>\n<p><strong>Informacije<\/strong><\/p>\n<p>Vrlo lijepi trim nalazi se u vrlo dobro ure\u0111enom okru\u017eenju. Trim je posljednjih godina renoviran. Na njegovoj stra\u017enjoj strani je suhozid. Na zapadnoj je strani slojevito slo\u017een kamen u obliku klupa, a na isto\u010dnoj strani \u0161irok kameni prsten. Trapezni ulaz vodi u redovito okruglu unutra\u0161njost.<\/p><\/div><\/div><div class='content-column one_half last_column'><div style=\"padding-right:0px;padding-left:6px;\"><p><strong>Stupanj za\u0161tite \/ Schutzstellung<br \/>\n<\/strong>&#8211;<\/p>\n<hr \/>\n<p><strong>Info<\/strong><\/p>\n<p>Der sehr sch\u00f6ne Trim befindet sich in einem sehr gepflegten Umfeld. Der Trim wurde in den letzten Jahren renoviert. An seiner R\u00fcckseite verl\u00e4uft eine Trockensteinmauer. An seiner Westseite befindet sich eine bank\u00e4hnliche Steinschichtung und an seiner Ostseite ein breiter Steinring. Der trapezf\u00f6rmiger Eingang f\u00fchrt in das regelm\u00e4\u00dfig-runde Innere.<\/p><\/div><\/div><div class='clear_column'><\/div><div class='content-column one_half'><div style=\"padding-right:6px;\"><div id=\"attachment_21626\" style=\"width: 310px\" class=\"wp-caption aligncenter\"><img loading=\"lazy\" decoding=\"async\" aria-describedby=\"caption-attachment-21626\" class=\"wp-image-21626 size-full\" src=\"https:\/\/www.topohvar.at\/wp-content\/uploads\/2019\/04\/ru-tr-02-12.jpg\" alt=\"\" width=\"300\" height=\"300\" srcset=\"https:\/\/www.topohvar.at\/wp-content\/uploads\/2019\/04\/ru-tr-02-12.jpg 300w, https:\/\/www.topohvar.at\/wp-content\/uploads\/2019\/04\/ru-tr-02-12-150x150.jpg 150w\" sizes=\"auto, (max-width: 300px) 100vw, 300px\" \/><p id=\"caption-attachment-21626\" class=\"wp-caption-text\">Zapadna strana \/ Westseite<\/p><\/div>\n<p>Dana 24.09.2018 trim je posje\u0107en i prona\u0111en je sljede\u0107e:<\/p>\n<p>Lokacija: maslinik<br \/>\nPodloga: ravna<br \/>\nPovezan s: kamenim zidom<br \/>\nUpotreba: u upotrebi<br \/>\nStanje: vrlo dobro uzdr\u017eati<br \/>\nBroj stepenica trima: 1<br \/>\nDodatni kameni prsten: kameni prsten djelomi\u010dno<br \/>\nStepeni\u0161te: nema stepenica<br \/>\nOblik kamena: uglast<br \/>\nPodru\u010dje ispred ulaza: lako dostupno<br \/>\nOrijentacija ulaza: J (200\u00b0)<br \/>\nPromjer trima (cm): 410<br \/>\nVisina trima (cm): 250<br \/>\nVisina stepenica (cm): stepenica 1: 165<br \/>\nDebljina zida (cm): 90<br \/>\n\u0160irina vrata (cm): 60<br \/>\nVisina vrata (cm): 115<br \/>\n\u0160irina unutra (cm): 230<br \/>\nVisina unutra (cm): 220<br \/>\nVolumen iznutra (m3): 6,27<br \/>\nNi\u0161a 1 (P\/\u0160\/V\/D) (cm): 50 \/ 30 \/ 40 \/ 30<\/p><\/div><\/div><div class='content-column one_half last_column'><div style=\"padding-right:0px;padding-left:6px;\"><div id=\"attachment_21627\" style=\"width: 310px\" class=\"wp-caption aligncenter\"><img loading=\"lazy\" decoding=\"async\" aria-describedby=\"caption-attachment-21627\" class=\"wp-image-21627 size-full\" src=\"https:\/\/www.topohvar.at\/wp-content\/uploads\/2019\/04\/ru-tr-02-13.jpg\" alt=\"\" width=\"300\" height=\"300\" srcset=\"https:\/\/www.topohvar.at\/wp-content\/uploads\/2019\/04\/ru-tr-02-13.jpg 300w, https:\/\/www.topohvar.at\/wp-content\/uploads\/2019\/04\/ru-tr-02-13-150x150.jpg 150w\" sizes=\"auto, (max-width: 300px) 100vw, 300px\" \/><p id=\"caption-attachment-21627\" class=\"wp-caption-text\">Ulaz \/ Eingang<\/p><\/div>\n<p>Am 24.09.2018 wurde der Trim besucht und n\u00e4her untersucht:<\/p>\n<p>Standort: Olivenhain<br \/>\nUntergrund: eben<br \/>\nVerbunden mit: Steinmauer<br \/>\nNutzung: genutzt<br \/>\nZustand: sehr gut erhalten<br \/>\nAnzahl der Trimstufen: 1<br \/>\nZus\u00e4tzlicher Steinring: Steinring teilweise<br \/>\nStiege: keine Stiege<br \/>\nSteinform: kantig<br \/>\nEingangsbereich: frei<br \/>\nEingangsseite: S (200\u00b0)<br \/>\nTrimdurchmesser (cm): 410<br \/>\nTrimh\u00f6he (cm): 250<br \/>\nH\u00f6he der Trimstufen (cm): Stufe 1: 165<br \/>\nWandst\u00e4rke: 90<br \/>\nT\u00fcrbreite (cm): 60<br \/>\nT\u00fcrh\u00f6he (cm): 115<br \/>\nInnenraumbreite (cm): 230<br \/>\nInnenraumh\u00f6he (cm): 220<br \/>\nRaumvolumen (m3): 6,27<br \/>\nNische 1 (P\/B\/H\/T) (cm): 50 \/ 30 \/ 40 \/ 30<\/p><\/div><\/div><div class='clear_column'><\/div><img loading=\"lazy\" decoding=\"async\" class=\"alignnone size-full wp-image-13164\" src=\"https:\/\/www.topohvar.at\/wp-content\/uploads\/2018\/12\/ru-tr-02-sca.jpg\" alt=\"\" width=\"600\" height=\"900\" srcset=\"https:\/\/www.topohvar.at\/wp-content\/uploads\/2018\/12\/ru-tr-02-sca.jpg 600w, https:\/\/www.topohvar.at\/wp-content\/uploads\/2018\/12\/ru-tr-02-sca-200x300.jpg 200w\" sizes=\"auto, (max-width: 600px) 100vw, 600px\" \/><\/p>\n<p style=\"text-align: right;\"><span style=\"color: #3366ff;\"><a style=\"color: #3366ff;\" href=\"#seite_oben\">Natrag na vrh \/ Seitenanfang<\/a><\/span><\/p>\n<hr \/>\n<p><strong>Linkovi \/ Links<\/strong><\/p>\n<p>&#8211;<\/p>\n","protected":false},"excerpt":{"rendered":"<p>Ime \/ Name Trim \u00bbRU-TR-02\u00ab Code: RU-TR-02\u00a0 \u00a0 \u00a0 \u00a0 \u00a0 \u00a0 \u00a0 \u00a0 \u00a0 \u00a0 \u00a0 \u00a0\u00a0 \u00a0 \u00a0 \u00a0 \u00a0\u00a0 Adresa \/ Adresse Vela Rudina, isto\u010dno od mjesta \/ \u00f6stlich des Ortes Lokacija \/ Position Latitude: N 43,20125\u00b0\u00a0 &hellip; <a href=\"https:\/\/www.topohvar.at\/topo\/orte\/ru\/ru-tr-02-1\/\">Weiterlesen <span class=\"meta-nav\">&rarr;<\/span><\/a><\/p>\n","protected":false},"author":1,"featured_media":0,"parent":93,"menu_order":0,"comment_status":"closed","ping_status":"closed","template":"","meta":{"footnotes":""},"class_list":["post-5576","page","type-page","status-publish","hentry"],"_links":{"self":[{"href":"https:\/\/www.topohvar.at\/topo\/wp-json\/wp\/v2\/pages\/5576","targetHints":{"allow":["GET"]}}],"collection":[{"href":"https:\/\/www.topohvar.at\/topo\/wp-json\/wp\/v2\/pages"}],"about":[{"href":"https:\/\/www.topohvar.at\/topo\/wp-json\/wp\/v2\/types\/page"}],"author":[{"embeddable":true,"href":"https:\/\/www.topohvar.at\/topo\/wp-json\/wp\/v2\/users\/1"}],"replies":[{"embeddable":true,"href":"https:\/\/www.topohvar.at\/topo\/wp-json\/wp\/v2\/comments?post=5576"}],"version-history":[{"count":24,"href":"https:\/\/www.topohvar.at\/topo\/wp-json\/wp\/v2\/pages\/5576\/revisions"}],"predecessor-version":[{"id":49625,"href":"https:\/\/www.topohvar.at\/topo\/wp-json\/wp\/v2\/pages\/5576\/revisions\/49625"}],"up":[{"embeddable":true,"href":"https:\/\/www.topohvar.at\/topo\/wp-json\/wp\/v2\/pages\/93"}],"wp:attachment":[{"href":"https:\/\/www.topohvar.at\/topo\/wp-json\/wp\/v2\/media?parent=5576"}],"curies":[{"name":"wp","href":"https:\/\/api.w.org\/{rel}","templated":true}]}}