{"id":55902,"date":"2022-01-15T18:38:12","date_gmt":"2022-01-15T17:38:12","guid":{"rendered":"https:\/\/www.topohvar.at\/topo\/?page_id=55902"},"modified":"2024-06-02T16:45:08","modified_gmt":"2024-06-02T14:45:08","slug":"hu-ob-06-1","status":"publish","type":"page","link":"https:\/\/www.topohvar.at\/topo\/orte\/hu\/hu-ob-06-1\/","title":{"rendered":"HUMAC &#8211; Objekt \u00bbMeteorska kamera i meterolo\u0161ka postaja\u00ab"},"content":{"rendered":"<p><a name=\"seite_oben\"><\/a><br \/>\n<strong><img loading=\"lazy\" decoding=\"async\" class=\"alignnone wp-image-55903 size-full\" src=\"https:\/\/www.topohvar.at\/wp-content\/uploads\/2022\/01\/hu-ob-06-1.jpg\" alt=\"\" width=\"1080\" height=\"530\" srcset=\"https:\/\/www.topohvar.at\/wp-content\/uploads\/2022\/01\/hu-ob-06-1.jpg 1080w, https:\/\/www.topohvar.at\/wp-content\/uploads\/2022\/01\/hu-ob-06-1-300x147.jpg 300w, https:\/\/www.topohvar.at\/wp-content\/uploads\/2022\/01\/hu-ob-06-1-1024x503.jpg 1024w, https:\/\/www.topohvar.at\/wp-content\/uploads\/2022\/01\/hu-ob-06-1-768x377.jpg 768w\" sizes=\"auto, (max-width: 1080px) 100vw, 1080px\" \/><\/strong><\/p>\n<p><strong>Ime \/ Name<br \/>\n<\/strong>Objekt \u00bbMeteorska kamera i meterolo\u0161ka postaja\u00ab \/ Meteorkamera und meteorologische Station<\/p>\n<p><strong>Code: <\/strong>HU-OB-06\u00a0 \u00a0 \u00a0 \u00a0 \u00a0 \u00a0 \u00a0 \u00a0 \u00a0 \u00a0 \u00a0 \u00a0 \u00a0 \u00a0 \u00a0 \u00a0 \u00a0 \u00a0 \u00a0 \u00a0 \u00a0<strong> <a href=\"https:\/\/www.topohvar.at\/topo\/orte\/hu\/hu-pu-01-1\/\"><img loading=\"lazy\" decoding=\"async\" class=\"alignnone wp-image-12300 size-full\" src=\"https:\/\/www.topohvar.at\/wp-content\/uploads\/2018\/09\/push-vor-30.jpg\" alt=\"\" width=\"61\" height=\"30\" \/><\/a> <a href=\"https:\/\/www.topohvar.at\/topo\/orte\/hu\/hu-ob-05-1\/\"><img loading=\"lazy\" decoding=\"async\" class=\"alignnone wp-image-533 size-full\" src=\"https:\/\/www.topohvar.at\/wp-content\/uploads\/2018\/07\/push-l-30.jpg\" alt=\"\" width=\"61\" height=\"30\" \/><\/a> <a href=\"https:\/\/www.topohvar.at\/orte\/hu\/\"><img loading=\"lazy\" decoding=\"async\" class=\"alignnone wp-image-535 size-full\" src=\"https:\/\/www.topohvar.at\/wp-content\/uploads\/2018\/07\/push-o-30.jpg\" alt=\"\" width=\"61\" height=\"30\" \/><\/a> <a href=\"https:\/\/www.topohvar.at\/topo\/orte\/hu\/hu-ob-07-1\/\"><img loading=\"lazy\" decoding=\"async\" class=\"alignnone wp-image-536 size-full\" src=\"https:\/\/www.topohvar.at\/wp-content\/uploads\/2018\/07\/push-r-30.jpg\" alt=\"\" width=\"61\" height=\"30\" \/><\/a> <a href=\"https:\/\/www.topohvar.at\/topo\/orte\/hu\/hu-ob-01-1\/\"><img loading=\"lazy\" decoding=\"async\" class=\"alignnone wp-image-12299 size-full\" src=\"https:\/\/www.topohvar.at\/wp-content\/uploads\/2018\/09\/push-next-30.jpg\" alt=\"\" width=\"61\" height=\"30\" \/><\/a> <\/strong><\/p>\n<hr \/>\n<p><strong>Adresa \/ Adresse<br \/>\n<\/strong>Humac 29<\/p>\n<p><strong>Lokacija \/ Position<a href=\"https:\/\/goo.gl\/maps\/HbavQUwXxzvccQSG8\"><img loading=\"lazy\" decoding=\"async\" class=\"alignright wp-image-55904\" src=\"https:\/\/www.topohvar.at\/wp-content\/uploads\/2022\/01\/3379.jpg\" alt=\"\" width=\"134\" height=\"100\" \/><\/a><br \/>\n<\/strong><a href=\"https:\/\/goo.gl\/maps\/HbavQUwXxzvccQSG8\"><span style=\"color: #3366ff;\">Latitude: N 43,14082\u00b0\u00a0 \u00a0Longitude: E 16,75439\u00b0 <\/span><\/a><strong><br \/>\n<\/strong>Visina \/ H\u00f6he: 350 m<\/p>\n<p><strong>Katastarska \u010destica <\/strong><strong>\/ Grundst\u00fccke<br \/>\n<\/strong>5312\/3, 5320\/4, 5320\/5 (Jelsa) <div class='content-column one_half'><div style=\"padding-right:6px;\"><p><strong>Datum snimanja \/ Erfassungsdatum<br \/>\n<\/strong>01.01.2000 00:00:00<\/p>\n<hr \/>\n<p><strong>Informacije<\/strong><\/p>\n<p>Na Humcu postavljena meteorska kamera i meterolo\u0161ka postaja!<br \/>\nNedjelja 20.12.2020.g. zavr\u0161ena je monta\u017ea i pu\u0161tena je u pogon meteorska kamera Hrvatske odnosno sada Globalne meteorske mre\u017ee i meteorolo\u0161ka postaja na Humcu.<\/p><\/div><\/div><div class='content-column one_half last_column'><div style=\"padding-right:0px;padding-left:6px;\"><p><strong>Stupanj za\u0161tite<\/strong><strong> \/ Schutzstellung<br \/>\n<\/strong>&#8211;<\/p>\n<hr \/>\n<p><strong>Info<\/strong><\/p>\n<p>Eine Meteorkamera und Wetterstation auf Humac!<br \/>\nAm Sonntag den 20. Dezember 2020 wurde die Installation abgeschlossen. Die\u00a0 Meteorkamera des Global Meteorological Network und die Wetterstation wurden in Betrieb genommen.<\/p><\/div><\/div><div class='clear_column'><\/div><div class='content-column one_half'><div style=\"padding-right:6px;\"><p>Meteorska kamera je u prvoj no\u0107i snimanja zabilje\u017eila 125 meteora od kojih je 72 pripadalo 7 poznatih meteorskih rojeva od \u010dega su najbrojniji bili meteori iz radijanta u Berenikinoj kosi, njih ukupno 12.<\/p><\/div><\/div><div class='content-column one_half last_column'><div style=\"padding-right:0px;padding-left:6px;\"><p>In der ersten Drehnacht zeichnete die Meteorkamera 125 Meteore auf, von denen 72 zu 7 bekannten Meteorschw\u00e4rmen geh\u00f6rten, von denen die zahlreichsten Meteore aus dem Radianten des &#8222;Haar der Berenice&#8220; waren, insgesamt 12.<\/p><\/div><\/div><div class='clear_column'><\/div><div class='content-column one_half'><div style=\"padding-right:6px;\"><p>Meteorsku kameru na Humcu je mogu\u0107e pratiti na stranicama Globalne meteorske mre\u017ee na sljede\u0107oj poveznici:<\/p><\/div><\/div><div class='content-column one_half last_column'><div style=\"padding-right:0px;padding-left:6px;\"><p>Die Meteorkamera auf Humac kann auf den Seiten des Global Meteor Network unter folgendem Link verfolgt werden:<\/p><\/div><\/div><div class='clear_column'><\/div><\/p>\n<p style=\"text-align: center;\"><span style=\"color: #3366ff;\"><a style=\"color: #3366ff;\" href=\"http:\/\/istrastream.com\/rms-gmn\/?id=HR001H\">http:\/\/istrastream.com\/rms-gmn\/?id=HR001H<\/a><br \/>\n<a style=\"color: #3366ff;\" href=\"http:\/\/istrastream.com\/rms-gmn\/?id=HR001Y\">http:\/\/istrastream.com\/rms-gmn\/?id=HR001Y<\/a><br \/>\n<\/span><\/p>\n<div class='content-column one_half'><div style=\"padding-right:6px;\"><p>Meteorolo\u0161ku postaju je mogu\u0107e pratiti na servisima Weather Underground i Weather Cloud:<\/p><\/div><\/div><div class='content-column one_half last_column'><div style=\"padding-right:0px;padding-left:6px;\"><p>Die Wetterstation kann \u00fcber die Dienste von Weather Underground\u00a0 und Weather Cloud verfolgt werden:<\/p><\/div><\/div><div class='clear_column'><\/div><\/p>\n<p style=\"text-align: center;\"><span style=\"color: #3366ff;\"><a style=\"color: #3366ff;\" href=\"https:\/\/www.wunderground.com\/dashboard\/pws\/IJELSA3\">https:\/\/www.wunderground.com\/dashboard\/pws\/IJELSA3<\/a><\/span><br \/>\n<span style=\"color: #3366ff;\"><a style=\"color: #3366ff;\" href=\"https:\/\/app.weathercloud.net\/map?#4836270489\">https:\/\/app.weathercloud.net\/map?#4836270489<\/a><\/span><\/p>\n<div class='content-column one_half'><div style=\"padding-right:6px;\"><p>Zahvaljuju\u0107i Hrvatski astronomski savez oprema je montirana na Humcu kao nastavak aktivnosti koje su usmjerene na progla\u0161enje Op\u0107ine Jelsa prvom me\u0111unarodnom zajednicom tamnog neba u Hrvatskoj, a podru\u010dje Humca me\u0111unarodnim parkom tamnog neba. Monta\u017eu opreme na Humcu je odradio glavni tajnik Hrvatskog astronomskog saveza Dorian Bo\u017ei\u010devi\u0107 koji je osim monta\u017ee opreme, obavio i mjerenja svjetlosnog one\u010di\u0161\u0107enja na podru\u010dju Op\u0107ine Jelsa.<\/p><\/div><\/div><div class='content-column one_half last_column'><div style=\"padding-right:0px;padding-left:6px;\"><p>Dank der kroatischen Astronomischen Union wurde die Ausr\u00fcstung in Humac als Fortsetzung der Aktivit\u00e4ten installiert, die darauf abzielen, die Gemeinde Jelsa zur ersten internationalen Dark-Sky-Community in Kroatien und das Humac-Gebiet zu einem internationalen Dark-Sky-Park zu erkl\u00e4ren. Die Installation der Ausr\u00fcstung auf Humac wurde vom Generalsekret\u00e4r des Kroatischen Astronomischen Verbandes Dorian Bo\u017ei\u010devi\u0107 durchgef\u00fchrt, der neben der Installation der Ausr\u00fcstung auch Messungen der Lichtverschmutzung im Gebiet der Gemeinde Jelsa durchf\u00fchrte.<\/p><\/div><\/div><div class='clear_column'><\/div><img loading=\"lazy\" decoding=\"async\" class=\"alignnone wp-image-55905 size-large\" src=\"https:\/\/www.topohvar.at\/wp-content\/uploads\/2022\/01\/hu-ob-06-2-1024x698.jpg\" alt=\"\" width=\"640\" height=\"436\" srcset=\"https:\/\/www.topohvar.at\/wp-content\/uploads\/2022\/01\/hu-ob-06-2-1024x698.jpg 1024w, https:\/\/www.topohvar.at\/wp-content\/uploads\/2022\/01\/hu-ob-06-2-300x205.jpg 300w, https:\/\/www.topohvar.at\/wp-content\/uploads\/2022\/01\/hu-ob-06-2-768x524.jpg 768w, https:\/\/www.topohvar.at\/wp-content\/uploads\/2022\/01\/hu-ob-06-2.jpg 1210w\" sizes=\"auto, (max-width: 640px) 100vw, 640px\" \/><\/p>\n<p style=\"text-align: center;\"><em>(Izvor: \/ Quelle: <span style=\"color: #3366ff;\"><a style=\"color: #3366ff;\" href=\"https:\/\/tzjelsa.hr\/hr\/4998\/na-humcu-postavljena-meteorska-kamera-i-meteoroloska-postaja\/\">TZ Jelsa<\/a><\/span>)<\/em><\/p>\n<p style=\"text-align: right;\"><span style=\"color: #3366ff;\"><a style=\"color: #3366ff;\" href=\"#seite_oben\">natrag na vrh \/ Seitenanfang<\/a><\/span><\/p>\n<hr \/>\n<p><strong>Linkovi \/ Links<\/strong><\/p>\n<p>&#8211;<\/p>\n","protected":false},"excerpt":{"rendered":"<p>Ime \/ Name Objekt \u00bbMeteorska kamera i meterolo\u0161ka postaja\u00ab \/ Meteorkamera und meteorologische Station Code: HU-OB-06\u00a0 \u00a0 \u00a0 \u00a0 \u00a0 \u00a0 \u00a0 \u00a0 \u00a0 \u00a0 \u00a0 \u00a0 \u00a0 \u00a0 \u00a0 \u00a0 \u00a0 \u00a0 \u00a0 \u00a0 \u00a0 Adresa \/ Adresse Humac &hellip; <a href=\"https:\/\/www.topohvar.at\/topo\/orte\/hu\/hu-ob-06-1\/\">Weiterlesen <span class=\"meta-nav\">&rarr;<\/span><\/a><\/p>\n","protected":false},"author":1,"featured_media":0,"parent":78,"menu_order":0,"comment_status":"closed","ping_status":"closed","template":"","meta":{"footnotes":""},"class_list":["post-55902","page","type-page","status-publish","hentry"],"_links":{"self":[{"href":"https:\/\/www.topohvar.at\/topo\/wp-json\/wp\/v2\/pages\/55902","targetHints":{"allow":["GET"]}}],"collection":[{"href":"https:\/\/www.topohvar.at\/topo\/wp-json\/wp\/v2\/pages"}],"about":[{"href":"https:\/\/www.topohvar.at\/topo\/wp-json\/wp\/v2\/types\/page"}],"author":[{"embeddable":true,"href":"https:\/\/www.topohvar.at\/topo\/wp-json\/wp\/v2\/users\/1"}],"replies":[{"embeddable":true,"href":"https:\/\/www.topohvar.at\/topo\/wp-json\/wp\/v2\/comments?post=55902"}],"version-history":[{"count":9,"href":"https:\/\/www.topohvar.at\/topo\/wp-json\/wp\/v2\/pages\/55902\/revisions"}],"predecessor-version":[{"id":67735,"href":"https:\/\/www.topohvar.at\/topo\/wp-json\/wp\/v2\/pages\/55902\/revisions\/67735"}],"up":[{"embeddable":true,"href":"https:\/\/www.topohvar.at\/topo\/wp-json\/wp\/v2\/pages\/78"}],"wp:attachment":[{"href":"https:\/\/www.topohvar.at\/topo\/wp-json\/wp\/v2\/media?parent=55902"}],"curies":[{"name":"wp","href":"https:\/\/api.w.org\/{rel}","templated":true}]}}