{"id":55965,"date":"2022-01-16T11:10:43","date_gmt":"2022-01-16T10:10:43","guid":{"rendered":"https:\/\/www.topohvar.at\/topo\/?page_id=55965"},"modified":"2022-01-21T18:34:26","modified_gmt":"2022-01-21T17:34:26","slug":"hu-pu-01-1","status":"publish","type":"page","link":"https:\/\/www.topohvar.at\/topo\/orte\/hu\/hu-pu-01-1\/","title":{"rendered":"HUMAC &#8211; Objekt \u00bbBiciklisti\u010dka ruta [703] Preko Vrha\u00ab"},"content":{"rendered":"<p><a name=\"seite_oben\"><\/a><br \/>\n<strong><img loading=\"lazy\" decoding=\"async\" class=\"alignnone wp-image-56499 size-full\" src=\"https:\/\/www.topohvar.at\/wp-content\/uploads\/2022\/01\/biketrack-703.jpg\" alt=\"\" width=\"640\" height=\"314\" srcset=\"https:\/\/www.topohvar.at\/wp-content\/uploads\/2022\/01\/biketrack-703.jpg 640w, https:\/\/www.topohvar.at\/wp-content\/uploads\/2022\/01\/biketrack-703-300x147.jpg 300w\" sizes=\"auto, (max-width: 640px) 100vw, 640px\" \/><\/strong><\/p>\n<p><strong>Ime \/ Name<br \/>\n<\/strong>Objekt \u00bbBiciklisti\u010dka ruta [703] Preko Vrha\u00ab \/ Radroute [703] \u00fcber Vrh<\/p>\n<p><strong>Code: <\/strong>HU-PU-01\u00a0 \u00a0 \u00a0 \u00a0 \u00a0 \u00a0 \u00a0 \u00a0 \u00a0 \u00a0 \u00a0 \u00a0 \u00a0 \u00a0 \u00a0 \u00a0 \u00a0 \u00a0 \u00a0 \u00a0 \u00a0<strong> <a href=\"https:\/\/www.topohvar.at\/topo\/orte\/hu\/hu-ob-05-1\/\"><img loading=\"lazy\" decoding=\"async\" class=\"alignnone wp-image-12300 size-full\" src=\"https:\/\/www.topohvar.at\/wp-content\/uploads\/2018\/09\/push-vor-30.jpg\" alt=\"\" width=\"61\" height=\"30\" \/><\/a> <a href=\"https:\/\/www.topohvar.at\/orte\/hu\/\"><img loading=\"lazy\" decoding=\"async\" class=\"alignnone wp-image-535 size-full\" src=\"https:\/\/www.topohvar.at\/wp-content\/uploads\/2018\/07\/push-o-30.jpg\" alt=\"\" width=\"61\" height=\"30\" \/><\/a> <a href=\"https:\/\/www.topohvar.at\/topo\/orte\/hu\/hu-pu-02-1\/\"><img loading=\"lazy\" decoding=\"async\" class=\"alignnone wp-image-536 size-full\" src=\"https:\/\/www.topohvar.at\/wp-content\/uploads\/2018\/07\/push-r-30.jpg\" alt=\"\" width=\"61\" height=\"30\" \/><\/a> <a href=\"https:\/\/www.topohvar.at\/topo\/orte\/hu\/hu-pu-01-1\/\"><img loading=\"lazy\" decoding=\"async\" class=\"alignnone wp-image-12299 size-full\" src=\"https:\/\/www.topohvar.at\/wp-content\/uploads\/2018\/09\/push-next-30.jpg\" alt=\"\" width=\"61\" height=\"30\" \/><\/a><\/strong><\/p>\n<hr \/>\n<p><strong>Adresa \/ Adresse<br \/>\n<\/strong>Humac, Jelsa, Pitve, Vrh, Humac<\/p>\n<p><strong>Lokacija<\/strong><strong> \/ Position<br \/>\n<\/strong><span style=\"color: #3366ff;\">Latitude: N 43\u00b0\u00a0 \u00a0Longitude: E 16\u00b0 <\/span><strong><br \/>\n<\/strong>Visina \/ H\u00f6he: 1 m &#8211; 442 m<\/p>\n<p><strong>Katastarska \u010destica <\/strong><strong>\/ Grundst\u00fccke<br \/>\n<\/strong>&#8211;<div class='content-column one_half'><div style=\"padding-right:6px;\"><p><strong>Datum snimanja \/ Erfassungsdatum<br \/>\n<\/strong>01.01.2000 00:00:00<\/p>\n<hr \/>\n<p><strong>Informacije<\/strong><\/p>\n<p>Kombinacija asfaltirane ceste i makadamskih puteva duga 23,9 km prolazi sredinom otoka i ve\u0107im se dijelom prote\u017ee preko hrpta od istoka prema zapadu. Po\u010detak staze je u Jelsi, a potom skre\u0107e prema jugu do mjesta Pitve. Nakon Pitava, prije tunela za Zavalu, skre\u0107e se na makadam, te se serpentinama sa 180 m uspinje do hrpta na 442 m nadmorske visine. Tu se pru\u017ea o\u010daravaju\u0107i pogled prema isto\u010dnom kraju otoka te prema Pelje\u0161cu i Makarskoj rivijeri. Vo\u017enja dalje hrptom prema istoku do Humca pru\u017ea \u010disto u\u017eivanje i opu\u0161tanje nakon uspona po serpentinama. Nakon Humca makadamska staza spaja se na dr\u017eavnu cestu D-116 te ide dalje prema zapadu do Jelse. U Jelsi prolazi kraj hotela Hvar, preko obalne \u0161etnice do luke i samog centra Jelse, gdje je i kraj staze.<\/p><\/div><\/div><div class='content-column one_half last_column'><div style=\"padding-right:0px;padding-left:6px;\"><p><strong>Stupanj za\u0161tite<\/strong><strong> \/ Schutzstellung<br \/>\n<\/strong>&#8211;<\/p>\n<hr \/>\n<p><strong>Info<\/strong><\/p>\n<p>Die Kombination aus 23,9 km langer asphaltierter Stra\u00dfe und Schotterstra\u00dfe verl\u00e4uft mitten durch die Insel und erstreckt sich gr\u00f6\u00dftenteils \u00fcber den H\u00f6henzug von Ost nach West. Der Weg beginnt in Jelsa und biegt dann nach S\u00fcden nach Pitve ab. Nach Pitve, vor dem Tunnel nach Zavala, biegt er in eine Schotterstra\u00dfe ab und steigt 180 m Serpentinen bis zum Grat auf 442 m \u00fcber dem Meeresspiegel an. Es gibt einen bezaubernden Blick auf das \u00f6stliche Ende der Insel und Peljesac und die Makarska Riviera. Die weitere Fahrt entlang des Kamms nach Osten bis Humac bietet nach dem Erklimmen der Serpentinen Genuss und Entspannung pur. Nach Humac m\u00fcndet der Schotterweg in die Staatsstra\u00dfe D-116 und f\u00fchrt weiter nach Westen nach Jelsa. In Jelsa f\u00fchrt er am Hotel Hvar vorbei, \u00fcber die K\u00fcstenpromenade zum Hafen und ins Zentrum von Jelsa, wo das Ende der Route ist.<\/p><\/div><\/div><div class='clear_column'><\/div><div class='content-column one_half'><div style=\"padding-right:6px;\"><p>Du\u017eina: 23,90 km<br \/>\nAsfalt: 14,20 km \/ 59,41 %<br \/>\nMakadam: 9,70 km \/ 40,59 %<br \/>\nNajni\u017ea to\u010dka: 1 m<br \/>\nNajvi\u0161a to\u010dka: 442 m<br \/>\nUkupno metara uspona: 442 m<\/p><\/div><\/div><div class='content-column one_half last_column'><div style=\"padding-right:0px;padding-left:6px;\"><p>L\u00e4nge: 23,90 km<br \/>\nAsphalt: 14,20 km \/ 59,41 %<br \/>\nMakadam: 9,70 km \/ 40,59 %<br \/>\nNiedrigster Punkt: 1 m<br \/>\nH\u00f6chster Punkt: 442 m<br \/>\nH\u00f6henmeter (Aufstieg) insgesamt: 442 m<\/p><\/div><\/div><div class='clear_column'><\/div><\/p>\n<p><img loading=\"lazy\" decoding=\"async\" class=\"alignnone size-full wp-image-56500\" src=\"https:\/\/www.topohvar.at\/wp-content\/uploads\/2022\/01\/bike-703.jpg\" alt=\"\" width=\"1080\" height=\"450\" srcset=\"https:\/\/www.topohvar.at\/wp-content\/uploads\/2022\/01\/bike-703.jpg 1080w, https:\/\/www.topohvar.at\/wp-content\/uploads\/2022\/01\/bike-703-300x125.jpg 300w, https:\/\/www.topohvar.at\/wp-content\/uploads\/2022\/01\/bike-703-1024x427.jpg 1024w, https:\/\/www.topohvar.at\/wp-content\/uploads\/2022\/01\/bike-703-768x320.jpg 768w\" sizes=\"auto, (max-width: 1080px) 100vw, 1080px\" \/><\/p>\n<p style=\"text-align: center;\"><em>(Izvor: \/ Quelle: <span style=\"color: #3366ff;\"><a style=\"color: #3366ff;\" href=\"https:\/\/tzjelsa.hr\/hr\/626\/biciklisticke-rute\/\">TZ Jelsa<\/a><\/span>)<\/em><\/p>\n<p style=\"text-align: right;\"><span style=\"color: #3366ff;\"><a style=\"color: #3366ff;\" href=\"#seite_oben\">natrag na vrh \/ Seitenanfang<\/a><\/span><\/p>\n<hr \/>\n<p><strong>Linkovi \/ Links<\/strong><\/p>\n<p><span style=\"color: #3366ff;\"><a style=\"color: #3366ff;\" href=\"https:\/\/www.topohvar.at\/topo\/orte\/hu\/hu-pu-02-1\/\">Objekt \u00bbBiciklisti\u010dka ruta Humac\u00ab \/ Radroute Humac<\/a><br \/>\n<a class=\"ytp-title-link yt-uix-sessionlink\" style=\"color: #3366ff;\" tabindex=\"-1\" href=\"https:\/\/www.youtube.com\/watch?v=__eRtvDZJcQ\" target=\"_blank\" rel=\"noopener\" data-sessionlink=\"feature=player-title\">VIDEO &#8211; Cycling IslandofHvar Jelsa2019<\/a><\/span><\/p>\n","protected":false},"excerpt":{"rendered":"<p>Ime \/ Name Objekt \u00bbBiciklisti\u010dka ruta [703] Preko Vrha\u00ab \/ Radroute [703] \u00fcber Vrh Code: HU-PU-01\u00a0 \u00a0 \u00a0 \u00a0 \u00a0 \u00a0 \u00a0 \u00a0 \u00a0 \u00a0 \u00a0 \u00a0 \u00a0 \u00a0 \u00a0 \u00a0 \u00a0 \u00a0 \u00a0 \u00a0 \u00a0 Adresa \/ Adresse Humac, &hellip; <a href=\"https:\/\/www.topohvar.at\/topo\/orte\/hu\/hu-pu-01-1\/\">Weiterlesen <span class=\"meta-nav\">&rarr;<\/span><\/a><\/p>\n","protected":false},"author":1,"featured_media":0,"parent":78,"menu_order":0,"comment_status":"closed","ping_status":"closed","template":"","meta":{"footnotes":""},"class_list":["post-55965","page","type-page","status-publish","hentry"],"_links":{"self":[{"href":"https:\/\/www.topohvar.at\/topo\/wp-json\/wp\/v2\/pages\/55965","targetHints":{"allow":["GET"]}}],"collection":[{"href":"https:\/\/www.topohvar.at\/topo\/wp-json\/wp\/v2\/pages"}],"about":[{"href":"https:\/\/www.topohvar.at\/topo\/wp-json\/wp\/v2\/types\/page"}],"author":[{"embeddable":true,"href":"https:\/\/www.topohvar.at\/topo\/wp-json\/wp\/v2\/users\/1"}],"replies":[{"embeddable":true,"href":"https:\/\/www.topohvar.at\/topo\/wp-json\/wp\/v2\/comments?post=55965"}],"version-history":[{"count":6,"href":"https:\/\/www.topohvar.at\/topo\/wp-json\/wp\/v2\/pages\/55965\/revisions"}],"predecessor-version":[{"id":56501,"href":"https:\/\/www.topohvar.at\/topo\/wp-json\/wp\/v2\/pages\/55965\/revisions\/56501"}],"up":[{"embeddable":true,"href":"https:\/\/www.topohvar.at\/topo\/wp-json\/wp\/v2\/pages\/78"}],"wp:attachment":[{"href":"https:\/\/www.topohvar.at\/topo\/wp-json\/wp\/v2\/media?parent=55965"}],"curies":[{"name":"wp","href":"https:\/\/api.w.org\/{rel}","templated":true}]}}