{"id":5599,"date":"2018-08-15T12:12:49","date_gmt":"2018-08-15T10:12:49","guid":{"rendered":"https:\/\/www.topohvar.at\/?page_id=5599"},"modified":"2021-04-17T06:50:45","modified_gmt":"2021-04-17T04:50:45","slug":"ru-tr-07-1","status":"publish","type":"page","link":"https:\/\/www.topohvar.at\/topo\/orte\/ru\/ru-tr-07-1\/","title":{"rendered":"RUDINA &#8211; Trim \u00bbRU-TR-07\u00ab"},"content":{"rendered":"<p><a name=\"seite_oben\"><\/a><br \/>\n<strong><img loading=\"lazy\" decoding=\"async\" class=\"alignnone wp-image-13222 size-large\" src=\"https:\/\/www.topohvar.at\/wp-content\/uploads\/2018\/12\/ru-tr-07-12-1024x503.jpg\" alt=\"\" width=\"640\" height=\"314\" srcset=\"https:\/\/www.topohvar.at\/wp-content\/uploads\/2018\/12\/ru-tr-07-12-1024x503.jpg 1024w, https:\/\/www.topohvar.at\/wp-content\/uploads\/2018\/12\/ru-tr-07-12-300x147.jpg 300w, https:\/\/www.topohvar.at\/wp-content\/uploads\/2018\/12\/ru-tr-07-12-768x377.jpg 768w, https:\/\/www.topohvar.at\/wp-content\/uploads\/2018\/12\/ru-tr-07-12.jpg 1080w\" sizes=\"auto, (max-width: 640px) 100vw, 640px\" \/><\/strong><\/p>\n<p><strong>Ime \/ Name<br \/>\n<\/strong>Trim \u00bbRU-TR-07\u00ab<\/p>\n<p><strong>Code: <\/strong>RU-TR-07\u00a0 \u00a0 \u00a0 \u00a0 \u00a0 \u00a0 \u00a0 \u00a0 \u00a0 \u00a0 \u00a0 \u00a0<strong>\u00a0 \u00a0 \u00a0 \u00a0 <a href=\"https:\/\/www.topohvar.at\/orte\/ru\/ru-tr-00-1\/\"><img loading=\"lazy\" decoding=\"async\" class=\"alignnone wp-image-12300 size-full\" src=\"https:\/\/www.topohvar.at\/wp-content\/uploads\/2018\/09\/push-vor-30.jpg\" alt=\"\" width=\"61\" height=\"30\" \/><\/a> <a href=\"https:\/\/www.topohvar.at\/orte\/ru\/ru-tr-06-1\/\"><img loading=\"lazy\" decoding=\"async\" class=\"alignnone wp-image-533 size-full\" src=\"https:\/\/www.topohvar.at\/wp-content\/uploads\/2018\/07\/push-l-30.jpg\" alt=\"\" width=\"61\" height=\"30\" \/><\/a>\u00a0<a href=\"https:\/\/www.topohvar.at\/orte\/ru\/\"><img loading=\"lazy\" decoding=\"async\" class=\"alignnone wp-image-535 size-full\" src=\"https:\/\/www.topohvar.at\/wp-content\/uploads\/2018\/07\/push-o-30.jpg\" alt=\"\" width=\"61\" height=\"30\" \/><\/a>\u00a0<a href=\"https:\/\/www.topohvar.at\/orte\/ru\/ru-tr-22-1\/\"><img loading=\"lazy\" decoding=\"async\" class=\"alignnone wp-image-536 size-full\" src=\"https:\/\/www.topohvar.at\/wp-content\/uploads\/2018\/07\/push-r-30.jpg\" alt=\"\" width=\"61\" height=\"30\" \/><\/a><\/strong><\/p>\n<hr \/>\n<p><strong>Adresa \/ Adresse<br \/>\n<\/strong>Mala Rudina, isto\u010dno od mjesta<\/p>\n<p><strong>Lokacija \/ Position<a href=\"https:\/\/goo.gl\/maps\/zGdGGQYwfRov4dFB8\"><img loading=\"lazy\" decoding=\"async\" class=\"alignright wp-image-5768\" src=\"https:\/\/www.topohvar.at\/wp-content\/uploads\/2018\/08\/0501.jpg\" alt=\"\" width=\"133\" height=\"100\" \/><\/a><br \/>\n<\/strong><span style=\"color: #3366ff;\"><a style=\"color: #3366ff;\" href=\"https:\/\/goo.gl\/maps\/zGdGGQYwfRov4dFB8\">Latitude: N 43,20880\u00b0\u00a0 \u00a0 Longitude: E 16,59996\u00b0\u00a0<\/a><\/span><strong><br \/>\n<\/strong>Visina \/ H\u00f6he: 93 m<\/p>\n<p><strong>Katastarska \u010destica \/ Grundst\u00fccke<br \/>\n<\/strong>9153 (Stari Grad, Rudine)<div class='content-column one_half'><div style=\"padding-right:6px;\"><p><strong>Datum snimanja \/ Erfassungsdatum<br \/>\n<\/strong>27.09.2015 12:09:03<\/p>\n<hr \/>\n<p><strong>Informacije<\/strong><\/p>\n<p>Trim se nalazi isto\u010dno od Male Rudine. O\u0161te\u0107en je sa stra\u017enje strane. Dana\u0161nji zarasli ulaz nekad je bio zatvoren vratima. U unutra\u0161njosti je 2018. g. bilo sme\u0107a. Vi\u0161e se ne koristi.<\/p><\/div><\/div><div class='content-column one_half last_column'><div style=\"padding-right:0px;padding-left:6px;\"><p><strong>Stupanj za\u0161tite \/ Schutzstellung<br \/>\n<\/strong>&#8211;<\/p>\n<hr \/>\n<p><strong>Info<\/strong><\/p>\n<p>Der Trim \u00f6stlich des Ortes Mala Rudina ist an seiner R\u00fcckseite besch\u00e4digt. Der jetzt sehr verwachsene Eingang war einmal durch eine T\u00fcre verschlossen. Im Inneren fand sich im Jahr 2018 Unrat. Er wird nicht mehr genutzt.<\/p><\/div><\/div><div class='clear_column'><\/div><\/p>\n<div id=\"attachment_21685\" style=\"width: 523px\" class=\"wp-caption alignnone\"><img loading=\"lazy\" decoding=\"async\" aria-describedby=\"caption-attachment-21685\" class=\"wp-image-21685 size-full\" src=\"https:\/\/www.topohvar.at\/wp-content\/uploads\/2019\/04\/ru-tr-07-12.jpg\" alt=\"\" width=\"513\" height=\"300\" srcset=\"https:\/\/www.topohvar.at\/wp-content\/uploads\/2019\/04\/ru-tr-07-12.jpg 513w, https:\/\/www.topohvar.at\/wp-content\/uploads\/2019\/04\/ru-tr-07-12-300x175.jpg 300w\" sizes=\"auto, (max-width: 513px) 100vw, 513px\" \/><p id=\"caption-attachment-21685\" class=\"wp-caption-text\">O\u0161te\u0107enja sa stra\u017enje strane \/ besch\u00e4digte R\u00fcckseite<\/p><\/div>\n<div class='content-column one_half'><div style=\"padding-right:6px;\"><p>Dana 26.09.2018 trim je posje\u0107en i prona\u0111en je sljede\u0107e:<\/p>\n<p>Lokacija: grmlje<br \/>\nPodloga: ravna<br \/>\nPovezan s: nije povezan, samostoje\u0107i, izoliran<br \/>\nUpotreba: malo se koristi<br \/>\nStanje: mali dijelovi su se sru\u0161ili<br \/>\nBroj stepenica trima: 2<br \/>\nDodatni kameni prsten: nema kamenog prstena<br \/>\nStepeni\u0161te: nema<br \/>\nOblik kamena: uglast<br \/>\nPodru\u010dje ispred ulaza: lako dostupno<br \/>\nOrijentacija ulaza: Z (250\u00b0)<br \/>\nPromjer trima (cm): 450<br \/>\nVisina trima (cm): 260<br \/>\nVisina stepenica (cm): stepenica 1: 180, stepenica 2: 250<br \/>\nDebljina zida (cm): 80<br \/>\n\u0160irina vrata (cm): 70<br \/>\nVisina vrata (cm): 125<br \/>\n\u0160irina unutra (cm): 290<br \/>\nVisina unutra (cm): 230<br \/>\nVolumen iznutra (m3): 10,31<br \/>\nNema ni\u0161e<\/p><\/div><\/div><div class='content-column one_half last_column'><div style=\"padding-right:0px;padding-left:6px;\"><p>Am 26.09.2018 wurde der Trim besucht und n\u00e4her untersucht:<\/p>\n<p>Standort: Buschwerk<br \/>\nUntergrund: eben<br \/>\nVerbunden mit: freistehend<br \/>\nNutzung: kaum genutzt<br \/>\nZustand: kleine Teile abgest\u00fcrzt<br \/>\nAnzahl der Trimstufen: 2<br \/>\nZus\u00e4tzlicher Steinring: kein Steinring<br \/>\nStiege: keine<br \/>\nSteinform: kantig<br \/>\nEingangsbereich: frei<br \/>\nEingangsseite: W (250\u00b0)<br \/>\nTrimdurchmesser (cm): 450<br \/>\nTrimh\u00f6he (cm): 260<br \/>\nH\u00f6he der Trimstufen (cm): Stufe 1: 180, Stufe 2: 250<br \/>\nWandst\u00e4rke: 80<br \/>\nT\u00fcrbreite (cm): 70<br \/>\nT\u00fcrh\u00f6he (cm): 125<br \/>\nInnenraumbreite (cm): 290<br \/>\nInnenraumh\u00f6he (cm): 230<br \/>\nRaumvolumen (m3): 10,31<br \/>\nKeine Nische<\/p><\/div><\/div><div class='clear_column'><\/div> <img loading=\"lazy\" decoding=\"async\" class=\"alignnone size-full wp-image-13219\" src=\"https:\/\/www.topohvar.at\/wp-content\/uploads\/2018\/12\/ru-tr-07-sca.jpg\" alt=\"\" width=\"600\" height=\"900\" srcset=\"https:\/\/www.topohvar.at\/wp-content\/uploads\/2018\/12\/ru-tr-07-sca.jpg 600w, https:\/\/www.topohvar.at\/wp-content\/uploads\/2018\/12\/ru-tr-07-sca-200x300.jpg 200w\" sizes=\"auto, (max-width: 600px) 100vw, 600px\" \/><\/p>\n<p style=\"text-align: right;\"><span style=\"color: #3366ff;\"><a style=\"color: #3366ff;\" href=\"#seite_oben\">Natrag na vrh \/ Seitenanfang<\/a><\/span><\/p>\n<hr \/>\n<p><strong>Linkovi \/ Links<\/strong><\/p>\n<p>&#8211;<\/p>\n","protected":false},"excerpt":{"rendered":"<p>Ime \/ Name Trim \u00bbRU-TR-07\u00ab Code: RU-TR-07\u00a0 \u00a0 \u00a0 \u00a0 \u00a0 \u00a0 \u00a0 \u00a0 \u00a0 \u00a0 \u00a0 \u00a0\u00a0 \u00a0 \u00a0 \u00a0 \u00a0\u00a0 Adresa \/ Adresse Mala Rudina, isto\u010dno od mjesta Lokacija \/ Position Latitude: N 43,20880\u00b0\u00a0 \u00a0 Longitude: E 16,59996\u00b0\u00a0 &hellip; <a href=\"https:\/\/www.topohvar.at\/topo\/orte\/ru\/ru-tr-07-1\/\">Weiterlesen <span class=\"meta-nav\">&rarr;<\/span><\/a><\/p>\n","protected":false},"author":1,"featured_media":0,"parent":93,"menu_order":0,"comment_status":"closed","ping_status":"closed","template":"","meta":{"footnotes":""},"class_list":["post-5599","page","type-page","status-publish","hentry"],"_links":{"self":[{"href":"https:\/\/www.topohvar.at\/topo\/wp-json\/wp\/v2\/pages\/5599","targetHints":{"allow":["GET"]}}],"collection":[{"href":"https:\/\/www.topohvar.at\/topo\/wp-json\/wp\/v2\/pages"}],"about":[{"href":"https:\/\/www.topohvar.at\/topo\/wp-json\/wp\/v2\/types\/page"}],"author":[{"embeddable":true,"href":"https:\/\/www.topohvar.at\/topo\/wp-json\/wp\/v2\/users\/1"}],"replies":[{"embeddable":true,"href":"https:\/\/www.topohvar.at\/topo\/wp-json\/wp\/v2\/comments?post=5599"}],"version-history":[{"count":20,"href":"https:\/\/www.topohvar.at\/topo\/wp-json\/wp\/v2\/pages\/5599\/revisions"}],"predecessor-version":[{"id":48027,"href":"https:\/\/www.topohvar.at\/topo\/wp-json\/wp\/v2\/pages\/5599\/revisions\/48027"}],"up":[{"embeddable":true,"href":"https:\/\/www.topohvar.at\/topo\/wp-json\/wp\/v2\/pages\/93"}],"wp:attachment":[{"href":"https:\/\/www.topohvar.at\/topo\/wp-json\/wp\/v2\/media?parent=5599"}],"curies":[{"name":"wp","href":"https:\/\/api.w.org\/{rel}","templated":true}]}}