{"id":56014,"date":"2022-01-16T18:02:30","date_gmt":"2022-01-16T17:02:30","guid":{"rendered":"https:\/\/www.topohvar.at\/topo\/?page_id=56014"},"modified":"2025-10-16T17:15:44","modified_gmt":"2025-10-16T15:15:44","slug":"va-pu-03-1","status":"publish","type":"page","link":"https:\/\/www.topohvar.at\/topo\/orte\/va\/va-pu-03-1\/","title":{"rendered":"VRBOSKA &#8211; Objekt \u00bbBiciklisti\u010dka ruta [705] Dra\u010devica\u00ab"},"content":{"rendered":"<p><a name=\"seite_oben\"><\/a><br \/>\n<strong><img loading=\"lazy\" decoding=\"async\" class=\"alignnone wp-image-56550 size-full\" src=\"https:\/\/www.topohvar.at\/wp-content\/uploads\/2022\/01\/biketrack-705.jpg\" alt=\"\" width=\"640\" height=\"314\" srcset=\"https:\/\/www.topohvar.at\/wp-content\/uploads\/2022\/01\/biketrack-705.jpg 640w, https:\/\/www.topohvar.at\/wp-content\/uploads\/2022\/01\/biketrack-705-300x147.jpg 300w\" sizes=\"auto, (max-width: 640px) 100vw, 640px\" \/><\/strong><\/p>\n<p><strong>Ime \/ Name<br \/>\n<\/strong>Objekt \u00bbBiciklisti\u010dka ruta [705] Dra\u010devica\u00ab \/ Radroute [705] &#8222;Dra\u010devica&#8220;<\/p>\n<p><strong>Code: <\/strong>VA-PU-03\u00a0 \u00a0 \u00a0 \u00a0 \u00a0 \u00a0 \u00a0 \u00a0 \u00a0 \u00a0 \u00a0 \u00a0 \u00a0 \u00a0 \u00a0 \u00a0 \u00a0 \u00a0 <a href=\"https:\/\/www.topohvar.at\/orte\/va\/va-ob-01-1\/\"><img loading=\"lazy\" decoding=\"async\" class=\"alignnone wp-image-12300 size-full\" src=\"https:\/\/www.topohvar.at\/wp-content\/uploads\/2018\/09\/push-vor-30.jpg\" alt=\"\" width=\"61\" height=\"30\" \/><\/a>\u00a0<strong><a href=\"https:\/\/www.topohvar.at\/orte\/va\/va-pu-02-1\/\"><img loading=\"lazy\" decoding=\"async\" class=\"alignnone wp-image-533 size-full\" src=\"https:\/\/www.topohvar.at\/wp-content\/uploads\/2018\/07\/push-l-30.jpg\" alt=\"\" width=\"61\" height=\"30\" \/><\/a> <a href=\"https:\/\/www.topohvar.at\/orte\/va\/\"><img loading=\"lazy\" decoding=\"async\" class=\"alignnone wp-image-535 size-full\" src=\"https:\/\/www.topohvar.at\/wp-content\/uploads\/2018\/07\/push-o-30.jpg\" alt=\"\" width=\"61\" height=\"30\" \/><\/a> <a href=\"https:\/\/www.topohvar.at\/topo\/va-pu-04-1\/\"><img loading=\"lazy\" decoding=\"async\" class=\"alignnone wp-image-536 size-full\" src=\"https:\/\/www.topohvar.at\/wp-content\/uploads\/2018\/07\/push-r-30.jpg\" alt=\"\" width=\"61\" height=\"30\" \/><\/a>\u00a0<a href=\"https:\/\/www.topohvar.at\/orte\/va\/va-ov-01-1\/\"><img loading=\"lazy\" decoding=\"async\" class=\"alignnone wp-image-12299 size-full\" src=\"https:\/\/www.topohvar.at\/wp-content\/uploads\/2018\/09\/push-next-30.jpg\" alt=\"\" width=\"61\" height=\"30\" \/><\/a><\/strong><\/p>\n<hr \/>\n<p><strong>Adresa \/ Adresse<br \/>\n<\/strong>Vrboska, Basina, Starogradsko polje, Vrboska<\/p>\n<p><strong>Lokacija<\/strong><strong> \/ Position<br \/>\n<\/strong><span style=\"color: #3366ff;\">Latitude: N 43\u00b0\u00a0 \u00a0Longitude: E 16\u00b0 <\/span><strong><br \/>\n<\/strong>Visina \/ H\u00f6he: 1 m &#8211; 117 m<\/p>\n<p><strong>Katastarska \u010destica <\/strong><strong>\/ Grundst\u00fccke<br \/>\n<\/strong>&#8211;<div class='content-column one_half'><div style=\"padding-right:6px;\"><p><strong>Datum snimanja \/ Erfassungsdatum<br \/>\n<\/strong>01.01.2000 00:00:00<\/p>\n<hr \/>\n<p><strong>Informacije<\/strong><\/p>\n<p>Staza je kru\u017ena i nalazi se na sredi\u0161njem dijelu otoka, ve\u0107im dijelom je makadamski put, a duga je 16,3 km. Staza prolazi kroz Starogradsko polje i okolna sela. Po\u010detak staze je u Vrboskoj, a zatim skre\u0107e prema sjeveru, preko mosta i kanala do makadamske ceste koja vodi kroz maslinike i borovu \u0161umu do uvala Maslinica, Basina i Borova pa prema jugu do Starogradskog polja. Prije Staroga Grada, staza skre\u0107e prema istoku do Vrboske, gdje je ujedno i kraj staze.<\/p><\/div><\/div><div class='content-column one_half last_column'><div style=\"padding-right:0px;padding-left:6px;\"><p><strong>Stupanj za\u0161tite<\/strong><strong> \/ Schutzstellung<br \/>\n<\/strong>&#8211;<\/p>\n<hr \/>\n<p><strong>Info<\/strong><\/p>\n<p>Die Radrunde befindet sich im zentralen Teil der Insel, besteht haupts\u00e4chlich aus Schotterstra\u00dfen und ist 16,3 km lang. Der Weg f\u00fchrt durch die Starigrader Ebene und die umliegenden D\u00f6rfer. Der Weg beginnt in Vrboska und biegt dann nach Norden ab. \u00dcber eine Br\u00fccke und einen Kanal gelangt man zu einer Schotterstra\u00dfe, die durch Olivenhaine und einen Kiefernwald zu den Buchten Maslinica, Basina und Borova und dann nach S\u00fcden wieder in die Starigrader Ebene f\u00fchrt. Vor der Stadt Stari Grad biegt der Weg zur\u00fcck nach Vrboska zum Ende der Route ab.<\/p><\/div><\/div><div class='clear_column'><\/div><div class='content-column one_half'><div style=\"padding-right:6px;\"><p>Du\u017eina: 16,30 km<br \/>\nAsfalt: 7,80 km \/ 47,85%<br \/>\nMakadam: 8,50 km \/ 52,15 %<br \/>\nNajni\u017ea to\u010dka: 1 m<br \/>\nNajvi\u0161a to\u010dka: 77 m<br \/>\nUkupno metara uspona: 180 m<\/p><\/div><\/div><div class='content-column one_half last_column'><div style=\"padding-right:0px;padding-left:6px;\"><p>L\u00e4nge: 16,30 km<br \/>\nAsphalt: 7,80 km \/ 47,85 %<br \/>\nMakadam: 8,50 km \/ 52,15 %<br \/>\nNiedrigster Punkt: 1 m<br \/>\nH\u00f6chster Punkt: 77 m<br \/>\nH\u00f6henmeter (Aufstieg) insgesamt: 180 m<\/p><\/div><\/div><div class='clear_column'><\/div><\/p>\n<p><img loading=\"lazy\" decoding=\"async\" class=\"alignnone size-full wp-image-56551\" src=\"https:\/\/www.topohvar.at\/wp-content\/uploads\/2022\/01\/bike-705.jpg\" alt=\"\" width=\"1080\" height=\"450\" srcset=\"https:\/\/www.topohvar.at\/wp-content\/uploads\/2022\/01\/bike-705.jpg 1080w, https:\/\/www.topohvar.at\/wp-content\/uploads\/2022\/01\/bike-705-300x125.jpg 300w, https:\/\/www.topohvar.at\/wp-content\/uploads\/2022\/01\/bike-705-1024x427.jpg 1024w, https:\/\/www.topohvar.at\/wp-content\/uploads\/2022\/01\/bike-705-768x320.jpg 768w\" sizes=\"auto, (max-width: 1080px) 100vw, 1080px\" \/><\/p>\n<p style=\"text-align: center;\"><em>(Izvor: \/ Quelle: <span style=\"color: #3366ff;\"><a style=\"color: #3366ff;\" href=\"https:\/\/tzjelsa.hr\/hr\/626\/biciklisticke-rute\/\">TZ Jelsa<\/a><\/span>)<\/em><\/p>\n<p style=\"text-align: right;\"><span style=\"color: #3366ff;\"><a style=\"color: #3366ff;\" href=\"#seite_oben\">natrag na vrh \/ Seitenanfang<\/a><\/span><\/p>\n<hr \/>\n<p><strong>Linkovi \/ Links<\/strong><\/p>\n<p><span style=\"color: #3366ff;\"><a style=\"color: #3366ff;\" href=\"https:\/\/www.topohvar.at\/topo\/orte\/sg\/sg-ob-04-1\/\">Objekt \u00bbServis bicikla (Starogradskog polje)\u00ab \/ Radstation (Starigrader Ebene)<\/a><br \/>\n<a style=\"color: #3366ff;\" href=\"https:\/\/www.topohvar.at\/topo\/orte\/va\/va-pu-02-1\/\">Objekt \u00bbBiciklisti\u010dka ruta Ba\u0161tina\u00ab \/ Radroute &#8222;Kulturerbe&#8220;<\/a><br \/>\n<a class=\"ytp-title-link yt-uix-sessionlink\" style=\"color: #3366ff;\" tabindex=\"-1\" href=\"https:\/\/www.youtube.com\/watch?v=__eRtvDZJcQ\" target=\"_blank\" rel=\"noopener\" data-sessionlink=\"feature=player-title\">VIDEO &#8211; Cycling IslandofHvar Jelsa2019<\/a><\/span><\/p>\n","protected":false},"excerpt":{"rendered":"<p>Ime \/ Name Objekt \u00bbBiciklisti\u010dka ruta [705] Dra\u010devica\u00ab \/ Radroute [705] &#8222;Dra\u010devica&#8220; Code: VA-PU-03\u00a0 \u00a0 \u00a0 \u00a0 \u00a0 \u00a0 \u00a0 \u00a0 \u00a0 \u00a0 \u00a0 \u00a0 \u00a0 \u00a0 \u00a0 \u00a0 \u00a0 \u00a0 \u00a0 \u00a0 Adresa \/ Adresse Vrboska, Basina, Starogradsko polje, &hellip; <a href=\"https:\/\/www.topohvar.at\/topo\/orte\/va\/va-pu-03-1\/\">Weiterlesen <span class=\"meta-nav\">&rarr;<\/span><\/a><\/p>\n","protected":false},"author":1,"featured_media":0,"parent":109,"menu_order":0,"comment_status":"closed","ping_status":"closed","template":"","meta":{"footnotes":""},"class_list":["post-56014","page","type-page","status-publish","hentry"],"_links":{"self":[{"href":"https:\/\/www.topohvar.at\/topo\/wp-json\/wp\/v2\/pages\/56014","targetHints":{"allow":["GET"]}}],"collection":[{"href":"https:\/\/www.topohvar.at\/topo\/wp-json\/wp\/v2\/pages"}],"about":[{"href":"https:\/\/www.topohvar.at\/topo\/wp-json\/wp\/v2\/types\/page"}],"author":[{"embeddable":true,"href":"https:\/\/www.topohvar.at\/topo\/wp-json\/wp\/v2\/users\/1"}],"replies":[{"embeddable":true,"href":"https:\/\/www.topohvar.at\/topo\/wp-json\/wp\/v2\/comments?post=56014"}],"version-history":[{"count":7,"href":"https:\/\/www.topohvar.at\/topo\/wp-json\/wp\/v2\/pages\/56014\/revisions"}],"predecessor-version":[{"id":72769,"href":"https:\/\/www.topohvar.at\/topo\/wp-json\/wp\/v2\/pages\/56014\/revisions\/72769"}],"up":[{"embeddable":true,"href":"https:\/\/www.topohvar.at\/topo\/wp-json\/wp\/v2\/pages\/109"}],"wp:attachment":[{"href":"https:\/\/www.topohvar.at\/topo\/wp-json\/wp\/v2\/media?parent=56014"}],"curies":[{"name":"wp","href":"https:\/\/api.w.org\/{rel}","templated":true}]}}