{"id":5603,"date":"2018-08-15T12:15:08","date_gmt":"2018-08-15T10:15:08","guid":{"rendered":"https:\/\/www.topohvar.at\/?page_id=5603"},"modified":"2021-05-31T10:58:10","modified_gmt":"2021-05-31T08:58:10","slug":"ru-tr-08-1","status":"publish","type":"page","link":"https:\/\/www.topohvar.at\/topo\/orte\/ru\/ru-tr-08-1\/","title":{"rendered":"RUDINA &#8211; Dvojni trim \u00bbRU-TR-08\u00ab"},"content":{"rendered":"<p><a name=\"seite_oben\"><\/a><br \/>\n<strong><img loading=\"lazy\" decoding=\"async\" class=\"alignnone wp-image-13236 size-large\" src=\"https:\/\/www.topohvar.at\/wp-content\/uploads\/2018\/12\/ru-tr-08-12-1024x503.jpg\" alt=\"\" width=\"640\" height=\"314\" srcset=\"https:\/\/www.topohvar.at\/wp-content\/uploads\/2018\/12\/ru-tr-08-12-1024x503.jpg 1024w, https:\/\/www.topohvar.at\/wp-content\/uploads\/2018\/12\/ru-tr-08-12-300x147.jpg 300w, https:\/\/www.topohvar.at\/wp-content\/uploads\/2018\/12\/ru-tr-08-12-768x377.jpg 768w, https:\/\/www.topohvar.at\/wp-content\/uploads\/2018\/12\/ru-tr-08-12.jpg 1080w\" sizes=\"auto, (max-width: 640px) 100vw, 640px\" \/><\/strong><\/p>\n<p><strong>Ime \/ Name<br \/>\n<\/strong>Dvojni trim \/ Doppeltrim \u00bbRU-TR-08\u00ab<\/p>\n<p><strong>Code: <\/strong>RU-TR-08\u00a0 \u00a0 \u00a0 \u00a0 \u00a0 \u00a0 \u00a0 \u00a0 \u00a0 \u00a0 \u00a0 \u00a0<strong>\u00a0 \u00a0 \u00a0 \u00a0 <a href=\"https:\/\/www.topohvar.at\/orte\/ru\/ru-tr-00-1\/\"><img loading=\"lazy\" decoding=\"async\" class=\"alignnone wp-image-12300 size-full\" src=\"https:\/\/www.topohvar.at\/wp-content\/uploads\/2018\/09\/push-vor-30.jpg\" alt=\"\" width=\"61\" height=\"30\" \/><\/a> <a href=\"https:\/\/www.topohvar.at\/orte\/ru\/ru-tr-43-1\/\"><img loading=\"lazy\" decoding=\"async\" class=\"alignnone wp-image-533 size-full\" src=\"https:\/\/www.topohvar.at\/wp-content\/uploads\/2018\/07\/push-l-30.jpg\" alt=\"\" width=\"61\" height=\"30\" \/><\/a>\u00a0<a href=\"https:\/\/www.topohvar.at\/orte\/ru\/\"><img loading=\"lazy\" decoding=\"async\" class=\"alignnone wp-image-535 size-full\" src=\"https:\/\/www.topohvar.at\/wp-content\/uploads\/2018\/07\/push-o-30.jpg\" alt=\"\" width=\"61\" height=\"30\" \/><\/a>\u00a0<a href=\"https:\/\/www.topohvar.at\/orte\/ru\/ru-tr-09-1\/\"><img loading=\"lazy\" decoding=\"async\" class=\"alignnone wp-image-536 size-full\" src=\"https:\/\/www.topohvar.at\/wp-content\/uploads\/2018\/07\/push-r-30.jpg\" alt=\"\" width=\"61\" height=\"30\" \/><\/a><\/strong><\/p>\n<hr \/>\n<p><strong>Adresa \/ Adresse<br \/>\n<\/strong>Mala Rudina, sjeverno od mjesta \/ n\u00f6rdlich des Ortes<\/p>\n<p><strong>Lokacija \/ Position<a href=\"https:\/\/goo.gl\/maps\/3pFgk4fEGAADi6qZA\"><img loading=\"lazy\" decoding=\"async\" class=\"alignright wp-image-12521\" src=\"https:\/\/www.topohvar.at\/wp-content\/uploads\/2018\/09\/0502.jpg\" alt=\"\" width=\"134\" height=\"100\" \/><\/a><br \/>\n<\/strong><span style=\"color: #3366ff;\"><a style=\"color: #3366ff;\" href=\"https:\/\/goo.gl\/maps\/3pFgk4fEGAADi6qZA\">Latitude: N 43,20842\u00b0\u00a0 \u00a0 Longitude: E 16,59512\u00b0\u00a0<\/a><\/span><strong><br \/>\n<\/strong>Visina \/ H\u00f6he: 87 m<\/p>\n<p><strong>Katastarska \u010destica \/ Grundst\u00fccke<br \/>\n<\/strong>9265\/2, 9267, 10784 (Stari Grad, Rudine)<div class='content-column one_half'><div style=\"padding-right:6px;\"><p><strong>Datum snimanja \/ Erfassungsdatum<br \/>\n<\/strong>27.09.2015 12:28:44<\/p>\n<hr \/>\n<p><strong>Informacije<\/strong><\/p>\n<p>Zanimljiv dvojni trim nalazi se uz put, sjeverno od sela Mala Rudina. Put je na ju\u017enoj strani uokviren visokim zidom, tako da je trim jedva primjetan. Dva trima imaju pravilan okrugli tlocrt. Kvadratni prostor pred ulazima okru\u017een je zidovima i jako je obraslo. Ve\u0107i trim (A) je jednostupanjski, manji (B) dvostupanjski.<\/p><\/div><\/div><div class='content-column one_half last_column'><div style=\"padding-right:0px;padding-left:6px;\"><p><strong>Stupanj za\u0161tite \/ Schutzstellung<br \/>\n<\/strong>&#8211;<\/p>\n<hr \/>\n<p><strong>Info<\/strong><\/p>\n<p>Der interessante Doppeltrim liegt am Wegrand n\u00f6rdlich des Dorfes Mala Rudina. Der Weg wird hier auf seiner S\u00fcdseite von einer hohen Mauer einges\u00e4umt, sodass man den Trim kaum bemerkt. Die beiden Trims haben einen regelm\u00e4\u00dfigen runden Grundriss. Ihr Vorplatz ist von Mauern umgeben und stark bewachsen.\u00a0 Der gr\u00f6\u00dfere Trim (A) ist einstufig, der kleinere (B) zweistufig.<\/p><\/div><\/div><div class='clear_column'><\/div><div class='content-column one_half'><div style=\"padding-right:6px;\"><div id=\"attachment_21696\" style=\"width: 310px\" class=\"wp-caption aligncenter\"><img loading=\"lazy\" decoding=\"async\" aria-describedby=\"caption-attachment-21696\" class=\"wp-image-21696 size-full\" src=\"https:\/\/www.topohvar.at\/wp-content\/uploads\/2019\/04\/ru-tr-08-24.jpg\" alt=\"\" width=\"300\" height=\"300\" srcset=\"https:\/\/www.topohvar.at\/wp-content\/uploads\/2019\/04\/ru-tr-08-24.jpg 300w, https:\/\/www.topohvar.at\/wp-content\/uploads\/2019\/04\/ru-tr-08-24-150x150.jpg 150w\" sizes=\"auto, (max-width: 300px) 100vw, 300px\" \/><p id=\"caption-attachment-21696\" class=\"wp-caption-text\">Trim A, ulaz \/ Trim A, Eingang<\/p><\/div>\n<p>Dana 26.09.2018. trim je posje\u0107en i ustanovljeno je sljede\u0107e:<\/p>\n<p><strong>Trim A<\/strong><\/p>\n<p>Lokacija: grmlje<br \/>\nPodloga: ravna<br \/>\nPovezan s: drugim trimom, kamenim zidom<br \/>\nUpotreba: ne koristi se<br \/>\nStanje: dobro sa\u010duvan<br \/>\nBroj stepenica trima: 1<br \/>\nDodatni kameni prsten: nema kamenog prstena<br \/>\nStepeni\u0161te: nema<br \/>\nOblik kamena: uglast<br \/>\nPodru\u010dje ispred ulaza: zaraslo<br \/>\nOrijentacija ulaza: SZ (330\u00b0)<br \/>\nPromjer trima (cm): 420<br \/>\nVisina trima (cm): 280<br \/>\nVisina stepenica (cm): stepenica 1: 210<br \/>\nDebljina zida (cm): 80<br \/>\n\u0160irina vrata (cm): 60<br \/>\nVisina vrata (cm): 130<br \/>\n\u0160irina unutra (cm): 260<br \/>\nVisina unutra (cm): 260<br \/>\nVolumen iznutra (m3): 9,06<br \/>\nNema ni\u0161e<\/p><\/div><\/div><div class='content-column one_half last_column'><div style=\"padding-right:0px;padding-left:6px;\"><div id=\"attachment_21695\" style=\"width: 310px\" class=\"wp-caption aligncenter\"><img loading=\"lazy\" decoding=\"async\" aria-describedby=\"caption-attachment-21695\" class=\"wp-image-21695 size-full\" src=\"https:\/\/www.topohvar.at\/wp-content\/uploads\/2019\/04\/ru-tr-08-22.jpg\" alt=\"\" width=\"300\" height=\"300\" srcset=\"https:\/\/www.topohvar.at\/wp-content\/uploads\/2019\/04\/ru-tr-08-22.jpg 300w, https:\/\/www.topohvar.at\/wp-content\/uploads\/2019\/04\/ru-tr-08-22-150x150.jpg 150w\" sizes=\"auto, (max-width: 300px) 100vw, 300px\" \/><p id=\"caption-attachment-21695\" class=\"wp-caption-text\">Dvojni trim, ulazni prostor \/ Doppeltrim, Eingangsbereich<\/p><\/div>\n<p>Am 26.09.2018 wurde der Trim besucht und n\u00e4her untersucht:<strong><br \/>\n<\/strong><br \/>\n<strong>Trim A<\/strong><\/p>\n<p>Standort: Buschwerk<br \/>\nUntergrund: eben<br \/>\nVerbunden mit: Trim und Steinmauer<br \/>\nNutzung: ungenutzt<br \/>\nZustand: gut erhalten<br \/>\nAnzahl der Trimstufen: 1<br \/>\nZus\u00e4tzlicher Steinring: kein Steinring<br \/>\nStiege: keine<br \/>\nSteinform: kantig<br \/>\nEingangsbereich: verwachsen<br \/>\nEingangsseite: NW (330\u00b0)<br \/>\nTrimdurchmesser (cm): 420<br \/>\nTrimh\u00f6he (cm): 280<br \/>\nH\u00f6he der Trimstufen (cm): Stufe 1: 210<br \/>\nWandst\u00e4rke: 80<br \/>\nT\u00fcrbreite (cm): 60<br \/>\nT\u00fcrh\u00f6he (cm): 130<br \/>\nInnenraumbreite (cm): 260<br \/>\nInnenraumh\u00f6he (cm): 260<br \/>\nRaumvolumen (m3): 9,06<br \/>\nKeine Nische<\/p><\/div><\/div><div class='clear_column'><\/div><div class='content-column one_half'><div style=\"padding-right:6px;\"><div id=\"attachment_21699\" style=\"width: 310px\" class=\"wp-caption aligncenter\"><img loading=\"lazy\" decoding=\"async\" aria-describedby=\"caption-attachment-21699\" class=\"wp-image-21699 size-full\" src=\"https:\/\/www.topohvar.at\/wp-content\/uploads\/2019\/04\/ru-tr-08-23.jpg\" alt=\"\" width=\"300\" height=\"300\" srcset=\"https:\/\/www.topohvar.at\/wp-content\/uploads\/2019\/04\/ru-tr-08-23.jpg 300w, https:\/\/www.topohvar.at\/wp-content\/uploads\/2019\/04\/ru-tr-08-23-150x150.jpg 150w\" sizes=\"auto, (max-width: 300px) 100vw, 300px\" \/><p id=\"caption-attachment-21699\" class=\"wp-caption-text\">Trim B, ulaz \/ Trim B, Eingang<\/p><\/div>\n<p><strong>Trim B<\/strong><\/p>\n<p>Lokacija: grmlje<br \/>\nPodloga: ravna<br \/>\nPovezan s: drugim trimom i kamenim zidom<br \/>\nUpotreba: ne koristi se<br \/>\nStanje: dobro sa\u010duvan<br \/>\nBroj stepenica trima: 2<br \/>\nDodatni kameni prsten: nema kamenog prstena<br \/>\nStepeni\u0161te: nema<br \/>\nOblik kamena: uglast<br \/>\nPodru\u010dje ispred ulaza: zaraslo<br \/>\nOrijentacija ulaza: JZ (240\u00b0)<br \/>\nPromjer trima (cm): 360<br \/>\nVisina trima (cm): 220<br \/>\nVisina stepenica (cm): stepenica 1: 150, stepenica 2: 200<br \/>\nDebljina zida (cm): 80<br \/>\n\u0160irina vrata (cm): 80<br \/>\nVisina vrata (cm): 125<br \/>\n\u0160irina unutra (cm): 200<br \/>\nVisina unutra (cm): 200<br \/>\nVolumen iznutra (m3): 4,42<br \/>\nNema ni\u0161e<\/p><\/div><\/div><div class='content-column one_half last_column'><div style=\"padding-right:0px;padding-left:6px;\"><div id=\"attachment_21698\" style=\"width: 310px\" class=\"wp-caption aligncenter\"><img loading=\"lazy\" decoding=\"async\" aria-describedby=\"caption-attachment-21698\" class=\"wp-image-21698 size-full\" src=\"https:\/\/www.topohvar.at\/wp-content\/uploads\/2019\/04\/ru-tr-08-20.jpg\" alt=\"\" width=\"300\" height=\"300\" srcset=\"https:\/\/www.topohvar.at\/wp-content\/uploads\/2019\/04\/ru-tr-08-20.jpg 300w, https:\/\/www.topohvar.at\/wp-content\/uploads\/2019\/04\/ru-tr-08-20-150x150.jpg 150w\" sizes=\"auto, (max-width: 300px) 100vw, 300px\" \/><p id=\"caption-attachment-21698\" class=\"wp-caption-text\">Pogled straga sa staze \/ R\u00fcckansicht vom Weg aus<\/p><\/div>\n<p><strong>Trim B<\/strong><\/p>\n<p>Standort: Buschwerk<br \/>\nUntergrund: eben<br \/>\nVerbunden mit: Trim , Steinhaufen ungeordnet<br \/>\nNutzung: ungenutzt<br \/>\nZustand: gut erhalten<br \/>\nAnzahl der Trimstufen: 2<br \/>\nZus\u00e4tzlicher Steinring: kein Steinring<br \/>\nStiege: keine<br \/>\nSteinform: kantig<br \/>\nEingangsbereich: verwachsen<br \/>\nEingangsseite: SW (240\u00b0)<br \/>\nTrimdurchmesser (cm): 360<br \/>\nTrimh\u00f6he (cm): 220<br \/>\nH\u00f6he der Trimstufen (cm): Stufe 1: 150, Stufe 2: 200<br \/>\nWandst\u00e4rke: 80<br \/>\nT\u00fcrbreite (cm): 80<br \/>\nT\u00fcrh\u00f6he (cm): 125<br \/>\nInnenraumbreite (cm): 200<br \/>\nInnenraumh\u00f6he (cm): 200<br \/>\nRaumvolumen (m3): 4,42<br \/>\nKeine Nische<\/p><\/div><\/div><div class='clear_column'><\/div><br \/>\n<img loading=\"lazy\" decoding=\"async\" class=\"alignnone size-full wp-image-13231\" src=\"https:\/\/www.topohvar.at\/wp-content\/uploads\/2018\/12\/ru-tr-08-sca.jpg\" alt=\"\" width=\"600\" height=\"900\" srcset=\"https:\/\/www.topohvar.at\/wp-content\/uploads\/2018\/12\/ru-tr-08-sca.jpg 600w, https:\/\/www.topohvar.at\/wp-content\/uploads\/2018\/12\/ru-tr-08-sca-200x300.jpg 200w\" sizes=\"auto, (max-width: 600px) 100vw, 600px\" \/><\/p>\n<p style=\"text-align: right;\"><span style=\"color: #3366ff;\"><a style=\"color: #3366ff;\" href=\"#seite_oben\">Natrag na vrh \/ Seitenanfang<\/a><\/span><\/p>\n<hr \/>\n<p><strong>Linkovi \/ Links<\/strong><\/p>\n<p>&#8211;<\/p>\n","protected":false},"excerpt":{"rendered":"<p>Ime \/ Name Dvojni trim \/ Doppeltrim \u00bbRU-TR-08\u00ab Code: RU-TR-08\u00a0 \u00a0 \u00a0 \u00a0 \u00a0 \u00a0 \u00a0 \u00a0 \u00a0 \u00a0 \u00a0 \u00a0\u00a0 \u00a0 \u00a0 \u00a0 \u00a0\u00a0 Adresa \/ Adresse Mala Rudina, sjeverno od mjesta \/ n\u00f6rdlich des Ortes Lokacija \/ Position &hellip; <a href=\"https:\/\/www.topohvar.at\/topo\/orte\/ru\/ru-tr-08-1\/\">Weiterlesen <span class=\"meta-nav\">&rarr;<\/span><\/a><\/p>\n","protected":false},"author":1,"featured_media":0,"parent":93,"menu_order":0,"comment_status":"closed","ping_status":"closed","template":"","meta":{"footnotes":""},"class_list":["post-5603","page","type-page","status-publish","hentry"],"_links":{"self":[{"href":"https:\/\/www.topohvar.at\/topo\/wp-json\/wp\/v2\/pages\/5603","targetHints":{"allow":["GET"]}}],"collection":[{"href":"https:\/\/www.topohvar.at\/topo\/wp-json\/wp\/v2\/pages"}],"about":[{"href":"https:\/\/www.topohvar.at\/topo\/wp-json\/wp\/v2\/types\/page"}],"author":[{"embeddable":true,"href":"https:\/\/www.topohvar.at\/topo\/wp-json\/wp\/v2\/users\/1"}],"replies":[{"embeddable":true,"href":"https:\/\/www.topohvar.at\/topo\/wp-json\/wp\/v2\/comments?post=5603"}],"version-history":[{"count":31,"href":"https:\/\/www.topohvar.at\/topo\/wp-json\/wp\/v2\/pages\/5603\/revisions"}],"predecessor-version":[{"id":49575,"href":"https:\/\/www.topohvar.at\/topo\/wp-json\/wp\/v2\/pages\/5603\/revisions\/49575"}],"up":[{"embeddable":true,"href":"https:\/\/www.topohvar.at\/topo\/wp-json\/wp\/v2\/pages\/93"}],"wp:attachment":[{"href":"https:\/\/www.topohvar.at\/topo\/wp-json\/wp\/v2\/media?parent=5603"}],"curies":[{"name":"wp","href":"https:\/\/api.w.org\/{rel}","templated":true}]}}