{"id":56043,"date":"2022-01-16T19:11:08","date_gmt":"2022-01-16T18:11:08","guid":{"rendered":"https:\/\/www.topohvar.at\/topo\/?page_id=56043"},"modified":"2022-01-21T19:15:58","modified_gmt":"2022-01-21T18:15:58","slug":"ru-pu-01-1","status":"publish","type":"page","link":"https:\/\/www.topohvar.at\/topo\/orte\/ru\/ru-pu-01-1\/","title":{"rendered":"RUDINA &#8211; Objekt \u00bbBiciklisti\u010dka ruta [706] Kabal\u00ab"},"content":{"rendered":"<p><a name=\"seite_oben\"><\/a><br \/>\n<strong><img loading=\"lazy\" decoding=\"async\" class=\"alignnone wp-image-56526 size-full\" src=\"https:\/\/www.topohvar.at\/wp-content\/uploads\/2022\/01\/biketrack-706.jpg\" alt=\"\" width=\"640\" height=\"314\" srcset=\"https:\/\/www.topohvar.at\/wp-content\/uploads\/2022\/01\/biketrack-706.jpg 640w, https:\/\/www.topohvar.at\/wp-content\/uploads\/2022\/01\/biketrack-706-300x147.jpg 300w\" sizes=\"auto, (max-width: 640px) 100vw, 640px\" \/><\/strong><\/p>\n<p><strong>Ime \/ Name<br \/>\n<\/strong>Objekt \u00bbBiciklisti\u010dka ruta [706] Kabal\u00ab \/ Radroute [706]&#8220;Kabal&#8220;<\/p>\n<p><strong>Code: <\/strong>RU-PU-01\u00a0 \u00a0 \u00a0 \u00a0 \u00a0 \u00a0 \u00a0 \u00a0 \u00a0 \u00a0 \u00a0 \u00a0<strong>\u00a0 \u00a0 \u00a0 \u00a0 \u00a0 \u00a0 \u00a0 \u00a0 \u00a0 <a href=\"https:\/\/www.topohvar.at\/orte\/ru\/ru-ob-02-1\/\"><img loading=\"lazy\" decoding=\"async\" class=\"alignnone wp-image-12300 size-full\" src=\"https:\/\/www.topohvar.at\/wp-content\/uploads\/2018\/09\/push-vor-30.jpg\" alt=\"\" width=\"61\" height=\"30\" \/><\/a>\u00a0<a href=\"https:\/\/www.topohvar.at\/orte\/ru\/ru-ob-01-1\/\"><img loading=\"lazy\" decoding=\"async\" class=\"alignnone wp-image-533 size-full\" src=\"https:\/\/www.topohvar.at\/wp-content\/uploads\/2018\/07\/push-l-30.jpg\" alt=\"\" width=\"61\" height=\"30\" \/><\/a>\u00a0<a href=\"https:\/\/www.topohvar.at\/orte\/ru\/\"><img loading=\"lazy\" decoding=\"async\" class=\"alignnone wp-image-535 size-full\" src=\"https:\/\/www.topohvar.at\/wp-content\/uploads\/2018\/07\/push-o-30.jpg\" alt=\"\" width=\"61\" height=\"30\" \/><\/a> <a href=\"https:\/\/www.topohvar.at\/orte\/ru\/ru-os-01-1\/\"><img loading=\"lazy\" decoding=\"async\" class=\"alignnone wp-image-536 size-full\" src=\"https:\/\/www.topohvar.at\/wp-content\/uploads\/2018\/07\/push-r-30.jpg\" alt=\"\" width=\"61\" height=\"30\" \/><\/a><\/strong><\/p>\n<hr \/>\n<p><strong>Adresa \/ Adresse<br \/>\n<\/strong>Vela Rudina, Kabal, Arkada, Stari Grad, Vela Rudina<\/p>\n<p><strong>Lokacija<\/strong><strong> \/ Position<br \/>\n<\/strong><span style=\"color: #3366ff;\">Latitude: N 43\u00b0\u00a0 \u00a0Longitude: E 16\u00b0 <\/span><strong><br \/>\n<\/strong>Visina \/ H\u00f6he: 1 m &#8211; 117 m<\/p>\n<p><strong>Katastarska \u010destica <\/strong><strong>\/ Grundst\u00fccke<br \/>\n<\/strong>&#8211;<div class='content-column one_half'><div style=\"padding-right:6px;\"><p><strong>Datum snimanja \/ Erfassungsdatum<br \/>\n<\/strong>01.01.2000 00:00:00<\/p>\n<hr \/>\n<p><strong>Informacije<\/strong><\/p>\n<p>Staza uglavnom prolazi kroz poluotok Kabal. Na zapadu se grana. Staza po\u010dinje u centru Starog Grada u gradskom parku, gdje se nalazi i servis za bicikle. Zatim se staza nastavlja na sjever do sela Rudine. Od Rudina skre\u0107e prema poluotoku Kabal. Na po\u010detku poluotoka nalazi se servis bicikala i tu po\u010dinje makadamski put prema zapadu. Na zapadu se staza odvaja i vodi do dva rta, ali gdje se morate vratiti istom stazom. Tu \u0107ete nai\u0107i na brojne uvale, a pogled se pru\u017ea na zapadni dio otoka Hvara i ju\u017eni dio otoka Bra\u010da. Po povratku prema Starome Gradu, staza prolazi ju\u017enim dijelom poluotoka, ispod hotela Arkada, \u0161etnicom uz more do zavr\u0161etka ispred ureda TZ Staroga Grada. Staza je kombinacija asfaltirane ceste i makadamskih puteva, a duga je 24,7 km.<\/p><\/div><\/div><div class='content-column one_half last_column'><div style=\"padding-right:0px;padding-left:6px;\"><p><strong>Stupanj za\u0161tite<\/strong><strong> \/ Schutzstellung<br \/>\n<\/strong>&#8211;<\/p>\n<hr \/>\n<p><strong>Info<\/strong><\/p>\n<p>Die Route f\u00fchrt gr\u00f6\u00dftenteils durch die Halbinsel Kabal. Im Westen verzweigt er sich. Der Weg beginnt im Zentrum von Stari Grad im Stadtpark wo sich auch eine Rad- Servicestation befindet. Der Weg f\u00fchrt dann weiter nach Norden zum Dorf Rudine. Von Rudine biegt er in Richtung der Halbinsel Kabal ab. Am Beginn der Halbinsel befindet sich eine Rad-Servicestation und hier beginnt auch die Makadamstra\u00dfe Richtung Westen. Im Westen verzweigt sich der Weg und f\u00fchrt zu zwei Kaps, wo man aber auf demselben Weg zur\u00fcckkehren muss. Hier finden Sie viele Buchten, und der Blick reicht bis zum westlichen Teil der Insel Hvar und zum s\u00fcdlichen Teil der Insel Brac. Die R\u00fcckkehr nach Stari Grad f\u00fchrt\u00a0 durch den s\u00fcdlichen Teil der Halbinsel, unterhalb des Hotels Arkada, entlang der Promenade am Meer bis zum Ende vor dem B\u00fcro des Fremdenverkehrsamtes in Stari Grad. Der Weg ist eine Kombination aus Asphaltstra\u00dfe und Schotterstra\u00dfen und ist 24,7 km lang.<\/p><\/div><\/div><div class='clear_column'><\/div><div class='content-column one_half'><div style=\"padding-right:6px;\"><p>Du\u017eina: 24,70 km<br \/>\nAsfalt: 8,40 km \/ 34,00 %<br \/>\nMakadam: 16,30 km \/ 66,00 %<br \/>\nNajni\u017ea to\u010dka: 0 m<br \/>\nNajvi\u0161a to\u010dka: 119 m<br \/>\nUkupno metara uspona: 443 m<\/p><\/div><\/div><div class='content-column one_half last_column'><div style=\"padding-right:0px;padding-left:6px;\"><p>L\u00e4nge: 24,70 km<br \/>\nAsphalt: 8,40 km \/ 34,00 %<br \/>\nMakadam: 16,30 km \/ 66,00 %<br \/>\nTiefster Punkt: 0 m<br \/>\nH\u00f6chster Punkt: 119 m<br \/>\nH\u00f6henmeter (Aufstieg) insgesamt: 443 m<\/p><\/div><\/div><div class='clear_column'><\/div><\/p>\n<p><img loading=\"lazy\" decoding=\"async\" class=\"size-full wp-image-56527\" src=\"https:\/\/www.topohvar.at\/wp-content\/uploads\/2022\/01\/bike-706.jpg\" alt=\"\" width=\"1080\" height=\"450\" srcset=\"https:\/\/www.topohvar.at\/wp-content\/uploads\/2022\/01\/bike-706.jpg 1080w, https:\/\/www.topohvar.at\/wp-content\/uploads\/2022\/01\/bike-706-300x125.jpg 300w, https:\/\/www.topohvar.at\/wp-content\/uploads\/2022\/01\/bike-706-1024x427.jpg 1024w, https:\/\/www.topohvar.at\/wp-content\/uploads\/2022\/01\/bike-706-768x320.jpg 768w\" sizes=\"auto, (max-width: 1080px) 100vw, 1080px\" \/><\/p>\n<p style=\"text-align: center;\"><em>(Izvor: \/ Quelle: <span style=\"color: #3366ff;\"><a style=\"color: #3366ff;\" href=\"https:\/\/tzjelsa.hr\/hr\/626\/biciklisticke-rute\/\">TZ Jelsa<\/a><\/span>)<\/em><\/p>\n<p style=\"text-align: right;\"><span style=\"color: #3366ff;\"><a style=\"color: #3366ff;\" href=\"#seite_oben\">natrag na vrh \/ Seitenanfang<\/a><\/span><\/p>\n<hr \/>\n<p><strong>Linkovi \/ Links<\/strong><\/p>\n<p><span style=\"color: #3366ff;\"><a style=\"color: #3366ff;\" href=\"https:\/\/www.topohvar.at\/orte\/sg\/sg-ob-11-1\/\">Objekt \u00bbServis bicikla (Stari Grad)\u00ab \/ Radstation (Stari Grad)<\/a><br \/>\n<a style=\"color: #3366ff;\" href=\"https:\/\/www.topohvar.at\/orte\/ru\/ru-ob-06-1\/\">Objekt \u00bbServis bicikla (Rudina, Kabal)\u00ab \/ Radstation (Rudina, Kabal)<\/a><br \/>\n<a class=\"ytp-title-link yt-uix-sessionlink\" style=\"color: #3366ff;\" tabindex=\"-1\" href=\"https:\/\/www.youtube.com\/watch?v=__eRtvDZJcQ\" target=\"_blank\" rel=\"noopener\" data-sessionlink=\"feature=player-title\">VIDEO &#8211; Cycling IslandofHvar Jelsa2019<\/a><\/span><\/p>\n","protected":false},"excerpt":{"rendered":"<p>Ime \/ Name Objekt \u00bbBiciklisti\u010dka ruta [706] Kabal\u00ab \/ Radroute [706]&#8220;Kabal&#8220; Code: RU-PU-01\u00a0 \u00a0 \u00a0 \u00a0 \u00a0 \u00a0 \u00a0 \u00a0 \u00a0 \u00a0 \u00a0 \u00a0\u00a0 \u00a0 \u00a0 \u00a0 \u00a0 \u00a0 \u00a0 \u00a0 \u00a0 \u00a0\u00a0 Adresa \/ Adresse Vela Rudina, Kabal, Arkada, &hellip; <a href=\"https:\/\/www.topohvar.at\/topo\/orte\/ru\/ru-pu-01-1\/\">Weiterlesen <span class=\"meta-nav\">&rarr;<\/span><\/a><\/p>\n","protected":false},"author":1,"featured_media":0,"parent":93,"menu_order":0,"comment_status":"closed","ping_status":"closed","template":"","meta":{"footnotes":""},"class_list":["post-56043","page","type-page","status-publish","hentry"],"_links":{"self":[{"href":"https:\/\/www.topohvar.at\/topo\/wp-json\/wp\/v2\/pages\/56043","targetHints":{"allow":["GET"]}}],"collection":[{"href":"https:\/\/www.topohvar.at\/topo\/wp-json\/wp\/v2\/pages"}],"about":[{"href":"https:\/\/www.topohvar.at\/topo\/wp-json\/wp\/v2\/types\/page"}],"author":[{"embeddable":true,"href":"https:\/\/www.topohvar.at\/topo\/wp-json\/wp\/v2\/users\/1"}],"replies":[{"embeddable":true,"href":"https:\/\/www.topohvar.at\/topo\/wp-json\/wp\/v2\/comments?post=56043"}],"version-history":[{"count":5,"href":"https:\/\/www.topohvar.at\/topo\/wp-json\/wp\/v2\/pages\/56043\/revisions"}],"predecessor-version":[{"id":56528,"href":"https:\/\/www.topohvar.at\/topo\/wp-json\/wp\/v2\/pages\/56043\/revisions\/56528"}],"up":[{"embeddable":true,"href":"https:\/\/www.topohvar.at\/topo\/wp-json\/wp\/v2\/pages\/93"}],"wp:attachment":[{"href":"https:\/\/www.topohvar.at\/topo\/wp-json\/wp\/v2\/media?parent=56043"}],"curies":[{"name":"wp","href":"https:\/\/api.w.org\/{rel}","templated":true}]}}