{"id":56063,"date":"2022-01-17T06:20:03","date_gmt":"2022-01-17T05:20:03","guid":{"rendered":"https:\/\/www.topohvar.at\/topo\/?page_id=56063"},"modified":"2022-01-21T18:06:01","modified_gmt":"2022-01-21T17:06:01","slug":"do-pu-03-1","status":"publish","type":"page","link":"https:\/\/www.topohvar.at\/topo\/orte\/do\/do-pu-03-1\/","title":{"rendered":"DOL &#8211; Objekt \u00bbBiciklisti\u010dka ruta [707] Purkin Kuk\u00ab"},"content":{"rendered":"<p><a name=\"seite_oben\"><\/a><\/p>\n<p><img loading=\"lazy\" decoding=\"async\" class=\"alignnone wp-image-56489 size-full\" src=\"https:\/\/www.topohvar.at\/wp-content\/uploads\/2022\/01\/biketrack-707.jpg\" alt=\"\" width=\"640\" height=\"314\" srcset=\"https:\/\/www.topohvar.at\/wp-content\/uploads\/2022\/01\/biketrack-707.jpg 640w, https:\/\/www.topohvar.at\/wp-content\/uploads\/2022\/01\/biketrack-707-300x147.jpg 300w\" sizes=\"auto, (max-width: 640px) 100vw, 640px\" \/><\/p>\n<p><strong>Ime \/ Name<br \/>\n<\/strong>Objekt \u00bbBiciklisti\u010dka ruta [707] Purkin Kuk\u00ab \/ Radroute [707] &#8222;Purkin Kuk&#8220;<\/p>\n<p><strong>Code: <\/strong>DO-PU-03\u00a0 \u00a0 \u00a0 \u00a0 \u00a0 \u00a0 \u00a0 \u00a0 \u00a0 \u00a0 \u00a0 \u00a0 \u00a0 \u00a0 \u00a0 \u00a0 \u00a0 \u00a0\u00a0<strong><a href=\"https:\/\/www.topohvar.at\/orte\/do\/do-og-01-2\/\"><img loading=\"lazy\" decoding=\"async\" class=\"alignnone wp-image-12300 size-full\" src=\"https:\/\/www.topohvar.at\/wp-content\/uploads\/2018\/09\/push-vor-30.jpg\" alt=\"\" width=\"61\" height=\"30\" \/><\/a>\u00a0<a href=\"https:\/\/www.topohvar.at\/orte\/do\/do-pu-02-1\/\"><img loading=\"lazy\" decoding=\"async\" class=\"alignnone wp-image-533 size-full\" src=\"https:\/\/www.topohvar.at\/wp-content\/uploads\/2018\/07\/push-l-30.jpg\" alt=\"\" width=\"61\" height=\"30\" \/><\/a> <a href=\"https:\/\/www.topohvar.at\/orte\/do\/\"><img loading=\"lazy\" decoding=\"async\" class=\"alignnone wp-image-535 size-full\" src=\"https:\/\/www.topohvar.at\/wp-content\/uploads\/2018\/07\/push-o-30.jpg\" alt=\"\" width=\"61\" height=\"30\" \/><\/a> <a href=\"https:\/\/www.topohvar.at\/orte\/do\/do-ob-01-2\/\"><img loading=\"lazy\" decoding=\"async\" class=\"alignnone wp-image-536 size-full\" src=\"https:\/\/www.topohvar.at\/wp-content\/uploads\/2018\/07\/push-r-30.jpg\" alt=\"\" width=\"61\" height=\"30\" \/><\/a>\u00a0<a href=\"https:\/\/www.topohvar.at\/orte\/do\/do-on-01-1\/\"><img loading=\"lazy\" decoding=\"async\" class=\"alignnone wp-image-12299 size-full\" src=\"https:\/\/www.topohvar.at\/wp-content\/uploads\/2018\/09\/push-next-30.jpg\" alt=\"\" width=\"61\" height=\"30\" \/><\/a><\/strong><\/p>\n<hr \/>\n<p><strong>Adresa \/ Adresse<br \/>\n<\/strong>Dol, Stari Grad, Selca, Vidikovac, Sv. Nikola, Dol<\/p>\n<p><strong>Lokacija<\/strong><strong> \/ Position<br \/>\n<\/strong><span style=\"color: #3366ff;\">Latitude: N 43\u00b0\u00a0 \u00a0Longitude: E 16\u00b0 <\/span><strong><br \/>\n<\/strong>Visina \/ H\u00f6he: 1 m &#8211; 493 m<\/p>\n<p><strong>Katastarska \u010destica <\/strong><strong>\/ Grundst\u00fccke<br \/>\n<\/strong>&#8211;<div class='content-column one_half'><div style=\"padding-right:6px;\"><p><strong>Datum snimanja \/ Erfassungsdatum<br \/>\n<\/strong>01.01.2000 00:00:00<\/p>\n<hr \/>\n<p><strong>Informacije<\/strong><\/p>\n<p>Kru\u017ena staza, kombinacija asfaltirane ceste i makadamskih puteva, duga je je 21,5 km i nalazi se na srednjem dijelu otoka. Po\u010detak staze je u Starome Gradu, u kutu gradskog parka, a staza se nastavlja dalje prema zapadu do trajektne luke i onda skre\u0107e na staru cestu prema Velom Grablju. Ne\u0161to malo prije vidikovca staza skre\u0107e na makadam prema istoku do najvi\u0161eg vrha otoka Hvara Sv. Nikole (626 m). Tu se mo\u017eete malo odmoriti i u\u017eivati u prekrasnom pogledu s vrha, a zatim se staza spu\u0161ta prema jugu do naselja Dol i potom dijelom kroz Starogradsko polje do zavr\u0161etka u Starome Gradu.<\/p><\/div><\/div><div class='content-column one_half last_column'><div style=\"padding-right:0px;padding-left:6px;\"><p><strong>Stupanj za\u0161tite<\/strong><strong> \/ Schutzstellung<br \/>\n<\/strong>&#8211;<\/p>\n<hr \/>\n<p><strong>Info<\/strong><\/p>\n<p>Die Radrundtourt, eine Kombination aus Asphaltstra\u00dfe und Schotterstra\u00dfen, ist 21,5 km lang und befindet sich im mittleren Teil der Insel. Der Weg beginnt im Stadtpark von Stari Grad, f\u00fchrt weiter nach Westen zum F\u00e4hrhafen und biegt dann auf die alte Stra\u00dfe in Richtung Veli Grablje ab. Kurz vor dem Aussichtspunkt (beim alten Kalkofen) biegt der Weg auf die Makadamstra\u00dfe nach Osten zum h\u00f6chsten Gipfel der Insel Hvar, Sv. Nikola (626 m). Hier k\u00f6nnen Sie sich ein wenig entspannen und die sch\u00f6ne Aussicht von oben genie\u00dfen, und dann f\u00fchrt der Weg nach S\u00fcden zum Dorf Dol und dann teilweise durch die Stari Grader Ebene bis zum Tourende in Stari Grad.<\/p><\/div><\/div><div class='clear_column'><\/div><div class='content-column one_half'><div style=\"padding-right:6px;\"><p>Du\u017eina: 21,50 km<br \/>\nAsfalt: 11,60 km \/ 53,95 %<br \/>\nMakadam: 9,90 km \/ 46,05 %<br \/>\nNajni\u017ea to\u010dka: 1 m<br \/>\nNajvi\u0161a to\u010dka: 493 m<br \/>\nUkupno metara uspona: 628 m<\/p><\/div><\/div><div class='content-column one_half last_column'><div style=\"padding-right:0px;padding-left:6px;\"><p>L\u00e4nge: 21,50 km<br \/>\nAsphalt: 11,60 km \/ 53,95 %<br \/>\nMakadam: 9,90 km \/ 46,05 %<br \/>\nNiedrigster Punkt: 1 m<br \/>\nH\u00f6chster Punkt: 493 m<br \/>\nH\u00f6henmeter (Aufstieg) insgesamt: 628 m<\/p><\/div><\/div><div class='clear_column'><\/div><\/p>\n<p><img loading=\"lazy\" decoding=\"async\" class=\"size-full wp-image-56490\" src=\"https:\/\/www.topohvar.at\/wp-content\/uploads\/2022\/01\/bike-707.jpg\" alt=\"\" width=\"1080\" height=\"450\" srcset=\"https:\/\/www.topohvar.at\/wp-content\/uploads\/2022\/01\/bike-707.jpg 1080w, https:\/\/www.topohvar.at\/wp-content\/uploads\/2022\/01\/bike-707-300x125.jpg 300w, https:\/\/www.topohvar.at\/wp-content\/uploads\/2022\/01\/bike-707-1024x427.jpg 1024w, https:\/\/www.topohvar.at\/wp-content\/uploads\/2022\/01\/bike-707-768x320.jpg 768w\" sizes=\"auto, (max-width: 1080px) 100vw, 1080px\" \/><\/p>\n<p style=\"text-align: center;\"><em>(Izvor: \/ Quelle: <span style=\"color: #3366ff;\"><a style=\"color: #3366ff;\" href=\"https:\/\/tzjelsa.hr\/hr\/626\/biciklisticke-rute\/\">TZ Jelsa<\/a><\/span>)<\/em><\/p>\n<p style=\"text-align: right;\"><span style=\"color: #3366ff;\"><a style=\"color: #3366ff;\" href=\"#seite_oben\">natrag na vrh \/ Seitenanfang<\/a><\/span><\/p>\n<hr \/>\n<p><strong>Linkovi \/ Links<\/strong><\/p>\n<p><span style=\"color: #3366ff;\"><a style=\"color: #3366ff;\" href=\"https:\/\/www.topohvar.at\/orte\/sg\/sg-ob-11-1\/\">Objekt \u00bbServis bicikla (Stari Grad)\u00ab \/ Radstation (Stari Grad)<\/a><br \/>\n<a style=\"color: #3366ff;\" href=\"https:\/\/www.topohvar.at\/orte\/sg\/sg-pu-12-1\/\">Objekt \u00bbBiciklisti\u010dka ruta Ba\u0161tina\u00ab \/ Radroute \u201eKulturerbe\u201c<\/a><br \/>\n<a class=\"ytp-title-link yt-uix-sessionlink\" style=\"color: #3366ff;\" tabindex=\"-1\" href=\"https:\/\/www.youtube.com\/watch?v=__eRtvDZJcQ\" target=\"_blank\" rel=\"noopener\" data-sessionlink=\"feature=player-title\">VIDEO &#8211; Cycling IslandofHvar Jelsa2019<\/a><\/span><\/p>\n","protected":false},"excerpt":{"rendered":"<p>Ime \/ Name Objekt \u00bbBiciklisti\u010dka ruta [707] Purkin Kuk\u00ab \/ Radroute [707] &#8222;Purkin Kuk&#8220; Code: DO-PU-03\u00a0 \u00a0 \u00a0 \u00a0 \u00a0 \u00a0 \u00a0 \u00a0 \u00a0 \u00a0 \u00a0 \u00a0 \u00a0 \u00a0 \u00a0 \u00a0 \u00a0 \u00a0\u00a0\u00a0 \u00a0 Adresa \/ Adresse Dol, Stari Grad, &hellip; <a href=\"https:\/\/www.topohvar.at\/topo\/orte\/do\/do-pu-03-1\/\">Weiterlesen <span class=\"meta-nav\">&rarr;<\/span><\/a><\/p>\n","protected":false},"author":1,"featured_media":0,"parent":68,"menu_order":0,"comment_status":"closed","ping_status":"closed","template":"","meta":{"footnotes":""},"class_list":["post-56063","page","type-page","status-publish","hentry"],"_links":{"self":[{"href":"https:\/\/www.topohvar.at\/topo\/wp-json\/wp\/v2\/pages\/56063","targetHints":{"allow":["GET"]}}],"collection":[{"href":"https:\/\/www.topohvar.at\/topo\/wp-json\/wp\/v2\/pages"}],"about":[{"href":"https:\/\/www.topohvar.at\/topo\/wp-json\/wp\/v2\/types\/page"}],"author":[{"embeddable":true,"href":"https:\/\/www.topohvar.at\/topo\/wp-json\/wp\/v2\/users\/1"}],"replies":[{"embeddable":true,"href":"https:\/\/www.topohvar.at\/topo\/wp-json\/wp\/v2\/comments?post=56063"}],"version-history":[{"count":4,"href":"https:\/\/www.topohvar.at\/topo\/wp-json\/wp\/v2\/pages\/56063\/revisions"}],"predecessor-version":[{"id":56491,"href":"https:\/\/www.topohvar.at\/topo\/wp-json\/wp\/v2\/pages\/56063\/revisions\/56491"}],"up":[{"embeddable":true,"href":"https:\/\/www.topohvar.at\/topo\/wp-json\/wp\/v2\/pages\/68"}],"wp:attachment":[{"href":"https:\/\/www.topohvar.at\/topo\/wp-json\/wp\/v2\/media?parent=56063"}],"curies":[{"name":"wp","href":"https:\/\/api.w.org\/{rel}","templated":true}]}}