{"id":56094,"date":"2022-01-17T07:57:05","date_gmt":"2022-01-17T06:57:05","guid":{"rendered":"https:\/\/www.topohvar.at\/topo\/?page_id=56094"},"modified":"2022-01-22T08:01:26","modified_gmt":"2022-01-22T07:01:26","slug":"sv-pu-01-1","status":"publish","type":"page","link":"https:\/\/www.topohvar.at\/topo\/orte\/sv\/sv-pu-01-1\/","title":{"rendered":"SVIR\u010cE &#8211; Objekt \u00bbBiciklisti\u010dka ruta [708] Sveti Nikola\u00ab"},"content":{"rendered":"<p><a name=\"seite_oben\"><\/a><br \/>\n<img loading=\"lazy\" decoding=\"async\" class=\"alignnone wp-image-56519 size-full\" src=\"https:\/\/www.topohvar.at\/wp-content\/uploads\/2022\/01\/biketrack-708.jpg\" alt=\"\" width=\"640\" height=\"314\" srcset=\"https:\/\/www.topohvar.at\/wp-content\/uploads\/2022\/01\/biketrack-708.jpg 640w, https:\/\/www.topohvar.at\/wp-content\/uploads\/2022\/01\/biketrack-708-300x147.jpg 300w\" sizes=\"auto, (max-width: 640px) 100vw, 640px\" \/><\/p>\n<p><strong>Ime \/ Name<br \/>\n<\/strong>Objekt \u00bbBiciklisti\u010dka ruta [708] Sveti Nikola\u00ab \/ Radroute [708] &#8222;Sveti Nikola&#8220;<\/p>\n<p><strong>Code: <\/strong>SV-PU-01\u00a0 \u00a0 \u00a0 \u00a0 \u00a0 \u00a0 \u00a0 \u00a0<strong>\u00a0 \u00a0 \u00a0 \u00a0 \u00a0 \u00a0 \u00a0 \u00a0 \u00a0 \u00a0<a href=\"https:\/\/www.topohvar.at\/orte\/sv\/sv-ob-01-1\/\"><img loading=\"lazy\" decoding=\"async\" class=\"alignnone wp-image-12300 size-full\" src=\"https:\/\/www.topohvar.at\/wp-content\/uploads\/2018\/09\/push-vor-30.jpg\" alt=\"\" width=\"61\" height=\"30\" \/><\/a> <a href=\"https:\/\/www.topohvar.at\/topo\/orte\/sv\/sv-on-01-1\/\"><img loading=\"lazy\" decoding=\"async\" class=\"alignnone wp-image-533 size-full\" src=\"https:\/\/www.topohvar.at\/wp-content\/uploads\/2018\/07\/push-l-30.jpg\" alt=\"\" width=\"61\" height=\"30\" \/><\/a> <a href=\"https:\/\/www.topohvar.at\/orte\/sv\/\"><img loading=\"lazy\" decoding=\"async\" class=\"alignnone wp-image-535 size-full\" src=\"https:\/\/www.topohvar.at\/wp-content\/uploads\/2018\/07\/push-o-30.jpg\" alt=\"\" width=\"61\" height=\"30\" \/><\/a> <a href=\"https:\/\/www.topohvar.at\/orte\/sv\/sv-og-01-1\/\"><img loading=\"lazy\" decoding=\"async\" class=\"alignnone wp-image-12299 size-full\" src=\"https:\/\/www.topohvar.at\/wp-content\/uploads\/2018\/09\/push-next-30.jpg\" alt=\"\" width=\"61\" height=\"30\" \/><\/a><\/strong><\/p>\n<hr \/>\n<p><strong>Adresa \/ Adresse<br \/>\n<\/strong>Svir\u010de, Vrisnik, Pitve, Martinica, Zavala, Sv. Nedjelja, Dubovica, Sv. Nikola, Svir\u010de<\/p>\n<p><strong>Lokalna polo\u017eaj \/ Position<br \/>\n<\/strong><span style=\"color: #3366ff;\">Latitude: N 43\u00b0\u00a0 \u00a0Longitude: E 16\u00b0 <\/span><strong><br \/>\n<\/strong>Visina \/ H\u00f6he: 17 m &#8211; 591 m<\/p>\n<p><strong>Zemlji\u0161te \/ Grundst\u00fccke<br \/>\n<\/strong>&#8211;<div class='content-column one_half'><div style=\"padding-right:6px;\"><p><strong>Datum snimanja \/ Erfassungsdatum<br \/>\n<\/strong>01.01.2000 00:00:00<\/p>\n<hr \/>\n<p><strong>Informacije<\/strong><\/p>\n<p>Kru\u017ena staza duga 40,5 km kombinacija je asfaltirane ceste i makadamskih puteva, a prolazi sredi\u0161njim dijelom otoka. Po\u010detak staze je iznad uvale Dubovica, na dr\u017eavnoj cesti D-116. Prije tunela Selca, staza skre\u0107e na makadamski put prema zapadu do najvi\u0161eg vrha otoka Hvara Sv. Nikole (626 m). Dalje se nastavlja kroz plodna polja Poljica i Gvozda, do mjesta gdje se spu\u0161ta prema sjeveru kroz naselja (asfalt) Svir\u010de, Vrisnik i Pitve, sve do tunela Pitve \u2013 Zavala. Na tom mjestu staza skre\u0107e na makadamski put te se uspinje serpentinama do vrha Borovik (500 m). Dalje se serpentinama staza spu\u0161ta do asfaltirane ceste iznad naselja Zavala te nastavlja prema zapadu, sve do naselja Sv. Nedjelja. Iz Sv. Nedjelje skre\u0107e na makadamski put, koji vodi do kraja staze iznad Dubovice.<\/p><\/div><\/div><div class='content-column one_half last_column'><div style=\"padding-right:0px;padding-left:6px;\"><p><strong>Za\u0161titni polo\u017eaj \/ Schutzstellung<br \/>\n<\/strong>&#8211;<\/p>\n<hr \/>\n<p><strong>Info<\/strong><\/p>\n<p>Die 40,5 km lange Rundroute ist eine Kombination aus Asphaltstra\u00dfe und Schotterstra\u00dfen und f\u00fchrt durch den zentralen Teil der Insel. Der Beginn des Weges befindet sich oberhalb der Bucht Dubovica, an der Staatsstra\u00dfe D-116. Vor dem Selca-Tunnel biegt der Weg auf eine Schotterstra\u00dfe nach Westen zum h\u00f6chsten Gipfel der Insel Hvar, Sv. Nikolaus (626 m). Es geht weiter durch die fruchtbaren Felder von Poljica und Gvozda bis zu dem Ort, an dem es nach Norden durch die Siedlungen (Asphalt) Svir\u010de, Vrisnik und Pitve bis zum Tunnel Pitve &#8211; Zavala abf\u00e4llt. An diesem Punkt biegt der Weg auf eine Schotterstra\u00dfe ab und steigt die Serpentinen zum Gipfel von Borovik (500 m) hinauf. Weiter entlang der Serpentinen f\u00fchrt der Weg zur Asphaltstra\u00dfe oberhalb der Siedlung Zavala und weiter nach Westen bis zur Siedlung Sv. Nedjelja. Von Sv. Nedjelja biegt er auf eine Schotterstra\u00dfe ab, die zur\u00fcck zum Ende des Weges oberhalb von Dubovica f\u00fchrt.<\/p><\/div><\/div><div class='clear_column'><\/div><div class='content-column one_half'><div style=\"padding-right:6px;\"><p>Du\u017eina: 40,50 km<br \/>\nAsfalt: 14,20 km \/ 35,06 %<br \/>\nMakadam: 26,30 km \/ 64,94 %<br \/>\nNajni\u017ea to\u010dka: 17 m<br \/>\nNajvi\u0161a to\u010dka: 591 m<br \/>\nUkupno metara uspona: 1598 m<\/p><\/div><\/div><div class='content-column one_half last_column'><div style=\"padding-right:0px;padding-left:6px;\"><p>L\u00e4nge: 40,50 km<br \/>\nAsphalt: 14,20 km \/ 35,06 %<br \/>\nMakadam: 26,30 km \/ 64,94 %<br \/>\nNiedrigster Punkt: 17 m<br \/>\nH\u00f6chster Punkt: 591 m<br \/>\nH\u00f6henmeter (Aufstieg) insgesamt: 1598 m<\/p><\/div><\/div><div class='clear_column'><\/div><\/p>\n<p><img loading=\"lazy\" decoding=\"async\" class=\"alignnone size-full wp-image-56520\" src=\"https:\/\/www.topohvar.at\/wp-content\/uploads\/2022\/01\/bike-708.jpg\" alt=\"\" width=\"1080\" height=\"450\" srcset=\"https:\/\/www.topohvar.at\/wp-content\/uploads\/2022\/01\/bike-708.jpg 1080w, https:\/\/www.topohvar.at\/wp-content\/uploads\/2022\/01\/bike-708-300x125.jpg 300w, https:\/\/www.topohvar.at\/wp-content\/uploads\/2022\/01\/bike-708-1024x427.jpg 1024w, https:\/\/www.topohvar.at\/wp-content\/uploads\/2022\/01\/bike-708-768x320.jpg 768w\" sizes=\"auto, (max-width: 1080px) 100vw, 1080px\" \/><\/p>\n<p style=\"text-align: center;\"><em>(Izvor: \/ Quelle: <span style=\"color: #3366ff;\"><a style=\"color: #3366ff;\" href=\"https:\/\/tzjelsa.hr\/hr\/626\/biciklisticke-rute\/\">TZ Jelsa<\/a><\/span>)<\/em><\/p>\n<p style=\"text-align: right;\"><span style=\"color: #3366ff;\"><a style=\"color: #3366ff;\" href=\"#seite_oben\">natrag na vrh \/ Seitenanfang<\/a><\/span><\/p>\n<hr \/>\n<p><strong>Linkovi \/ Links<\/strong><\/p>\n<p><span style=\"color: #3366ff;\"><a class=\"ytp-title-link yt-uix-sessionlink\" style=\"color: #3366ff;\" tabindex=\"-1\" href=\"https:\/\/www.youtube.com\/watch?v=__eRtvDZJcQ\" target=\"_blank\" rel=\"noopener\" data-sessionlink=\"feature=player-title\">VIDEO &#8211; Cycling IslandofHvar Jelsa2019<\/a><\/span><\/p>\n","protected":false},"excerpt":{"rendered":"<p>Ime \/ Name Objekt \u00bbBiciklisti\u010dka ruta [708] Sveti Nikola\u00ab \/ Radroute [708] &#8222;Sveti Nikola&#8220; Code: SV-PU-01\u00a0 \u00a0 \u00a0 \u00a0 \u00a0 \u00a0 \u00a0 \u00a0\u00a0 \u00a0 \u00a0 \u00a0 \u00a0 \u00a0 \u00a0 \u00a0 \u00a0 \u00a0 Adresa \/ Adresse Svir\u010de, Vrisnik, Pitve, Martinica, Zavala, &hellip; <a href=\"https:\/\/www.topohvar.at\/topo\/orte\/sv\/sv-pu-01-1\/\">Weiterlesen <span class=\"meta-nav\">&rarr;<\/span><\/a><\/p>\n","protected":false},"author":1,"featured_media":0,"parent":106,"menu_order":0,"comment_status":"closed","ping_status":"closed","template":"","meta":{"footnotes":""},"class_list":["post-56094","page","type-page","status-publish","hentry"],"_links":{"self":[{"href":"https:\/\/www.topohvar.at\/topo\/wp-json\/wp\/v2\/pages\/56094","targetHints":{"allow":["GET"]}}],"collection":[{"href":"https:\/\/www.topohvar.at\/topo\/wp-json\/wp\/v2\/pages"}],"about":[{"href":"https:\/\/www.topohvar.at\/topo\/wp-json\/wp\/v2\/types\/page"}],"author":[{"embeddable":true,"href":"https:\/\/www.topohvar.at\/topo\/wp-json\/wp\/v2\/users\/1"}],"replies":[{"embeddable":true,"href":"https:\/\/www.topohvar.at\/topo\/wp-json\/wp\/v2\/comments?post=56094"}],"version-history":[{"count":7,"href":"https:\/\/www.topohvar.at\/topo\/wp-json\/wp\/v2\/pages\/56094\/revisions"}],"predecessor-version":[{"id":56545,"href":"https:\/\/www.topohvar.at\/topo\/wp-json\/wp\/v2\/pages\/56094\/revisions\/56545"}],"up":[{"embeddable":true,"href":"https:\/\/www.topohvar.at\/topo\/wp-json\/wp\/v2\/pages\/106"}],"wp:attachment":[{"href":"https:\/\/www.topohvar.at\/topo\/wp-json\/wp\/v2\/media?parent=56094"}],"curies":[{"name":"wp","href":"https:\/\/api.w.org\/{rel}","templated":true}]}}