{"id":56205,"date":"2022-01-17T14:43:36","date_gmt":"2022-01-17T13:43:36","guid":{"rendered":"https:\/\/www.topohvar.at\/topo\/?page_id=56205"},"modified":"2022-01-21T17:36:31","modified_gmt":"2022-01-21T16:36:31","slug":"br-pu-01-1","status":"publish","type":"page","link":"https:\/\/www.topohvar.at\/topo\/orte\/br\/br-pu-01-1\/","title":{"rendered":"BRUSJE &#8211; Objekt \u00bbBiciklisti\u010dka ruta Malo Grablje\u00ab"},"content":{"rendered":"<p><a name=\"seite_oben\"><\/a><br \/>\n<img loading=\"lazy\" decoding=\"async\" class=\"wp-image-56478 size-full\" src=\"https:\/\/www.topohvar.at\/wp-content\/uploads\/2022\/01\/biketrack-710.jpg\" alt=\"\" width=\"640\" height=\"314\" srcset=\"https:\/\/www.topohvar.at\/wp-content\/uploads\/2022\/01\/biketrack-710.jpg 640w, https:\/\/www.topohvar.at\/wp-content\/uploads\/2022\/01\/biketrack-710-300x147.jpg 300w\" sizes=\"auto, (max-width: 640px) 100vw, 640px\" \/><\/p>\n<p><strong>Ime \/ Name<br \/>\n<\/strong>Objekt \u00bbBiciklisti\u010dka ruta Malo Grablje\u00ab \/ Radroute &#8222;Malo Grablje&#8220;<\/p>\n<p><strong>Code: <\/strong>BR-PU-01\u00a0 \u00a0 \u00a0 \u00a0 \u00a0 \u00a0 \u00a0 \u00a0 \u00a0 \u00a0 \u00a0 \u00a0 \u00a0 \u00a0 \u00a0\u00a0<strong><a href=\"https:\/\/www.topohvar.at\/orte\/br\/br-ob-01-2\/\"><img loading=\"lazy\" decoding=\"async\" class=\"alignnone wp-image-12300 size-full\" src=\"https:\/\/www.topohvar.at\/wp-content\/uploads\/2018\/09\/push-vor-30.jpg\" alt=\"\" width=\"61\" height=\"30\" \/><\/a><\/strong><strong> <a href=\"https:\/\/www.topohvar.at\/orte\/br\/br-on-02-1\/\"><img loading=\"lazy\" decoding=\"async\" class=\"alignnone wp-image-533 size-full\" src=\"https:\/\/www.topohvar.at\/wp-content\/uploads\/2018\/07\/push-l-30.jpg\" alt=\"\" width=\"61\" height=\"30\" \/><\/a> <a href=\"https:\/\/www.topohvar.at\/orte\/br\/\"><img loading=\"lazy\" decoding=\"async\" class=\"alignnone wp-image-535 size-full\" src=\"https:\/\/www.topohvar.at\/wp-content\/uploads\/2018\/07\/push-o-30.jpg\" alt=\"\" width=\"61\" height=\"30\" \/><\/a> <a href=\"https:\/\/www.topohvar.at\/topo\/orte\/br\/br-pu-02-1\/\"><img loading=\"lazy\" decoding=\"async\" class=\"alignnone wp-image-536 size-full\" src=\"https:\/\/www.topohvar.at\/wp-content\/uploads\/2018\/07\/push-r-30.jpg\" alt=\"\" width=\"61\" height=\"30\" \/><\/a> <a href=\"https:\/\/www.topohvar.at\/orte\/br\/br-og-01-2\/\"><img loading=\"lazy\" decoding=\"async\" class=\"alignnone wp-image-12299 size-full\" src=\"https:\/\/www.topohvar.at\/wp-content\/uploads\/2018\/09\/push-next-30.jpg\" alt=\"\" width=\"61\" height=\"30\" \/><\/a><\/strong><strong>\u00a0 \u00a0<\/strong><\/p>\n<hr \/>\n<p><strong>Adresa \/ Adresse<br \/>\n<\/strong>Brusje, Hvar, Milna, Malo Grablje, Velo Grablje, Brusje<\/p>\n<p><strong>Lokalna polo\u017eaj \/ Position<br \/>\n<\/strong><span style=\"color: #3366ff;\">Latitude: N 43\u00b0\u00a0 \u00a0Longitude: E 16\u00b0 <\/span><strong><br \/>\n<\/strong>Visina \/ H\u00f6he: 7 m &#8211; 409 m<\/p>\n<p><strong>Zemlji\u0161te \/ Grundst\u00fccke<br \/>\n<\/strong>&#8211;<div class='content-column one_half'><div style=\"padding-right:6px;\"><p><strong>Datum snimanja \/ Erfassungsdatum<br \/>\n<\/strong>01.01.2000 00:00:00<\/p>\n<hr \/>\n<p><strong>Informacije<\/strong><\/p>\n<p>Staza je kru\u017ena i nalazi se na zapadnom dijelu otoka. Po\u010detak staze je u sredi\u0161tu grada Hvara, kod autobusne postaje i nastavlja na dr\u017eavnu cestu D-116 prema istoku do naselja Milna, gdje staza skre\u0107e na makadamski put prema sjeveru, koji vodi preko sela Malo Grablje, do naselja Velo Grablje. Nakon Velog Grablja staza se spaja na asfaltiranu cestu, koja dalje vodi prema zapadu, preko naselja Brusje do zavr\u0161etka u gradu Hvaru. Staza je kombinacija asfaltirane ceste i makadamskih puteva, a duga je 20,5 km.<\/p><\/div><\/div><div class='content-column one_half last_column'><div style=\"padding-right:0px;padding-left:6px;\"><p><strong>Za\u0161titni polo\u017eaj \/ Schutzstellung<br \/>\n<\/strong>&#8211;<\/p>\n<hr \/>\n<p><strong>Info<\/strong><\/p>\n<p>Der Radrundkurs befindet sich im westlichen Teil der Insel. Der Weg beginnt im Zentrum der Stadt Hvar, in der N\u00e4he des Busbahnhofs und f\u00fchrt weiter auf der Staatsstra\u00dfe D-116 nach Osten bis nach Milna. Hier biegt wo der Weg auf eine Schotterstra\u00dfe nach Norden ab und f\u00fchrt durch das Dorf Malo Grablje und weiter nach Velo Grablje. Nach Velo Grablje gelangt man wieder auf eine Asphaltstra\u00dfe, die weiter nach Westen durch das Dorf Brusje und bis zum Ende in der Stadt Hvar f\u00fchrt. Der Weg ist eine Kombination aus Asphaltstra\u00dfe und Schotterstra\u00dfen und ist 20,5 km lang.<\/p><\/div><\/div><div class='clear_column'><\/div><div class='content-column one_half'><div style=\"padding-right:6px;\"><p>Du\u017eina: 20,50 km<br \/>\nAsfalt: 17,40 km \/ 84,88 %<br \/>\nMakadam: 3,10 km \/ 15,12 %<br \/>\nNajni\u017ea to\u010dka: 7 m<br \/>\nNajvi\u0161a to\u010dka: 409 m<br \/>\nUkupno metara uspona: 544 m<\/p><\/div><\/div><div class='content-column one_half last_column'><div style=\"padding-right:0px;padding-left:6px;\"><p>L\u00e4nge: 20,50 km<br \/>\nAsphalt: 17,40 km \/ 84,88 %<br \/>\nMakadam: 3,10 km \/ 15,12 %<br \/>\nNiedrigster Punkt: 7 m<br \/>\nH\u00f6chster Punkt: 409 m<br \/>\nH\u00f6henmeter (Aufstieg) insgesamt: 455 m<\/p><\/div><\/div><div class='clear_column'><\/div><\/p>\n<p><img loading=\"lazy\" decoding=\"async\" class=\"size-full wp-image-56479\" src=\"https:\/\/www.topohvar.at\/wp-content\/uploads\/2022\/01\/bike-710.jpg\" alt=\"\" width=\"1080\" height=\"450\" srcset=\"https:\/\/www.topohvar.at\/wp-content\/uploads\/2022\/01\/bike-710.jpg 1080w, https:\/\/www.topohvar.at\/wp-content\/uploads\/2022\/01\/bike-710-300x125.jpg 300w, https:\/\/www.topohvar.at\/wp-content\/uploads\/2022\/01\/bike-710-1024x427.jpg 1024w, https:\/\/www.topohvar.at\/wp-content\/uploads\/2022\/01\/bike-710-768x320.jpg 768w\" sizes=\"auto, (max-width: 1080px) 100vw, 1080px\" \/><\/p>\n<p style=\"text-align: center;\"><em>(Izvor: \/ Quelle: <span style=\"color: #3366ff;\"><a style=\"color: #3366ff;\" href=\"https:\/\/tzjelsa.hr\/hr\/626\/biciklisticke-rute\/\">TZ Jelsa<\/a><\/span>)<\/em><\/p>\n<p style=\"text-align: right;\"><span style=\"color: #3366ff;\"><a style=\"color: #3366ff;\" href=\"#seite_oben\">natrag na vrh \/ Seitenanfang<\/a><\/span><\/p>\n<hr \/>\n<p><strong>Linkovi \/ Links<\/strong><\/p>\n<p><span style=\"color: #3366ff;\"><a style=\"color: #3366ff;\" href=\"https:\/\/www.topohvar.at\/orte\/br\/br-pu-02-1\/\">Objekt \u00bbBiciklisti\u010dka ruta Te\u017ea\u010dka\u00ab \/ Radroute &#8222;<\/a><a style=\"color: #3366ff;\" href=\"https:\/\/www.topohvar.at\/orte\/br\/br-pu-01-1\/\">Te\u017ea\u010dka<\/a><a style=\"color: #3366ff;\" href=\"https:\/\/www.topohvar.at\/orte\/br\/br-pu-02-1\/\">&#8222;<\/a><br \/>\n<a style=\"color: #3366ff;\" href=\"https:\/\/www.topohvar.at\/orte\/br\/br-pu-02-1\/\">Objekt \u00bbBiciklisti\u010dka ruta Hvar &#8211; Brusje &#8211; Velo Grablje\u00ab \/ Radroute Hvar &#8211; Brusje &#8211; V. Grablje<\/a><br \/>\n<a style=\"color: #3366ff;\" href=\"https:\/\/www.topohvar.at\/orte\/br\/br-pu-04-1\/\">Objekt \u00bbBiciklisti\u010dka ruta Puit Maslina\u00ab \/ Radroute Olivenweg<\/a><br \/>\n<\/span><span style=\"color: #3366ff;\"><a class=\"ytp-title-link yt-uix-sessionlink\" style=\"color: #3366ff;\" tabindex=\"-1\" href=\"https:\/\/www.youtube.com\/watch?v=__eRtvDZJcQ\" target=\"_blank\" rel=\"noopener\" data-sessionlink=\"feature=player-title\">VIDEO &#8211; Cycling IslandofHvar Jelsa2019<\/a><\/span><\/p>\n","protected":false},"excerpt":{"rendered":"<p>Ime \/ Name Objekt \u00bbBiciklisti\u010dka ruta Malo Grablje\u00ab \/ Radroute &#8222;Malo Grablje&#8220; Code: BR-PU-01\u00a0 \u00a0 \u00a0 \u00a0 \u00a0 \u00a0 \u00a0 \u00a0 \u00a0 \u00a0 \u00a0 \u00a0 \u00a0 \u00a0 \u00a0\u00a0 \u00a0 \u00a0 Adresa \/ Adresse Brusje, Hvar, Milna, Malo Grablje, Velo Grablje, &hellip; <a href=\"https:\/\/www.topohvar.at\/topo\/orte\/br\/br-pu-01-1\/\">Weiterlesen <span class=\"meta-nav\">&rarr;<\/span><\/a><\/p>\n","protected":false},"author":1,"featured_media":0,"parent":65,"menu_order":0,"comment_status":"closed","ping_status":"closed","template":"","meta":{"footnotes":""},"class_list":["post-56205","page","type-page","status-publish","hentry"],"_links":{"self":[{"href":"https:\/\/www.topohvar.at\/topo\/wp-json\/wp\/v2\/pages\/56205","targetHints":{"allow":["GET"]}}],"collection":[{"href":"https:\/\/www.topohvar.at\/topo\/wp-json\/wp\/v2\/pages"}],"about":[{"href":"https:\/\/www.topohvar.at\/topo\/wp-json\/wp\/v2\/types\/page"}],"author":[{"embeddable":true,"href":"https:\/\/www.topohvar.at\/topo\/wp-json\/wp\/v2\/users\/1"}],"replies":[{"embeddable":true,"href":"https:\/\/www.topohvar.at\/topo\/wp-json\/wp\/v2\/comments?post=56205"}],"version-history":[{"count":6,"href":"https:\/\/www.topohvar.at\/topo\/wp-json\/wp\/v2\/pages\/56205\/revisions"}],"predecessor-version":[{"id":56480,"href":"https:\/\/www.topohvar.at\/topo\/wp-json\/wp\/v2\/pages\/56205\/revisions\/56480"}],"up":[{"embeddable":true,"href":"https:\/\/www.topohvar.at\/topo\/wp-json\/wp\/v2\/pages\/65"}],"wp:attachment":[{"href":"https:\/\/www.topohvar.at\/topo\/wp-json\/wp\/v2\/media?parent=56205"}],"curies":[{"name":"wp","href":"https:\/\/api.w.org\/{rel}","templated":true}]}}