{"id":56342,"date":"2022-01-19T16:54:07","date_gmt":"2022-01-19T15:54:07","guid":{"rendered":"https:\/\/www.topohvar.at\/topo\/?page_id=56342"},"modified":"2022-01-20T11:35:59","modified_gmt":"2022-01-20T10:35:59","slug":"hv-pu-09-1","status":"publish","type":"page","link":"https:\/\/www.topohvar.at\/topo\/orte\/hv\/hv-pu-09-1\/","title":{"rendered":"Hvar &#8211; Objekt \u00bbBiciklisti\u010dka ruta Hvar &#8211; Busje &#8211; Velo Grablje\u00ab"},"content":{"rendered":"<p><a name=\"seite_oben\"><\/a><br \/>\n<img loading=\"lazy\" decoding=\"async\" class=\"alignnone wp-image-56343 size-full\" src=\"https:\/\/www.topohvar.at\/wp-content\/uploads\/2022\/01\/hv-pu-09-0.jpg\" alt=\"\" width=\"1080\" height=\"530\" srcset=\"https:\/\/www.topohvar.at\/wp-content\/uploads\/2022\/01\/hv-pu-09-0.jpg 1080w, https:\/\/www.topohvar.at\/wp-content\/uploads\/2022\/01\/hv-pu-09-0-300x147.jpg 300w, https:\/\/www.topohvar.at\/wp-content\/uploads\/2022\/01\/hv-pu-09-0-1024x503.jpg 1024w, https:\/\/www.topohvar.at\/wp-content\/uploads\/2022\/01\/hv-pu-09-0-768x377.jpg 768w\" sizes=\"auto, (max-width: 1080px) 100vw, 1080px\" \/><\/p>\n<p><strong>Ime \/ Name<br \/>\n<\/strong>Objekt \u00bbBiciklisti\u010dka ruta Hvar &#8211; Busje &#8211; Velo Grablje\u00ab \/ Radroute Hvar &#8211; Busje &#8211; Velo Grablje<\/p>\n<p><strong>Code: <\/strong>HV-PU-09\u00a0 \u00a0 \u00a0 \u00a0 \u00a0 \u00a0 \u00a0 \u00a0 \u00a0 \u00a0 \u00a0 \u00a0 \u00a0 \u00a0 \u00a0 \u00a0 \u00a0 \u00a0 <a href=\"https:\/\/www.topohvar.at\/hv-ov-02-1\/\"><img loading=\"lazy\" decoding=\"async\" class=\"alignnone wp-image-12300 size-full\" src=\"https:\/\/www.topohvar.at\/wp-content\/uploads\/2018\/09\/push-vor-30.jpg\" alt=\"\" width=\"61\" height=\"30\" \/><\/a>\u00a0<strong><a href=\"https:\/\/www.topohvar.at\/orte\/hv\/hv-pu-08-1\/\"><img loading=\"lazy\" decoding=\"async\" class=\"alignnone wp-image-533 size-full\" src=\"https:\/\/www.topohvar.at\/wp-content\/uploads\/2018\/07\/push-l-30.jpg\" alt=\"\" width=\"61\" height=\"30\" \/><\/a> <a href=\"https:\/\/www.topohvar.at\/orte\/hv\/\"><img loading=\"lazy\" decoding=\"async\" class=\"alignnone wp-image-535 size-full\" src=\"https:\/\/www.topohvar.at\/wp-content\/uploads\/2018\/07\/push-o-30.jpg\" alt=\"\" width=\"61\" height=\"30\" \/><\/a> <a href=\"https:\/\/www.topohvar.at\/orte\/hv\/hv-pu-12-1\/\"><img loading=\"lazy\" decoding=\"async\" class=\"alignnone wp-image-536 size-full\" src=\"https:\/\/www.topohvar.at\/wp-content\/uploads\/2018\/07\/push-r-30.jpg\" alt=\"\" width=\"61\" height=\"30\" \/><\/a>\u00a0<a href=\"https:\/\/www.topohvar.at\/hv-og-01-1\/\"><img loading=\"lazy\" decoding=\"async\" class=\"alignnone wp-image-12299 size-full\" src=\"https:\/\/www.topohvar.at\/wp-content\/uploads\/2018\/09\/push-next-30.jpg\" alt=\"\" width=\"61\" height=\"30\" \/><\/a><\/strong><strong>\u00a0 \u00a0<\/strong><\/p>\n<hr \/>\n<p><strong>Adresa \/ Adresse<br \/>\n<\/strong>Hvar, Brusje, Velo Grablje<\/p>\n<p><strong>Lokalna polo\u017eaj \/ Position<br \/>\n<\/strong><span style=\"color: #3366ff;\">Latitude: N 43\u00b0\u00a0 \u00a0Longitude: E 16\u00b0 <\/span><strong><br \/>\n<\/strong>Visina \/ H\u00f6he: 7 m &#8211; 409 m<\/p>\n<p><strong>Zemlji\u0161te \/ Grundst\u00fccke<br \/>\n<\/strong>&#8211;<div class='content-column one_half'><div style=\"padding-right:6px;\"><p><strong>Datum snimanja \/ Erfassungsdatum<br \/>\n<\/strong>01.01.2000 00:00:00<\/p>\n<hr \/>\n<p><strong>Informacije<\/strong><\/p>\n<p>Vo\u017enja biciklom ovom prometnicom ne zahtjeva preveliki fizi\u010dki napor, te se smatra srednje te\u0161kom rutom, pogodna za sve vrste bicikla. Cijelom povr\u0161inom je pokrivena asfaltom.<\/p><\/div><\/div><div class='content-column one_half last_column'><div style=\"padding-right:0px;padding-left:6px;\"><p><strong>Za\u0161titni polo\u017eaj \/ Schutzstellung<br \/>\n<\/strong>&#8211;<\/p>\n<hr \/>\n<p><strong>Info<\/strong><\/p>\n<p>Das Radfahren auf dieser Route ist k\u00f6rperlich nicht besonders anstrengend: Sie gilt als mittelschwer und eignet sich f\u00fcr alle Arten von Fahrr\u00e4dern. Die Fahrbahn ist komplett asphaltiert.<\/p><\/div><\/div><div class='clear_column'><\/div><div class='content-column one_half'><div style=\"padding-right:6px;\"><p>Po izlasku iz grada ide stalno uzbrdo. Kroz \u0161umu, vinograde i maslinike kona\u010dno dolazite do sela Brusje. Kroz polja s bezbrojnim kamenih gomila i kamenim zidovima dolazi se do veli\u010danstvenog vidikovca Sv. Roka s oktogonalnom kapelom.<\/p><\/div><\/div><div class='content-column one_half last_column'><div style=\"padding-right:0px;padding-left:6px;\"><p>Nach Verlassen der Stadt geht es stetig bergauf. Durch Wald, Weinberge und Olivenhaine gelangt man schlie\u00dflich zur Ortschaft Brusje. Durch Felder mit unz\u00e4hligen Steinh\u00fcgeln und Steinmauern erreicht man in der N\u00e4he von Velo Grablje den pr\u00e4chtigen Aussichtspunkt Sv. Rok mit einer achteckigen Kapelle.<\/p><\/div><\/div><div class='clear_column'><\/div><div class='content-column one_half'><div style=\"padding-right:6px;\"><p>Ubrzo se skre\u0107e s ceste i spu\u0161ta se u etno-eko selo Vela Grablje.<\/p><\/div><\/div><div class='content-column one_half last_column'><div style=\"padding-right:0px;padding-left:6px;\"><p>Bald danach biegt man von der Stra\u00dfe ab, um zum Ethno-\u00d6ko-Dorf Vela Grablje hinunter zu fahren.<\/p><\/div><\/div><div class='clear_column'><\/div><div class='content-column one_half'><div style=\"padding-right:6px;\"><p>Du\u017eina: 11,24 km<br \/>\nAsfalt: 11,24 km \/ 100,00 %<br \/>\nMakadam: 0,00 km \/ 0,00 %<br \/>\nNajni\u017ea to\u010dka: 7 m<br \/>\nNajvi\u0161a to\u010dka: 409 m<br \/>\nUkupno metara uspona: 410 m<\/p><\/div><\/div><div class='content-column one_half last_column'><div style=\"padding-right:0px;padding-left:6px;\"><p>L\u00e4nge: 11,24 km<br \/>\nAsphalt: 11,24 km \/ 100,00 %<br \/>\nMakadam: 0,00 km \/ 0,00 %<br \/>\nNiedrigster Punkt: 7 m<br \/>\nH\u00f6chster Punkt: 409 m<br \/>\nH\u00f6henmeter (Aufstieg) insgesamt: 410 m<\/p><\/div><\/div><div class='clear_column'><\/div><\/p>\n<p style=\"text-align: right;\"><span style=\"color: #3366ff;\"><a style=\"color: #3366ff;\" href=\"#seite_oben\">natrag na vrh \/ Seitenanfang<\/a><\/span><\/p>\n<hr \/>\n<p><strong>Linkovi \/ Links<\/strong><\/p>\n<p><span style=\"color: #3366ff;\"><a style=\"color: #3366ff;\" href=\"https:\/\/www.topohvar.at\/orte\/hv\/hv-pu-07-1\/\">Objekt \u00bbBiciklisti\u010dka ruta Malo Grablje\u00ab \/ Radroute &#8222;Malo Grablje&#8220;<\/a><br \/>\n<a style=\"color: #3366ff;\" href=\"https:\/\/www.topohvar.at\/topo\/orte\/hv\/hv-pu-08-1\/\">Objekt \u00bbBiciklisti\u010dka ruta Te\u017ea\u010dka\u00ab \/ Radroute Te\u017ea\u010dka<\/a><br \/>\n<a style=\"color: #3366ff;\" href=\"https:\/\/www.topohvar.at\/topo\/orte\/hv\/hv-pu-12-1\/\">Objekt \u00bbBiciklisti\u010dka ruta Hvar &#8211; Vira\u00ab \/ Radroute Hvar &#8211; Vira<\/a><br \/>\n<\/span><\/p>\n","protected":false},"excerpt":{"rendered":"<p>Ime \/ Name Objekt \u00bbBiciklisti\u010dka ruta Hvar &#8211; Busje &#8211; Velo Grablje\u00ab \/ Radroute Hvar &#8211; Busje &#8211; Velo Grablje Code: HV-PU-09\u00a0 \u00a0 \u00a0 \u00a0 \u00a0 \u00a0 \u00a0 \u00a0 \u00a0 \u00a0 \u00a0 \u00a0 \u00a0 \u00a0 \u00a0 \u00a0 \u00a0 \u00a0 \u00a0 &hellip; <a href=\"https:\/\/www.topohvar.at\/topo\/orte\/hv\/hv-pu-09-1\/\">Weiterlesen <span class=\"meta-nav\">&rarr;<\/span><\/a><\/p>\n","protected":false},"author":1,"featured_media":0,"parent":80,"menu_order":0,"comment_status":"closed","ping_status":"closed","template":"","meta":{"footnotes":""},"class_list":["post-56342","page","type-page","status-publish","hentry"],"_links":{"self":[{"href":"https:\/\/www.topohvar.at\/topo\/wp-json\/wp\/v2\/pages\/56342","targetHints":{"allow":["GET"]}}],"collection":[{"href":"https:\/\/www.topohvar.at\/topo\/wp-json\/wp\/v2\/pages"}],"about":[{"href":"https:\/\/www.topohvar.at\/topo\/wp-json\/wp\/v2\/types\/page"}],"author":[{"embeddable":true,"href":"https:\/\/www.topohvar.at\/topo\/wp-json\/wp\/v2\/users\/1"}],"replies":[{"embeddable":true,"href":"https:\/\/www.topohvar.at\/topo\/wp-json\/wp\/v2\/comments?post=56342"}],"version-history":[{"count":7,"href":"https:\/\/www.topohvar.at\/topo\/wp-json\/wp\/v2\/pages\/56342\/revisions"}],"predecessor-version":[{"id":56365,"href":"https:\/\/www.topohvar.at\/topo\/wp-json\/wp\/v2\/pages\/56342\/revisions\/56365"}],"up":[{"embeddable":true,"href":"https:\/\/www.topohvar.at\/topo\/wp-json\/wp\/v2\/pages\/80"}],"wp:attachment":[{"href":"https:\/\/www.topohvar.at\/topo\/wp-json\/wp\/v2\/media?parent=56342"}],"curies":[{"name":"wp","href":"https:\/\/api.w.org\/{rel}","templated":true}]}}