{"id":56348,"date":"2022-01-19T17:02:47","date_gmt":"2022-01-19T16:02:47","guid":{"rendered":"https:\/\/www.topohvar.at\/topo\/?page_id=56348"},"modified":"2022-01-20T16:10:38","modified_gmt":"2022-01-20T15:10:38","slug":"hv-pu-12-1","status":"publish","type":"page","link":"https:\/\/www.topohvar.at\/topo\/orte\/hv\/hv-pu-12-1\/","title":{"rendered":"HVAR &#8211; Objekt \u00bbBiciklisti\u010dka ruta Hvar &#8211; Vira\u00ab"},"content":{"rendered":"<p><a name=\"seite_oben\"><\/a><br \/>\n<img loading=\"lazy\" decoding=\"async\" class=\"alignnone wp-image-56349 size-full\" src=\"https:\/\/www.topohvar.at\/wp-content\/uploads\/2022\/01\/hv-pu-12-0.jpg\" alt=\"\" width=\"1080\" height=\"530\" srcset=\"https:\/\/www.topohvar.at\/wp-content\/uploads\/2022\/01\/hv-pu-12-0.jpg 1080w, https:\/\/www.topohvar.at\/wp-content\/uploads\/2022\/01\/hv-pu-12-0-300x147.jpg 300w, https:\/\/www.topohvar.at\/wp-content\/uploads\/2022\/01\/hv-pu-12-0-1024x503.jpg 1024w, https:\/\/www.topohvar.at\/wp-content\/uploads\/2022\/01\/hv-pu-12-0-768x377.jpg 768w\" sizes=\"auto, (max-width: 1080px) 100vw, 1080px\" \/><\/p>\n<p><strong>Ime \/ Name<br \/>\n<\/strong>Objekt \u00bbBiciklisti\u010dka ruta Hvar &#8211; Vira\u00ab \/ Radroute Hvar &#8211; Vira<\/p>\n<p><strong>Code: <\/strong>HV-PU-12\u00a0 \u00a0 \u00a0 \u00a0 \u00a0 \u00a0 \u00a0 \u00a0 \u00a0 \u00a0 \u00a0 \u00a0 \u00a0 \u00a0 \u00a0 \u00a0 \u00a0 \u00a0 <a href=\"https:\/\/www.topohvar.at\/hv-ov-02-1\/\"><img loading=\"lazy\" decoding=\"async\" class=\"alignnone wp-image-12300 size-full\" src=\"https:\/\/www.topohvar.at\/wp-content\/uploads\/2018\/09\/push-vor-30.jpg\" alt=\"\" width=\"61\" height=\"30\" \/><\/a>\u00a0<strong><a href=\"https:\/\/www.topohvar.at\/orte\/hv\/hv-pu-09-1\/\"><img loading=\"lazy\" decoding=\"async\" class=\"alignnone wp-image-533 size-full\" src=\"https:\/\/www.topohvar.at\/wp-content\/uploads\/2018\/07\/push-l-30.jpg\" alt=\"\" width=\"61\" height=\"30\" \/><\/a> <a href=\"https:\/\/www.topohvar.at\/orte\/hv\/\"><img loading=\"lazy\" decoding=\"async\" class=\"alignnone wp-image-535 size-full\" src=\"https:\/\/www.topohvar.at\/wp-content\/uploads\/2018\/07\/push-o-30.jpg\" alt=\"\" width=\"61\" height=\"30\" \/><\/a> <a href=\"https:\/\/www.topohvar.at\/orte\/hv\/hv-pu-13-1\/\"><img loading=\"lazy\" decoding=\"async\" class=\"alignnone wp-image-536 size-full\" src=\"https:\/\/www.topohvar.at\/wp-content\/uploads\/2018\/07\/push-r-30.jpg\" alt=\"\" width=\"61\" height=\"30\" \/><\/a>\u00a0<a href=\"https:\/\/www.topohvar.at\/hv-og-01-1\/\"><img loading=\"lazy\" decoding=\"async\" class=\"alignnone wp-image-12299 size-full\" src=\"https:\/\/www.topohvar.at\/wp-content\/uploads\/2018\/09\/push-next-30.jpg\" alt=\"\" width=\"61\" height=\"30\" \/><\/a><\/strong><strong>\u00a0 \u00a0<\/strong><\/p>\n<hr \/>\n<p><strong>Adresa \/ Adresse<br \/>\n<\/strong>Hvar, Vira<\/p>\n<p><strong>Lokalna polo\u017eaj \/ Position<br \/>\n<\/strong><span style=\"color: #3366ff;\">Latitude: N 43\u00b0\u00a0 \u00a0Longitude: E 16\u00b0 <\/span><strong><br \/>\n<\/strong>Visina \/ H\u00f6he: 1 m &#8211; 120 m<\/p>\n<p><strong>Zemlji\u0161te \/ Grundst\u00fccke<br \/>\n<\/strong>&#8211;<div class='content-column one_half'><div style=\"padding-right:6px;\"><p><strong>Datum snimanja \/ Erfassungsdatum<br \/>\n<\/strong>01.01.2000 00:00:00<\/p>\n<hr \/>\n<p><strong>Informacije<\/strong><\/p>\n<p>Vo\u017enja biciklom ovom rutom povremeno zahtjeva ve\u0107i fizi\u010dki napor te se smatra srednje te\u0161kom rutom. Pogodna je za sve vrste bicikala, a ujedno je poveznica sa obilaskom tvr\u0111ave \u0160panjola.<\/p><\/div><\/div><div class='content-column one_half last_column'><div style=\"padding-right:0px;padding-left:6px;\"><p><strong>Za\u0161titni polo\u017eaj \/ Schutzstellung<br \/>\n<\/strong>&#8211;<\/p>\n<hr \/>\n<p><strong>Info<\/strong><\/p>\n<p>Diese Route erfordert gelegentlich gr\u00f6\u00dfere k\u00f6rperliche Anstrengungen und gilt als mittelschwere Route. Sie eignet sich f\u00fcr alle Arten von Fahrr\u00e4dern und ist auch gut mit einem Besuch der Festung Spanjola zu verbinden.<\/p><\/div><\/div><div class='clear_column'><\/div><div class='content-column one_half'><div style=\"padding-right:6px;\"><p>Dvije informativne plo\u010de na putu pru\u017eaju informacije o ovoj biciklisti\u010dkoj ruti. Od grada Hvara ide se odvojkom ceste iza povijesne hvarske tvr\u0111ave Fortice do visoravni Rudina.<\/p><\/div><\/div><div class='content-column one_half last_column'><div style=\"padding-right:0px;padding-left:6px;\"><p>Zwei Infotafeln am Weg informieren \u00fcber diese Radroute. Von der Stadt Hvar f\u00fchrt die Stra\u00dfe vorbei an der historischen Festung der Stadt Hvar (Fortica) bis zur Hochebene Rudina.<\/p><\/div><\/div><div class='clear_column'><\/div><div class='content-column one_half'><div style=\"padding-right:6px;\"><p>Zatim se spu\u0161ta do uvale Vira (Sokolica), ina\u010de jo\u0161 od pretpovijesi sjeverne luke grada Hvara. O tome svjedo\u010di i skupina pretpovijesnih kamenih grobnih gomila (tumulusa) u blizini auto-kampa \u201eVira\u201c.<\/p><\/div><\/div><div class='content-column one_half last_column'><div style=\"padding-right:0px;padding-left:6px;\"><p>Dann geht es hinunter in die Bucht Vira (Sokolica), seit pr\u00e4historischer Zeit der n\u00f6rdlichen Hafen von Hvar. Dies zeigt eine Gruppe pr\u00e4historischer H\u00fcgelgr\u00e4ber (Tumuli) in der N\u00e4he des Autocamps \u201eVira\u201c.<\/p><\/div><\/div><div class='clear_column'><\/div><div class='content-column one_half'><div style=\"padding-right:6px;\"><p>Du\u017eina: 4,03 km<br \/>\nAsfalt: 4,03 km \/ 100,00 %<br \/>\nMakadam: 0,00 km \/ 0,00 %<br \/>\nNajni\u017ea to\u010dka: 1 m<br \/>\nNajvi\u0161a to\u010dka: 120 m<br \/>\nUkupno metara uspona: 120 m<\/p><\/div><\/div><div class='content-column one_half last_column'><div style=\"padding-right:0px;padding-left:6px;\"><p>L\u00e4nge: 4,03 km<br \/>\nAsphalt: 4,03km \/ 100,00 %<br \/>\nMakadam: 0,00 km \/ 0,00 %<br \/>\nNiedrigster Punkt: 1 m<br \/>\nH\u00f6chster Punkt: 120 m<br \/>\nH\u00f6henmeter (Aufstieg) insgesamt: 120 m<\/p><\/div><\/div><div class='clear_column'><\/div><\/p>\n<p style=\"text-align: right;\"><span style=\"color: #3366ff;\"><a style=\"color: #3366ff;\" href=\"#seite_oben\">natrag na vrh \/ Seitenanfang<\/a><\/span><\/p>\n<hr \/>\n<p><strong>Linkovi \/ Links<\/strong><\/p>\n<p><span style=\"color: #3366ff;\"><a style=\"color: #3366ff;\" href=\"https:\/\/www.topohvar.at\/orte\/hv\/hv-ip-08-1\/\">Informativna plo\u010da \u00bbBicikloturisti\u010dka ruta Hvar \u2013 Vira (1)\u00ab \/ Infotafel \u2013 Radroute Hvar \u2013 Vir (1)<\/a><br \/>\n<a style=\"color: #3366ff;\" href=\"https:\/\/www.topohvar.at\/orte\/hv\/hv-ip-13-2\/\">Informativna plo\u010da \u00bbBicikloturisti\u010dka ruta Hvar \u2013 Vira (2)\u00ab \/ Infotafel \u2013 Radroute Hvar \u2013 Vir (2)<\/a><br \/>\n<a style=\"color: #3366ff;\" href=\"https:\/\/www.topohvar.at\/orte\/hv\/hv-pu-07-1\/\">Objekt \u00bbBiciklisti\u010dka ruta Malo Grablje\u00ab \/ Radroute &#8222;Malo Grablje&#8220;<\/a><br \/>\n<a style=\"color: #3366ff;\" href=\"https:\/\/www.topohvar.at\/topo\/orte\/hv\/hv-pu-08-1\/\">Objekt \u00bbBiciklisti\u010dka ruta Te\u017ea\u010dka\u00ab \/ Radroute Te\u017ea\u010dka<\/a><br \/>\n<a style=\"color: #3366ff;\" href=\"https:\/\/www.topohvar.at\/topo\/orte\/hv\/hv-pu-09-1\/\">Objekt \u00bbBiciklisti\u010dka ruta Hvar \u2013 Brusje \u2013 Velo Grablje\u00ab \/ Radroute Hvar &#8211; Brusje &#8211; Velo Grablje<\/a><br \/>\n<\/span><\/p>\n","protected":false},"excerpt":{"rendered":"<p>Ime \/ Name Objekt \u00bbBiciklisti\u010dka ruta Hvar &#8211; Vira\u00ab \/ Radroute Hvar &#8211; Vira Code: HV-PU-12\u00a0 \u00a0 \u00a0 \u00a0 \u00a0 \u00a0 \u00a0 \u00a0 \u00a0 \u00a0 \u00a0 \u00a0 \u00a0 \u00a0 \u00a0 \u00a0 \u00a0 \u00a0 \u00a0 \u00a0\u00a0 \u00a0 Adresa \/ Adresse Hvar, &hellip; <a href=\"https:\/\/www.topohvar.at\/topo\/orte\/hv\/hv-pu-12-1\/\">Weiterlesen <span class=\"meta-nav\">&rarr;<\/span><\/a><\/p>\n","protected":false},"author":1,"featured_media":0,"parent":80,"menu_order":0,"comment_status":"closed","ping_status":"closed","template":"","meta":{"footnotes":""},"class_list":["post-56348","page","type-page","status-publish","hentry"],"_links":{"self":[{"href":"https:\/\/www.topohvar.at\/topo\/wp-json\/wp\/v2\/pages\/56348","targetHints":{"allow":["GET"]}}],"collection":[{"href":"https:\/\/www.topohvar.at\/topo\/wp-json\/wp\/v2\/pages"}],"about":[{"href":"https:\/\/www.topohvar.at\/topo\/wp-json\/wp\/v2\/types\/page"}],"author":[{"embeddable":true,"href":"https:\/\/www.topohvar.at\/topo\/wp-json\/wp\/v2\/users\/1"}],"replies":[{"embeddable":true,"href":"https:\/\/www.topohvar.at\/topo\/wp-json\/wp\/v2\/comments?post=56348"}],"version-history":[{"count":5,"href":"https:\/\/www.topohvar.at\/topo\/wp-json\/wp\/v2\/pages\/56348\/revisions"}],"predecessor-version":[{"id":56466,"href":"https:\/\/www.topohvar.at\/topo\/wp-json\/wp\/v2\/pages\/56348\/revisions\/56466"}],"up":[{"embeddable":true,"href":"https:\/\/www.topohvar.at\/topo\/wp-json\/wp\/v2\/pages\/80"}],"wp:attachment":[{"href":"https:\/\/www.topohvar.at\/topo\/wp-json\/wp\/v2\/media?parent=56348"}],"curies":[{"name":"wp","href":"https:\/\/api.w.org\/{rel}","templated":true}]}}