{"id":56424,"date":"2022-01-20T14:28:45","date_gmt":"2022-01-20T13:28:45","guid":{"rendered":"https:\/\/www.topohvar.at\/topo\/?page_id=56424"},"modified":"2022-01-20T14:30:49","modified_gmt":"2022-01-20T13:30:49","slug":"gm-pu-04-1","status":"publish","type":"page","link":"https:\/\/www.topohvar.at\/topo\/orte\/gm\/gm-pu-04-1\/","title":{"rendered":"MALO GRABLJE &#8211; Objekt \u00bbBiciklisti\u010dka ruta V. Grablje &#8211; M. Grablje &#8211; Milna\u00ab"},"content":{"rendered":"<p><a name=\"seite_oben\"><\/a><br \/>\n<img loading=\"lazy\" decoding=\"async\" class=\"alignnone wp-image-56409 size-full\" src=\"https:\/\/www.topohvar.at\/wp-content\/uploads\/2022\/01\/gv-pu-07-1.jpg\" alt=\"\" width=\"1080\" height=\"530\" srcset=\"https:\/\/www.topohvar.at\/wp-content\/uploads\/2022\/01\/gv-pu-07-1.jpg 1080w, https:\/\/www.topohvar.at\/wp-content\/uploads\/2022\/01\/gv-pu-07-1-300x147.jpg 300w, https:\/\/www.topohvar.at\/wp-content\/uploads\/2022\/01\/gv-pu-07-1-1024x503.jpg 1024w, https:\/\/www.topohvar.at\/wp-content\/uploads\/2022\/01\/gv-pu-07-1-768x377.jpg 768w\" sizes=\"auto, (max-width: 1080px) 100vw, 1080px\" \/><\/p>\n<p><strong>Ime \/ Name<br \/>\n<\/strong>Objekt \u00bbBiciklisti\u010dka ruta V. Grablje &#8211; M. Grablje &#8211; Milna\u00ab \/ Radroute V. Grablje &#8211; M. Grablje &#8211; Milna<\/p>\n<p><strong>Code: <\/strong>GM-PU-04\u00a0 \u00a0 \u00a0 \u00a0 \u00a0 \u00a0 \u00a0 \u00a0 \u00a0 \u00a0 \u00a0 \u00a0 \u00a0 \u00a0 \u00a0 \u00a0<strong><a href=\"https:\/\/www.topohvar.at\/orte\/gm\/gm-pu-03-1\/\"><img loading=\"lazy\" decoding=\"async\" class=\"alignnone wp-image-533 size-full\" src=\"https:\/\/www.topohvar.at\/wp-content\/uploads\/2018\/07\/push-l-30.jpg\" alt=\"\" width=\"61\" height=\"30\" \/><\/a> <a href=\"https:\/\/www.topohvar.at\/orte\/gm\/\"><img loading=\"lazy\" decoding=\"async\" class=\"alignnone wp-image-535 size-full\" src=\"https:\/\/www.topohvar.at\/wp-content\/uploads\/2018\/07\/push-o-30.jpg\" alt=\"\" width=\"61\" height=\"30\" \/><\/a> <a href=\"https:\/\/www.topohvar.at\/orte\/gm\/gm-pu-01-1\/\"><img loading=\"lazy\" decoding=\"async\" class=\"alignnone wp-image-536 size-full\" src=\"https:\/\/www.topohvar.at\/wp-content\/uploads\/2018\/07\/push-r-30.jpg\" alt=\"\" width=\"61\" height=\"30\" \/><\/a> <a href=\" https:\/\/www.topohvar.at\/topo\/orte\/gm\/gm-og-01-1\/\"><img loading=\"lazy\" decoding=\"async\" class=\"alignnone wp-image-12299 size-full\" src=\"https:\/\/www.topohvar.at\/wp-content\/uploads\/2018\/09\/push-next-30.jpg\" alt=\"\" width=\"61\" height=\"30\" \/><\/a><\/strong><strong>\u00a0 \u00a0<\/strong><\/p>\n<hr \/>\n<p><strong>Adresa \/ Adresse<br \/>\n<\/strong>Velo Grablje, Malo Grablje, Milna<\/p>\n<p><strong>Lokalna polo\u017eaj \/ Position<br \/>\n<\/strong><span style=\"color: #3366ff;\">Latitude: N 43\u00b0\u00a0 \u00a0Longitude: E 16\u00b0 <\/span><strong><br \/>\n<\/strong>Visina \/ H\u00f6he: 7 m &#8211; 409 m<\/p>\n<p><strong>Zemlji\u0161te \/ Grundst\u00fccke<br \/>\n<\/strong>&#8211;<div class='content-column one_half'><div style=\"padding-right:6px;\"><p><strong>Datum snimanja \/ Erfassungsdatum<br \/>\n<\/strong>01.01.2000 00:00:00<\/p>\n<hr \/>\n<p><strong>Informacije<\/strong><\/p>\n<p>Za vo\u017enju biciklom ovom rutom potrebno je imati mtb(brdski)bicikli. Ruta se uglavnom odvija po cestama s makadamskom podlogom. Motornog prometa gotovo da i nema osim terenskoih vozila.<\/p><\/div><\/div><div class='content-column one_half last_column'><div style=\"padding-right:0px;padding-left:6px;\"><p><strong>Za\u0161titni polo\u017eaj \/ Schutzstellung<br \/>\n<\/strong>&#8211;<\/p>\n<hr \/>\n<p><strong>Info<\/strong><\/p>\n<p>F\u00fcr diese Strecke ist ein MTB (Mountainbike) erforderlich. Die Route verl\u00e4uft zum Gro\u00dfteil auf Stra\u00dfen mit einer Makadamoberfl\u00e4chen. Es gibt fast keinen motorisierten Verkehr au\u00dfer f\u00fcr Gel\u00e4ndefahrzeuge.<\/p><\/div><\/div><div class='clear_column'><\/div><div class='content-column one_half'><div style=\"padding-right:6px;\"><p>S ceste Hvar &#8211; Stari Grad spu\u0161tate se u slikoviti gradi\u0107 Velo Grablje. Zatim dalje pored polja lavande i ru\u017emarina, vinograda i maslinika, a zatim kroz klanac na koji se gleda planina Motokit (335m) prema jugu. uskoro \u0107ete sti\u0107i do etno-eko sela Malo Grablje. Ovdje se mo\u017eete opustiti i osvje\u017eiti u dalmatinskoj konobi &#8222;Stori Komin&#8220;.<\/p><\/div><\/div><div class='content-column one_half last_column'><div style=\"padding-right:0px;padding-left:6px;\"><p>Von der Stra\u00dfe Hvar &#8211; Stari Grad aus geht hinunter in den malerischen Ort Velo Grablje. Dann weiter vorbei an Lavendel- und Rosmarinfeldern, Weinbergen und Olivenhainen und dann durch eine Schlucht, die vom Berg Motokit (335m) im S\u00fcden \u00fcberragt wird. bald erreicht man das Ethno-\u00d6ko-Dorf Malo Grablje. Hier kann man sich in der dalmatinischen Taverne \u201eStori Komin\u201c entspannen und erfrischen.<\/p><\/div><\/div><div class='clear_column'><\/div><div class='content-column one_half'><div style=\"padding-right:6px;\"><p>Kroz \u010dudesan kanjon s bo\u010dnim stijenama visokim stotinjak metara sti\u017ee se do selo Milne. Ovdje \u0107ete prona\u0107i i biciklisti\u010dku rutu (3) Hvar \u2013 Zara\u0107e.<\/p><\/div><\/div><div class='content-column one_half last_column'><div style=\"padding-right:0px;padding-left:6px;\"><p>Weiter Durch die wunderbare Schlucht und seitlichen Felsen erreicht man nach einigen hundert Meter die Ortschaft Milna. Hier trifft man auch auf die Radroute (3) Hvar \u2013 Zara\u0107e.<\/p><\/div><\/div><div class='clear_column'><\/div><div class='content-column one_half'><div style=\"padding-right:6px;\"><p>Du\u017eina: 4,80 km<br \/>\nAsfalt: 1,18 km \/ 24,60 %<br \/>\nMakadam: 3,62 km \/ 75,40 %<br \/>\nNajni\u017ea to\u010dka: 3 m<br \/>\nNajvi\u0161a to\u010dka: 390 m<br \/>\nUkupno metara uspona: 387 m<\/p><\/div><\/div><div class='content-column one_half last_column'><div style=\"padding-right:0px;padding-left:6px;\"><p>L\u00e4nge: 4,80 km<br \/>\nAsphalt: 1,18 km \/ 24,60 %<br \/>\nMakadam: 3,62 km \/ 75,40 %<br \/>\nNiedrigster Punkt: 3 m<br \/>\nH\u00f6chster Punkt: 390 m<br \/>\nH\u00f6henmeter (Aufstieg) insgesamt: 387 m<\/p><\/div><\/div><div class='clear_column'><\/div><\/p>\n<p style=\"text-align: right;\"><span style=\"color: #3366ff;\"><a style=\"color: #3366ff;\" href=\"#seite_oben\">natrag na vrh \/ Seitenanfang<\/a><\/span><\/p>\n<hr \/>\n<p><strong>Linkovi \/ Links<\/strong><\/p>\n<p><span style=\"color: #3366ff;\"><a style=\"color: #3366ff;\" href=\"https:\/\/www.topohvar.at\/orte\/gv\/gv-pu-04-1\/\">Objekt \u00bbBiciklisti\u010dka ruta Dubova\u00ab \/ Radroute &#8222;Dubova&#8220;<\/a><br \/>\n<a style=\"color: #3366ff;\" href=\"https:\/\/www.topohvar.at\/orte\/gv\/gv-pu-05-1\/\">Objekt \u00bbBiciklisti\u010dka ruta Malo Grablje\u00ab \/ Radroute &#8222;Malo Grablje&#8220;<\/a><\/span><span style=\"color: #3366ff;\"><br \/>\n<a class=\"ytp-title-link yt-uix-sessionlink\" style=\"color: #3366ff;\" tabindex=\"-1\" href=\"https:\/\/www.youtube.com\/watch?v=__eRtvDZJcQ\" target=\"_blank\" rel=\"noopener\" data-sessionlink=\"feature=player-title\">VIDEO &#8211; Cycling IslandofHvar Jelsa2019<\/a><\/span><\/p>\n","protected":false},"excerpt":{"rendered":"<p>Ime \/ Name Objekt \u00bbBiciklisti\u010dka ruta V. Grablje &#8211; M. Grablje &#8211; Milna\u00ab \/ Radroute V. Grablje &#8211; M. Grablje &#8211; Milna Code: GM-PU-04\u00a0 \u00a0 \u00a0 \u00a0 \u00a0 \u00a0 \u00a0 \u00a0 \u00a0 \u00a0 \u00a0 \u00a0 \u00a0 \u00a0 \u00a0 \u00a0 \u00a0 &hellip; <a href=\"https:\/\/www.topohvar.at\/topo\/orte\/gm\/gm-pu-04-1\/\">Weiterlesen <span class=\"meta-nav\">&rarr;<\/span><\/a><\/p>\n","protected":false},"author":1,"featured_media":0,"parent":74,"menu_order":0,"comment_status":"closed","ping_status":"closed","template":"","meta":{"footnotes":""},"class_list":["post-56424","page","type-page","status-publish","hentry"],"_links":{"self":[{"href":"https:\/\/www.topohvar.at\/topo\/wp-json\/wp\/v2\/pages\/56424","targetHints":{"allow":["GET"]}}],"collection":[{"href":"https:\/\/www.topohvar.at\/topo\/wp-json\/wp\/v2\/pages"}],"about":[{"href":"https:\/\/www.topohvar.at\/topo\/wp-json\/wp\/v2\/types\/page"}],"author":[{"embeddable":true,"href":"https:\/\/www.topohvar.at\/topo\/wp-json\/wp\/v2\/users\/1"}],"replies":[{"embeddable":true,"href":"https:\/\/www.topohvar.at\/topo\/wp-json\/wp\/v2\/comments?post=56424"}],"version-history":[{"count":4,"href":"https:\/\/www.topohvar.at\/topo\/wp-json\/wp\/v2\/pages\/56424\/revisions"}],"predecessor-version":[{"id":56429,"href":"https:\/\/www.topohvar.at\/topo\/wp-json\/wp\/v2\/pages\/56424\/revisions\/56429"}],"up":[{"embeddable":true,"href":"https:\/\/www.topohvar.at\/topo\/wp-json\/wp\/v2\/pages\/74"}],"wp:attachment":[{"href":"https:\/\/www.topohvar.at\/topo\/wp-json\/wp\/v2\/media?parent=56424"}],"curies":[{"name":"wp","href":"https:\/\/api.w.org\/{rel}","templated":true}]}}