{"id":56461,"date":"2022-01-20T16:06:05","date_gmt":"2022-01-20T15:06:05","guid":{"rendered":"https:\/\/www.topohvar.at\/topo\/?page_id=56461"},"modified":"2022-01-20T16:09:39","modified_gmt":"2022-01-20T15:09:39","slug":"hv-pu-13-1","status":"publish","type":"page","link":"https:\/\/www.topohvar.at\/topo\/orte\/hv\/hv-pu-13-1\/","title":{"rendered":"HVAR &#8211; Objekt \u00bbBiciklisti\u010dka ruta (3) Hvar \u2013 Milna &#8211; Zara\u0107e\u00ab"},"content":{"rendered":"<p><a name=\"seite_oben\"><\/a><br \/>\n<img loading=\"lazy\" decoding=\"async\" class=\"alignleft wp-image-56441 size-full\" src=\"https:\/\/www.topohvar.at\/wp-content\/uploads\/2022\/01\/mi-pu-04-0.jpg\" alt=\"\" width=\"1080\" height=\"530\" srcset=\"https:\/\/www.topohvar.at\/wp-content\/uploads\/2022\/01\/mi-pu-04-0.jpg 1080w, https:\/\/www.topohvar.at\/wp-content\/uploads\/2022\/01\/mi-pu-04-0-300x147.jpg 300w, https:\/\/www.topohvar.at\/wp-content\/uploads\/2022\/01\/mi-pu-04-0-1024x503.jpg 1024w, https:\/\/www.topohvar.at\/wp-content\/uploads\/2022\/01\/mi-pu-04-0-768x377.jpg 768w\" sizes=\"auto, (max-width: 1080px) 100vw, 1080px\" \/><\/p>\n<p><strong>Ime \/ Name<br \/>\n<\/strong>Objekt \u00bbBiciklisti\u010dka ruta (3) Hvar \u2013 Milna &#8211; Zara\u0107e\u00ab \/ Radroute (3) Hvar \u2013 Milna &#8211; Zara\u0107e<\/p>\n<p><strong>Code: <\/strong>HV-PU-13\u00a0 \u00a0 \u00a0 \u00a0 \u00a0 \u00a0 \u00a0 \u00a0 \u00a0 \u00a0 \u00a0 \u00a0 \u00a0 \u00a0 \u00a0 \u00a0 \u00a0 \u00a0\u00a0<a href=\"https:\/\/www.topohvar.at\/hv-ov-02-1\/\"><img loading=\"lazy\" decoding=\"async\" class=\"alignnone wp-image-12300 size-full\" src=\"https:\/\/www.topohvar.at\/wp-content\/uploads\/2018\/09\/push-vor-30.jpg\" alt=\"\" width=\"61\" height=\"30\" \/><\/a>\u00a0<strong><a href=\"https:\/\/www.topohvar.at\/orte\/hv\/hv-pu-12-1\/\"><img loading=\"lazy\" decoding=\"async\" class=\"alignnone wp-image-533 size-full\" src=\"https:\/\/www.topohvar.at\/wp-content\/uploads\/2018\/07\/push-l-30.jpg\" alt=\"\" width=\"61\" height=\"30\" \/><\/a> <a href=\"https:\/\/www.topohvar.at\/orte\/hv\/\"><img loading=\"lazy\" decoding=\"async\" class=\"alignnone wp-image-535 size-full\" src=\"https:\/\/www.topohvar.at\/wp-content\/uploads\/2018\/07\/push-o-30.jpg\" alt=\"\" width=\"61\" height=\"30\" \/><\/a> <a href=\"https:\/\/www.topohvar.at\/orte\/hv\/hv-pu-06-1\/\"><img loading=\"lazy\" decoding=\"async\" class=\"alignnone wp-image-536 size-full\" src=\"https:\/\/www.topohvar.at\/wp-content\/uploads\/2018\/07\/push-r-30.jpg\" alt=\"\" width=\"61\" height=\"30\" \/><\/a>\u00a0<a href=\"https:\/\/www.topohvar.at\/hv-og-01-1\/\"><img loading=\"lazy\" decoding=\"async\" class=\"alignnone wp-image-12299 size-full\" src=\"https:\/\/www.topohvar.at\/wp-content\/uploads\/2018\/09\/push-next-30.jpg\" alt=\"\" width=\"61\" height=\"30\" \/><\/a><\/strong><strong>\u00a0<\/strong><\/p>\n<hr \/>\n<p><strong>Adresa \/ Adresse<br \/>\n<\/strong>Hvar, Milna, Zara\u0107e<\/p>\n<p><strong>Lokalna polo\u017eaj \/ Position<br \/>\n<\/strong><span style=\"color: #3366ff;\">Latitude: N 43\u00b0\u00a0 \u00a0Longitude: E 16\u00b0 <\/span><strong><br \/>\n<\/strong>Visina \/ H\u00f6he: 7 m &#8211; 409 m<\/p>\n<p><strong>Zemlji\u0161te \/ Grundst\u00fccke<br \/>\n<\/strong>&#8211;<div class='content-column one_half'><div style=\"padding-right:6px;\"><p><strong>Datum snimanja \/ Erfassungsdatum<br \/>\n<\/strong>01.01.2000 00:00:00<\/p>\n<hr \/>\n<p><strong>Informacije<\/strong><\/p>\n<p>Vo\u017enja biciklom ovom rutom povremeno zahtjeva srednji fizi\u010dki napor te se smatra srednje te\u0161kom rutom. Pogodna je za sve vrste bicikala. Od izlaska iz grada Hvara die se glavnom cestom prema Starom Gradu. Cesta prolazi kroz vinograde plodnog hvarskog polja Njive, koje se prote\u017ee od Hvara do Milne. U Milni se grana gorska biciklisti\u010dka staza do Malog i Velog Grablja na sjever (informativna tabla).<\/p><\/div><\/div><div class='content-column one_half last_column'><div style=\"padding-right:0px;padding-left:6px;\"><p><strong>Za\u0161titni polo\u017eaj \/ Schutzstellung<br \/>\n<\/strong>&#8211;<\/p>\n<hr \/>\n<p><strong>Info<\/strong><\/p>\n<p>Das Radfahren auf dieser Route erfordert gelegentlich m\u00e4\u00dfige k\u00f6rperliche Anstrengung und wird als mittelschwere Route angesehen. Es ist f\u00fcr alle Fahrradtypen geeignet. Von der Stadt Hvar aus nimmt man die Hauptstra\u00dfe nach Stari Grad. Die Stra\u00dfe f\u00fchrt durch die Weinberge des fruchtbaren Hvarer Feldes Njive, das sich von Hvar bis nach Milna erstreckt. In Milna zweigt in Richtung Norden die Mountainbikeroute nach Malo und Velo Grablje ab (Infotafel).<\/p><\/div><\/div><div class='clear_column'><\/div><div class='content-column one_half'><div style=\"padding-right:6px;\"><p>Ruta nastavlja glavnom cestom do ra\u010dvanja gdje mo\u017eete posjetiti slikoviti gradi\u0107 Zara\u0107e malo dalje uz cestu ili se strmom stazom spustiti do obale (20% nagib!).<\/p><\/div><\/div><div class='content-column one_half last_column'><div style=\"padding-right:0px;padding-left:6px;\"><p>Die Route f\u00fchrt weiter auf der Hauptstra\u00dfe bis zu einer Abzweigung, wo man entweder etwas weiter den malerischen Ort Zara\u0107e oberhalb der Stra\u00dfe besuchen kann oder den steilen Weg hinunter zur K\u00fcste (20% Gef\u00e4lle!) fahren kann.<\/p><\/div><\/div><div class='clear_column'><\/div><div class='content-column one_half'><div style=\"padding-right:6px;\"><p>Du\u017eina: 8,38 km<br \/>\nAsfalt: 8,38 km \/ 100,00 %<br \/>\nMakadam: 0,00 km \/ 0,00 %<br \/>\nNajni\u017ea to\u010dka: 7 m<br \/>\nNajvi\u0161a to\u010dka: 104 m<br \/>\nUkupno metara uspona: 180 m<\/p><\/div><\/div><div class='content-column one_half last_column'><div style=\"padding-right:0px;padding-left:6px;\"><p>L\u00e4nge: 8,38 km<br \/>\nAsphalt: 8,38 km \/ 100,00 %<br \/>\nMakadam: 0,00 km \/ 0,00 %<br \/>\nNiedrigster Punkt: 7 m<br \/>\nH\u00f6chster Punkt: 104 m<br \/>\nH\u00f6henmeter (Aufstieg) insgesamt: 180 m<\/p><\/div><\/div><div class='clear_column'><\/div><\/p>\n<p style=\"text-align: right;\"><span style=\"color: #3366ff;\"><a style=\"color: #3366ff;\" href=\"#seite_oben\">natrag na vrh \/ Seitenanfang<\/a><\/span><\/p>\n<hr \/>\n<p><strong>Linkovi \/ Links<\/strong><\/p>\n<p><span style=\"color: #3366ff;\"><a style=\"color: #3366ff;\" href=\"https:\/\/www.topohvar.at\/orte\/hv\/hv-pu-07-1\/\">Objekt \u00bbBiciklisti\u010dka ruta Malo Grablje\u00ab \/ Radroute &#8222;Malo Grablje&#8220;<\/a><br \/>\n<a style=\"color: #3366ff;\" href=\"https:\/\/www.topohvar.at\/topo\/orte\/hv\/hv-pu-08-1\">Objekt \u00bbBiciklisti\u010dka ruta Te\u017ea\u010dka\u00ab \/ Radroute &#8222;Te\u017ea\u010dka&#8220;<\/a><br \/>\n<a style=\"color: #3366ff;\" href=\"https:\/\/www.topohvar.at\/topo\/orte\/hv\/hv-pu-09-1\/\">Objekt \u00bbBiciklisti\u010dka ruta (1) Hvar \u2013 Brusje \u2013 Velo Grablje\u00ab \/ Radroute (1) Hvar &#8211; Brusje &#8211; Velo Grablje<\/a><br \/>\n<a style=\"color: #3366ff;\" href=\"https:\/\/www.topohvar.at\/topo\/orte\/hv\/hv-pu-12-1\/\">Objekt \u00bbBiciklisti\u010dka ruta Hvar &#8211; Vira\u00ab \/ Radroute Hvar &#8211; Vira<\/a><\/span><\/p>\n<p>&nbsp;<\/p>\n","protected":false},"excerpt":{"rendered":"<p>Ime \/ Name Objekt \u00bbBiciklisti\u010dka ruta (3) Hvar \u2013 Milna &#8211; Zara\u0107e\u00ab \/ Radroute (3) Hvar \u2013 Milna &#8211; Zara\u0107e Code: HV-PU-13\u00a0 \u00a0 \u00a0 \u00a0 \u00a0 \u00a0 \u00a0 \u00a0 \u00a0 \u00a0 \u00a0 \u00a0 \u00a0 \u00a0 \u00a0 \u00a0 \u00a0 \u00a0\u00a0\u00a0 \u00a0\u00a0 &hellip; <a href=\"https:\/\/www.topohvar.at\/topo\/orte\/hv\/hv-pu-13-1\/\">Weiterlesen <span class=\"meta-nav\">&rarr;<\/span><\/a><\/p>\n","protected":false},"author":1,"featured_media":0,"parent":80,"menu_order":0,"comment_status":"closed","ping_status":"closed","template":"","meta":{"footnotes":""},"class_list":["post-56461","page","type-page","status-publish","hentry"],"_links":{"self":[{"href":"https:\/\/www.topohvar.at\/topo\/wp-json\/wp\/v2\/pages\/56461","targetHints":{"allow":["GET"]}}],"collection":[{"href":"https:\/\/www.topohvar.at\/topo\/wp-json\/wp\/v2\/pages"}],"about":[{"href":"https:\/\/www.topohvar.at\/topo\/wp-json\/wp\/v2\/types\/page"}],"author":[{"embeddable":true,"href":"https:\/\/www.topohvar.at\/topo\/wp-json\/wp\/v2\/users\/1"}],"replies":[{"embeddable":true,"href":"https:\/\/www.topohvar.at\/topo\/wp-json\/wp\/v2\/comments?post=56461"}],"version-history":[{"count":4,"href":"https:\/\/www.topohvar.at\/topo\/wp-json\/wp\/v2\/pages\/56461\/revisions"}],"predecessor-version":[{"id":56465,"href":"https:\/\/www.topohvar.at\/topo\/wp-json\/wp\/v2\/pages\/56461\/revisions\/56465"}],"up":[{"embeddable":true,"href":"https:\/\/www.topohvar.at\/topo\/wp-json\/wp\/v2\/pages\/80"}],"wp:attachment":[{"href":"https:\/\/www.topohvar.at\/topo\/wp-json\/wp\/v2\/media?parent=56461"}],"curies":[{"name":"wp","href":"https:\/\/api.w.org\/{rel}","templated":true}]}}