{"id":56593,"date":"2022-01-22T15:35:30","date_gmt":"2022-01-22T14:35:30","guid":{"rendered":"https:\/\/www.topohvar.at\/topo\/?page_id=56593"},"modified":"2022-07-19T15:20:25","modified_gmt":"2022-07-19T13:20:25","slug":"sn-on-02-1","status":"publish","type":"page","link":"https:\/\/www.topohvar.at\/topo\/orte\/sn\/sn-on-02-1\/","title":{"rendered":"SVETA NEDJELJA &#8211; Objekt \u00bbMalonogometnog i dje\u010djeg igrali\u0161ta\u00ab"},"content":{"rendered":"<p><a name=\"seite_oben\"><\/a><br \/>\n<strong><img loading=\"lazy\" decoding=\"async\" class=\"alignleft wp-image-56596 size-full\" src=\"https:\/\/www.topohvar.at\/wp-content\/uploads\/2022\/01\/sn-on-02-2.jpg\" alt=\"\" width=\"640\" height=\"314\" srcset=\"https:\/\/www.topohvar.at\/wp-content\/uploads\/2022\/01\/sn-on-02-2.jpg 640w, https:\/\/www.topohvar.at\/wp-content\/uploads\/2022\/01\/sn-on-02-2-300x147.jpg 300w\" sizes=\"auto, (max-width: 640px) 100vw, 640px\" \/><\/strong><\/p>\n<p><strong>Ime \/ Name<br \/>\n<\/strong>Objekt \u00bbMalonogometnog i dje\u010djeg igrali\u0161ta\u00ab \/ Kleinfu\u00dfballfeld und Kinderspielplatz<\/p>\n<p><strong>Code: <\/strong>SN-ON-02\u00a0 \u00a0 \u00a0 \u00a0 \u00a0 \u00a0 \u00a0 \u00a0<strong>\u00a0 \u00a0 \u00a0 \u00a0 \u00a0 \u00a0 \u00a0 \u00a0 \u00a0 \u00a0\u00a0 \u00a0 \u00a0 <a href=\" https:\/\/www.topohvar.at\/topo\/sn-ob-01-1\/\"><img loading=\"lazy\" decoding=\"async\" class=\"alignnone wp-image-12300 size-full\" src=\"https:\/\/www.topohvar.at\/wp-content\/uploads\/2018\/09\/push-vor-30.jpg\" alt=\"\" width=\"61\" height=\"30\" \/><\/a>\u00a0<a href=\"https:\/\/www.topohvar.at\/orte\/sn\/sn-on-01-1\/\"><img loading=\"lazy\" decoding=\"async\" class=\"alignnone wp-image-533 size-full\" src=\"https:\/\/www.topohvar.at\/wp-content\/uploads\/2018\/07\/push-l-30.jpg\" alt=\"\" width=\"61\" height=\"30\" \/><\/a> <a href=\"https:\/\/www.topohvar.at\/orte\/sn\/\"><img loading=\"lazy\" decoding=\"async\" class=\"alignnone wp-image-535 size-full\" src=\"https:\/\/www.topohvar.at\/wp-content\/uploads\/2018\/07\/push-o-30.jpg\" alt=\"\" width=\"61\" height=\"30\" \/><\/a>\u00a0<a href=\" https:\/\/www.topohvar.at\/topo\/sn-pu-01-1\/\"><img loading=\"lazy\" decoding=\"async\" class=\"alignnone wp-image-536 size-full\" src=\"https:\/\/www.topohvar.at\/wp-content\/uploads\/2018\/07\/push-r-30.jpg\" alt=\"\" width=\"61\" height=\"30\" \/><\/a> <\/strong><strong><a href=\" https:\/\/www.topohvar.at\/topo\/sn-og-01-1\/\"><img loading=\"lazy\" decoding=\"async\" class=\"alignnone wp-image-12299 size-full\" src=\"https:\/\/www.topohvar.at\/wp-content\/uploads\/2018\/09\/push-next-30.jpg\" alt=\"\" width=\"61\" height=\"30\" \/><\/a><\/strong><\/p>\n<hr \/>\n<p><strong>Adresa \/ Adresse<br \/>\n<\/strong>Sveta Nedjelja, Put Stjepana Radi\u0107a<\/p>\n<p><strong>Lokacija \/ Position<a href=\"https:\/\/goo.gl\/maps\/ibHZjeBTpTY4dCKa9\"><img loading=\"lazy\" decoding=\"async\" class=\"alignright wp-image-56601\" src=\"https:\/\/www.topohvar.at\/wp-content\/uploads\/2022\/01\/3380.jpg\" alt=\"\" width=\"134\" height=\"100\" \/><\/a><br \/>\n<\/strong><span style=\"color: #3366ff;\"><a style=\"color: #3366ff;\" href=\"https:\/\/goo.gl\/maps\/ibHZjeBTpTY4dCKa9\">Latitude: N 43,13852\u00b0\u00a0 \u00a0 Longitude: E 16,58832\u00b0<\/a>\u00a0<\/span><strong><br \/>\n<\/strong>Visina \/ H\u00f6he: 122 m<\/p>\n<p><strong>Katastarska \u010destica \/ Grundst\u00fccke<br \/>\n<\/strong>1133\/1<div class='content-column one_half'><div style=\"padding-right:6px;\"><p><strong>Datum snimanja \/ Erfassungsdatum<br \/>\n<\/strong>01.01.2000 00:00:00<\/p>\n<hr \/>\n<p><strong>Informacije<\/strong><\/p>\n<p>Malonogometnog igrali\u0161ta i dje\u010dje igrali\u0161te izgra\u0111eno je 2021. godine.\u00a0Investitor radova je Grad Hvar, izvo\u0111a\u010d radova je gra\u0111evinski obrt D&amp;G iz Imotskoga.<\/p><\/div><\/div><div class='content-column one_half last_column'><div style=\"padding-right:0px;padding-left:6px;\"><p><strong>Stupanj za\u0161tite \/ Schutzstellung<br \/>\n<\/strong>&#8211;<\/p>\n<hr \/>\n<p><strong>Info<\/strong><\/p>\n<p>Das Kleinfu\u00dfballfeld und der Kinderspielplatz wurden im Jahre 2021 errichtet.\u00a0 Das Fu\u00dfballfeld hat eine Nutzfl\u00e4che von 32 x 16 Metern. Der Investor ist die Stadt Hvar, der Auftragnehmer ist das Baugewerbe D&amp;G aus Imotski.<\/p><\/div><\/div><div class='clear_column'><\/div><\/p>\n<div id=\"attachment_56597\" style=\"width: 650px\" class=\"wp-caption alignleft\"><img loading=\"lazy\" decoding=\"async\" aria-describedby=\"caption-attachment-56597\" class=\"wp-image-56597 size-full\" src=\"https:\/\/www.topohvar.at\/wp-content\/uploads\/2022\/01\/sn-on-02-3.jpg\" alt=\"\" width=\"640\" height=\"314\" srcset=\"https:\/\/www.topohvar.at\/wp-content\/uploads\/2022\/01\/sn-on-02-3.jpg 640w, https:\/\/www.topohvar.at\/wp-content\/uploads\/2022\/01\/sn-on-02-3-300x147.jpg 300w\" sizes=\"auto, (max-width: 640px) 100vw, 640px\" \/><p id=\"caption-attachment-56597\" class=\"wp-caption-text\">Radovi u velja\u010di 2021 g. \/ Arbeiten im Februar 2021<\/p><\/div>\n<p style=\"text-align: center;\"><span style=\"color: #3366ff;\"><em>(Izvor: \/ Quelle:<span style=\"color: #3366ff;\">\u00a0<a style=\"color: #3366ff;\" href=\"http:\/\/www.hvar.hr\/portal\/zapoceli-pripremni-radovi-izgradnje-igralista-u-sv-nedjelji\/\">Grad Hvar \/ portal<\/a><\/span>)<\/em><\/span><\/p>\n<p style=\"text-align: right;\"><span style=\"color: #3366ff;\"><a style=\"color: #3366ff;\" href=\"#seite_oben\">natrag na vrh \/ Seitenanfang<\/a><\/span><\/p>\n<hr \/>\n<p><strong>Linkovi \/ Links<\/strong><\/p>\n<p><span style=\"color: #3366ff;\">&#8211;<\/span><\/p>\n","protected":false},"excerpt":{"rendered":"<p>Ime \/ Name Objekt \u00bbMalonogometnog i dje\u010djeg igrali\u0161ta\u00ab \/ Kleinfu\u00dfballfeld und Kinderspielplatz Code: SN-ON-02\u00a0 \u00a0 \u00a0 \u00a0 \u00a0 \u00a0 \u00a0 \u00a0\u00a0 \u00a0 \u00a0 \u00a0 \u00a0 \u00a0 \u00a0 \u00a0 \u00a0 \u00a0\u00a0 \u00a0 \u00a0 \u00a0 \u00a0 Adresa \/ Adresse Sveta Nedjelja, Put &hellip; <a href=\"https:\/\/www.topohvar.at\/topo\/orte\/sn\/sn-on-02-1\/\">Weiterlesen <span class=\"meta-nav\">&rarr;<\/span><\/a><\/p>\n","protected":false},"author":1,"featured_media":0,"parent":101,"menu_order":0,"comment_status":"closed","ping_status":"closed","template":"","meta":{"footnotes":""},"class_list":["post-56593","page","type-page","status-publish","hentry"],"_links":{"self":[{"href":"https:\/\/www.topohvar.at\/topo\/wp-json\/wp\/v2\/pages\/56593","targetHints":{"allow":["GET"]}}],"collection":[{"href":"https:\/\/www.topohvar.at\/topo\/wp-json\/wp\/v2\/pages"}],"about":[{"href":"https:\/\/www.topohvar.at\/topo\/wp-json\/wp\/v2\/types\/page"}],"author":[{"embeddable":true,"href":"https:\/\/www.topohvar.at\/topo\/wp-json\/wp\/v2\/users\/1"}],"replies":[{"embeddable":true,"href":"https:\/\/www.topohvar.at\/topo\/wp-json\/wp\/v2\/comments?post=56593"}],"version-history":[{"count":6,"href":"https:\/\/www.topohvar.at\/topo\/wp-json\/wp\/v2\/pages\/56593\/revisions"}],"predecessor-version":[{"id":60299,"href":"https:\/\/www.topohvar.at\/topo\/wp-json\/wp\/v2\/pages\/56593\/revisions\/60299"}],"up":[{"embeddable":true,"href":"https:\/\/www.topohvar.at\/topo\/wp-json\/wp\/v2\/pages\/101"}],"wp:attachment":[{"href":"https:\/\/www.topohvar.at\/topo\/wp-json\/wp\/v2\/media?parent=56593"}],"curies":[{"name":"wp","href":"https:\/\/api.w.org\/{rel}","templated":true}]}}