{"id":56790,"date":"2022-01-26T10:57:04","date_gmt":"2022-01-26T09:57:04","guid":{"rendered":"https:\/\/www.topohvar.at\/topo\/?page_id=56790"},"modified":"2022-02-08T17:23:43","modified_gmt":"2022-02-08T16:23:43","slug":"po-po-00-1","status":"publish","type":"page","link":"https:\/\/www.topohvar.at\/topo\/orte\/po\/po-po-00-1\/","title":{"rendered":"POLJICA &#8211; Od prapovijesti"},"content":{"rendered":"<p><a name=\"seite_oben\"><\/a><br \/>\n<strong><img loading=\"lazy\" decoding=\"async\" class=\"alignnone wp-image-387 size-full\" src=\"https:\/\/www.topohvar.at\/wp-content\/uploads\/2018\/07\/00-00-00-1.jpg\" alt=\"\" width=\"114\" height=\"56\" \/><\/strong><\/p>\n<p><strong>Ime \/ Name<br \/>\n<\/strong>Od prapovijesti \/ aus vorgeschichtlicher Zeit<\/p>\n<p><strong>Code: <\/strong>PO-PO-00\u00a0 \u00a0 \u00a0 \u00a0 \u00a0 \u00a0 \u00a0 \u00a0 \u00a0 \u00a0 \u00a0 \u00a0 \u00a0 \u00a0\u00a0 \u00a0 \u00a0 \u00a0 \u00a0 \u00a0 \u00a0 \u00a0 \u00a0 \u00a0 \u00a0<strong> <a href=\" https:\/\/www.topohvar.at\/topo\/orte\/po\/po-pg-02-1\/\"><img loading=\"lazy\" decoding=\"async\" class=\"alignnone wp-image-533 size-full\" src=\"https:\/\/www.topohvar.at\/wp-content\/uploads\/2018\/07\/push-l-30.jpg\" alt=\"\" width=\"61\" height=\"30\" \/><\/a> <a href=\"https:\/\/www.topohvar.at\/orte\/po\/\"><img loading=\"lazy\" decoding=\"async\" class=\"alignnone wp-image-535 size-full\" src=\"https:\/\/www.topohvar.at\/wp-content\/uploads\/2018\/07\/push-o-30.jpg\" alt=\"\" width=\"61\" height=\"30\" \/><\/a> <a href=\" https:\/\/www.topohvar.at\/topo\/orte\/po\/po-pg-01-1\/\"><img loading=\"lazy\" decoding=\"async\" class=\"alignnone wp-image-536 size-full\" src=\"https:\/\/www.topohvar.at\/wp-content\/uploads\/2018\/07\/push-r-30.jpg\" alt=\"\" width=\"61\" height=\"30\" \/><\/a> <\/strong><\/p>\n<hr \/>\n<p><strong>Adresa \/ Adresse<br \/>\n<\/strong>Poljica<\/p>\n<p><strong>Lokacija \/ Position<a href=\"https:\/\/goo.gl\/maps\/B1C6zWLSwhNvNn6b8\"><img loading=\"lazy\" decoding=\"async\" class=\"alignright wp-image-36487\" src=\"https:\/\/www.topohvar.at\/wp-content\/uploads\/2020\/04\/2611.jpg\" alt=\"\" width=\"134\" height=\"100\" \/><\/a><br \/>\n<\/strong><span style=\"color: #3366ff;\">Latitude: N 43\u00b0\u00a0 \u00a0Longitude: E 16\u00b0<\/span> <strong><br \/>\n<\/strong>Visina \/ H\u00f6he: &#8211; m<\/p>\n<p><strong>Katastarska \u010destica \/ Grundst\u00fccke<br \/>\n<\/strong>&#8211;<div class='content-column one_half'><div style=\"padding-right:6px;\"><p><strong>Datum snimanja \/ Erfassungsdatum<br \/>\n<\/strong>01.01.2000 00:00:00<\/p>\n<hr \/>\n<p><strong>Informacije<\/strong><\/p>\n<p>Podru\u010dje Poljice je zasigurno bilo naseljeno i u uporabi od prapovijesti, \u0161to pokazuju kameni grobni humci i razni predmeti poput keramike i plo\u010dica koji su tamo otkriveni. Oni datiraju jo\u0161 iz doba paleolitika, mezolitika, neolitika i eneolitika, kao i bron\u010danog i \u017eeljeznog doba. U brdima na jugu, iznad Poljica, nalazi se mala prapovijesna gradina na odmori\u0161tu s pogledom na zaljev Mala Stiniva, koja pru\u017ea dobar pogled na zaljev i dalje prema Makarskoj na kopnu. Na visokom terenu me\u0111u poljima nalaze se i drevne grobne gomile.<\/p><\/div><\/div><div class='content-column one_half last_column'><div style=\"padding-right:0px;padding-left:6px;\"><p><strong>Stupanj za\u0161tite \/ Schutzstellung<br \/>\n<\/strong>&#8211;<\/p>\n<hr \/>\n<p><strong>Info<\/strong><\/p>\n<p>Das Gebiet von Poljica ist sicherlich seit pr\u00e4historischen Zeiten bewohnt und genutzt worden, wie steinerne Grabh\u00fcgel und verschiedene Gegenst\u00e4nde wie T\u00f6pferwaren und Kacheln zeigen, die dort entdeckt wurden. Sie stammen aus dem Pal\u00e4olithikum, Mesolithikum, Neolithikum und Eneolithikum sowie aus der Bronze- und Eisenzeit. In den H\u00fcgeln im S\u00fcden, oberhalb von Poljica, befindet sich auf dem Rastplatz mit Blick auf die Bucht von Mala Stiniva eine kleine pr\u00e4historische Wallburg, die einen guten Blick auf die Bucht und weiter in Richtung Makarska auf dem Festland bietet. Alte Grabh\u00fcgel befinden sich auf einem hohen Gel\u00e4nde zwischen den Feldern.<\/p><\/div><\/div><div class='clear_column'><\/div><div class='content-column one_half'><div style=\"padding-right:6px;\"><p>Rimske relikvije prona\u0111ene su na rubu polja u malenom naselju Grahovi\u0161\u0107e, koje je udaljeno samo 600 m sjeverno od Poljica. Osim ulomaka keramike, plo\u010dica i gra\u0111evinskog materijala, bile su tu i dvije kamene cisterne i zid. Jedna cisterna ugra\u0111ena je u staju iz vremena srednjeg vijeka, a druga uz modernu zgradu. Na istom mjestu nalazilo se i nekoliko starih grobova za koje se nije moglo datirati to\u010dnost nastajanja.<\/p><\/div><\/div><div class='content-column one_half last_column'><div style=\"padding-right:0px;padding-left:6px;\"><p>In dem kleinen Dorf Grahovi\u0161\u0107e, das nur 600 m n\u00f6rdlich von Poljica liegt, wurden am Rande eines Feldes r\u00f6mische Relikte gefunden. Neben Keramikfragmenten, Fliesen und Baumaterialien gab es auch zwei steinerne Zisternen und eine Mauer. Eine Zisterne befidet sich in einer Scheune aus dem Mittelalter, eine andere neben einem neuzeitlichen Geb\u00e4ude. Hier befanden sich auch mehrere alte Gr\u00e4ber, deren Herkunft nicht genau datiert werden konnte.<\/p>\n<p><span style=\"color: #000000;\"><\/div><\/div><div class='clear_column'><\/div><\/span><\/p>\n<p style=\"text-align: center;\"><em>(Izvor: \/ Quelle: <span style=\"color: #3366ff;\"><a style=\"color: #3366ff;\" href=\"https:\/\/tzjelsa.hr\/hr\/destinacija\/poljica\/\">TZ Jelsa<\/a><\/span>)<\/em><\/p>\n<p style=\"text-align: right;\"><span style=\"color: #3366ff;\"><a style=\"color: #3366ff;\" href=\"#seite_oben\">natrag na vrh \/ Seitenanfang<\/a><\/span><\/p>\n<hr \/>\n<p><strong>Linkovi \/ Links<\/strong><\/p>\n<p>&#8211;<\/p>\n","protected":false},"excerpt":{"rendered":"<p>Ime \/ Name Od prapovijesti \/ aus vorgeschichtlicher Zeit Code: PO-PO-00\u00a0 \u00a0 \u00a0 \u00a0 \u00a0 \u00a0 \u00a0 \u00a0 \u00a0 \u00a0 \u00a0 \u00a0 \u00a0 \u00a0\u00a0 \u00a0 \u00a0 \u00a0 \u00a0 \u00a0 \u00a0 \u00a0 \u00a0 \u00a0 \u00a0 Adresa \/ Adresse Poljica Lokacija \/ &hellip; <a href=\"https:\/\/www.topohvar.at\/topo\/orte\/po\/po-po-00-1\/\">Weiterlesen <span class=\"meta-nav\">&rarr;<\/span><\/a><\/p>\n","protected":false},"author":1,"featured_media":0,"parent":91,"menu_order":0,"comment_status":"closed","ping_status":"closed","template":"","meta":{"footnotes":""},"class_list":["post-56790","page","type-page","status-publish","hentry"],"_links":{"self":[{"href":"https:\/\/www.topohvar.at\/topo\/wp-json\/wp\/v2\/pages\/56790","targetHints":{"allow":["GET"]}}],"collection":[{"href":"https:\/\/www.topohvar.at\/topo\/wp-json\/wp\/v2\/pages"}],"about":[{"href":"https:\/\/www.topohvar.at\/topo\/wp-json\/wp\/v2\/types\/page"}],"author":[{"embeddable":true,"href":"https:\/\/www.topohvar.at\/topo\/wp-json\/wp\/v2\/users\/1"}],"replies":[{"embeddable":true,"href":"https:\/\/www.topohvar.at\/topo\/wp-json\/wp\/v2\/comments?post=56790"}],"version-history":[{"count":6,"href":"https:\/\/www.topohvar.at\/topo\/wp-json\/wp\/v2\/pages\/56790\/revisions"}],"predecessor-version":[{"id":57141,"href":"https:\/\/www.topohvar.at\/topo\/wp-json\/wp\/v2\/pages\/56790\/revisions\/57141"}],"up":[{"embeddable":true,"href":"https:\/\/www.topohvar.at\/topo\/wp-json\/wp\/v2\/pages\/91"}],"wp:attachment":[{"href":"https:\/\/www.topohvar.at\/topo\/wp-json\/wp\/v2\/media?parent=56790"}],"curies":[{"name":"wp","href":"https:\/\/api.w.org\/{rel}","templated":true}]}}